{"id":2905,"date":"2022-10-06T16:32:30","date_gmt":"2022-10-06T14:32:30","guid":{"rendered":"https:\/\/sunward.eu\/?post_type=product&#038;p=2905"},"modified":"2025-09-11T10:53:56","modified_gmt":"2025-09-11T08:53:56","slug":"swe-155uf-2pb","status":"publish","type":"product","link":"https:\/\/sunward.eu\/de\/product\/swe-155uf-2pb\/","title":{"rendered":"SWE 155UF-2PB"},"content":{"rendered":"<div class=\"wpb-content-wrapper\"><p>[vc_row][vc_column][vc_tta_accordion style=&#8221;flat&#8221; c_icon=&#8221;chevron&#8221; c_position=&#8221;right&#8221; active_section=&#8221;1&#8243; no_fill=&#8221;true&#8221; el_class=&#8221;custom-accordion&#8221;][vc_tta_section title=&#8221;TECHNISCHE DATEN&#8221; tab_id=&#8221;1623355628079-f58b5c44-7c4b&#8221;][vc_custom_heading text=&#8221;SUNWARD SWE 155UF-2PB&#8221; font_container=&#8221;tag:h3|text_align:left&#8221; use_theme_fonts=&#8221;yes&#8221;][vc_column_text css=&#8221;&#8221;]<\/p>\n<p class=\"\" data-start=\"48\" data-end=\"479\">Suchen Sie einen Bagger, der auf der Baustelle ordentlich Leistung bringt, ohne zu viel Platz zu beanspruchen? Der Sunward SWE 155UF-2PB ist ein mittelgro\u00dfer Bagger mit kurzem Heckschwenkradius und zweiteiligem Ausleger, der sich ideal f\u00fcr eine Vielzahl urbaner Eins\u00e4tze eignet \u2013 selbst in engen Bereichen oder entlang von W\u00e4nden. Er wurde f\u00fcr Vielseitigkeit und Langlebigkeit konzipiert und \u00fcberzeugt durch eine lange Lebensdauer.<\/p>\n<p class=\"\" data-start=\"481\" data-end=\"793\">Das durchdachte Design des SWE 155UF-2PB, der Cummins-Motor gem\u00e4\u00df EU-Stufe V und das optimierte Hydrauliksystem sorgen f\u00fcr einen reibungslosen Betrieb und hohe Produktivit\u00e4t. Dieser Bagger der Spitzenklasse bietet hervorragende Leistung, komfortable und sichere Bedienung sowie eine wartungsfreundliche Konstruktion.<\/p>\n<p class=\"\" data-start=\"795\" data-end=\"1015\">Ganz in der Sunward-Tradition, stets das beste Preis-Leistungs-Verh\u00e4ltnis zu bieten, macht auch der SWE 155UF-2PB keine Ausnahme: Er bietet zahlreiche Funktionen und bis zu 5 Jahre Garantie \u2013 und das zum richtigen Preis.<\/p>\n<p class=\"\" data-start=\"1017\" data-end=\"1080\">Entdecken Sie alle weiteren Vorteile des Sunward SWE 155UF-2PB.<\/p>\n<p>[\/vc_column_text][vc_row_inner][vc_column_inner width=&#8221;1\/2&#8243;][vc_toggle title=&#8221;ABMESSUNGEN&#8221; css=&#8221;&#8221;]<\/p>\n<table width=\"655\">\n<tbody>\n<tr>\n<td width=\"417\">Betriebsgewicht<\/td>\n<td width=\"238\">17 000 kg<\/td>\n<\/tr>\n<tr>\n<td width=\"417\">Standard-L\u00f6ffelvolumen<\/td>\n<td>0.61 m\u00b3<\/td>\n<\/tr>\n<tr>\n<td width=\"417\">Transportl\u00e4nge<\/td>\n<td>7 945 mm<\/td>\n<\/tr>\n<tr>\n<td width=\"417\">Transportbreite<\/td>\n<td>2 600 mm<\/td>\n<\/tr>\n<tr>\n<td width=\"417\">H\u00f6he \u00fcber Kabine<\/td>\n<td>2 945 mm<\/td>\n<\/tr>\n<\/tbody>\n<\/table>\n<p>[\/vc_toggle][vc_toggle title=&#8221;MOTOR&#8221; css=&#8221;&#8221;]<\/p>\n<table width=\"655\">\n<tbody>\n<tr>\n<td width=\"417\">Modell<\/td>\n<td width=\"238\">Cummins QSF3. 8<\/td>\n<\/tr>\n<tr>\n<td>Emissionsstufe<\/td>\n<td>EU Stufe V<\/td>\n<\/tr>\n<tr>\n<td>Hubraum<\/td>\n<td>3.8 L<\/td>\n<\/tr>\n<tr>\n<td>Nennausgangsleistung<\/td>\n<td>90 kW<\/td>\n<\/tr>\n<\/tbody>\n<\/table>\n<p>[\/vc_toggle][vc_toggle title=&#8221;HYDRAULIKSYSTEM&#8221; css=&#8221;&#8221;]<\/p>\n<table width=\"655\">\n<tbody>\n<tr>\n<td width=\"417\">Typ<\/td>\n<td width=\"238\">2 variable piston pumps<\/td>\n<\/tr>\n<tr>\n<td>Hubraum<\/td>\n<td>2\u00d7 165 + 44 L\/min<\/td>\n<\/tr>\n<tr>\n<td>Hydraulikdruck<\/td>\n<td>34.3\/31.4 Mpa<\/td>\n<\/tr>\n<\/tbody>\n<\/table>\n<p>[\/vc_toggle][vc_toggle title=&#8221;ARBEITSBEREICH&#8221; css=&#8221;&#8221;]<\/p>\n<table width=\"655\">\n<tbody>\n<tr>\n<td width=\"417\">Max. Grabtiefe<\/td>\n<td width=\"238\">5 600 mm<\/td>\n<\/tr>\n<tr>\n<td>Max. Grabreichweite<\/td>\n<td>8 490 mm<\/td>\n<\/tr>\n<tr>\n<td>Max. Grabkraft L\u00f6ffel<\/td>\n<td>100 kN<\/td>\n<\/tr>\n<tr>\n<td>Max. Grabkraft L\u00f6ffelstiel<\/td>\n<td>76 kN<\/td>\n<\/tr>\n<\/tbody>\n<\/table>\n<p>[\/vc_toggle][\/vc_column_inner][vc_column_inner width=&#8221;1\/2&#8243;][\/vc_column_inner][\/vc_row_inner][\/vc_tta_section][vc_tta_section title=&#8221;MERKMALE UND VORTEILE&#8221; tab_id=&#8221;1623355710952-d36b50a3-81ed&#8221;][vc_row_inner][vc_column_inner width=&#8221;1\/4&#8243;][vc_single_image image=&#8221;1070&#8243; img_size=&#8221;medium&#8221;][\/vc_column_inner][vc_column_inner width=&#8221;3\/4&#8243;][vc_custom_heading text=&#8221;F\u00dcR EUROPA KONZIPIERT&#8221; font_container=&#8221;tag:h3|text_align:left&#8221; use_theme_fonts=&#8221;yes&#8221;][vc_column_text css=&#8221;&#8221;]Zus\u00e4tzlich zur EU-Zertifizierung wurde der Sunward SWE 155UF-2PB \u2013 wie alle Sunward-Maschinen auf dem europ\u00e4ischen Markt \u2013 speziell entwickelt, um den Anforderungen europ\u00e4ischer Kunden gerecht zu werden.[\/vc_column_text][\/vc_column_inner][\/vc_row_inner][vc_separator][vc_row_inner][vc_column_inner width=&#8221;1\/4&#8243;][vc_single_image image=&#8221;1240&#8243; img_size=&#8221;medium&#8221;][\/vc_column_inner][vc_column_inner width=&#8221;3\/4&#8243;][vc_custom_heading text=&#8221;LEISTUNGSF\u00c4HIGE UND ZUVERL\u00c4SSIGE MASCHINE&#8221; font_container=&#8221;tag:h3|text_align:left&#8221; use_theme_fonts=&#8221;yes&#8221;][vc_column_text]Nahezu null Emissionen zu erreichen und gleichzeitig ab 90\u202fkW Leistung zu liefern \u2013 ohne Kompromisse bei Power, Performance oder Kraftstoffeffizienz \u2013 das ist die Herausforderung, die der kompakte und leistungsstarke Cummins QSF3.8-Motor vollst\u00e4ndig meistert. Dieser Motor ist auf dem Markt \u00e4u\u00dferst beliebt und verf\u00fcgt daher \u00fcber ein umfangreiches Servicenetz. Genau dieser Motor erf\u00fcllt die Anforderungen von Sunward f\u00fcr den SWE 155UF-2PB \u2013 und dass er die Emissionsvorgaben der EU-Stufe V erf\u00fcllt, versteht sich von selbst.[\/vc_column_text][\/vc_column_inner][\/vc_row_inner][vc_separator][vc_row_inner][vc_column_inner width=&#8221;1\/4&#8243;][vc_single_image image=&#8221;1091&#8243; img_size=&#8221;medium&#8221;][\/vc_column_inner][vc_column_inner width=&#8221;3\/4&#8243;][vc_custom_heading text=&#8221;PREMIUM-KOMPONENTEN&#8221; font_container=&#8221;tag:h3|text_align:left&#8221; use_theme_fonts=&#8221;yes&#8221;][vc_column_text]Alle Schl\u00fcsselkomponenten der Sunward-Bagger werden sorgf\u00e4ltig ausgew\u00e4hlt \u2013 vom Cummins-Motor bis hin zum Hydrauliksystem. Da die Hydraulik oft als das Herz der Maschine gilt, arbeitet Sunward ausschlie\u00dflich mit erstklassigen Zulieferern zusammen, die f\u00fcr ihre Qualit\u00e4t und Leistungsf\u00e4higkeit bekannt sind. F\u00fcr den SWE 155UF-2PB haben wir vertrauensw\u00fcrdige Hersteller ausgew\u00e4hlt, die die Hydraulikpumpe, den Schwenkmotor und das Hauptsteuerventil (MCV) liefern. Diese besonders zuverl\u00e4ssigen Komponenten sind speziell darauf ausgelegt, den hohen Anforderungen von Hydraulikbaggern gerecht zu werden, und bieten herausragende Effizienz, Langlebigkeit und eine lange Lebensdauer.[\/vc_column_text][\/vc_column_inner][\/vc_row_inner][vc_separator][vc_row_inner][vc_column_inner width=&#8221;1\/4&#8243;][vc_single_image image=&#8221;1241&#8243; img_size=&#8221;medium&#8221;][\/vc_column_inner][vc_column_inner width=&#8221;3\/4&#8243;][vc_custom_heading text=&#8221;GEBAUT F\u00dcR DIE EWIGKEIT&#8221; font_container=&#8221;tag:h3|text_align:left&#8221; use_theme_fonts=&#8221;yes&#8221;][vc_column_text]<\/p>\n<p class=\"\" data-start=\"52\" data-end=\"892\">Der SWE 155UF-2PB wurde mit besonderem Fokus auf Langlebigkeit entwickelt. Der Cummins-Motor genie\u00dft einen hervorragenden Ruf f\u00fcr seine hohe Haltbarkeit \u2013 selbst unter extremen Einsatzbedingungen. Auch bei den wichtigsten Komponenten des SWE 155UF-2PB, wie dem Ausleger und dem Arm, wurde besonders auf Robustheit geachtet: Sie sind mit verst\u00e4rkter Blechdicke konstruiert. Alle tragenden Elemente bestehen aus hochfestem, z\u00e4hem und strukturellem Stahl, der im Gesenkschmiedeverfahren hergestellt wird. Der gro\u00dfe Vorteil dieses Verfahrens ist die Kombination aus hoher Verschlei\u00dffestigkeit und struktureller Stabilit\u00e4t. Dies f\u00fchrt zu einer deutlich h\u00f6heren Zuverl\u00e4ssigkeit bei Eins\u00e4tzen unter schwerer Belastung. So wurden beispielsweise der Schwenkarm und der L\u00f6ffelstiel mit einer Zuverl\u00e4ssigkeitsnorm von 20.000 Betriebsstunden ausgelegt.<\/p>\n<p class=\"\" data-start=\"894\" data-end=\"1519\">Dar\u00fcber hinaus sind die schweren Arbeitselemente des SWE 155UF-2PB sorgf\u00e4ltig gegl\u00fcht, um Spannungen in den Schwei\u00dfn\u00e4hten vollst\u00e4ndig zu beseitigen und die Zuverl\u00e4ssigkeit der Maschine erheblich zu erh\u00f6hen. Nach dem Schwei\u00dfen wird der nat\u00fcrliche Abk\u00fchlungsprozess \u2013 der das Risiko ungleichm\u00e4\u00dfiger Abk\u00fchlung birgt \u2013 vermieden, indem das Metall in einer isolierten Kammer auf 600\u2013800\u202f\u00b0C erhitzt und anschlie\u00dfend \u00fcber 5 bis 8 Stunden langsam abgek\u00fchlt wird. Dadurch werden Spannungen und Materialfehler vermieden. Dieses aufwendige Verfahren wird in der Regel nicht von Herstellern angewendet, die Zeit und Kosten sparen wollen.<\/p>\n<p class=\"\" data-start=\"1521\" data-end=\"1630\">Nicht zuletzt wurde das X-Fahrgestell verst\u00e4rkt, was eine hervorragende Verwindungssteifigkeit gew\u00e4hrleistet.<\/p>\n<p>[\/vc_column_text][\/vc_column_inner][\/vc_row_inner][vc_separator][vc_row_inner][vc_column_inner width=&#8221;1\/4&#8243;][vc_single_image image=&#8221;1242&#8243; img_size=&#8221;medium&#8221;][\/vc_column_inner][vc_column_inner width=&#8221;3\/4&#8243;][vc_custom_heading text=&#8221;NIEDRIGER VERBRAUCH&#8221; font_container=&#8221;tag:h3|text_align:left&#8221; use_theme_fonts=&#8221;yes&#8221;][vc_column_text css=&#8221;&#8221;]<\/p>\n<p class=\"\" data-start=\"48\" data-end=\"467\">Dank des Reihenvierzylinder-Motors Cummins QSF3.8 verbraucht der SWE 155UF-2PB weniger Kraftstoff. Die Gesamteffizienz der Fl\u00fcssigkeiten (einschlie\u00dflich Diesel und AdBlue) wurde um bis zu 3\u202f% verbessert \u2013 und das ohne Leistungseinbu\u00dfen. Im Gegenteil: Dieser Motor bietet sogar eine bessere Performance als sein Vorg\u00e4ngermodell, mit 10\u202f% mehr Leistung und nahezu 20\u202f% mehr Drehmoment \u00fcber den gesamten Drehzahlbereich hinweg.<\/p>\n<p class=\"\" data-start=\"469\" data-end=\"887\">Der mittelgro\u00dfe Bagger Sunward SWE 155UF-2PB bietet zudem die h\u00f6chste hydraulische Effizienz seiner Klasse, was sich ebenfalls positiv auf den Kraftstoffverbrauch auswirkt. Durch eine neue, hochwertige Hauptpumpe und das innovative Engineering von Sunward konnten wir den Hubraum der Maschine um 7\u202f%, die Leistung um 4\u202f% und die Volumeneffizienz um 6\u202f% steigern \u2013 was den gesamten Bagger noch energieeffizienter macht.<\/p>\n<p class=\"\" data-start=\"889\" data-end=\"1025\">Nicht zuletzt sorgen drei verschiedene Anbauger\u00e4te-Arbeitsmodi f\u00fcr hohe Vielseitigkeit bei gleichzeitig optimiertem Kraftstoffverbrauch.<\/p>\n<p>[\/vc_column_text][\/vc_column_inner][\/vc_row_inner][vc_separator][vc_row_inner][vc_column_inner width=&#8221;1\/4&#8243;][vc_single_image image=&#8221;1243&#8243; img_size=&#8221;medium&#8221;][\/vc_column_inner][vc_column_inner width=&#8221;3\/4&#8243;][vc_custom_heading text=&#8221;VIELSEITIGKEIT ALS KONZEPT&#8221; font_container=&#8221;tag:h3|text_align:left&#8221; use_theme_fonts=&#8221;yes&#8221;][vc_column_text css=&#8221;&#8221;]<\/p>\n<p class=\"\" data-start=\"48\" data-end=\"399\">Ganz im Sinne des Sunward-Mottos \u2013 \u201eInnovation Leads to Value\u201c \u2013 wurde der SWE 155UF-2PB so konstruiert und entwickelt, dass er dem Maschinenbesitzer einen optimalen Mehrwert bietet und dem Bediener maximale Vielseitigkeit erm\u00f6glicht. Der SWE 155UF-2PB kann unter verschiedensten Einsatzbedingungen und in einer Vielzahl von Anwendungen genutzt werden.<\/p>\n<p class=\"\" data-start=\"401\" data-end=\"705\">Dank der drei separaten Zusatzhydraulikleitungen (zwei davon mit Absperrventil f\u00fcr eine einfache und leckagefreie Montage von Anbauger\u00e4ten), der drei L\u00f6ffelarbeitsmodi und der drei Arbeitsmodi f\u00fcr Anbauger\u00e4te erkennt der Bediener schon nach wenigen Minuten das volle Potenzial, das diese Maschine bietet.<\/p>\n<p>[\/vc_column_text][\/vc_column_inner][\/vc_row_inner][vc_separator][vc_row_inner][vc_column_inner width=&#8221;1\/4&#8243;][vc_single_image image=&#8221;1146&#8243; img_size=&#8221;medium&#8221;][\/vc_column_inner][vc_column_inner width=&#8221;3\/4&#8243;][vc_custom_heading text=&#8221;WARTUNGSFREUNDLICH&#8221; font_container=&#8221;tag:h3|text_align:left&#8221; use_theme_fonts=&#8221;yes&#8221;][vc_column_text]Um Wartungszeit und -kosten zu reduzieren, lassen sich die Abdeckungen an der R\u00fcckseite und an der Seite vollst\u00e4ndig \u00f6ffnen und erm\u00f6glichen so einen direkten Zugang zu allen Wartungspunkten. Dank des leicht zug\u00e4nglichen Kraftstofftanks und der zentralisierten Schmierstellen ist der SWE 155UF-2PB ebenso einfach zu warten wie zu bedienen.[\/vc_column_text][\/vc_column_inner][\/vc_row_inner][vc_separator][vc_row_inner][vc_column_inner width=&#8221;1\/4&#8243;][vc_single_image image=&#8221;1205&#8243; img_size=&#8221;medium&#8221;][\/vc_column_inner][vc_column_inner width=&#8221;3\/4&#8243;][vc_custom_heading text=&#8221;SICHERHEITSKABINE&#8221; font_container=&#8221;tag:h3|text_align:left&#8221; use_theme_fonts=&#8221;yes&#8221;][vc_column_text]<\/p>\n<p class=\"\" data-start=\"48\" data-end=\"273\">Die hochfeste Kabine des SWE 155UF-2PB erf\u00fcllt selbstverst\u00e4ndlich die FOPS-, TOPS- und ROPS-Anforderungen \u2013 Standards, die zu den wichtigsten Merkmalen f\u00fcr sicheres und komfortables Arbeiten in jeder Einsatzumgebung geh\u00f6ren.<\/p>\n<p class=\"\" data-start=\"275\" data-end=\"624\">Trotz seiner kompakten Au\u00dfenma\u00dfe bietet der SWE 155UF-2PB einen einfachen Zugang zur ger\u00e4umigen Kabine und hei\u00dft Bediener aller K\u00f6rpergr\u00f6\u00dfen aus ganz Europa willkommen. Dank der gro\u00dfen Fensterfl\u00e4chen und der \u00fcbersichtlich gestalteten Kabine ist alles darauf ausgelegt, dem Bediener ein sicheres, komfortables und produktives Arbeitsumfeld zu bieten.<\/p>\n<p>[\/vc_column_text][\/vc_column_inner][\/vc_row_inner][vc_separator][vc_row_inner][vc_column_inner width=&#8221;1\/4&#8243;][vc_single_image image=&#8221;1071&#8243; img_size=&#8221;medium&#8221;][\/vc_column_inner][vc_column_inner width=&#8221;3\/4&#8243;][vc_custom_heading text=&#8221;BESTES PREIS-LEISTUNGS-VERH\u00c4LTNIS&#8221; font_container=&#8221;tag:h3|text_align:left&#8221; use_theme_fonts=&#8221;yes&#8221;][vc_column_text css=&#8221;&#8221;]<\/p>\n<p class=\"\" data-start=\"48\" data-end=\"495\">Sunward ist Ihre kl\u00fcgste Investition in Zuverl\u00e4ssigkeit, Leistung und eine hohe Kapitalrendite. Der SWE 155UF-2PB \u00fcberzeugt durch ein durchdachtes Design und eine sorgf\u00e4ltige Auswahl an Komponenten, die den Betrieb und die Wartung vereinfachen. Unsere Konstruktionsentscheidungen f\u00fchren zu einer Maschine, die zahlreiche Ausstattungsmerkmale, hochwertige Komponenten namhafter Hersteller und vielseitige Einsatzm\u00f6glichkeiten zum richtigen Preis bietet.<\/p>\n<p class=\"\" data-start=\"497\" data-end=\"733\">Dar\u00fcber hinaus sind originale Sunward-Ersatzteile besonders wirtschaftlich \u2013 und all dieses hervorragende Preis-Leistungs-Verh\u00e4ltnis wird durch eine Garantie von bis zu 5 Jahren gekr\u00f6nt, die standardm\u00e4\u00dfig f\u00fcr alle Sunward-Produkte gilt.<\/p>\n<p>[\/vc_column_text][\/vc_column_inner][\/vc_row_inner][\/vc_tta_section][vc_tta_section title=&#8221;VIDEO&#8221; tab_id=&#8221;1623857706491-8aa3a03f-cca1&#8243;][vc_video link=&#8221;https:\/\/youtu.be\/1Ll8m9Y9d8Q&#8221;][\/vc_tta_section][vc_tta_section title=&#8221;BROCHURE&#8221; tab_id=&#8221;1623857795794-8fd5289e-c5a3&#8243;][vc_row_inner content_placement=&#8221;middle&#8221;][vc_column_inner width=&#8221;1\/4&#8243;][vc_single_image image=&#8221;4280&#8243; img_size=&#8221;large&#8221; css=&#8221;&#8221;][\/vc_column_inner][vc_column_inner width=&#8221;3\/4&#8243;][vc_custom_heading text=&#8221;Product brochure&#8221; font_container=&#8221;tag:h3|text_align:left&#8221; use_theme_fonts=&#8221;yes&#8221;][vc_btn title=&#8221;DOWNLOAD&#8221; color=&#8221;orange&#8221; size=&#8221;lg&#8221; css=&#8221;&#8221; link=&#8221;url:https%3A%2F%2Fsunward.eu%2Fwp-content%2Fuploads%2F2025%2F05%2FSUNWARD_SWE-155UF-2PB_05.2025_FINAL_HR_DE.pdf|title:Sunward%20SWE%20155F%20Product%20Brochure|target:_blank&#8221;][\/vc_column_inner][\/vc_row_inner][\/vc_tta_section][\/vc_tta_accordion][\/vc_column][\/vc_row]<\/p>\n<\/div>","protected":false},"excerpt":{"rendered":"<p>Sie suchen einen Bagger, der auf der Baustelle richtig zupackt, ohne zu viel Platz zu beanspruchen? Der mittelgro\u00dfe Sunward SWE 155UF-2PB Bagger verf\u00fcgt \u00fcber einen sehr kurzen Heckschwenkradius und einen zweiteiligen Ausleger, wodurch er sich ideal f\u00fcr eine Vielzahl st\u00e4dtischer Eins\u00e4tze eignet \u2013 auch in engen R\u00e4umen und entlang von W\u00e4nden. Er wurde entwickelt, um vielseitig und langlebig zu sein, mit einer langen Lebensdauer. [&#8230;]<\/p>\n<p><a class=\"btn btn-secondary understrap-read-more-link\" href=\"https:\/\/sunward.eu\/de\/product\/swe-155uf-2pb\/\">Weiterlesen&#8230;<\/a><\/p>\n","protected":false},"featured_media":3708,"comment_status":"closed","ping_status":"closed","template":"","meta":{"_acf_changed":false,"inline_featured_image":false},"product_cat":[26,35],"product_tag":[],"class_list":{"0":"post-2905","1":"product","2":"type-product","3":"status-publish","4":"has-post-thumbnail","6":"product_cat-excavators","7":"product_cat-medium-excavators","8":"pa_emission-rating-eu-stage-5","9":"pa_max-digging-depth-5-600-mm","10":"pa_operating-weight-17-000-kg","11":"pa_power-output-90-kw","12":"pa_width-2600-mm","14":"first","15":"instock","16":"shipping-taxable","17":"product-type-simple"},"translation":{"provider":"WPGlobus","version":"2.12.2","language":"de","enabled_languages":["en","de","fr","it"],"languages":{"en":{"title":true,"content":true,"excerpt":true},"de":{"title":true,"content":true,"excerpt":true},"fr":{"title":true,"content":true,"excerpt":true},"it":{"title":true,"content":true,"excerpt":true}}},"acf":[],"yoast_head":"<!-- This site is optimized with the Yoast SEO plugin v22.6 - https:\/\/yoast.com\/wordpress\/plugins\/seo\/ -->\n<title>SWE 155UF-2PB - Sunward Europe (Official Website for EU &amp; UK)<\/title>\n<meta name=\"robots\" content=\"index, follow, max-snippet:-1, max-image-preview:large, max-video-preview:-1\" \/>\n<link rel=\"canonical\" href=\"https:\/\/sunward.eu\/product\/swe-155uf-2pb\/\" \/>\n<meta property=\"og:locale\" content=\"de_DE\" \/>\n<meta property=\"og:type\" content=\"article\" \/>\n<meta property=\"og:title\" content=\"SWE 155UF-2PB - Sunward Europe (Official Website for EU &amp; UK)\" \/>\n<meta property=\"og:url\" content=\"https:\/\/sunward.eu\/product\/swe-155uf-2pb\/\" \/>\n<meta property=\"og:site_name\" content=\"Sunward Europe (Official Website for EU &amp; UK)\" \/>\n<meta property=\"article:modified_time\" content=\"2025-09-11T08:53:56+00:00\" \/>\n<meta property=\"og:image\" content=\"https:\/\/sunward.eu\/wp-content\/uploads\/2024\/10\/Sunward-SWE-155UF-2PB_MAIN-1.png\" \/>\n\t<meta property=\"og:image:width\" content=\"1000\" \/>\n\t<meta property=\"og:image:height\" content=\"1000\" \/>\n\t<meta property=\"og:image:type\" content=\"image\/png\" \/>\n<meta name=\"twitter:card\" content=\"summary_large_image\" \/>\n<meta name=\"twitter:label1\" content=\"Est. reading time\" \/>\n\t<meta name=\"twitter:data1\" content=\"6 minutes\" \/>\n<script type=\"application\/ld+json\" class=\"yoast-schema-graph\">{\"@context\":\"https:\/\/schema.org\",\"@graph\":[{\"@type\":\"WebPage\",\"@id\":\"https:\/\/sunward.eu\/product\/swe-155uf-2pb\/\",\"url\":\"https:\/\/sunward.eu\/product\/swe-155uf-2pb\/\",\"name\":\"SWE 155UF-2PB - Sunward Europe (Official Website for EU &amp; UK)\",\"isPartOf\":{\"@id\":\"https:\/\/sunward.eu\/#website\"},\"primaryImageOfPage\":{\"@id\":\"https:\/\/sunward.eu\/product\/swe-155uf-2pb\/#primaryimage\"},\"image\":{\"@id\":\"https:\/\/sunward.eu\/product\/swe-155uf-2pb\/#primaryimage\"},\"thumbnailUrl\":\"https:\/\/sunward.eu\/wp-content\/uploads\/2024\/10\/Sunward-SWE-155UF-2PB_MAIN-1.png\",\"datePublished\":\"2022-10-06T14:32:30+00:00\",\"dateModified\":\"2025-09-11T08:53:56+00:00\",\"breadcrumb\":{\"@id\":\"https:\/\/sunward.eu\/product\/swe-155uf-2pb\/#breadcrumb\"},\"inLanguage\":\"de-DE\",\"potentialAction\":[{\"@type\":\"ReadAction\",\"target\":[\"https:\/\/sunward.eu\/product\/swe-155uf-2pb\/\"]}]},{\"@type\":\"ImageObject\",\"inLanguage\":\"de-DE\",\"@id\":\"https:\/\/sunward.eu\/product\/swe-155uf-2pb\/#primaryimage\",\"url\":\"https:\/\/sunward.eu\/wp-content\/uploads\/2024\/10\/Sunward-SWE-155UF-2PB_MAIN-1.png\",\"contentUrl\":\"https:\/\/sunward.eu\/wp-content\/uploads\/2024\/10\/Sunward-SWE-155UF-2PB_MAIN-1.png\",\"width\":1000,\"height\":1000},{\"@type\":\"BreadcrumbList\",\"@id\":\"https:\/\/sunward.eu\/product\/swe-155uf-2pb\/#breadcrumb\",\"itemListElement\":[{\"@type\":\"ListItem\",\"position\":1,\"name\":\"Home\",\"item\":\"https:\/\/sunward.eu\/\"},{\"@type\":\"ListItem\",\"position\":2,\"name\":\"Products\",\"item\":\"https:\/\/sunward.eu\/shop\/\"},{\"@type\":\"ListItem\",\"position\":3,\"name\":\"Excavators\",\"item\":\"https:\/\/sunward.eu\/product-category\/excavators\/\"},{\"@type\":\"ListItem\",\"position\":4,\"name\":\"SWE 155UF-2PB\"}]},{\"@type\":\"WebSite\",\"@id\":\"https:\/\/sunward.eu\/#website\",\"url\":\"https:\/\/sunward.eu\/\",\"name\":\"Sunward Europe (Official Website for EU &amp; UK)\",\"description\":\"The smart choice\",\"publisher\":{\"@id\":\"https:\/\/sunward.eu\/#organization\"},\"potentialAction\":[{\"@type\":\"SearchAction\",\"target\":{\"@type\":\"EntryPoint\",\"urlTemplate\":\"https:\/\/sunward.eu\/?s={search_term_string}\"},\"query-input\":\"required name=search_term_string\"}],\"inLanguage\":\"de-DE\"},{\"@type\":\"Organization\",\"@id\":\"https:\/\/sunward.eu\/#organization\",\"name\":\"Sunward Europe (Official Website for EU &amp; UK)\",\"url\":\"https:\/\/sunward.eu\/\",\"logo\":{\"@type\":\"ImageObject\",\"inLanguage\":\"de-DE\",\"@id\":\"https:\/\/sunward.eu\/#\/schema\/logo\/image\/\",\"url\":\"https:\/\/sunward.eu\/wp-content\/uploads\/2022\/01\/Website_Sunward_logo_top_180x63px.png\",\"contentUrl\":\"https:\/\/sunward.eu\/wp-content\/uploads\/2022\/01\/Website_Sunward_logo_top_180x63px.png\",\"width\":180,\"height\":63,\"caption\":\"Sunward Europe (Official Website for EU &amp; UK)\"},\"image\":{\"@id\":\"https:\/\/sunward.eu\/#\/schema\/logo\/image\/\"}}]}<\/script>\n<!-- \/ Yoast SEO plugin. -->","yoast_head_json":{"title":"SWE 155UF-2PB - Sunward Europe (Official Website for EU &amp; UK)","robots":{"index":"index","follow":"follow","max-snippet":"max-snippet:-1","max-image-preview":"max-image-preview:large","max-video-preview":"max-video-preview:-1"},"canonical":"https:\/\/sunward.eu\/product\/swe-155uf-2pb\/","og_locale":"de_DE","og_type":"article","og_title":"SWE 155UF-2PB - Sunward Europe (Official Website for EU &amp; UK)","og_url":"https:\/\/sunward.eu\/product\/swe-155uf-2pb\/","og_site_name":"Sunward Europe (Official Website for EU &amp; UK)","article_modified_time":"2025-09-11T08:53:56+00:00","og_image":[{"width":1000,"height":1000,"url":"https:\/\/sunward.eu\/wp-content\/uploads\/2024\/10\/Sunward-SWE-155UF-2PB_MAIN-1.png","type":"image\/png"}],"twitter_card":"summary_large_image","twitter_misc":{"Est. reading time":"6 minutes"},"schema":{"@context":"https:\/\/schema.org","@graph":[{"@type":"WebPage","@id":"https:\/\/sunward.eu\/product\/swe-155uf-2pb\/","url":"https:\/\/sunward.eu\/product\/swe-155uf-2pb\/","name":"SWE 155UF-2PB - Sunward Europe (Official Website for EU &amp; UK)","isPartOf":{"@id":"https:\/\/sunward.eu\/#website"},"primaryImageOfPage":{"@id":"https:\/\/sunward.eu\/product\/swe-155uf-2pb\/#primaryimage"},"image":{"@id":"https:\/\/sunward.eu\/product\/swe-155uf-2pb\/#primaryimage"},"thumbnailUrl":"https:\/\/sunward.eu\/wp-content\/uploads\/2024\/10\/Sunward-SWE-155UF-2PB_MAIN-1.png","datePublished":"2022-10-06T14:32:30+00:00","dateModified":"2025-09-11T08:53:56+00:00","breadcrumb":{"@id":"https:\/\/sunward.eu\/product\/swe-155uf-2pb\/#breadcrumb"},"inLanguage":"de-DE","potentialAction":[{"@type":"ReadAction","target":["https:\/\/sunward.eu\/product\/swe-155uf-2pb\/"]}]},{"@type":"ImageObject","inLanguage":"de-DE","@id":"https:\/\/sunward.eu\/product\/swe-155uf-2pb\/#primaryimage","url":"https:\/\/sunward.eu\/wp-content\/uploads\/2024\/10\/Sunward-SWE-155UF-2PB_MAIN-1.png","contentUrl":"https:\/\/sunward.eu\/wp-content\/uploads\/2024\/10\/Sunward-SWE-155UF-2PB_MAIN-1.png","width":1000,"height":1000},{"@type":"BreadcrumbList","@id":"https:\/\/sunward.eu\/product\/swe-155uf-2pb\/#breadcrumb","itemListElement":[{"@type":"ListItem","position":1,"name":"Home","item":"https:\/\/sunward.eu\/"},{"@type":"ListItem","position":2,"name":"Products","item":"https:\/\/sunward.eu\/shop\/"},{"@type":"ListItem","position":3,"name":"Excavators","item":"https:\/\/sunward.eu\/product-category\/excavators\/"},{"@type":"ListItem","position":4,"name":"SWE 155UF-2PB"}]},{"@type":"WebSite","@id":"https:\/\/sunward.eu\/#website","url":"https:\/\/sunward.eu\/","name":"Sunward Europe (Official Website for EU &amp; UK)","description":"The smart choice","publisher":{"@id":"https:\/\/sunward.eu\/#organization"},"potentialAction":[{"@type":"SearchAction","target":{"@type":"EntryPoint","urlTemplate":"https:\/\/sunward.eu\/?s={search_term_string}"},"query-input":"required name=search_term_string"}],"inLanguage":"de-DE"},{"@type":"Organization","@id":"https:\/\/sunward.eu\/#organization","name":"Sunward Europe (Official Website for EU &amp; UK)","url":"https:\/\/sunward.eu\/","logo":{"@type":"ImageObject","inLanguage":"de-DE","@id":"https:\/\/sunward.eu\/#\/schema\/logo\/image\/","url":"https:\/\/sunward.eu\/wp-content\/uploads\/2022\/01\/Website_Sunward_logo_top_180x63px.png","contentUrl":"https:\/\/sunward.eu\/wp-content\/uploads\/2022\/01\/Website_Sunward_logo_top_180x63px.png","width":180,"height":63,"caption":"Sunward Europe (Official Website for EU &amp; UK)"},"image":{"@id":"https:\/\/sunward.eu\/#\/schema\/logo\/image\/"}}]}},"_links":{"self":[{"href":"https:\/\/sunward.eu\/de\/wp-json\/wp\/v2\/product\/2905","targetHints":{"allow":["GET"]}}],"collection":[{"href":"https:\/\/sunward.eu\/de\/wp-json\/wp\/v2\/product"}],"about":[{"href":"https:\/\/sunward.eu\/de\/wp-json\/wp\/v2\/types\/product"}],"replies":[{"embeddable":true,"href":"https:\/\/sunward.eu\/de\/wp-json\/wp\/v2\/comments?post=2905"}],"wp:featuredmedia":[{"embeddable":true,"href":"https:\/\/sunward.eu\/de\/wp-json\/wp\/v2\/media\/3708"}],"wp:attachment":[{"href":"https:\/\/sunward.eu\/de\/wp-json\/wp\/v2\/media?parent=2905"}],"wp:term":[{"taxonomy":"product_cat","embeddable":true,"href":"https:\/\/sunward.eu\/de\/wp-json\/wp\/v2\/product_cat?post=2905"},{"taxonomy":"product_tag","embeddable":true,"href":"https:\/\/sunward.eu\/de\/wp-json\/wp\/v2\/product_tag?post=2905"}],"curies":[{"name":"wp","href":"https:\/\/api.w.org\/{rel}","templated":true}]}}