{"id":1894,"date":"2022-01-25T12:49:44","date_gmt":"2022-01-25T11:49:44","guid":{"rendered":"https:\/\/sunward.eu\/?post_type=product&#038;p=1894"},"modified":"2024-01-26T16:49:11","modified_gmt":"2024-01-26T15:49:11","slug":"swtc-5d","status":"publish","type":"product","link":"https:\/\/sunward.eu\/de\/product\/swtc-5d\/","title":{"rendered":"SWTC 5D"},"content":{"rendered":"<div class=\"wpb-content-wrapper\"><p>[vc_row][vc_column][vc_tta_accordion style=&#8221;flat&#8221; c_icon=&#8221;chevron&#8221; c_position=&#8221;right&#8221; active_section=&#8221;1&#8243; no_fill=&#8221;true&#8221; el_class=&#8221;custom-accordion&#8221;][vc_tta_section title=&#8221;TECHNISCHE DATEN&#8221; tab_id=&#8221;1623355628079-f58b5c44-7c4b&#8221;][vc_custom_heading text=&#8221;SUNWARD SWTC 5D&#8221; font_container=&#8221;tag:h3|text_align:left&#8221; use_theme_fonts=&#8221;yes&#8221;][vc_column_text]Der Teleskop-Raupenkran SWTC 5D von Sunward bietet mit seiner Kombination aus einem hochbelastbaren Teleskopausleger und einem kompakten Unterwagen mit Raupenketten vielseitige Einsatzm\u00f6glichkeiten.<\/p>\n<p>Dieser kompakte Raupenkran eignet sich perfekt zum Heben schwerer Lasten bei kurzer R\u00fcstzeit, indem er eigenst\u00e4ndig in schwer zug\u00e4ngliche Bereiche man\u00f6vrieren kann, die f\u00fcr andere Hebeausr\u00fcstung nicht erreichbar ist.<\/p>\n<p>Au\u00dferdem kann er mit schweren Lasten selbst schwierigstes Gel\u00e4nde befahren.<\/p>\n<p>Der SWTC\u00a05D kombiniert die Leistung des Yanmar-4TNV98C-Motors von 46,2\u00a0kW mit den neuesten EU-Emissionsnormen der Stufe\u00a0V.<\/p>\n<p>Nat\u00fcrlich ist uns bewusst, dass Sicherheit und Komfort stets Hand in Hand gehen sollten \u2013 darum bietet Ihnen der SWTC\u00a05D gr\u00f6\u00dftm\u00f6gliche Sicherheit und maximalen Komfort unter allen Arbeitsbedingungen.<\/p>\n<p>Es ist bereits eine Tradition bei Sunward, stets das beste Preis-Leistungs-Verh\u00e4ltnis zu bieten, und auch der SWTC 5D ist da keine Ausnahme \u2013 er bietet zahlreiche Funktionsmerkmale und bis zu 5 Jahre Garantie zum richtigen Preis.<\/p>\n<p>Der Teleskop-Raupenkran SWTC 5D ist die ideale Wahl, falls Sie einen innovativen und vielseitigen kompakten Raupenkran suchen.<\/p>\n<p>Entdecken Sie alle weiteren Vorteile des Sunward SWTC 5D.[\/vc_column_text][vc_separator color=&#8221;white&#8221;][vc_row_inner][vc_column_inner width=&#8221;1\/2&#8243;][vc_toggle title=&#8221;ABMESSUNGEN&#8221;]<\/p>\n<table width=\"684\">\n<tbody>\n<tr>\n<td width=\"514\">Betriebsgewicht<\/td>\n<td width=\"170\">10.910\u00a0kg<\/td>\n<\/tr>\n<tr>\n<td width=\"514\">Transportl\u00e4nge<\/td>\n<td>5.350\u00a0mm<\/td>\n<\/tr>\n<tr>\n<td width=\"514\">Transportbreite<\/td>\n<td>2.260\u00a0mm<\/td>\n<\/tr>\n<tr>\n<td width=\"514\">H\u00f6he \u00fcber Kabine<\/td>\n<td>2.835\u00a0mm<\/td>\n<\/tr>\n<\/tbody>\n<\/table>\n<p>[\/vc_toggle][vc_toggle title=&#8221;MOTOR&#8221;]<\/p>\n<table width=\"684\">\n<tbody>\n<tr>\n<td width=\"514\">Modell<\/td>\n<td width=\"170\">Yanmar 4TNV98C-SSU<\/td>\n<\/tr>\n<tr>\n<td>Emissionsstufe<\/td>\n<td>EU Stufe V<\/td>\n<\/tr>\n<tr>\n<td>Hubraum<\/td>\n<td>3319\u00a0l<\/td>\n<\/tr>\n<tr>\n<td>Nennausgangsleistung<\/td>\n<td>46,2\u00a0kW<\/td>\n<\/tr>\n<\/tbody>\n<\/table>\n<p>[\/vc_toggle][vc_toggle title=&#8221;ARBEITSBEREICH&#8221;]<\/p>\n<table width=\"684\">\n<tbody>\n<tr>\n<td width=\"514\">Max. Nennlastkapazit\u00e4t<\/td>\n<td width=\"170\">5.000\u00a0kg<\/td>\n<\/tr>\n<tr>\n<td>L\u00e4nge Basisausleger<\/td>\n<td>4,63\u00a0m<\/td>\n<\/tr>\n<tr>\n<td>L\u00e4nge Hauptausleger voll ausgefahren<\/td>\n<td>16,5\u00a0m<\/td>\n<\/tr>\n<tr>\n<td>Max. Hubh\u00f6he Basisausleger<\/td>\n<td>5,3\u00a0m<\/td>\n<\/tr>\n<tr>\n<td>Max. Hubh\u00f6he l\u00e4ngster Hauptausleger<\/td>\n<td>16,5\u00a0m<\/td>\n<\/tr>\n<\/tbody>\n<\/table>\n<p>[\/vc_toggle][\/vc_column_inner][vc_column_inner width=&#8221;1\/2&#8243;][\/vc_column_inner][\/vc_row_inner][\/vc_tta_section][vc_tta_section title=&#8221;MERKMALE UND VORTEILE&#8221; tab_id=&#8221;1623355710952-d36b50a3-81ed&#8221;][vc_row_inner][vc_column_inner width=&#8221;1\/4&#8243;][vc_single_image image=&#8221;1070&#8243; img_size=&#8221;medium&#8221;][\/vc_column_inner][vc_column_inner width=&#8221;3\/4&#8243;][vc_custom_heading text=&#8221;F\u00dcR EUROPA KONZIPIERT&#8221; font_container=&#8221;tag:h3|text_align:left&#8221; use_theme_fonts=&#8221;yes&#8221;][vc_column_text]Zus\u00e4tzlich zur EU-Zertifizierung wurde der SWTC\u00a05D speziell f\u00fcr die Anforderungen des europ\u00e4ischen Marktes konzipiert. Selbstverst\u00e4ndlich erf\u00fcllt er die EU-Emissionsvorschriften der Stufe\u00a0V.[\/vc_column_text][\/vc_column_inner][\/vc_row_inner][vc_separator][vc_row_inner][vc_column_inner width=&#8221;1\/4&#8243;][vc_single_image image=&#8221;1911&#8243; img_size=&#8221;medium&#8221;][\/vc_column_inner][vc_column_inner width=&#8221;3\/4&#8243;][vc_custom_heading text=&#8221;EXTREME MOBILIT\u00c4T&#8221; font_container=&#8221;tag:h3|text_align:left&#8221; use_theme_fonts=&#8221;yes&#8221;][vc_column_text]Dank kompakter Abmessungen ist der Sunward SWTC\u00a05D Teleskop-Raupenkran in Rekordzeit einsatzbereit.<\/p>\n<p>Die Maschine kann relativ kosteng\u00fcnstig leicht zu jeder Baustelle transportiert werden.<\/p>\n<p>Dank der Raupen l\u00e4sst sie sich vor Ort dann ungeachtet der Bodenbeschaffenheit sicher bewegen.<\/p>\n<p>Ihre kompakten Abmessungen sorgen f\u00fcr eine ausgezeichnete Man\u00f6vrierbarkeit, so dass sie auch auf engstem Raum einsetzbar ist.[\/vc_column_text][\/vc_column_inner][\/vc_row_inner][vc_separator][vc_row_inner][vc_column_inner width=&#8221;1\/4&#8243;][vc_single_image image=&#8221;1912&#8243; img_size=&#8221;medium&#8221;][\/vc_column_inner][vc_column_inner width=&#8221;3\/4&#8243;][vc_custom_heading text=&#8221;LEISTUNGSF\u00c4HIGE UND ZUVERL\u00c4SSIGE MASCHINE&#8221; font_container=&#8221;tag:h3|text_align:left&#8221; use_theme_fonts=&#8221;yes&#8221;][vc_column_text]Als das Herz des SWTC\u00a05D haben wir den 4TNV98C-Motor von Yanmar gew\u00e4hlt, der die neuesten EU-Emissionsvorschriften der Stufe\u00a0V erf\u00fcllt.<\/p>\n<p>Diese neue Motorengeneration verf\u00fcgt \u00fcber eine Common-Rail-Direkteinspritzung, die f\u00fcr eine pr\u00e4zisere Kraftstoffzufuhr und -steuerung, h\u00f6here Kraftstoffeffizienz, bessere Abgasnachbehandlung, geringere Emissionen und bessere Leistungsf\u00e4higkeit sorgt.<\/p>\n<p>Was die Kraftentfaltung betrifft, bietet der Yanmar 4TNV98C eine Ausgangsleistung von 46,2\u00a0kW, die f\u00fcr eine Vielzahl von Anwendungen ausreicht.[\/vc_column_text][\/vc_column_inner][\/vc_row_inner][vc_separator][vc_row_inner][vc_column_inner width=&#8221;1\/4&#8243;][vc_single_image image=&#8221;1913&#8243; img_size=&#8221;medium&#8221;][\/vc_column_inner][vc_column_inner width=&#8221;3\/4&#8243;][vc_custom_heading text=&#8221;PREMIUM-KOMPONENTEN&#8221; font_container=&#8221;tag:h3|text_align:left&#8221; use_theme_fonts=&#8221;yes&#8221;][vc_column_text]Alle wichtigen Komponenten eines Sunward-Baggers werden sorgf\u00e4ltig ausgew\u00e4hlt \u2013 vom Yanmar-Motor bis zur Hydraulik.<\/p>\n<p>Da man die Hydraulik oft als das Herz der Maschine bezeichnet, wird Sunward ausschlie\u00dflich von Zulieferern mit den besten Referenzen auf dem Markt beliefert. Bosch Rexroth ist Marktf\u00fchrer in Sachen Innovation, Konstruktion und Herstellung von Hydraulikpumpen. Daher war es nur nat\u00fcrlich, dass sich Sunward f\u00fcr diese Premium-Marke als Hauptlieferanten sowohl f\u00fcr Pumpen als auch Ventile und Joysticks entschied. Unsere Hydraulikpumpen von Bosch Rexroth sind pr\u00e4ziser und zuverl\u00e4ssiger, was sich nat\u00fcrlich auch in der Zuverl\u00e4ssigkeit des dieser Maschine ist niederschl\u00e4gt.<\/p>\n<p>F\u00fcr Fahr- und Schwenkmotoren haben wir uns ferner f\u00fcr KYB oder Flutek entschieden.[\/vc_column_text][\/vc_column_inner][\/vc_row_inner][vc_separator][vc_row_inner][vc_column_inner width=&#8221;1\/4&#8243;][vc_single_image image=&#8221;1918&#8243; img_size=&#8221;medium&#8221;][\/vc_column_inner][vc_column_inner width=&#8221;3\/4&#8243;][vc_custom_heading text=&#8221;GROSSE REICHWEITE&#8221; font_container=&#8221;tag:h3|text_align:left&#8221; use_theme_fonts=&#8221;yes&#8221;][vc_column_text]Der SWTC\u00a05D hat eine au\u00dfergew\u00f6hnliche Reichweite. Mit fast 16,5\u00a0m Reichweite ist er gut aufgestellt auf dem Markt.[\/vc_column_text][\/vc_column_inner][\/vc_row_inner][vc_separator][vc_row_inner][vc_column_inner width=&#8221;1\/4&#8243;][vc_single_image image=&#8221;1914&#8243; img_size=&#8221;medium&#8221;][\/vc_column_inner][vc_column_inner width=&#8221;3\/4&#8243;][vc_custom_heading text=&#8221;GEWICHTHEBER&#8221; font_container=&#8221;tag:h3|text_align:left&#8221; use_theme_fonts=&#8221;yes&#8221;][vc_column_text]Trotz seiner kompakten Abmessungen ist der SWTC\u00a05D enorm leistungsstark. Er bietet eine au\u00dfergew\u00f6hnliche Hubkapazit\u00e4t von bis zu 5.000\u00a0kg (max.), sodass er sich mit lang etablierten kompakten Teleskop-Raupenkranen auf dem Markt problemlos messen kann.[\/vc_column_text][\/vc_column_inner][\/vc_row_inner][vc_row_inner][vc_column_inner width=&#8221;1\/4&#8243;][vc_single_image image=&#8221;1915&#8243; img_size=&#8221;medium&#8221;][\/vc_column_inner][vc_column_inner width=&#8221;3\/4&#8243;][vc_custom_heading text=&#8221;WARTUNGSFREUNDLICH&#8221; font_container=&#8221;tag:h3|text_align:left&#8221; use_theme_fonts=&#8221;yes&#8221;][vc_column_text]Um die Wartungsdauer und -kosten f\u00fcr den SWTC 5D zu verringern, bieten die Abdeckungen hinten und an der Seite direkten Zugang zu den Wartungspunkten. Die Standard-Wartungspunkte \u2013 f\u00fcr Kraftstoff-, \u00d6l- und Luftfilter \u2013 sind direkt \u00fcber die hintere Abdeckung zug\u00e4nglich.<\/p>\n<p>Mit seinem sehr leicht zug\u00e4nglichen Kraftstofftank und den zentralen Schmiernippeln lassen sich diese Teleskop-Raupenkrane ebenso einfach warten wie bedienen.[\/vc_column_text][\/vc_column_inner][\/vc_row_inner][vc_row_inner][vc_column_inner width=&#8221;1\/4&#8243;][vc_single_image image=&#8221;1919&#8243; img_size=&#8221;medium&#8221;][\/vc_column_inner][vc_column_inner width=&#8221;3\/4&#8243;][vc_custom_heading text=&#8221;SICHERHEITSKABINE&#8221; font_container=&#8221;tag:h3|text_align:left&#8221; use_theme_fonts=&#8221;yes&#8221;][vc_column_text]Die hochfeste Kabine des SWTC\u00a05D erf\u00fcllt alle FOPS-, TOPS- und ROPS-Anforderungen, die den Standard darstellen und zu den ersten Merkmalen geh\u00f6ren, um in jeder Anwendungsumgebung ein sicheres und komfortables Arbeiten zu gew\u00e4hrleisten.<\/p>\n<p>Trotz seiner kompakten Au\u00dfenma\u00dfe bietet der SWTC\u00a05D einen bequemen Zugang zur ger\u00e4umigen Kabine \u2013 eine Einladung an Fahrer jeder Statur \u00fcberall in Europa.<\/p>\n<p>Die gro\u00dfen Fenster, auch oben im Dach, und das wohldurchdachte Kabinendesign sorgen daf\u00fcr, dass sich der Fahrer stets komfortabel f\u00fchlt und produktiv bleibt.[\/vc_column_text][\/vc_column_inner][\/vc_row_inner][vc_row_inner][vc_column_inner width=&#8221;1\/4&#8243;][vc_single_image image=&#8221;1917&#8243; img_size=&#8221;medium&#8221;][\/vc_column_inner][vc_column_inner width=&#8221;3\/4&#8243;][vc_custom_heading text=&#8221;BESTES PREIS-LEISTUNGS-VERH\u00c4LTNIS&#8221; font_container=&#8221;tag:h3|text_align:left&#8221; use_theme_fonts=&#8221;yes&#8221;][vc_column_text]Sunward \u2013 Ihre cleverste Investition in Zuverl\u00e4ssigkeit, Leistungsf\u00e4higkeit und hohe Kapitalrendite. Das professionelle Design des SWTC\u00a05D umfasst eine gut durchdachte Auswahl von Komponenten f\u00fcr eine optimale Bedienung und Wartung. Unsere Design-Wahl resultiert in einer Maschine, die eine Unmenge serienm\u00e4\u00dfig eingebauter Funktionen, Komponenten von Premiummarken und F\u00e4higkeiten bietet &#8211; und das alles zu einem guten Preis.<\/p>\n<p>Dar\u00fcber hinaus sind auch die Original-Ersatzteile von Sunward wirtschaftlich \u2013 wobei dieses \u00fcberzeugende Preis-Leistungs-Verh\u00e4ltnis von einer 5-Jahre-Garantie gekr\u00f6nt wird, die bei allen Sunward-Produkten serienm\u00e4\u00dfig ist.[\/vc_column_text][\/vc_column_inner][\/vc_row_inner][\/vc_tta_section][vc_tta_section title=&#8221;VIDEO&#8221; tab_id=&#8221;1623857706491-8aa3a03f-cca1&#8243;][vc_row_inner][vc_column_inner][vc_column_text]<\/p>\n<h2><em>NICHT VERF\u00dcGBAR<\/em><\/h2>\n<p>[\/vc_column_text][\/vc_column_inner][\/vc_row_inner][vc_video link=&#8221;&#8221;][\/vc_tta_section][vc_tta_section title=&#8221;BROSCH\u00dcRE&#8221; tab_id=&#8221;1623857795794-8fd5289e-c5a3&#8243;][vc_row_inner content_placement=&#8221;middle&#8221;][vc_column_inner width=&#8221;1\/4&#8243;][vc_single_image image=&#8221;1922&#8243; img_size=&#8221;large&#8221;][\/vc_column_inner][vc_column_inner width=&#8221;3\/4&#8243;][vc_custom_heading text=&#8221;DATENBLATT&#8221; font_container=&#8221;tag:h3|text_align:left&#8221; use_theme_fonts=&#8221;yes&#8221;][vc_btn title=&#8221;DOWNLOAD&#8221; color=&#8221;orange&#8221; size=&#8221;lg&#8221; link=&#8221;url:http%3A%2F%2Fsunward.eu%2Fwp-content%2Fuploads%2F2022%2F01%2FSWTC5D-Crawler-Crane-specs.pdf|title:Sunward%20SWTC%205D%20SPEC%20SHEET|target:%20_blank|&#8221;][\/vc_column_inner][\/vc_row_inner][\/vc_tta_section][\/vc_tta_accordion][\/vc_column][\/vc_row]<\/p>\n<\/div>","protected":false},"excerpt":{"rendered":"<p>Der Teleskop-Raupenkran SWTC\u00a05D von Sunward bietet mit seiner Kombination aus einem hochbelastbaren Teleskopausleger und einem kompakten Unterwagen mit Raupenketten vielseitige Einsatzm\u00f6glichkeiten. Dieser kompakte Raupenkran eignet sich perfekt zum Heben schwerer Lasten bei kurzer R\u00fcstzeit, indem er eigenst\u00e4ndig in schwer zug\u00e4ngliche Bereiche man\u00f6vrieren kann, die f\u00fcr andere Hebeausr\u00fcstung nicht erreichbar ist. Au\u00dferdem kann er mit schweren Lasten selbst schwierigstes Gel\u00e4nde befahren. Der SWTC\u00a05D ist mit Yanmar-Motoren ausger\u00fcstet, die die EU-Emissionsvorschriften der Stufe\u00a0V erf\u00fcllen. [&#8230;]<\/p>\n<p><a class=\"btn btn-secondary understrap-read-more-link\" href=\"https:\/\/sunward.eu\/de\/product\/swtc-5d\/\">Weiterlesen&#8230;<\/a><\/p>\n","protected":false},"featured_media":2784,"comment_status":"closed","ping_status":"closed","template":"","meta":{"_acf_changed":false,"inline_featured_image":false},"product_cat":[28,39],"product_tag":[],"class_list":{"0":"post-1894","1":"product","2":"type-product","3":"status-publish","4":"has-post-thumbnail","6":"product_cat-telescopic-cranes","7":"product_cat-swtc5d","8":"pa_emission-rating-eu-stage-5","9":"pa_max-digging-depth-2-840-mm","10":"pa_operating-weight-10-910-kg","11":"pa_power-output-14-6-kw","13":"first","14":"instock","15":"shipping-taxable","16":"product-type-simple"},"translation":{"provider":"WPGlobus","version":"2.12.2","language":"de","enabled_languages":["en","de","fr","it"],"languages":{"en":{"title":true,"content":true,"excerpt":true},"de":{"title":true,"content":true,"excerpt":true},"fr":{"title":true,"content":true,"excerpt":true},"it":{"title":true,"content":true,"excerpt":true}}},"acf":[],"yoast_head":"<!-- This site is optimized with the Yoast SEO plugin v22.6 - https:\/\/yoast.com\/wordpress\/plugins\/seo\/ -->\n<title>SWTC 5D - Sunward Europe (Official Website for EU &amp; UK)<\/title>\n<meta name=\"robots\" content=\"index, follow, max-snippet:-1, max-image-preview:large, max-video-preview:-1\" \/>\n<link rel=\"canonical\" href=\"https:\/\/sunward.eu\/product\/swtc-5d\/\" \/>\n<meta property=\"og:locale\" content=\"de_DE\" \/>\n<meta property=\"og:type\" content=\"article\" \/>\n<meta property=\"og:title\" content=\"SWTC 5D - Sunward Europe (Official Website for EU &amp; UK)\" \/>\n<meta property=\"og:url\" content=\"https:\/\/sunward.eu\/product\/swtc-5d\/\" \/>\n<meta property=\"og:site_name\" content=\"Sunward Europe (Official Website for EU &amp; UK)\" \/>\n<meta property=\"article:modified_time\" content=\"2024-01-26T15:49:11+00:00\" \/>\n<meta property=\"og:image\" content=\"https:\/\/sunward.eu\/wp-content\/uploads\/2022\/01\/Sunward-SWTC-5D_MAIN.png\" \/>\n\t<meta property=\"og:image:width\" content=\"1000\" \/>\n\t<meta property=\"og:image:height\" content=\"1000\" \/>\n\t<meta property=\"og:image:type\" content=\"image\/png\" \/>\n<meta name=\"twitter:card\" content=\"summary_large_image\" \/>\n<meta name=\"twitter:label1\" content=\"Est. reading time\" \/>\n\t<meta name=\"twitter:data1\" content=\"5 minutes\" \/>\n<script type=\"application\/ld+json\" class=\"yoast-schema-graph\">{\"@context\":\"https:\/\/schema.org\",\"@graph\":[{\"@type\":\"WebPage\",\"@id\":\"https:\/\/sunward.eu\/product\/swtc-5d\/\",\"url\":\"https:\/\/sunward.eu\/product\/swtc-5d\/\",\"name\":\"SWTC 5D - Sunward Europe (Official Website for EU &amp; UK)\",\"isPartOf\":{\"@id\":\"https:\/\/sunward.eu\/#website\"},\"primaryImageOfPage\":{\"@id\":\"https:\/\/sunward.eu\/product\/swtc-5d\/#primaryimage\"},\"image\":{\"@id\":\"https:\/\/sunward.eu\/product\/swtc-5d\/#primaryimage\"},\"thumbnailUrl\":\"https:\/\/sunward.eu\/wp-content\/uploads\/2022\/01\/Sunward-SWTC-5D_MAIN.png\",\"datePublished\":\"2022-01-25T11:49:44+00:00\",\"dateModified\":\"2024-01-26T15:49:11+00:00\",\"breadcrumb\":{\"@id\":\"https:\/\/sunward.eu\/product\/swtc-5d\/#breadcrumb\"},\"inLanguage\":\"de-DE\",\"potentialAction\":[{\"@type\":\"ReadAction\",\"target\":[\"https:\/\/sunward.eu\/product\/swtc-5d\/\"]}]},{\"@type\":\"ImageObject\",\"inLanguage\":\"de-DE\",\"@id\":\"https:\/\/sunward.eu\/product\/swtc-5d\/#primaryimage\",\"url\":\"https:\/\/sunward.eu\/wp-content\/uploads\/2022\/01\/Sunward-SWTC-5D_MAIN.png\",\"contentUrl\":\"https:\/\/sunward.eu\/wp-content\/uploads\/2022\/01\/Sunward-SWTC-5D_MAIN.png\",\"width\":1000,\"height\":1000,\"caption\":\"Sunward SWTC 5D Telescopic Crane\"},{\"@type\":\"BreadcrumbList\",\"@id\":\"https:\/\/sunward.eu\/product\/swtc-5d\/#breadcrumb\",\"itemListElement\":[{\"@type\":\"ListItem\",\"position\":1,\"name\":\"Home\",\"item\":\"https:\/\/sunward.eu\/\"},{\"@type\":\"ListItem\",\"position\":2,\"name\":\"Products\",\"item\":\"https:\/\/sunward.eu\/shop\/\"},{\"@type\":\"ListItem\",\"position\":3,\"name\":\"Telescopic cranes\",\"item\":\"https:\/\/sunward.eu\/product-category\/telescopic-cranes\/\"},{\"@type\":\"ListItem\",\"position\":4,\"name\":\"SWTC 5D\",\"item\":\"https:\/\/sunward.eu\/product-category\/telescopic-cranes\/swtc5d\/\"},{\"@type\":\"ListItem\",\"position\":5,\"name\":\"SWTC 5D\"}]},{\"@type\":\"WebSite\",\"@id\":\"https:\/\/sunward.eu\/#website\",\"url\":\"https:\/\/sunward.eu\/\",\"name\":\"Sunward Europe (Official Website for EU &amp; UK)\",\"description\":\"The smart choice\",\"publisher\":{\"@id\":\"https:\/\/sunward.eu\/#organization\"},\"potentialAction\":[{\"@type\":\"SearchAction\",\"target\":{\"@type\":\"EntryPoint\",\"urlTemplate\":\"https:\/\/sunward.eu\/?s={search_term_string}\"},\"query-input\":\"required name=search_term_string\"}],\"inLanguage\":\"de-DE\"},{\"@type\":\"Organization\",\"@id\":\"https:\/\/sunward.eu\/#organization\",\"name\":\"Sunward Europe (Official Website for EU &amp; UK)\",\"url\":\"https:\/\/sunward.eu\/\",\"logo\":{\"@type\":\"ImageObject\",\"inLanguage\":\"de-DE\",\"@id\":\"https:\/\/sunward.eu\/#\/schema\/logo\/image\/\",\"url\":\"https:\/\/sunward.eu\/wp-content\/uploads\/2022\/01\/Website_Sunward_logo_top_180x63px.png\",\"contentUrl\":\"https:\/\/sunward.eu\/wp-content\/uploads\/2022\/01\/Website_Sunward_logo_top_180x63px.png\",\"width\":180,\"height\":63,\"caption\":\"Sunward Europe (Official Website for EU &amp; UK)\"},\"image\":{\"@id\":\"https:\/\/sunward.eu\/#\/schema\/logo\/image\/\"}}]}<\/script>\n<!-- \/ Yoast SEO plugin. -->","yoast_head_json":{"title":"SWTC 5D - Sunward Europe (Official Website for EU &amp; UK)","robots":{"index":"index","follow":"follow","max-snippet":"max-snippet:-1","max-image-preview":"max-image-preview:large","max-video-preview":"max-video-preview:-1"},"canonical":"https:\/\/sunward.eu\/product\/swtc-5d\/","og_locale":"de_DE","og_type":"article","og_title":"SWTC 5D - Sunward Europe (Official Website for EU &amp; UK)","og_url":"https:\/\/sunward.eu\/product\/swtc-5d\/","og_site_name":"Sunward Europe (Official Website for EU &amp; UK)","article_modified_time":"2024-01-26T15:49:11+00:00","og_image":[{"width":1000,"height":1000,"url":"https:\/\/sunward.eu\/wp-content\/uploads\/2022\/01\/Sunward-SWTC-5D_MAIN.png","type":"image\/png"}],"twitter_card":"summary_large_image","twitter_misc":{"Est. reading time":"5 minutes"},"schema":{"@context":"https:\/\/schema.org","@graph":[{"@type":"WebPage","@id":"https:\/\/sunward.eu\/product\/swtc-5d\/","url":"https:\/\/sunward.eu\/product\/swtc-5d\/","name":"SWTC 5D - Sunward Europe (Official Website for EU &amp; UK)","isPartOf":{"@id":"https:\/\/sunward.eu\/#website"},"primaryImageOfPage":{"@id":"https:\/\/sunward.eu\/product\/swtc-5d\/#primaryimage"},"image":{"@id":"https:\/\/sunward.eu\/product\/swtc-5d\/#primaryimage"},"thumbnailUrl":"https:\/\/sunward.eu\/wp-content\/uploads\/2022\/01\/Sunward-SWTC-5D_MAIN.png","datePublished":"2022-01-25T11:49:44+00:00","dateModified":"2024-01-26T15:49:11+00:00","breadcrumb":{"@id":"https:\/\/sunward.eu\/product\/swtc-5d\/#breadcrumb"},"inLanguage":"de-DE","potentialAction":[{"@type":"ReadAction","target":["https:\/\/sunward.eu\/product\/swtc-5d\/"]}]},{"@type":"ImageObject","inLanguage":"de-DE","@id":"https:\/\/sunward.eu\/product\/swtc-5d\/#primaryimage","url":"https:\/\/sunward.eu\/wp-content\/uploads\/2022\/01\/Sunward-SWTC-5D_MAIN.png","contentUrl":"https:\/\/sunward.eu\/wp-content\/uploads\/2022\/01\/Sunward-SWTC-5D_MAIN.png","width":1000,"height":1000,"caption":"Sunward SWTC 5D Telescopic Crane"},{"@type":"BreadcrumbList","@id":"https:\/\/sunward.eu\/product\/swtc-5d\/#breadcrumb","itemListElement":[{"@type":"ListItem","position":1,"name":"Home","item":"https:\/\/sunward.eu\/"},{"@type":"ListItem","position":2,"name":"Products","item":"https:\/\/sunward.eu\/shop\/"},{"@type":"ListItem","position":3,"name":"Telescopic cranes","item":"https:\/\/sunward.eu\/product-category\/telescopic-cranes\/"},{"@type":"ListItem","position":4,"name":"SWTC 5D","item":"https:\/\/sunward.eu\/product-category\/telescopic-cranes\/swtc5d\/"},{"@type":"ListItem","position":5,"name":"SWTC 5D"}]},{"@type":"WebSite","@id":"https:\/\/sunward.eu\/#website","url":"https:\/\/sunward.eu\/","name":"Sunward Europe (Official Website for EU &amp; UK)","description":"The smart choice","publisher":{"@id":"https:\/\/sunward.eu\/#organization"},"potentialAction":[{"@type":"SearchAction","target":{"@type":"EntryPoint","urlTemplate":"https:\/\/sunward.eu\/?s={search_term_string}"},"query-input":"required name=search_term_string"}],"inLanguage":"de-DE"},{"@type":"Organization","@id":"https:\/\/sunward.eu\/#organization","name":"Sunward Europe (Official Website for EU &amp; UK)","url":"https:\/\/sunward.eu\/","logo":{"@type":"ImageObject","inLanguage":"de-DE","@id":"https:\/\/sunward.eu\/#\/schema\/logo\/image\/","url":"https:\/\/sunward.eu\/wp-content\/uploads\/2022\/01\/Website_Sunward_logo_top_180x63px.png","contentUrl":"https:\/\/sunward.eu\/wp-content\/uploads\/2022\/01\/Website_Sunward_logo_top_180x63px.png","width":180,"height":63,"caption":"Sunward Europe (Official Website for EU &amp; UK)"},"image":{"@id":"https:\/\/sunward.eu\/#\/schema\/logo\/image\/"}}]}},"_links":{"self":[{"href":"https:\/\/sunward.eu\/de\/wp-json\/wp\/v2\/product\/1894","targetHints":{"allow":["GET"]}}],"collection":[{"href":"https:\/\/sunward.eu\/de\/wp-json\/wp\/v2\/product"}],"about":[{"href":"https:\/\/sunward.eu\/de\/wp-json\/wp\/v2\/types\/product"}],"replies":[{"embeddable":true,"href":"https:\/\/sunward.eu\/de\/wp-json\/wp\/v2\/comments?post=1894"}],"wp:featuredmedia":[{"embeddable":true,"href":"https:\/\/sunward.eu\/de\/wp-json\/wp\/v2\/media\/2784"}],"wp:attachment":[{"href":"https:\/\/sunward.eu\/de\/wp-json\/wp\/v2\/media?parent=1894"}],"wp:term":[{"taxonomy":"product_cat","embeddable":true,"href":"https:\/\/sunward.eu\/de\/wp-json\/wp\/v2\/product_cat?post=1894"},{"taxonomy":"product_tag","embeddable":true,"href":"https:\/\/sunward.eu\/de\/wp-json\/wp\/v2\/product_tag?post=1894"}],"curies":[{"name":"wp","href":"https:\/\/api.w.org\/{rel}","templated":true}]}}