{"id":1420,"date":"2022-01-20T22:36:19","date_gmt":"2022-01-20T21:36:19","guid":{"rendered":"https:\/\/sunward.eu\/?post_type=product&#038;p=1420"},"modified":"2024-10-14T15:11:50","modified_gmt":"2024-10-14T13:11:50","slug":"swl-2830","status":"publish","type":"product","link":"https:\/\/sunward.eu\/de\/product\/swl-2830\/","title":{"rendered":"SWL 2380"},"content":{"rendered":"<div class=\"wpb-content-wrapper\"><p>[vc_row][vc_column][vc_tta_accordion style=&#8221;flat&#8221; c_icon=&#8221;chevron&#8221; c_position=&#8221;right&#8221; active_section=&#8221;1&#8243; no_fill=&#8221;true&#8221; el_class=&#8221;custom-accordion&#8221;][vc_tta_section title=&#8221;TECHNISCHE DATEN&#8221; tab_id=&#8221;1623355628079-f58b5c44-7c4b&#8221;][vc_custom_heading text=&#8221;SUNWARD SWL 2830&#8243; font_container=&#8221;tag:h3|text_align:left&#8221; use_theme_fonts=&#8221;yes&#8221;][vc_column_text]Sie suchen einen wendigen und vielseitigen Kompaktlader mit guter Hubkapazit\u00e4t und viel Leistung?<\/p>\n<p>Der Sunward SWL\u00a02830 Kompaktlader ist enorm vielseitig und auch auf engstem Raum leicht man\u00f6vrierbar. Trotz seiner kompakten Abmessungen werden Sie von der hervorragenden Ausbrechkraft und enormen Hubkapazit\u00e4t beeindruckt sein.<\/p>\n<p>Der leistungsstarke Kubota-Motor \u00fcberzeugt durch Leistung, \u00fcberragende Zuverl\u00e4ssigkeit, Langlebigkeit und erf\u00fcllt die EU-Emissionsvorschriften der Stufe\u00a0V. Zudem sind alle Wartungspunkte leicht zug\u00e4nglich.<\/p>\n<p>Die t\u00e4gliche Routinewartung ist \u00e4u\u00dferst unkompliziert, weil die Pr\u00fcfpunkte und Komponenten des K\u00fchlsystems \u00fcber die rechte T\u00fcr vom Boden aus zug\u00e4nglich sind. Was die Wartung betrifft, sind alle wichtigen Komponenten \u00fcber die kippbare ROPS-\/FOPS-Kabine ebenfalls leicht und schnell erreichbar.<\/p>\n<p>In puncto Komfort bietet der SWL\u00a02830 eine ger\u00e4umige Kabine mit gro\u00dfz\u00fcgigem Zugang, einen bequemen Sitz, ergonomische Bedienelemente und eine \u00fcberragende Rundumsicht.<\/p>\n<p>Und dank der ROPS-\/FOPS-Kabine in Verbindung mit der ausgezeichneten Rundumsicht und der hervorragenden Stabilit\u00e4t der Maschine kommt auch die Sicherheit nicht zu kurz.<\/p>\n<p>Entdecken Sie alle weiteren Vorteile des Sunward SWL\u00a02830.[\/vc_column_text][vc_separator color=&#8221;white&#8221;][vc_row_inner][vc_column_inner width=&#8221;1\/2&#8243;][vc_toggle title=&#8221;ABMESSUNGEN UND GEWICHT&#8221;]<\/p>\n<table width=\"655\">\n<tbody>\n<tr>\n<td width=\"417\">Betriebsgewicht<\/td>\n<td width=\"238\">2 830 kg<\/td>\n<\/tr>\n<tr>\n<td>L\u00e4nge ohne Schaufel<\/td>\n<td>2 604 mm<\/td>\n<\/tr>\n<tr>\n<td>L\u00e4nge mit Standardschaufel<\/td>\n<td>3 318 mm<\/td>\n<\/tr>\n<tr>\n<td>Breite ohne Schaufel<\/td>\n<td>1 293 mm<\/td>\n<\/tr>\n<tr>\n<td>H\u00f6he bis ROPS-Dach<\/td>\n<td>2 014 mm<\/td>\n<\/tr>\n<tr>\n<td>Bodenfreiheit<\/td>\n<td>220 mm<\/td>\n<\/tr>\n<tr>\n<td>Wenderadius ab Mitte (Standardschaufel)<\/td>\n<td>1 953 mm<\/td>\n<\/tr>\n<\/tbody>\n<\/table>\n<p>[\/vc_toggle][vc_toggle title=&#8221;MOTOR&#8221;]<\/p>\n<table width=\"655\">\n<tbody>\n<tr>\n<td width=\"417\">Modell<\/td>\n<td width=\"238\">Kubota V2403-CR-TE4B<\/td>\n<\/tr>\n<tr>\n<td>Emissionsstufe<\/td>\n<td>EU Stage V<\/td>\n<\/tr>\n<tr>\n<td>Nennausgangsleistung<\/td>\n<td>48.6 kW<\/td>\n<\/tr>\n<\/tbody>\n<\/table>\n<p>[\/vc_toggle][vc_toggle title=&#8221;LEISTUNGSDATEN&#8221;]<\/p>\n<table width=\"655\">\n<tbody>\n<tr>\n<td width=\"417\">Nennbetriebskapazit\u00e4t<\/td>\n<td width=\"238\">750 kg<\/td>\n<\/tr>\n<tr>\n<td>Kipplast<\/td>\n<td>1 500 kg<\/td>\n<\/tr>\n<tr>\n<td>Schaufel-Ausbrechkraft (Standardschaufel)<\/td>\n<td>2 000 kg<\/td>\n<\/tr>\n<tr>\n<td>Ausleger-Ausbrechkraft<\/td>\n<td>1 900 kg<\/td>\n<\/tr>\n<tr>\n<td>Fahrgeschwindigkeit<\/td>\n<td>13 km\/h<\/td>\n<\/tr>\n<\/tbody>\n<\/table>\n<p>[\/vc_toggle][\/vc_column_inner][vc_column_inner width=&#8221;1\/2&#8243;][\/vc_column_inner][\/vc_row_inner][\/vc_tta_section][vc_tta_section title=&#8221;MERKMALE UND VORTEILE&#8221; tab_id=&#8221;1623355710952-d36b50a3-81ed&#8221;][vc_row_inner][vc_column_inner width=&#8221;1\/4&#8243;][vc_single_image image=&#8221;1070&#8243; img_size=&#8221;medium&#8221;][\/vc_column_inner][vc_column_inner width=&#8221;3\/4&#8243;][vc_custom_heading text=&#8221;F\u00dcR EUROPA KONZIPIERT&#8221; font_container=&#8221;tag:h3|text_align:left&#8221; use_theme_fonts=&#8221;yes&#8221;][vc_column_text]Wie alle Sunward-Maschinen auf dem EU-Markt ist die SWL\u00a02830 entsprechend den Anforderungen europ\u00e4ischer Kunden konzipiert und verf\u00fcgt \u00fcber alle EU-Zertifizierungen.[\/vc_column_text][\/vc_column_inner][\/vc_row_inner][vc_separator][vc_row_inner][vc_column_inner width=&#8221;1\/4&#8243;][vc_single_image image=&#8221;1456&#8243; img_size=&#8221;medium&#8221;][\/vc_column_inner][vc_column_inner width=&#8221;3\/4&#8243;][vc_custom_heading text=&#8221;MULTITASKINGF\u00c4HIG&#8221; font_container=&#8221;tag:h3|text_align:left&#8221; use_theme_fonts=&#8221;yes&#8221;][vc_column_text]Der Sunward SWL\u00a02830 Kompaktlader ist enorm vielseitig und auch auf engstem Raum leicht man\u00f6vrierbar.<\/p>\n<p>Die Vielseitigkeit eines Kompaktladers zeigt sich schon daran, wie gut er sich transportieren l\u00e4sst. Der SWL\u00a02830 erf\u00fcllt aber nicht nur die Transportvorgaben der EU \u2013 dank kompakter Abmessungen (1.293\u00a0mm Breite), geringem Gewicht (2.830\u00a0kg) und kleinem Rahmen ist der Transport auf einem Anh\u00e4nger einfach und sicher.<\/p>\n<p>Der SWL\u00a02830 kann problemlos mit diversen Anbauger\u00e4ten f\u00fcr unterschiedlichste Anwendungen ausger\u00fcstet werden, wobei sich alle Funktionen dank Joysticks und Doppel-Beschleunigungssteuerung (manuell oder Fu\u00dfpedal) perfekt kontrollieren lassen.[\/vc_column_text][\/vc_column_inner][\/vc_row_inner][vc_separator][vc_row_inner][vc_column_inner width=&#8221;1\/4&#8243;][vc_single_image image=&#8221;1457&#8243; img_size=&#8221;medium&#8221;][\/vc_column_inner][vc_column_inner width=&#8221;3\/4&#8243;][vc_custom_heading text=&#8221;ZUVERL\u00c4SSIGE LEISTUNGSF\u00c4HIGKEIT&#8221; font_container=&#8221;tag:h3|text_align:left&#8221; use_theme_fonts=&#8221;yes&#8221;][vc_column_text]Trotz seiner kompakten Abmessungen beeindruckt der SWL\u00a02830 durch seine Ausbrechkraft, enorme Hubkapazit\u00e4t und schnellen Taktzeiten.<\/p>\n<p>Der leistungsstarke Kubota V2403-Motor liefert 48,6\u00a0kW bei 2.700\u00a0U\/min) und \u00fcberzeugt durch herausragende Zuverl\u00e4ssigkeit auch unter schwierigen Hochlastbedingungen, lange Nutzungsdauer und Konformit\u00e4t mit den EU-Emissionsvorschriften der Stufe\u00a0V.[\/vc_column_text][\/vc_column_inner][\/vc_row_inner][vc_separator][vc_row_inner][vc_column_inner width=&#8221;1\/4&#8243;][vc_single_image image=&#8221;1458&#8243; img_size=&#8221;medium&#8221;][\/vc_column_inner][vc_column_inner width=&#8221;3\/4&#8243;][vc_custom_heading text=&#8221;KOMFORT SERIENM\u00c4SSIG&#8221; font_container=&#8221;tag:h3|text_align:left&#8221; use_theme_fonts=&#8221;yes&#8221;][vc_column_text]Beim Sunward SWL\u00a02830 beginnt der Komfort mit der hervorragenden Kabinenzug\u00e4nglichkeit. Hat man im SWL\u00a02830 Platz genommen, sorgen eine ger\u00e4umige Kabine, Klimatisierung, ein bequemer Sitz und ergonomische Bedienelemente f\u00fcr maximalen Fahrerkomfort.<\/p>\n<p>Auch die ausgezeichnete Rundumsicht wird f\u00fcr den Fahrer beeindruckend sein. Das alles macht den Betrieb eines Sunward-Kompaktladers zum reinen Vergn\u00fcgen.[\/vc_column_text][\/vc_column_inner][\/vc_row_inner][vc_separator][vc_row_inner][vc_column_inner width=&#8221;1\/4&#8243;][vc_single_image image=&#8221;1459&#8243; img_size=&#8221;medium&#8221;][\/vc_column_inner][vc_column_inner width=&#8221;3\/4&#8243;][vc_custom_heading text=&#8221;HOHE WARTUNGSFREUNDLICHKEIT&#8221; font_container=&#8221;tag:h3|text_align:left&#8221; use_theme_fonts=&#8221;yes&#8221;][vc_column_text]Weil uns auch die Betriebskosten wichtig sind, wurden alle Wartungs- und Servicema\u00dfnahmen so einfach wie m\u00f6glich gestaltet. Die t\u00e4gliche Routinewartung ist \u00e4u\u00dferst unkompliziert, weil die Pr\u00fcfpunkte und Komponenten des K\u00fchlsystems \u00fcber die rechte T\u00fcr vom Boden aus zug\u00e4nglich sind. Was die Wartung betrifft, sind alle wichtigen Komponenten \u00fcber die kippbare ROPS-\/FOPS-Kabine ebenfalls leicht und schnell erreichbar.[\/vc_column_text][\/vc_column_inner][\/vc_row_inner][vc_separator][vc_row_inner][vc_column_inner width=&#8221;1\/4&#8243;][vc_single_image image=&#8221;1460&#8243; img_size=&#8221;medium&#8221;][\/vc_column_inner][vc_column_inner width=&#8221;3\/4&#8243;][vc_custom_heading text=&#8221;SICHERHEIT STEHT NICHT ZUR WAHL&#8221; font_container=&#8221;tag:h3|text_align:left&#8221; use_theme_fonts=&#8221;yes&#8221;][vc_column_text]Sicherheit ist und bleibt f\u00fcr Sunward unverhandelbar. Der SWL\u00a02830 ist vollst\u00e4ndig auf die Sicherheit des Fahrers ausgelegt.<\/p>\n<p>So garantieren die ROPS-\/FOPS-Kabine und der Heckfenster-Notausstieg in Verbindung mit der exzellenten Rundumsicht und hervorragenden Stabilit\u00e4t der Maschine maximale Sicherheit.<\/p>\n<p>Weiterhin verhindern ein Sitzschalter und ein Armlehnenschalter, dass sich die Maschine in Abwesenheit des Fahrers starten l\u00e4sst.<\/p>\n<p>Zu den Sicherheitssystemen des SWL\u00a02830 Kompaktladers geh\u00f6rt auch eine Notfallabsenkfunktion, damit sich der Ausleger bei einem unerwarteten Motorausfall sicher absenken l\u00e4sst.[\/vc_column_text][\/vc_column_inner][\/vc_row_inner][\/vc_tta_section][vc_tta_section title=&#8221;VIDEO&#8221; tab_id=&#8221;1623857706491-8aa3a03f-cca1&#8243;][vc_video link=&#8221;https:\/\/youtu.be\/tmwhSLx2cE4&#8243;][\/vc_tta_section][vc_tta_section title=&#8221;BROSCH\u00dcRE&#8221; tab_id=&#8221;1623857795794-8fd5289e-c5a3&#8243;][vc_row_inner content_placement=&#8221;middle&#8221;][vc_column_inner width=&#8221;1\/4&#8243;][vc_single_image image=&#8221;3612&#8243; img_size=&#8221;large&#8221; css=&#8221;&#8221;][\/vc_column_inner][vc_column_inner width=&#8221;3\/4&#8243;][vc_custom_heading text=&#8221;SUNWARD SWL 2830 Product brochure&#8221; font_container=&#8221;tag:h3|text_align:left&#8221; use_theme_fonts=&#8221;yes&#8221;][vc_btn title=&#8221;DOWNLOAD&#8221; color=&#8221;orange&#8221; size=&#8221;lg&#8221; css=&#8221;&#8221; link=&#8221;url:https%3A%2F%2Fsunward.eu%2Fwp-content%2Fuploads%2F2024%2F07%2FSunward_Skid_Steer_Brochure_EN.pdf|title:Sunward%20SWL%202830%20Product%20Brochure|target:_blank&#8221;][\/vc_column_inner][\/vc_row_inner][\/vc_tta_section][\/vc_tta_accordion][\/vc_column][\/vc_row]<\/p>\n<\/div>","protected":false},"excerpt":{"rendered":"<p>Sie suchen einen wendigen und vielseitigen Kompaktlader mit guter Hubkapazit\u00e4t und viel Leistung?<\/p>\n<p>Der Sunward SWL\u00a02830 Kompaktlader ist enorm vielseitig und auch auf engstem Raum leicht man\u00f6vrierbar. Trotz seiner kompakten Abmessungen werden Sie von der hervorragenden Ausbrechkraft und enormen Hubkapazit\u00e4t beeindruckt sein. Der leistungsstarke Kubota-Motor \u00fcberzeugt durch Leistung, \u00fcberragende Zuverl\u00e4ssigkeit, Langlebigkeit und erf\u00fcllt die EU-Emissionsvorschriften der Stufe\u00a0V. [&#8230;]<\/p>\n<p><a class=\"btn btn-secondary understrap-read-more-link\" href=\"https:\/\/sunward.eu\/de\/product\/swl-2830\/\">Weiterlesen&#8230;<\/a><\/p>\n","protected":false},"featured_media":1422,"comment_status":"closed","ping_status":"closed","template":"","meta":{"_acf_changed":false,"inline_featured_image":false},"product_cat":[27,56],"product_tag":[],"class_list":{"0":"post-1420","1":"product","2":"type-product","3":"status-publish","4":"has-post-thumbnail","6":"product_cat-compact-loaders","7":"product_cat-skid-steer-loaders","8":"pa_breakout-force-bucket-2-000-kg","9":"pa_lift-height-2-320-mm","10":"pa_max-digging-depth-2-840-mm","11":"pa_operating-weight-2-830-kg","12":"pa_power-output-14-6-kw","13":"pa_rated-operating-capacity-750-kg","14":"pa_rated-power-output-48-6-kw","15":"pa_tipping-load-1-500-kg","17":"first","18":"instock","19":"shipping-taxable","20":"product-type-simple"},"translation":{"provider":"WPGlobus","version":"2.12.2","language":"de","enabled_languages":["en","de","fr","it"],"languages":{"en":{"title":true,"content":true,"excerpt":true},"de":{"title":true,"content":true,"excerpt":true},"fr":{"title":true,"content":true,"excerpt":true},"it":{"title":true,"content":true,"excerpt":true}}},"acf":[],"yoast_head":"<!-- This site is optimized with the Yoast SEO plugin v22.6 - https:\/\/yoast.com\/wordpress\/plugins\/seo\/ -->\n<title>SWL 2380 - Sunward Europe (Official Website for EU &amp; UK)<\/title>\n<meta name=\"robots\" content=\"index, follow, max-snippet:-1, max-image-preview:large, max-video-preview:-1\" \/>\n<link rel=\"canonical\" href=\"https:\/\/sunward.eu\/product\/swl-2830\/\" \/>\n<meta property=\"og:locale\" content=\"de_DE\" \/>\n<meta property=\"og:type\" content=\"article\" \/>\n<meta property=\"og:title\" content=\"SWL 2380 - Sunward Europe (Official Website for EU &amp; UK)\" \/>\n<meta property=\"og:url\" content=\"https:\/\/sunward.eu\/product\/swl-2830\/\" \/>\n<meta property=\"og:site_name\" content=\"Sunward Europe (Official Website for EU &amp; UK)\" \/>\n<meta property=\"article:modified_time\" content=\"2024-10-14T13:11:50+00:00\" \/>\n<meta property=\"og:image\" content=\"https:\/\/sunward.eu\/wp-content\/uploads\/2022\/01\/Sunward_SWL-2830_MAIN.png\" \/>\n\t<meta property=\"og:image:width\" content=\"1000\" \/>\n\t<meta property=\"og:image:height\" content=\"1000\" \/>\n\t<meta property=\"og:image:type\" content=\"image\/png\" \/>\n<meta name=\"twitter:card\" content=\"summary_large_image\" \/>\n<meta name=\"twitter:label1\" content=\"Est. reading time\" \/>\n\t<meta name=\"twitter:data1\" content=\"4 minutes\" \/>\n<script type=\"application\/ld+json\" class=\"yoast-schema-graph\">{\"@context\":\"https:\/\/schema.org\",\"@graph\":[{\"@type\":\"WebPage\",\"@id\":\"https:\/\/sunward.eu\/product\/swl-2830\/\",\"url\":\"https:\/\/sunward.eu\/product\/swl-2830\/\",\"name\":\"SWL 2380 - Sunward Europe (Official Website for EU &amp; UK)\",\"isPartOf\":{\"@id\":\"https:\/\/sunward.eu\/#website\"},\"primaryImageOfPage\":{\"@id\":\"https:\/\/sunward.eu\/product\/swl-2830\/#primaryimage\"},\"image\":{\"@id\":\"https:\/\/sunward.eu\/product\/swl-2830\/#primaryimage\"},\"thumbnailUrl\":\"https:\/\/sunward.eu\/wp-content\/uploads\/2022\/01\/Sunward_SWL-2830_MAIN.png\",\"datePublished\":\"2022-01-20T21:36:19+00:00\",\"dateModified\":\"2024-10-14T13:11:50+00:00\",\"breadcrumb\":{\"@id\":\"https:\/\/sunward.eu\/product\/swl-2830\/#breadcrumb\"},\"inLanguage\":\"de-DE\",\"potentialAction\":[{\"@type\":\"ReadAction\",\"target\":[\"https:\/\/sunward.eu\/product\/swl-2830\/\"]}]},{\"@type\":\"ImageObject\",\"inLanguage\":\"de-DE\",\"@id\":\"https:\/\/sunward.eu\/product\/swl-2830\/#primaryimage\",\"url\":\"https:\/\/sunward.eu\/wp-content\/uploads\/2022\/01\/Sunward_SWL-2830_MAIN.png\",\"contentUrl\":\"https:\/\/sunward.eu\/wp-content\/uploads\/2022\/01\/Sunward_SWL-2830_MAIN.png\",\"width\":1000,\"height\":1000},{\"@type\":\"BreadcrumbList\",\"@id\":\"https:\/\/sunward.eu\/product\/swl-2830\/#breadcrumb\",\"itemListElement\":[{\"@type\":\"ListItem\",\"position\":1,\"name\":\"Home\",\"item\":\"https:\/\/sunward.eu\/\"},{\"@type\":\"ListItem\",\"position\":2,\"name\":\"Products\",\"item\":\"https:\/\/sunward.eu\/shop\/\"},{\"@type\":\"ListItem\",\"position\":3,\"name\":\"{:en}Compact loaders{:}{:de}Kompaktlader{:}{:fr}Chargeuses compactes{:}{:it}Pale compatte{:}\",\"item\":\"https:\/\/sunward.eu\/product-category\/compact-loaders\/\"},{\"@type\":\"ListItem\",\"position\":4,\"name\":\"Skid-steer loaders\",\"item\":\"https:\/\/sunward.eu\/product-category\/compact-loaders\/skid-steer-loaders\/\"},{\"@type\":\"ListItem\",\"position\":5,\"name\":\"SWL 2830\"}]},{\"@type\":\"WebSite\",\"@id\":\"https:\/\/sunward.eu\/#website\",\"url\":\"https:\/\/sunward.eu\/\",\"name\":\"Sunward Europe (Official Website for EU &amp; UK)\",\"description\":\"The smart choice\",\"publisher\":{\"@id\":\"https:\/\/sunward.eu\/#organization\"},\"potentialAction\":[{\"@type\":\"SearchAction\",\"target\":{\"@type\":\"EntryPoint\",\"urlTemplate\":\"https:\/\/sunward.eu\/?s={search_term_string}\"},\"query-input\":\"required name=search_term_string\"}],\"inLanguage\":\"de-DE\"},{\"@type\":\"Organization\",\"@id\":\"https:\/\/sunward.eu\/#organization\",\"name\":\"Sunward Europe (Official Website for EU &amp; UK)\",\"url\":\"https:\/\/sunward.eu\/\",\"logo\":{\"@type\":\"ImageObject\",\"inLanguage\":\"de-DE\",\"@id\":\"https:\/\/sunward.eu\/#\/schema\/logo\/image\/\",\"url\":\"https:\/\/sunward.eu\/wp-content\/uploads\/2022\/01\/Website_Sunward_logo_top_180x63px.png\",\"contentUrl\":\"https:\/\/sunward.eu\/wp-content\/uploads\/2022\/01\/Website_Sunward_logo_top_180x63px.png\",\"width\":180,\"height\":63,\"caption\":\"Sunward Europe (Official Website for EU &amp; UK)\"},\"image\":{\"@id\":\"https:\/\/sunward.eu\/#\/schema\/logo\/image\/\"}}]}<\/script>\n<!-- \/ Yoast SEO plugin. -->","yoast_head_json":{"title":"SWL 2380 - Sunward Europe (Official Website for EU &amp; UK)","robots":{"index":"index","follow":"follow","max-snippet":"max-snippet:-1","max-image-preview":"max-image-preview:large","max-video-preview":"max-video-preview:-1"},"canonical":"https:\/\/sunward.eu\/product\/swl-2830\/","og_locale":"de_DE","og_type":"article","og_title":"SWL 2380 - Sunward Europe (Official Website for EU &amp; UK)","og_url":"https:\/\/sunward.eu\/product\/swl-2830\/","og_site_name":"Sunward Europe (Official Website for EU &amp; UK)","article_modified_time":"2024-10-14T13:11:50+00:00","og_image":[{"width":1000,"height":1000,"url":"https:\/\/sunward.eu\/wp-content\/uploads\/2022\/01\/Sunward_SWL-2830_MAIN.png","type":"image\/png"}],"twitter_card":"summary_large_image","twitter_misc":{"Est. reading time":"4 minutes"},"schema":{"@context":"https:\/\/schema.org","@graph":[{"@type":"WebPage","@id":"https:\/\/sunward.eu\/product\/swl-2830\/","url":"https:\/\/sunward.eu\/product\/swl-2830\/","name":"SWL 2380 - Sunward Europe (Official Website for EU &amp; UK)","isPartOf":{"@id":"https:\/\/sunward.eu\/#website"},"primaryImageOfPage":{"@id":"https:\/\/sunward.eu\/product\/swl-2830\/#primaryimage"},"image":{"@id":"https:\/\/sunward.eu\/product\/swl-2830\/#primaryimage"},"thumbnailUrl":"https:\/\/sunward.eu\/wp-content\/uploads\/2022\/01\/Sunward_SWL-2830_MAIN.png","datePublished":"2022-01-20T21:36:19+00:00","dateModified":"2024-10-14T13:11:50+00:00","breadcrumb":{"@id":"https:\/\/sunward.eu\/product\/swl-2830\/#breadcrumb"},"inLanguage":"de-DE","potentialAction":[{"@type":"ReadAction","target":["https:\/\/sunward.eu\/product\/swl-2830\/"]}]},{"@type":"ImageObject","inLanguage":"de-DE","@id":"https:\/\/sunward.eu\/product\/swl-2830\/#primaryimage","url":"https:\/\/sunward.eu\/wp-content\/uploads\/2022\/01\/Sunward_SWL-2830_MAIN.png","contentUrl":"https:\/\/sunward.eu\/wp-content\/uploads\/2022\/01\/Sunward_SWL-2830_MAIN.png","width":1000,"height":1000},{"@type":"BreadcrumbList","@id":"https:\/\/sunward.eu\/product\/swl-2830\/#breadcrumb","itemListElement":[{"@type":"ListItem","position":1,"name":"Home","item":"https:\/\/sunward.eu\/"},{"@type":"ListItem","position":2,"name":"Products","item":"https:\/\/sunward.eu\/shop\/"},{"@type":"ListItem","position":3,"name":"{:en}Compact loaders{:}{:de}Kompaktlader{:}{:fr}Chargeuses compactes{:}{:it}Pale compatte{:}","item":"https:\/\/sunward.eu\/product-category\/compact-loaders\/"},{"@type":"ListItem","position":4,"name":"Skid-steer loaders","item":"https:\/\/sunward.eu\/product-category\/compact-loaders\/skid-steer-loaders\/"},{"@type":"ListItem","position":5,"name":"SWL 2830"}]},{"@type":"WebSite","@id":"https:\/\/sunward.eu\/#website","url":"https:\/\/sunward.eu\/","name":"Sunward Europe (Official Website for EU &amp; UK)","description":"The smart choice","publisher":{"@id":"https:\/\/sunward.eu\/#organization"},"potentialAction":[{"@type":"SearchAction","target":{"@type":"EntryPoint","urlTemplate":"https:\/\/sunward.eu\/?s={search_term_string}"},"query-input":"required name=search_term_string"}],"inLanguage":"de-DE"},{"@type":"Organization","@id":"https:\/\/sunward.eu\/#organization","name":"Sunward Europe (Official Website for EU &amp; UK)","url":"https:\/\/sunward.eu\/","logo":{"@type":"ImageObject","inLanguage":"de-DE","@id":"https:\/\/sunward.eu\/#\/schema\/logo\/image\/","url":"https:\/\/sunward.eu\/wp-content\/uploads\/2022\/01\/Website_Sunward_logo_top_180x63px.png","contentUrl":"https:\/\/sunward.eu\/wp-content\/uploads\/2022\/01\/Website_Sunward_logo_top_180x63px.png","width":180,"height":63,"caption":"Sunward Europe (Official Website for EU &amp; UK)"},"image":{"@id":"https:\/\/sunward.eu\/#\/schema\/logo\/image\/"}}]}},"_links":{"self":[{"href":"https:\/\/sunward.eu\/de\/wp-json\/wp\/v2\/product\/1420","targetHints":{"allow":["GET"]}}],"collection":[{"href":"https:\/\/sunward.eu\/de\/wp-json\/wp\/v2\/product"}],"about":[{"href":"https:\/\/sunward.eu\/de\/wp-json\/wp\/v2\/types\/product"}],"replies":[{"embeddable":true,"href":"https:\/\/sunward.eu\/de\/wp-json\/wp\/v2\/comments?post=1420"}],"wp:featuredmedia":[{"embeddable":true,"href":"https:\/\/sunward.eu\/de\/wp-json\/wp\/v2\/media\/1422"}],"wp:attachment":[{"href":"https:\/\/sunward.eu\/de\/wp-json\/wp\/v2\/media?parent=1420"}],"wp:term":[{"taxonomy":"product_cat","embeddable":true,"href":"https:\/\/sunward.eu\/de\/wp-json\/wp\/v2\/product_cat?post=1420"},{"taxonomy":"product_tag","embeddable":true,"href":"https:\/\/sunward.eu\/de\/wp-json\/wp\/v2\/product_tag?post=1420"}],"curies":[{"name":"wp","href":"https:\/\/api.w.org\/{rel}","templated":true}]}}