{"id":1391,"date":"2022-01-20T16:44:53","date_gmt":"2022-01-20T15:44:53","guid":{"rendered":"https:\/\/sunward.eu\/?post_type=product&#038;p=1391"},"modified":"2025-08-01T09:06:55","modified_gmt":"2025-08-01T07:06:55","slug":"swsl-1623rt","status":"publish","type":"product","link":"https:\/\/sunward.eu\/de\/product\/swsl-1623rt\/","title":{"rendered":"SWSL 1623RT"},"content":{"rendered":"<div class=\"wpb-content-wrapper\"><p>[vc_row][vc_column][vc_tta_accordion style=&#8221;flat&#8221; c_icon=&#8221;chevron&#8221; c_position=&#8221;right&#8221; active_section=&#8221;1&#8243; no_fill=&#8221;true&#8221; el_class=&#8221;custom-accordion&#8221;][vc_tta_section title=&#8221;TECHNISCHE DATEN&#8221; tab_id=&#8221;1623355628079-f58b5c44-7c4b&#8221;][vc_custom_heading text=&#8221;SUNWARD SWSL 1623RT&#8221; font_container=&#8221;tag:h3|text_align:left&#8221; use_theme_fonts=&#8221;yes&#8221;][vc_column_text css=&#8221;&#8221;]Die Sunward SWSL\u00a01623RT ist eine gel\u00e4ndeg\u00e4ngige Diesel-Scherenhebeb\u00fchne, f\u00fcr die der Einsatz auch auf schwierigen Terrain kein Problem darstellt. Als das Herz dieses Arbeitsger\u00e4ts haben wir die neueste Version des V2403-Motors von Kubota gew\u00e4hlt, der die EU-Emissionsvorschriften der Stufe\u00a0V erf\u00fcllt. Dieser leistungsstarke Motor (36,5\u00a0kW) mit Hochleistungskomponenten setzt den Industriestandard hinsichtlich Zuverl\u00e4ssigkeit, Langlebigkeit und Kraftstoffeffizienz.<br \/>\nDie Scherenhebeb\u00fchne SWSL\u00a01623RT bietet eine ausgezeichnete Gel\u00e4ndeg\u00e4ngigkeit, hohe Flexibilit\u00e4t und perfekte Stabilit\u00e4t selbst bei schwierigsten Bodenbedingungen. Sie ist nicht nur \u00e4u\u00dferst wartungsfreundlich, sondern dank bidirektional ausfahrbarer Arbeitsb\u00fchnenerweiterung auch sicher und ger\u00e4umig.[\/vc_column_text][vc_row_inner][vc_column_inner][vc_separator color=&#8221;white&#8221;][\/vc_column_inner][\/vc_row_inner][vc_row_inner][vc_column_inner width=&#8221;1\/2&#8243;][vc_toggle title=&#8221;ALLGEMEINE TECHNISCHE DATEN&#8221; css=&#8221;&#8221;]<\/p>\n<table width=\"655\">\n<tbody>\n<tr>\n<td width=\"417\">Antrieb<\/td>\n<td width=\"238\">Dieselmotor<\/td>\n<\/tr>\n<tr>\n<td>Antriebsart<\/td>\n<td>Hydraulik<\/td>\n<\/tr>\n<tr>\n<td>Betriebsgewicht<\/td>\n<td>9 200 kg<\/td>\n<\/tr>\n<\/tbody>\n<\/table>\n<p>[\/vc_toggle][vc_toggle title=&#8221;MOTOR&#8221; css=&#8221;&#8221;]<\/p>\n<table width=\"655\">\n<tbody>\n<tr>\n<td width=\"417\">Modell<\/td>\n<td width=\"238\">Kubota V2403-CR-T-E5<\/td>\n<\/tr>\n<tr>\n<td>Emissionsstufe<\/td>\n<td>EU Stufe V<\/td>\n<\/tr>\n<tr>\n<td>Nennausgangsleistung<\/td>\n<td>36.5 kW<\/td>\n<\/tr>\n<\/tbody>\n<\/table>\n<p>[\/vc_toggle][vc_toggle title=&#8221;TECHNISCHE DATEN REICHWEITE&#8221; css=&#8221;&#8221;]<\/p>\n<table width=\"655\">\n<tbody>\n<tr>\n<td width=\"417\">Max. Arbeitsh\u00f6he<\/td>\n<td width=\"238\">16.5 m<\/td>\n<\/tr>\n<tr>\n<td width=\"417\">Max. Arbeitsb\u00fchnenh\u00f6he<\/td>\n<td>14.5 m<\/td>\n<\/tr>\n<\/tbody>\n<\/table>\n<p>[\/vc_toggle][vc_toggle title=&#8221;ABMESSUNGEN&#8221; css=&#8221;&#8221;]<\/p>\n<table width=\"655\">\n<tbody>\n<tr>\n<td width=\"417\">Bodenfreiheit<\/td>\n<td width=\"238\">27 mm<\/td>\n<\/tr>\n<tr>\n<td width=\"417\">Maschinenh\u00f6he \u2013 abgesenkt, Gel\u00e4nder oben\/Gel\u00e4nder eingeklappt<\/td>\n<td>2.27 \/ 3.1 m<\/td>\n<\/tr>\n<tr>\n<td width=\"417\">Arbeitsb\u00fchnenh\u00f6he \u2013 abgesenkt<\/td>\n<td>1.93 m<\/td>\n<\/tr>\n<tr>\n<td width=\"417\">Gesamtl\u00e4nge<\/td>\n<td>5.33 m<\/td>\n<\/tr>\n<tr>\n<td width=\"417\">Gesamtbreite<\/td>\n<td>2.39 m<\/td>\n<\/tr>\n<tr>\n<td width=\"417\">Arbeitsb\u00fchnenl\u00e4nge<\/td>\n<td>5.33 m<\/td>\n<\/tr>\n<tr>\n<td width=\"417\">Arbeitsb\u00fchnenbreite<\/td>\n<td>1.9 m<\/td>\n<\/tr>\n<tr>\n<td width=\"417\">Arbeitsb\u00fchnen-Erweiterungsl\u00e4nge<\/td>\n<td>1.2 m<\/td>\n<\/tr>\n<\/tbody>\n<\/table>\n<p>[\/vc_toggle][vc_toggle title=&#8221;LEISTUNGSDATEN&#8221; css=&#8221;&#8221;]<\/p>\n<table width=\"655\">\n<tbody>\n<tr>\n<td width=\"417\">Fahrgeschwindigkeit \u2013 Arbeitsb\u00fchne angehoben\/abgesenkt<\/td>\n<td width=\"238\">0.6 \/ 7.2 km\/h<\/td>\n<\/tr>\n<tr>\n<td width=\"417\">Max. Steigf\u00e4higkeit<\/td>\n<td>40%<\/td>\n<\/tr>\n<tr>\n<td>Arbeitsb\u00fchnenkapazit\u00e4t<\/td>\n<td>780 kg<\/td>\n<\/tr>\n<tr>\n<td>Erweiterungskapazit\u00e4t<\/td>\n<td>227 kg<\/td>\n<\/tr>\n<tr>\n<td>Max. Arbeitswinkel<\/td>\n<td>2\u02da \/ 3\u02da<\/td>\n<\/tr>\n<\/tbody>\n<\/table>\n<p>[\/vc_toggle][\/vc_column_inner][vc_column_inner width=&#8221;1\/2&#8243;][\/vc_column_inner][\/vc_row_inner][\/vc_tta_section][vc_tta_section title=&#8221;MERKMALE UND VORTEILE&#8221; tab_id=&#8221;1623355710952-d36b50a3-81ed&#8221;][vc_row_inner][vc_column_inner width=&#8221;1\/4&#8243;][vc_single_image image=&#8221;1070&#8243; img_size=&#8221;medium&#8221;][\/vc_column_inner][vc_column_inner width=&#8221;3\/4&#8243;][vc_custom_heading text=&#8221;F\u00dcR EUROPA KONZIPIERT&#8221; font_container=&#8221;tag:h3|text_align:left&#8221; use_theme_fonts=&#8221;yes&#8221; css=&#8221;&#8221;][vc_column_text css=&#8221;&#8221;]Zus\u00e4tzlich zur EU-Zertifizierung, einschlie\u00dflich Konformit\u00e4t mit den EU-Emissionsvorschriften der Stufe\u00a0V, wurde die Sunward\u00a0SWSL 1623RT wie alle Sunward-Maschinen auf dem EU-Markt so konzipiert, dass sie die Anforderungen europ\u00e4ischer Kunden erf\u00fcllt.[\/vc_column_text][\/vc_column_inner][\/vc_row_inner][vc_separator][vc_row_inner][vc_column_inner width=&#8221;1\/4&#8243;][vc_single_image image=&#8221;1295&#8243; img_size=&#8221;medium&#8221;][\/vc_column_inner][vc_column_inner width=&#8221;3\/4&#8243;][vc_custom_heading text=&#8221;SICHERHEIT HAT VORRANG&#8221; font_container=&#8221;tag:h3|text_align:left&#8221; use_theme_fonts=&#8221;yes&#8221; css=&#8221;&#8221;][vc_column_text css=&#8221;&#8221;]Wie Sie wissen, hat bei Arbeiten in der H\u00f6he Sicherheit absolute Priorit\u00e4t. Das hei\u00dft, Sie m\u00fcssen Ihrer Ausr\u00fcstung vollkommen vertrauen k\u00f6nnen. Sunward-RT-Scherenhebeb\u00fchnen wurden unter dem zentralen Aspekt der Sicherheit entwickelt.<\/p>\n<p>Die Sicherheit unserer gel\u00e4ndeg\u00e4ngigen Scherenhebeb\u00fchnen beginnt bei der Stabilit\u00e4t. Dank einer Steigf\u00e4higkeit bis zu 40\u00a0% (mit einem Kippschutzsystem) und automatisch nivellierender St\u00fctzausleger bietet die Sunward\u00a0SWSL 1623RT eine \u00fcberragende Stabilit\u00e4t.<\/p>\n<p>Dar\u00fcber hinaus verf\u00fcgt diese gel\u00e4ndeg\u00e4ngige Scherenhebeb\u00fchne \u00fcber alle sicherheitsrelevanten Technologien: \u00dcberlastschutzsystem, Notfallabsenksystem, Fehlerdiagnosesystem, Einklemmalarm.<\/p>\n<p>Schlie\u00dflich ist auch die Struktur der Scherenhebeb\u00fchne auf einen sicheren Betrieb ausgelegt. Die Sicherheitsgel\u00e4nder werden mit einer Spezialbiegemaschine von Sunward hergestellt und bieten den gr\u00f6\u00dftm\u00f6glichen Schutz am Markt.[\/vc_column_text][\/vc_column_inner][\/vc_row_inner][vc_separator][vc_row_inner][vc_column_inner width=&#8221;1\/4&#8243;][vc_single_image image=&#8221;1370&#8243; img_size=&#8221;medium&#8221;][\/vc_column_inner][vc_column_inner width=&#8221;3\/4&#8243;][vc_custom_heading text=&#8221;SOUVER\u00c4NE GEL\u00c4NDEG\u00c4NGIGKEIT&#8221; font_container=&#8221;tag:h3|text_align:left&#8221; use_theme_fonts=&#8221;yes&#8221; css=&#8221;&#8221;][vc_column_text css=&#8221;&#8221;]Die Sunward SWSL\u00a01623RT kommt auch mit schwierigem Terrain problemlos zurecht und bietet die erforderliche Robustheit f\u00fcr den Einsatz unter rauen Au\u00dfenbedingungen.<\/p>\n<p>Dank Allradantrieb (4WD) und Vollgummireifen bew\u00e4ltigt diese Scherenhebeb\u00fchne Gel\u00e4ndegef\u00e4lle und -anstiege mit einem Neigungsgrad von bis zu 40\u00a0% und erm\u00f6glicht so Arbeiten abseits der Stra\u00dfe.<\/p>\n<p>Durch die geringe H\u00f6he bei eingefahrener Arbeitsb\u00fchne kann die Pendelhinterachse alle vier R\u00e4der stets am Boden halten, was die Gel\u00e4ndeg\u00e4ngigkeit und Man\u00f6vrierbarkeit erh\u00f6ht.[\/vc_column_text][\/vc_column_inner][\/vc_row_inner][vc_separator][vc_row_inner][vc_column_inner width=&#8221;1\/4&#8243;][vc_single_image image=&#8221;1369&#8243; img_size=&#8221;medium&#8221;][\/vc_column_inner][vc_column_inner width=&#8221;3\/4&#8243;][vc_custom_heading text=&#8221;MEHR KAPAZIT\u00c4T&#8221; font_container=&#8221;tag:h3|text_align:left&#8221; use_theme_fonts=&#8221;yes&#8221; css=&#8221;&#8221;][vc_column_text css=&#8221;&#8221;]Die SWSL\u00a01623RT profitiert von der gro\u00dfen und ger\u00e4umigen Arbeitsb\u00fchne, mit der sich mehr Personen und Werkzeuge zur Einsatzstelle bringen lassen. Die bidirektional ausfahrbaren Arbeitsb\u00fchnenerweiterungen sorgen f\u00fcr zus\u00e4tzliche Arbeitsfl\u00e4che. Ferner verf\u00fcgt diese Scherenhebeb\u00fchne \u00fcber Leitern und Zugangst\u00fcren auf beiden Seiten, was die Materialbeladung erheblich erleichtert.[\/vc_column_text][\/vc_column_inner][\/vc_row_inner][vc_separator][vc_separator][vc_row_inner][vc_column_inner width=&#8221;1\/4&#8243;][vc_single_image image=&#8221;1298&#8243; img_size=&#8221;medium&#8221;][\/vc_column_inner][vc_column_inner width=&#8221;3\/4&#8243;][vc_custom_heading text=&#8221;NIEDRIGE BETRIEBSKOSTEN &#8221; font_container=&#8221;tag:h3|text_align:left&#8221; use_theme_fonts=&#8221;yes&#8221; css=&#8221;&#8221;][vc_column_text css=&#8221;&#8221;]Unsere Scherenhebeb\u00fchnen sind sorgf\u00e4ltig konzipiert und s\u00e4mtliche Hauptbestandteile werden von weltweit f\u00fchrenden Zulieferern ausgew\u00e4hlt. Einfacher und bequemer Wartungszugang, da die Komponenten nicht \u00fcbereinander angeordnet sind. Die ausgezeichnete Wartungsfreundlichkeit tr\u00e4gt zur Senkung der Betriebskosten bei. Die robusten, zuverl\u00e4ssigen und wartungsarmen Scherenhebeb\u00fchnen von Sunward sind daf\u00fcr ausgelegt, viele Jahre lang ultimative Leistung zu bieten.[\/vc_column_text][\/vc_column_inner][\/vc_row_inner][\/vc_tta_section][vc_tta_section title=&#8221;VIDEO&#8221; tab_id=&#8221;1623857706491-8aa3a03f-cca1&#8243;][vc_column_text]<\/p>\n<h2><em>NOT AVAILABLE<\/em><\/h2>\n<p>[\/vc_column_text][vc_video link=&#8221;&#8221;][\/vc_tta_section][vc_tta_section title=&#8221;BROCHURE&#8221; tab_id=&#8221;1623857795794-8fd5289e-c5a3&#8243;][vc_row_inner content_placement=&#8221;middle&#8221;][vc_column_inner width=&#8221;1\/4&#8243;][vc_single_image image=&#8221;1392&#8243; img_size=&#8221;large&#8221;][\/vc_column_inner][vc_column_inner width=&#8221;3\/4&#8243;][vc_custom_heading text=&#8221;SWSL 1623RT SPEC SHEET&#8221; font_container=&#8221;tag:h3|text_align:left&#8221; use_theme_fonts=&#8221;yes&#8221;][vc_btn title=&#8221;DOWNLOAD&#8221; color=&#8221;orange&#8221; size=&#8221;lg&#8221; link=&#8221;url:http%3A%2F%2Fsunward.eu%2Fwp-content%2Fuploads%2F2022%2F01%2FSUNWARD-SWSL1623RT-ENG.pdf|title:Sunward%20Scissor%20Lifts%20SWSL%201623RT%20Spec%20sheet|target:%20_blank|&#8221;][\/vc_column_inner][\/vc_row_inner][\/vc_tta_section][\/vc_tta_accordion][\/vc_column][\/vc_row]<\/p>\n<\/div>","protected":false},"excerpt":{"rendered":"<p>Die Sunward SWSL\u00a01623RT ist eine gel\u00e4ndeg\u00e4ngige Diesel-Scherenhebeb\u00fchne, f\u00fcr die der Einsatz auch auf schwierigen Terrain kein Problem darstellt. Als das Herz dieses Arbeitsger\u00e4ts haben wir die neueste Version des V2403-Motors von Kubota gew\u00e4hlt, der die EU-Emissionsvorschriften der Stufe\u00a0V erf\u00fcllt. Die Scherenhebeb\u00fchne SWSL\u00a01623RT bietet eine ausgezeichnete Gel\u00e4ndeg\u00e4ngigkeit, hohe Flexibilit\u00e4t und perfekte Stabilit\u00e4t selbst bei schwierigsten Bodenbedingungen. Sie ist nicht nur \u00e4u\u00dferst wartungsfreundlich, sondern auch sicher und ger\u00e4umig.<\/p>\n<p>Entdecken Sie alle weiteren Vorteile der Sunward SWSL 1623RT. [&#8230;]<\/p>\n<p><a class=\"btn btn-secondary understrap-read-more-link\" href=\"https:\/\/sunward.eu\/de\/product\/swsl-1623rt\/\">Weiterlesen&#8230;<\/a><\/p>\n","protected":false},"featured_media":1393,"comment_status":"closed","ping_status":"closed","template":"","meta":{"_acf_changed":false,"inline_featured_image":false},"product_cat":[29,60],"product_tag":[],"class_list":{"0":"post-1391","1":"product","2":"type-product","3":"status-publish","4":"has-post-thumbnail","6":"product_cat-scissor-lifts","7":"product_cat-rough-terrain-scissor-lifts","8":"pa_capacity-780-kg","9":"pa_drive-type-hydraulic","10":"pa_machine-width-2-39-m","11":"pa_max-working-height-16-5-m","12":"pa_operating-weight-9-200-kg","13":"pa_propulsion-diesel-engine","15":"first","16":"instock","17":"shipping-taxable","18":"product-type-simple"},"translation":{"provider":"WPGlobus","version":"2.12.2","language":"de","enabled_languages":["en","de","fr","it"],"languages":{"en":{"title":true,"content":true,"excerpt":true},"de":{"title":true,"content":true,"excerpt":true},"fr":{"title":true,"content":true,"excerpt":true},"it":{"title":true,"content":true,"excerpt":true}}},"acf":[],"yoast_head":"<!-- This site is optimized with the Yoast SEO plugin v22.6 - https:\/\/yoast.com\/wordpress\/plugins\/seo\/ -->\n<title>SWSL 1623RT - Sunward Europe (Official Website for EU &amp; UK)<\/title>\n<meta name=\"robots\" content=\"index, follow, max-snippet:-1, max-image-preview:large, max-video-preview:-1\" \/>\n<link rel=\"canonical\" href=\"https:\/\/sunward.eu\/product\/swsl-1623rt\/\" \/>\n<meta property=\"og:locale\" content=\"de_DE\" \/>\n<meta property=\"og:type\" content=\"article\" \/>\n<meta property=\"og:title\" content=\"SWSL 1623RT - Sunward Europe (Official Website for EU &amp; UK)\" \/>\n<meta property=\"og:url\" content=\"https:\/\/sunward.eu\/product\/swsl-1623rt\/\" \/>\n<meta property=\"og:site_name\" content=\"Sunward Europe (Official Website for EU &amp; UK)\" \/>\n<meta property=\"article:modified_time\" content=\"2025-08-01T07:06:55+00:00\" \/>\n<meta property=\"og:image\" content=\"https:\/\/sunward.eu\/wp-content\/uploads\/2022\/01\/Sunward_SWSL-1623RT_MAIN.png\" \/>\n\t<meta property=\"og:image:width\" content=\"1000\" \/>\n\t<meta property=\"og:image:height\" content=\"1000\" \/>\n\t<meta property=\"og:image:type\" content=\"image\/png\" \/>\n<meta name=\"twitter:card\" content=\"summary_large_image\" \/>\n<meta name=\"twitter:label1\" content=\"Est. reading time\" \/>\n\t<meta name=\"twitter:data1\" content=\"4 minutes\" \/>\n<script type=\"application\/ld+json\" class=\"yoast-schema-graph\">{\"@context\":\"https:\/\/schema.org\",\"@graph\":[{\"@type\":\"WebPage\",\"@id\":\"https:\/\/sunward.eu\/product\/swsl-1623rt\/\",\"url\":\"https:\/\/sunward.eu\/product\/swsl-1623rt\/\",\"name\":\"SWSL 1623RT - Sunward Europe (Official Website for EU &amp; UK)\",\"isPartOf\":{\"@id\":\"https:\/\/sunward.eu\/#website\"},\"primaryImageOfPage\":{\"@id\":\"https:\/\/sunward.eu\/product\/swsl-1623rt\/#primaryimage\"},\"image\":{\"@id\":\"https:\/\/sunward.eu\/product\/swsl-1623rt\/#primaryimage\"},\"thumbnailUrl\":\"https:\/\/sunward.eu\/wp-content\/uploads\/2022\/01\/Sunward_SWSL-1623RT_MAIN.png\",\"datePublished\":\"2022-01-20T15:44:53+00:00\",\"dateModified\":\"2025-08-01T07:06:55+00:00\",\"breadcrumb\":{\"@id\":\"https:\/\/sunward.eu\/product\/swsl-1623rt\/#breadcrumb\"},\"inLanguage\":\"de-DE\",\"potentialAction\":[{\"@type\":\"ReadAction\",\"target\":[\"https:\/\/sunward.eu\/product\/swsl-1623rt\/\"]}]},{\"@type\":\"ImageObject\",\"inLanguage\":\"de-DE\",\"@id\":\"https:\/\/sunward.eu\/product\/swsl-1623rt\/#primaryimage\",\"url\":\"https:\/\/sunward.eu\/wp-content\/uploads\/2022\/01\/Sunward_SWSL-1623RT_MAIN.png\",\"contentUrl\":\"https:\/\/sunward.eu\/wp-content\/uploads\/2022\/01\/Sunward_SWSL-1623RT_MAIN.png\",\"width\":1000,\"height\":1000},{\"@type\":\"BreadcrumbList\",\"@id\":\"https:\/\/sunward.eu\/product\/swsl-1623rt\/#breadcrumb\",\"itemListElement\":[{\"@type\":\"ListItem\",\"position\":1,\"name\":\"Home\",\"item\":\"https:\/\/sunward.eu\/\"},{\"@type\":\"ListItem\",\"position\":2,\"name\":\"Products\",\"item\":\"https:\/\/sunward.eu\/shop\/\"},{\"@type\":\"ListItem\",\"position\":3,\"name\":\"Scissor lifts\",\"item\":\"https:\/\/sunward.eu\/product-category\/scissor-lifts\/\"},{\"@type\":\"ListItem\",\"position\":4,\"name\":\"Rough terrain scissor lifts\",\"item\":\"https:\/\/sunward.eu\/product-category\/scissor-lifts\/rough-terrain-scissor-lifts\/\"},{\"@type\":\"ListItem\",\"position\":5,\"name\":\"SWSL 1623RT\"}]},{\"@type\":\"WebSite\",\"@id\":\"https:\/\/sunward.eu\/#website\",\"url\":\"https:\/\/sunward.eu\/\",\"name\":\"Sunward Europe (Official Website for EU &amp; UK)\",\"description\":\"The smart choice\",\"publisher\":{\"@id\":\"https:\/\/sunward.eu\/#organization\"},\"potentialAction\":[{\"@type\":\"SearchAction\",\"target\":{\"@type\":\"EntryPoint\",\"urlTemplate\":\"https:\/\/sunward.eu\/?s={search_term_string}\"},\"query-input\":\"required name=search_term_string\"}],\"inLanguage\":\"de-DE\"},{\"@type\":\"Organization\",\"@id\":\"https:\/\/sunward.eu\/#organization\",\"name\":\"Sunward Europe (Official Website for EU &amp; UK)\",\"url\":\"https:\/\/sunward.eu\/\",\"logo\":{\"@type\":\"ImageObject\",\"inLanguage\":\"de-DE\",\"@id\":\"https:\/\/sunward.eu\/#\/schema\/logo\/image\/\",\"url\":\"https:\/\/sunward.eu\/wp-content\/uploads\/2022\/01\/Website_Sunward_logo_top_180x63px.png\",\"contentUrl\":\"https:\/\/sunward.eu\/wp-content\/uploads\/2022\/01\/Website_Sunward_logo_top_180x63px.png\",\"width\":180,\"height\":63,\"caption\":\"Sunward Europe (Official Website for EU &amp; UK)\"},\"image\":{\"@id\":\"https:\/\/sunward.eu\/#\/schema\/logo\/image\/\"}}]}<\/script>\n<!-- \/ Yoast SEO plugin. -->","yoast_head_json":{"title":"SWSL 1623RT - Sunward Europe (Official Website for EU &amp; UK)","robots":{"index":"index","follow":"follow","max-snippet":"max-snippet:-1","max-image-preview":"max-image-preview:large","max-video-preview":"max-video-preview:-1"},"canonical":"https:\/\/sunward.eu\/product\/swsl-1623rt\/","og_locale":"de_DE","og_type":"article","og_title":"SWSL 1623RT - Sunward Europe (Official Website for EU &amp; UK)","og_url":"https:\/\/sunward.eu\/product\/swsl-1623rt\/","og_site_name":"Sunward Europe (Official Website for EU &amp; UK)","article_modified_time":"2025-08-01T07:06:55+00:00","og_image":[{"width":1000,"height":1000,"url":"https:\/\/sunward.eu\/wp-content\/uploads\/2022\/01\/Sunward_SWSL-1623RT_MAIN.png","type":"image\/png"}],"twitter_card":"summary_large_image","twitter_misc":{"Est. reading time":"4 minutes"},"schema":{"@context":"https:\/\/schema.org","@graph":[{"@type":"WebPage","@id":"https:\/\/sunward.eu\/product\/swsl-1623rt\/","url":"https:\/\/sunward.eu\/product\/swsl-1623rt\/","name":"SWSL 1623RT - Sunward Europe (Official Website for EU &amp; UK)","isPartOf":{"@id":"https:\/\/sunward.eu\/#website"},"primaryImageOfPage":{"@id":"https:\/\/sunward.eu\/product\/swsl-1623rt\/#primaryimage"},"image":{"@id":"https:\/\/sunward.eu\/product\/swsl-1623rt\/#primaryimage"},"thumbnailUrl":"https:\/\/sunward.eu\/wp-content\/uploads\/2022\/01\/Sunward_SWSL-1623RT_MAIN.png","datePublished":"2022-01-20T15:44:53+00:00","dateModified":"2025-08-01T07:06:55+00:00","breadcrumb":{"@id":"https:\/\/sunward.eu\/product\/swsl-1623rt\/#breadcrumb"},"inLanguage":"de-DE","potentialAction":[{"@type":"ReadAction","target":["https:\/\/sunward.eu\/product\/swsl-1623rt\/"]}]},{"@type":"ImageObject","inLanguage":"de-DE","@id":"https:\/\/sunward.eu\/product\/swsl-1623rt\/#primaryimage","url":"https:\/\/sunward.eu\/wp-content\/uploads\/2022\/01\/Sunward_SWSL-1623RT_MAIN.png","contentUrl":"https:\/\/sunward.eu\/wp-content\/uploads\/2022\/01\/Sunward_SWSL-1623RT_MAIN.png","width":1000,"height":1000},{"@type":"BreadcrumbList","@id":"https:\/\/sunward.eu\/product\/swsl-1623rt\/#breadcrumb","itemListElement":[{"@type":"ListItem","position":1,"name":"Home","item":"https:\/\/sunward.eu\/"},{"@type":"ListItem","position":2,"name":"Products","item":"https:\/\/sunward.eu\/shop\/"},{"@type":"ListItem","position":3,"name":"Scissor lifts","item":"https:\/\/sunward.eu\/product-category\/scissor-lifts\/"},{"@type":"ListItem","position":4,"name":"Rough terrain scissor lifts","item":"https:\/\/sunward.eu\/product-category\/scissor-lifts\/rough-terrain-scissor-lifts\/"},{"@type":"ListItem","position":5,"name":"SWSL 1623RT"}]},{"@type":"WebSite","@id":"https:\/\/sunward.eu\/#website","url":"https:\/\/sunward.eu\/","name":"Sunward Europe (Official Website for EU &amp; UK)","description":"The smart choice","publisher":{"@id":"https:\/\/sunward.eu\/#organization"},"potentialAction":[{"@type":"SearchAction","target":{"@type":"EntryPoint","urlTemplate":"https:\/\/sunward.eu\/?s={search_term_string}"},"query-input":"required name=search_term_string"}],"inLanguage":"de-DE"},{"@type":"Organization","@id":"https:\/\/sunward.eu\/#organization","name":"Sunward Europe (Official Website for EU &amp; UK)","url":"https:\/\/sunward.eu\/","logo":{"@type":"ImageObject","inLanguage":"de-DE","@id":"https:\/\/sunward.eu\/#\/schema\/logo\/image\/","url":"https:\/\/sunward.eu\/wp-content\/uploads\/2022\/01\/Website_Sunward_logo_top_180x63px.png","contentUrl":"https:\/\/sunward.eu\/wp-content\/uploads\/2022\/01\/Website_Sunward_logo_top_180x63px.png","width":180,"height":63,"caption":"Sunward Europe (Official Website for EU &amp; UK)"},"image":{"@id":"https:\/\/sunward.eu\/#\/schema\/logo\/image\/"}}]}},"_links":{"self":[{"href":"https:\/\/sunward.eu\/de\/wp-json\/wp\/v2\/product\/1391","targetHints":{"allow":["GET"]}}],"collection":[{"href":"https:\/\/sunward.eu\/de\/wp-json\/wp\/v2\/product"}],"about":[{"href":"https:\/\/sunward.eu\/de\/wp-json\/wp\/v2\/types\/product"}],"replies":[{"embeddable":true,"href":"https:\/\/sunward.eu\/de\/wp-json\/wp\/v2\/comments?post=1391"}],"wp:featuredmedia":[{"embeddable":true,"href":"https:\/\/sunward.eu\/de\/wp-json\/wp\/v2\/media\/1393"}],"wp:attachment":[{"href":"https:\/\/sunward.eu\/de\/wp-json\/wp\/v2\/media?parent=1391"}],"wp:term":[{"taxonomy":"product_cat","embeddable":true,"href":"https:\/\/sunward.eu\/de\/wp-json\/wp\/v2\/product_cat?post=1391"},{"taxonomy":"product_tag","embeddable":true,"href":"https:\/\/sunward.eu\/de\/wp-json\/wp\/v2\/product_tag?post=1391"}],"curies":[{"name":"wp","href":"https:\/\/api.w.org\/{rel}","templated":true}]}}