{"id":1358,"date":"2022-01-20T13:15:33","date_gmt":"2022-01-20T12:15:33","guid":{"rendered":"https:\/\/sunward.eu\/?post_type=product&#038;p=1358"},"modified":"2026-02-03T16:07:26","modified_gmt":"2026-02-03T15:07:26","slug":"swsl-1212dc","status":"publish","type":"product","link":"https:\/\/sunward.eu\/de\/product\/swsl-1212dc\/","title":{"rendered":"SWSL 1212DC"},"content":{"rendered":"<div class=\"wpb-content-wrapper\"><p>[vc_row][vc_column][vc_tta_accordion style=&#8221;flat&#8221; c_icon=&#8221;chevron&#8221; c_position=&#8221;right&#8221; active_section=&#8221;1&#8243; no_fill=&#8221;true&#8221; el_class=&#8221;custom-accordion&#8221;][vc_tta_section title=&#8221;TECHNISCHE DATEN&#8221; tab_id=&#8221;1623355628079-f58b5c44-7c4b&#8221;][vc_custom_heading text=&#8221;SUNWARD SWSL 1212DC&#8221; font_container=&#8221;tag:h3|text_align:left&#8221; use_theme_fonts=&#8221;yes&#8221;][vc_column_text css=&#8221;&#8221;]Die Sunward SWSL\u00a01212DC Scherenhebeb\u00fchne hat einen emissionsfreien Elektroantrieb und ist damit langlebig und wirtschaftlich. Trotz ihrer sehr kompakten Abmessungen ist sie \u00e4u\u00dferst robust. Wie alle Scherenhebeb\u00fchnenmodelle von Sunward \u00fcberzeugt sie durch ausgezeichnete Leistungsf\u00e4higkeit, Bedienungskomfort und -sicherheit und ist zudem nahezu wartungsfrei. Sie l\u00e4sst sich v\u00f6llig problemlos zu jeder Baustelle transportieren und ist dank Emissionsfreiheit sowohl im Innen- als auch im Au\u00dfenbereich einsetzbar.[\/vc_column_text][vc_row_inner][vc_column_inner][vc_separator color=&#8221;white&#8221;][\/vc_column_inner][\/vc_row_inner][vc_row_inner][vc_column_inner width=&#8221;1\/2&#8243;][vc_toggle title=&#8221;ALLGEMEINE TECHNISCHE DATEN&#8221; css=&#8221;&#8221;]<\/p>\n<table width=\"655\">\n<tbody>\n<tr>\n<td width=\"417\">Antrieb<\/td>\n<td width=\"238\">Elektrisch<\/td>\n<\/tr>\n<tr>\n<td>Antriebsart<\/td>\n<td>Elektrisch<\/td>\n<\/tr>\n<tr>\n<td>Betriebsgewicht<\/td>\n<td>2 940 kg<\/td>\n<\/tr>\n<tr>\n<td width=\"417\">Bremsen<\/td>\n<td>Mehrscheibenkonzept<\/td>\n<\/tr>\n<\/tbody>\n<\/table>\n<p>[\/vc_toggle][vc_toggle title=&#8221;TECHNISCHE DATEN REICHWEITE&#8221; css=&#8221;&#8221;]<\/p>\n<table width=\"655\">\n<tbody>\n<tr>\n<td width=\"417\">Max. Arbeitsh\u00f6he<\/td>\n<td width=\"238\">12 m<\/td>\n<\/tr>\n<tr>\n<td width=\"417\">Max. Arbeitsb\u00fchnenh\u00f6he<\/td>\n<td>10 m<\/td>\n<\/tr>\n<\/tbody>\n<\/table>\n<p>[\/vc_toggle][vc_toggle title=&#8221;ABMESSUNGEN&#8221; css=&#8221;&#8221;]<\/p>\n<table width=\"655\">\n<tbody>\n<tr>\n<td width=\"417\">Bodenfreiheit \u2013 Arbeitsb\u00fchne angehoben\/abgesenkt<\/td>\n<td width=\"238\">110 \/ 20 mm<\/td>\n<\/tr>\n<tr>\n<td width=\"417\">Maschinenh\u00f6he \u2013 abgesenkt, Gel\u00e4nder oben\/Gel\u00e4nder eingeklappt<\/td>\n<td>2.49 \/ 1.95 m<\/td>\n<\/tr>\n<tr>\n<td width=\"417\">Arbeitsb\u00fchnenh\u00f6he \u2013 abgesenkt<\/td>\n<td>1.36 m<\/td>\n<\/tr>\n<tr>\n<td width=\"417\">Gesamtl\u00e4nge<\/td>\n<td>2.47 m<\/td>\n<\/tr>\n<tr>\n<td width=\"417\">Gesamtbreite<\/td>\n<td>1.17 m<\/td>\n<\/tr>\n<tr>\n<td width=\"417\">Arbeitsb\u00fchnenl\u00e4nge<\/td>\n<td>2.27 m<\/td>\n<\/tr>\n<tr>\n<td width=\"417\">Arbeitsb\u00fchnenbreite<\/td>\n<td>1.15 m<\/td>\n<\/tr>\n<tr>\n<td width=\"417\">Arbeitsb\u00fchnen-Erweiterungsl\u00e4nge<\/td>\n<td>0.9 m<\/td>\n<\/tr>\n<\/tbody>\n<\/table>\n<p>[\/vc_toggle][vc_toggle title=&#8221;LEISTUNGSDATEN&#8221; css=&#8221;&#8221;]<\/p>\n<table width=\"655\">\n<tbody>\n<tr>\n<td width=\"417\">Fahrgeschwindigkeit \u2013 Arbeitsb\u00fchne angehoben\/abgesenkt<\/td>\n<td width=\"238\">0.8 \/ 4.0 km\/h<\/td>\n<\/tr>\n<tr>\n<td width=\"417\">Max. Steigf\u00e4higkeit<\/td>\n<td>25%<\/td>\n<\/tr>\n<tr>\n<td>Arbeitsb\u00fchnenkapazit\u00e4t<\/td>\n<td>320 kg<\/td>\n<\/tr>\n<tr>\n<td>Erweiterungskapazit\u00e4t<\/td>\n<td>113 kg<\/td>\n<\/tr>\n<tr>\n<td>Max. Arbeitswinkel<\/td>\n<td>1.5\u02da \/ 3\u02da<\/td>\n<\/tr>\n<tr>\n<td>Wenderadius \u2013 innen\/au\u00dfen<\/td>\n<td>0 \/ 2.2 m<\/td>\n<\/tr>\n<\/tbody>\n<\/table>\n<p>[\/vc_toggle][\/vc_column_inner][vc_column_inner width=&#8221;1\/2&#8243;][\/vc_column_inner][\/vc_row_inner][\/vc_tta_section][vc_tta_section title=&#8221;MERKMALE UND VORTEILE&#8221; tab_id=&#8221;1623355710952-d36b50a3-81ed&#8221;][vc_row_inner][vc_column_inner width=&#8221;1\/4&#8243;][vc_single_image image=&#8221;1070&#8243; img_size=&#8221;medium&#8221;][\/vc_column_inner][vc_column_inner width=&#8221;3\/4&#8243;][vc_custom_heading text=&#8221;F\u00dcR EUROPA KONZIPIERT&#8221; font_container=&#8221;tag:h3|text_align:left&#8221; use_theme_fonts=&#8221;yes&#8221; css=&#8221;&#8221;][vc_column_text css=&#8221;&#8221;]Wie alle Sunward-Maschinen auf dem EU-Markt ist die SWSL\u00a01212DC entsprechend den Anforderungen europ\u00e4ischer Kunden konzipiert und verf\u00fcgt \u00fcber alle EU-Zertifizierungen.[\/vc_column_text][\/vc_column_inner][\/vc_row_inner][vc_separator][vc_row_inner][vc_column_inner width=&#8221;1\/4&#8243;][vc_single_image image=&#8221;1295&#8243; img_size=&#8221;medium&#8221;][\/vc_column_inner][vc_column_inner width=&#8221;3\/4&#8243;][vc_custom_heading text=&#8221;SICHERHEIT HAT VORRANG&#8221; font_container=&#8221;tag:h3|text_align:left&#8221; use_theme_fonts=&#8221;yes&#8221; css=&#8221;&#8221;][vc_column_text css=&#8221;&#8221;]Wie Sie wissen, hat bei Arbeiten in der H\u00f6he Sicherheit absolute Priorit\u00e4t. Das hei\u00dft, Sie m\u00fcssen Ihrer Ausr\u00fcstung vollkommen vertrauen k\u00f6nnen. Folglich brauchen Sie die Stabilit\u00e4t einer sicheren und intelligenten Maschine.<\/p>\n<p>Sunward-Scherenhebeb\u00fchnen wurden unter dem zentralen Aspekt der Sicherheit entwickelt. Die Sicherheitsgel\u00e4nder werden mit einer Spezialbiegemaschine von Sunward hergestellt und bieten den gr\u00f6\u00dftm\u00f6glichen Schutz am Markt.<\/p>\n<p>Der automatische Schlaglochschutz gew\u00e4hrleistet vollst\u00e4ndige Stabilit\u00e4t beim Hochfahren. Die seitliche Platte des Schlaglochschutzes \u00f6ffnet sich automatisch, um weniger Bodenfreiheit und gr\u00f6\u00dfere Stabilit\u00e4t zu gew\u00e4hrleisten.[\/vc_column_text][\/vc_column_inner][\/vc_row_inner][vc_separator][vc_row_inner][vc_column_inner width=&#8221;1\/4&#8243;][vc_single_image image=&#8221;1297&#8243; img_size=&#8221;medium&#8221;][\/vc_column_inner][vc_column_inner width=&#8221;3\/4&#8243;][vc_custom_heading text=&#8221;ZUS\u00c4TZLICHE BATTERIELEBENSDAUER&#8221; font_container=&#8221;tag:h3|text_align:left&#8221; use_theme_fonts=&#8221;yes&#8221; css=&#8221;&#8221;][vc_column_text css=&#8221;&#8221;]Die elektrischen Scherenhebeb\u00fchnen von Sunward nutzen die beste Elektrobatterie auf dem Markt, um alle erforderlichen Vorg\u00e4nge zuverl\u00e4ssig ausf\u00fchren zu k\u00f6nnen. Sie sind mit hochwertigen, langlebigen Trojan-Arbeitsbatterien ausgestattet, die eine lange Nutzdauer bieten, bevor ein Aufladen erforderlich ist. Au\u00dferdem sind sie absolut emissionsfrei und sorgen f\u00fcr einen ger\u00e4uscharmen Betrieb in empfindlichen Umgebungen.[\/vc_column_text][\/vc_column_inner][\/vc_row_inner][vc_separator][vc_row_inner][vc_column_inner width=&#8221;1\/4&#8243;][vc_single_image image=&#8221;1299&#8243; img_size=&#8221;medium&#8221;][\/vc_column_inner][vc_column_inner width=&#8221;3\/4&#8243;][vc_custom_heading text=&#8221;INTELLIGENTES AUFLADEN&#8221; font_container=&#8221;tag:h3|text_align:left&#8221; use_theme_fonts=&#8221;yes&#8221; css=&#8221;&#8221;][vc_column_text css=&#8221;&#8221;]Sunward-Scherenhebeb\u00fchnen sind mit einer Schnelllade-Batterie ausgestattet. Das integrierte Ladeger\u00e4t verhindert Spannungsspitzen und bietet so einen h\u00f6heren Schutz. Mit der Speicher-Memory-Funktion k\u00f6nnen Sie den Ladestatus in Echtzeit abzufragen.[\/vc_column_text][\/vc_column_inner][\/vc_row_inner][vc_separator][vc_row_inner][vc_column_inner width=&#8221;1\/4&#8243;][vc_single_image image=&#8221;1296&#8243; img_size=&#8221;medium&#8221;][\/vc_column_inner][vc_column_inner width=&#8221;3\/4&#8243;][vc_custom_heading text=&#8221;UNKOMPLIZIERTE INSTANDHALTUNG UND PFLEGE&#8221; font_container=&#8221;tag:h3|text_align:left&#8221; use_theme_fonts=&#8221;yes&#8221; css=&#8221;&#8221;][vc_column_text css=&#8221;&#8221;]F\u00fcr eine einfachere Wartung wird der Code \u201eto be serviced\u201c (\u201emuss gewartet werden\u201c) automatisch angezeigt. Dank USB-Anschluss kann auch ein Smartphone zur Diagnose verwendet werden. Der Hydraulik\u00f6ltank und die Antriebsmodulf\u00e4cher sind schwenkbar und bieten einfachen Zugang zu den Komponenten f\u00fcr eine problemlose Wartung.[\/vc_column_text][\/vc_column_inner][\/vc_row_inner][vc_separator][vc_row_inner][vc_column_inner width=&#8221;1\/4&#8243;][vc_single_image image=&#8221;1298&#8243; img_size=&#8221;medium&#8221;][\/vc_column_inner][vc_column_inner width=&#8221;3\/4&#8243;][vc_custom_heading text=&#8221;NIEDRIGE BETRIEBSKOSTEN&#8221; font_container=&#8221;tag:h3|text_align:left&#8221; use_theme_fonts=&#8221;yes&#8221; css=&#8221;&#8221;][vc_column_text css=&#8221;&#8221;]Unsere Scherenhebeb\u00fchnen sind sorgf\u00e4ltig konzipiert und s\u00e4mtliche Hauptbestandteile werden von weltweit f\u00fchrenden Zulieferern ausgew\u00e4hlt. Einfacher und bequemer Wartungszugang, da die Komponenten nicht \u00fcbereinander angeordnet sind. Die ausgezeichnete Wartungsfreundlichkeit tr\u00e4gt zur Senkung der Betriebskosten bei. Die robusten, zuverl\u00e4ssigen und nahezu wartungsfreien Scherenhebeb\u00fchnen von Sunward sind daf\u00fcr ausgelegt, viele Jahre lang ultimative Leistung zu bieten.[\/vc_column_text][\/vc_column_inner][\/vc_row_inner][\/vc_tta_section][vc_tta_section title=&#8221;VIDEO&#8221; tab_id=&#8221;1623857706491-8aa3a03f-cca1&#8243;][vc_column_text]<\/p>\n<h2><em>NOT AVAILABLE<\/em><\/h2>\n<p>[\/vc_column_text][vc_video link=&#8221;&#8221;][\/vc_tta_section][vc_tta_section title=&#8221;BROCHURE&#8221; tab_id=&#8221;1623857795794-8fd5289e-c5a3&#8243;][vc_row_inner content_placement=&#8221;middle&#8221;][vc_column_inner width=&#8221;1\/4&#8243;][vc_single_image image=&#8221;4478&#8243; img_size=&#8221;large&#8221; css=&#8221;&#8221;][\/vc_column_inner][vc_column_inner width=&#8221;3\/4&#8243;][vc_custom_heading text=&#8221;BROSCH\u00dcRE ZUR DC-SERIE&#8221; font_container=&#8221;tag:h3|text_align:left&#8221; use_theme_fonts=&#8221;yes&#8221; css=&#8221;&#8221;][vc_btn title=&#8221;DOWNLOAD&#8221; color=&#8221;orange&#8221; size=&#8221;lg&#8221; css=&#8221;&#8221; link=&#8221;url:https%3A%2F%2Fsunward.eu%2Fwp-content%2Fuploads%2F2026%2F02%2FSUNWARD_SWSL-1212DC-01.2026_FINAL_HR_DE.pdf|title:BROSCH%C3%9CRE%20ZUR%20DC-SERIE|target:_blank&#8221;][\/vc_column_inner][\/vc_row_inner][\/vc_tta_section][\/vc_tta_accordion][\/vc_column][\/vc_row]<\/p>\n<\/div>","protected":false},"excerpt":{"rendered":"<p>Die Sunward SWSL\u00a01212DC Scherenhebeb\u00fchne hat einen emissionsfreien Elektroantrieb und ist damit langlebig und wirtschaftlich. Trotz ihrer sehr kompakten Abmessungen ist sie \u00e4u\u00dferst robust und \u00fcberzeugt durch ausgezeichnete Leistungsf\u00e4higkeit, Bedienungskomfort und -sicherheit. Zudem ist sie nahezu wartungsfrei. Sie kann sowohl im Innen- als auch im Au\u00dfenbereich eingesetzt werden. Entdecken Sie alle weiteren Vorteile der Sunward SWSL 1212DC. [&#8230;]<\/p>\n<p><a class=\"btn btn-secondary understrap-read-more-link\" href=\"https:\/\/sunward.eu\/de\/product\/swsl-1212dc\/\">Weiterlesen&#8230;<\/a><\/p>\n","protected":false},"featured_media":1359,"comment_status":"closed","ping_status":"closed","template":"","meta":{"_acf_changed":false,"inline_featured_image":false},"product_cat":[29,59],"product_tag":[],"class_list":{"0":"post-1358","1":"product","2":"type-product","3":"status-publish","4":"has-post-thumbnail","6":"product_cat-scissor-lifts","7":"product_cat-electric-driven-scissor-lifts","8":"pa_capacity-320-kg","9":"pa_drive-type-electric","10":"pa_machine-width-1-17-m","11":"pa_max-working-height-12-m","12":"pa_operating-weight-2-940-kg","13":"pa_propulsion-electric","15":"first","16":"instock","17":"shipping-taxable","18":"product-type-simple"},"translation":{"provider":"WPGlobus","version":"2.12.2","language":"de","enabled_languages":["en","de","fr","it"],"languages":{"en":{"title":true,"content":true,"excerpt":true},"de":{"title":true,"content":true,"excerpt":true},"fr":{"title":true,"content":true,"excerpt":true},"it":{"title":true,"content":true,"excerpt":true}}},"acf":[],"yoast_head":"<!-- This site is optimized with the Yoast SEO plugin v22.6 - https:\/\/yoast.com\/wordpress\/plugins\/seo\/ -->\n<title>SWSL 1212DC - Sunward Europe (Official Website for EU &amp; UK)<\/title>\n<meta name=\"robots\" content=\"index, follow, max-snippet:-1, max-image-preview:large, max-video-preview:-1\" \/>\n<link rel=\"canonical\" href=\"https:\/\/sunward.eu\/product\/swsl-1212dc\/\" \/>\n<meta property=\"og:locale\" content=\"de_DE\" \/>\n<meta property=\"og:type\" content=\"article\" \/>\n<meta property=\"og:title\" content=\"SWSL 1212DC - Sunward Europe (Official Website for EU &amp; UK)\" \/>\n<meta property=\"og:url\" content=\"https:\/\/sunward.eu\/product\/swsl-1212dc\/\" \/>\n<meta property=\"og:site_name\" content=\"Sunward Europe (Official Website for EU &amp; UK)\" \/>\n<meta property=\"article:modified_time\" content=\"2026-02-03T15:07:26+00:00\" \/>\n<meta property=\"og:image\" content=\"https:\/\/sunward.eu\/wp-content\/uploads\/2022\/01\/Sunward_SWSL-1212DC_MAIN.png\" \/>\n\t<meta property=\"og:image:width\" content=\"1000\" \/>\n\t<meta property=\"og:image:height\" content=\"1000\" \/>\n\t<meta property=\"og:image:type\" content=\"image\/png\" \/>\n<meta name=\"twitter:card\" content=\"summary_large_image\" \/>\n<meta name=\"twitter:label1\" content=\"Est. reading time\" \/>\n\t<meta name=\"twitter:data1\" content=\"5 minutes\" \/>\n<script type=\"application\/ld+json\" class=\"yoast-schema-graph\">{\"@context\":\"https:\/\/schema.org\",\"@graph\":[{\"@type\":\"WebPage\",\"@id\":\"https:\/\/sunward.eu\/product\/swsl-1212dc\/\",\"url\":\"https:\/\/sunward.eu\/product\/swsl-1212dc\/\",\"name\":\"SWSL 1212DC - Sunward Europe (Official Website for EU &amp; UK)\",\"isPartOf\":{\"@id\":\"https:\/\/sunward.eu\/#website\"},\"primaryImageOfPage\":{\"@id\":\"https:\/\/sunward.eu\/product\/swsl-1212dc\/#primaryimage\"},\"image\":{\"@id\":\"https:\/\/sunward.eu\/product\/swsl-1212dc\/#primaryimage\"},\"thumbnailUrl\":\"https:\/\/sunward.eu\/wp-content\/uploads\/2022\/01\/Sunward_SWSL-1212DC_MAIN.png\",\"datePublished\":\"2022-01-20T12:15:33+00:00\",\"dateModified\":\"2026-02-03T15:07:26+00:00\",\"breadcrumb\":{\"@id\":\"https:\/\/sunward.eu\/product\/swsl-1212dc\/#breadcrumb\"},\"inLanguage\":\"de-DE\",\"potentialAction\":[{\"@type\":\"ReadAction\",\"target\":[\"https:\/\/sunward.eu\/product\/swsl-1212dc\/\"]}]},{\"@type\":\"ImageObject\",\"inLanguage\":\"de-DE\",\"@id\":\"https:\/\/sunward.eu\/product\/swsl-1212dc\/#primaryimage\",\"url\":\"https:\/\/sunward.eu\/wp-content\/uploads\/2022\/01\/Sunward_SWSL-1212DC_MAIN.png\",\"contentUrl\":\"https:\/\/sunward.eu\/wp-content\/uploads\/2022\/01\/Sunward_SWSL-1212DC_MAIN.png\",\"width\":1000,\"height\":1000},{\"@type\":\"BreadcrumbList\",\"@id\":\"https:\/\/sunward.eu\/product\/swsl-1212dc\/#breadcrumb\",\"itemListElement\":[{\"@type\":\"ListItem\",\"position\":1,\"name\":\"Home\",\"item\":\"https:\/\/sunward.eu\/\"},{\"@type\":\"ListItem\",\"position\":2,\"name\":\"Products\",\"item\":\"https:\/\/sunward.eu\/shop\/\"},{\"@type\":\"ListItem\",\"position\":3,\"name\":\"Scissor lifts\",\"item\":\"https:\/\/sunward.eu\/product-category\/scissor-lifts\/\"},{\"@type\":\"ListItem\",\"position\":4,\"name\":\"{:en}Electric driven scissor lifts{:}{:de}Scherenhebebuhnen mit elektroantrieb{:}{:fr}Nacelles ciseaux \u00e9lectriques{:}{:it}Piattaforme aeree a pantografo ad azionamento elettrico{:}\",\"item\":\"https:\/\/sunward.eu\/product-category\/scissor-lifts\/electric-driven-scissor-lifts\/\"},{\"@type\":\"ListItem\",\"position\":5,\"name\":\"SWSL 1212DC\"}]},{\"@type\":\"WebSite\",\"@id\":\"https:\/\/sunward.eu\/#website\",\"url\":\"https:\/\/sunward.eu\/\",\"name\":\"Sunward Europe (Official Website for EU &amp; UK)\",\"description\":\"The smart choice\",\"publisher\":{\"@id\":\"https:\/\/sunward.eu\/#organization\"},\"potentialAction\":[{\"@type\":\"SearchAction\",\"target\":{\"@type\":\"EntryPoint\",\"urlTemplate\":\"https:\/\/sunward.eu\/?s={search_term_string}\"},\"query-input\":\"required name=search_term_string\"}],\"inLanguage\":\"de-DE\"},{\"@type\":\"Organization\",\"@id\":\"https:\/\/sunward.eu\/#organization\",\"name\":\"Sunward Europe (Official Website for EU &amp; UK)\",\"url\":\"https:\/\/sunward.eu\/\",\"logo\":{\"@type\":\"ImageObject\",\"inLanguage\":\"de-DE\",\"@id\":\"https:\/\/sunward.eu\/#\/schema\/logo\/image\/\",\"url\":\"https:\/\/sunward.eu\/wp-content\/uploads\/2022\/01\/Website_Sunward_logo_top_180x63px.png\",\"contentUrl\":\"https:\/\/sunward.eu\/wp-content\/uploads\/2022\/01\/Website_Sunward_logo_top_180x63px.png\",\"width\":180,\"height\":63,\"caption\":\"Sunward Europe (Official Website for EU &amp; UK)\"},\"image\":{\"@id\":\"https:\/\/sunward.eu\/#\/schema\/logo\/image\/\"}}]}<\/script>\n<!-- \/ Yoast SEO plugin. -->","yoast_head_json":{"title":"SWSL 1212DC - Sunward Europe (Official Website for EU &amp; UK)","robots":{"index":"index","follow":"follow","max-snippet":"max-snippet:-1","max-image-preview":"max-image-preview:large","max-video-preview":"max-video-preview:-1"},"canonical":"https:\/\/sunward.eu\/product\/swsl-1212dc\/","og_locale":"de_DE","og_type":"article","og_title":"SWSL 1212DC - Sunward Europe (Official Website for EU &amp; UK)","og_url":"https:\/\/sunward.eu\/product\/swsl-1212dc\/","og_site_name":"Sunward Europe (Official Website for EU &amp; UK)","article_modified_time":"2026-02-03T15:07:26+00:00","og_image":[{"width":1000,"height":1000,"url":"https:\/\/sunward.eu\/wp-content\/uploads\/2022\/01\/Sunward_SWSL-1212DC_MAIN.png","type":"image\/png"}],"twitter_card":"summary_large_image","twitter_misc":{"Est. reading time":"5 minutes"},"schema":{"@context":"https:\/\/schema.org","@graph":[{"@type":"WebPage","@id":"https:\/\/sunward.eu\/product\/swsl-1212dc\/","url":"https:\/\/sunward.eu\/product\/swsl-1212dc\/","name":"SWSL 1212DC - Sunward Europe (Official Website for EU &amp; UK)","isPartOf":{"@id":"https:\/\/sunward.eu\/#website"},"primaryImageOfPage":{"@id":"https:\/\/sunward.eu\/product\/swsl-1212dc\/#primaryimage"},"image":{"@id":"https:\/\/sunward.eu\/product\/swsl-1212dc\/#primaryimage"},"thumbnailUrl":"https:\/\/sunward.eu\/wp-content\/uploads\/2022\/01\/Sunward_SWSL-1212DC_MAIN.png","datePublished":"2022-01-20T12:15:33+00:00","dateModified":"2026-02-03T15:07:26+00:00","breadcrumb":{"@id":"https:\/\/sunward.eu\/product\/swsl-1212dc\/#breadcrumb"},"inLanguage":"de-DE","potentialAction":[{"@type":"ReadAction","target":["https:\/\/sunward.eu\/product\/swsl-1212dc\/"]}]},{"@type":"ImageObject","inLanguage":"de-DE","@id":"https:\/\/sunward.eu\/product\/swsl-1212dc\/#primaryimage","url":"https:\/\/sunward.eu\/wp-content\/uploads\/2022\/01\/Sunward_SWSL-1212DC_MAIN.png","contentUrl":"https:\/\/sunward.eu\/wp-content\/uploads\/2022\/01\/Sunward_SWSL-1212DC_MAIN.png","width":1000,"height":1000},{"@type":"BreadcrumbList","@id":"https:\/\/sunward.eu\/product\/swsl-1212dc\/#breadcrumb","itemListElement":[{"@type":"ListItem","position":1,"name":"Home","item":"https:\/\/sunward.eu\/"},{"@type":"ListItem","position":2,"name":"Products","item":"https:\/\/sunward.eu\/shop\/"},{"@type":"ListItem","position":3,"name":"Scissor lifts","item":"https:\/\/sunward.eu\/product-category\/scissor-lifts\/"},{"@type":"ListItem","position":4,"name":"{:en}Electric driven scissor lifts{:}{:de}Scherenhebebuhnen mit elektroantrieb{:}{:fr}Nacelles ciseaux \u00e9lectriques{:}{:it}Piattaforme aeree a pantografo ad azionamento elettrico{:}","item":"https:\/\/sunward.eu\/product-category\/scissor-lifts\/electric-driven-scissor-lifts\/"},{"@type":"ListItem","position":5,"name":"SWSL 1212DC"}]},{"@type":"WebSite","@id":"https:\/\/sunward.eu\/#website","url":"https:\/\/sunward.eu\/","name":"Sunward Europe (Official Website for EU &amp; UK)","description":"The smart choice","publisher":{"@id":"https:\/\/sunward.eu\/#organization"},"potentialAction":[{"@type":"SearchAction","target":{"@type":"EntryPoint","urlTemplate":"https:\/\/sunward.eu\/?s={search_term_string}"},"query-input":"required name=search_term_string"}],"inLanguage":"de-DE"},{"@type":"Organization","@id":"https:\/\/sunward.eu\/#organization","name":"Sunward Europe (Official Website for EU &amp; UK)","url":"https:\/\/sunward.eu\/","logo":{"@type":"ImageObject","inLanguage":"de-DE","@id":"https:\/\/sunward.eu\/#\/schema\/logo\/image\/","url":"https:\/\/sunward.eu\/wp-content\/uploads\/2022\/01\/Website_Sunward_logo_top_180x63px.png","contentUrl":"https:\/\/sunward.eu\/wp-content\/uploads\/2022\/01\/Website_Sunward_logo_top_180x63px.png","width":180,"height":63,"caption":"Sunward Europe (Official Website for EU &amp; UK)"},"image":{"@id":"https:\/\/sunward.eu\/#\/schema\/logo\/image\/"}}]}},"_links":{"self":[{"href":"https:\/\/sunward.eu\/de\/wp-json\/wp\/v2\/product\/1358","targetHints":{"allow":["GET"]}}],"collection":[{"href":"https:\/\/sunward.eu\/de\/wp-json\/wp\/v2\/product"}],"about":[{"href":"https:\/\/sunward.eu\/de\/wp-json\/wp\/v2\/types\/product"}],"replies":[{"embeddable":true,"href":"https:\/\/sunward.eu\/de\/wp-json\/wp\/v2\/comments?post=1358"}],"wp:featuredmedia":[{"embeddable":true,"href":"https:\/\/sunward.eu\/de\/wp-json\/wp\/v2\/media\/1359"}],"wp:attachment":[{"href":"https:\/\/sunward.eu\/de\/wp-json\/wp\/v2\/media?parent=1358"}],"wp:term":[{"taxonomy":"product_cat","embeddable":true,"href":"https:\/\/sunward.eu\/de\/wp-json\/wp\/v2\/product_cat?post=1358"},{"taxonomy":"product_tag","embeddable":true,"href":"https:\/\/sunward.eu\/de\/wp-json\/wp\/v2\/product_tag?post=1358"}],"curies":[{"name":"wp","href":"https:\/\/api.w.org\/{rel}","templated":true}]}}