{"id":1269,"date":"2022-01-19T13:27:12","date_gmt":"2022-01-19T12:27:12","guid":{"rendered":"https:\/\/sunward.eu\/?post_type=product&#038;p=1269"},"modified":"2026-03-20T10:21:07","modified_gmt":"2026-03-20T09:21:07","slug":"swe-335f","status":"publish","type":"product","link":"https:\/\/sunward.eu\/de\/product\/swe-335f\/","title":{"rendered":"SWE 335F-5"},"content":{"rendered":"<div class=\"wpb-content-wrapper\"><p>[vc_row][vc_column][vc_tta_accordion style=&#8221;flat&#8221; c_icon=&#8221;chevron&#8221; c_position=&#8221;right&#8221; active_section=&#8221;1&#8243; no_fill=&#8221;true&#8221; el_class=&#8221;custom-accordion&#8221;][vc_tta_section title=&#8221;TECHNISCHE DATEN&#8221; tab_id=&#8221;1623355628079-f58b5c44-7c4b&#8221;][vc_custom_heading text=&#8221;SUNWARD SWE 365F&#8221; font_container=&#8221;tag:h3|text_align:left&#8221; use_theme_fonts=&#8221;yes&#8221;][vc_column_text css=&#8221;&#8221;]Der Sunward SWE 335F-5 ist dieser gro\u00dfe 33.6-t-Bagger hat eine Leistung von 209 kW und ist damit einer der leistungsst\u00e4rksten \u2013 wenn nicht sogar der leistungsst\u00e4rkste \u2013 Bagger in der 33-t-Kategorie. Tats\u00e4chlich \u00fcberfl\u00fcgelt der SWE 335F-5 mit Leichtigkeit die Konkurrenz in vielen weiteren Aspekten, wie der Grabreichweite und Grabtiefe, der L\u00f6ffelrei\u00dfkraft sowie der maximalen Lade- und Schneidh\u00f6he. Der SWE 335F-5 ist ein Monster auf der Baustelle. Diese Schwerlastmaschine verbindet die gesamte Leistung, die sich in der Konstruktion realisieren l\u00e4sst, mit einem hohen Ma\u00df an Kabinenkomfort und Bedienerfreundlichkeit.<\/p>\n<p>Es ist bereits eine Tradition bei Sunward, stets das beste Preis-Leistungs-Verh\u00e4ltnis zu bieten, und auch der SWE 335F-5 ist da keine Ausnahme \u2013 er bietet zahlreiche Funktionsmerkmale und bis zu 5 Jahre Garantie zum richtigen Preis.<\/p>\n<p>Entdecken Sie alle weiteren Vorteile des Sunward SWE 335F-5.[\/vc_column_text][vc_row_inner][vc_column_inner width=&#8221;1\/2&#8243;][vc_toggle title=&#8221;ABMESSUNGEN&#8221; css=&#8221;&#8221;]<\/p>\n<table width=\"1112\">\n<tbody>\n<tr>\n<td width=\"673\">Betriebsgewicht<\/td>\n<td width=\"439\">33 600 kg<\/td>\n<\/tr>\n<tr>\n<td width=\"673\">Standard-L\u00f6ffelvolumen<\/td>\n<td>1.7 m\u00b3<\/td>\n<\/tr>\n<tr>\n<td width=\"673\">Transportl\u00e4nge<\/td>\n<td>10 866 mm<\/td>\n<\/tr>\n<tr>\n<td width=\"673\">Transportbreite<\/td>\n<td>3 190 mm<\/td>\n<\/tr>\n<tr>\n<td width=\"673\">H\u00f6he \u00fcber Kabine<\/td>\n<td>3 600 mm<\/td>\n<\/tr>\n<\/tbody>\n<\/table>\n<p>[\/vc_toggle][vc_toggle title=&#8221;MOTOR&#8221; css=&#8221;&#8221;]<\/p>\n<table width=\"1112\">\n<tbody>\n<tr>\n<td width=\"673\">Modell<\/td>\n<td width=\"439\">Cummins QSB6.7<\/td>\n<\/tr>\n<tr>\n<td>Emissionsstufe<\/td>\n<td>EU Stufe V<\/td>\n<\/tr>\n<tr>\n<td>Hubraum<\/td>\n<td>6.7 l<\/td>\n<\/tr>\n<tr>\n<td>Nennausgangsleistung<\/td>\n<td>209 kW<\/td>\n<\/tr>\n<\/tbody>\n<\/table>\n<p>[\/vc_toggle][vc_toggle title=&#8221;HYDRAULIKSYSTEM&#8221; css=&#8221;&#8221;]<\/p>\n<table width=\"1112\">\n<tbody>\n<tr>\n<td width=\"673\">Typ<\/td>\n<td width=\"439\">2\u00a0 variables Kolbensystem<\/td>\n<\/tr>\n<tr>\n<td>Hubraum<\/td>\n<td>2 * 296 l\/min<\/td>\n<\/tr>\n<tr>\n<td>Hydraulikdruck<\/td>\n<td>34.3 mPa<\/td>\n<\/tr>\n<\/tbody>\n<\/table>\n<p>[\/vc_toggle][vc_toggle title=&#8221;ARBEITSBEREICH&#8221; css=&#8221;&#8221;]<\/p>\n<table width=\"1112\">\n<tbody>\n<tr>\n<td width=\"673\">Max. Grabtiefe<\/td>\n<td width=\"439\">7 010 mm<\/td>\n<\/tr>\n<tr>\n<td>Max. Grabreichweite<\/td>\n<td>10 570 mm<\/td>\n<\/tr>\n<tr>\n<td>Max. Grabkraft L\u00f6ffel<\/td>\n<td>214 kN<\/td>\n<\/tr>\n<tr>\n<td>Max. Grabkraft L\u00f6ffelstiel<\/td>\n<td>165 kN<\/td>\n<\/tr>\n<\/tbody>\n<\/table>\n<p>[\/vc_toggle][\/vc_column_inner][vc_column_inner width=&#8221;1\/2&#8243;][\/vc_column_inner][\/vc_row_inner][\/vc_tta_section][vc_tta_section title=&#8221;MERKMALE UND VORTEILE&#8221; tab_id=&#8221;1623355710952-d36b50a3-81ed&#8221;][vc_row_inner][vc_column_inner width=&#8221;1\/4&#8243;][vc_single_image image=&#8221;1070&#8243; img_size=&#8221;medium&#8221;][\/vc_column_inner][vc_column_inner width=&#8221;3\/4&#8243;][vc_custom_heading text=&#8221;F\u00dcR EUROPA KONZIPIERT&#8221; font_container=&#8221;tag:h3|text_align:left&#8221; use_theme_fonts=&#8221;yes&#8221;][vc_column_text css=&#8221;&#8221;]Zus\u00e4tzlich zur EU-Zertifizierung wurde der Sunward SWE 335F-5, wie alle Sunward-Maschinen auf dem europ\u00e4ischen Markt, so konzipiert, dass er die Anforderungen europ\u00e4ischer Kunden erf\u00fcllt.[\/vc_column_text][\/vc_column_inner][\/vc_row_inner][vc_separator][vc_row_inner][vc_column_inner width=&#8221;1\/4&#8243;][vc_single_image image=&#8221;1240&#8243; img_size=&#8221;medium&#8221;][\/vc_column_inner][vc_column_inner width=&#8221;3\/4&#8243;][vc_custom_heading text=&#8221;LEISTUNGSF\u00c4HIGE UND ZUVERL\u00c4SSIGE MASCHINE&#8221; font_container=&#8221;tag:h3|text_align:left&#8221; use_theme_fonts=&#8221;yes&#8221;][vc_column_text css=&#8221;&#8221;]F\u00fcr den SWE 335F-5 haben wir die neueste Version des mittelschweren Cummins V QSB6.7-Motors gew\u00e4hlt. Dieser Motor mit hochbelastbaren Komponenten und hoher Leistungsf\u00e4higkeit setzt nicht nur den Industriestandard hinsichtlich Zuverl\u00e4ssigkeit und Langlebigkeit, sondern genie\u00dft auch gro\u00dfe Popularit\u00e4t in der Branche und verf\u00fcgt daher \u00fcber ein umfangreiches Servicenetz.<\/p>\n<p>Seine h\u00f6here Kraftstoffeffizienz und l\u00e4ngere Wartungsintervalle tragen zu niedrigeren Betriebskosten und geringeren Gesamtbetriebskosten bei.<\/p>\n<p>Mit Emissionswerten, die fast bei Null liegen, erf\u00fcllt der Motor die neuesten Anforderungen der EU und die Motorisierung von 209 kW bietet kompromisslose Kraftentfaltung, Leistungsf\u00e4higkeit und Kraftstoffeffizienz.<\/p>\n<p>Seine unglaubliche Nennausgangsleistung von 209 kW bei 2000 U\/min machen ihn zu einem der leistungsst\u00e4rksten \u2013 wenn nicht sogar zum leistungsst\u00e4rksten \u2013 Bagger in der 33-t-Kategorie.[\/vc_column_text][\/vc_column_inner][\/vc_row_inner][vc_separator][vc_row_inner][vc_column_inner width=&#8221;1\/4&#8243;][vc_single_image image=&#8221;1091&#8243; img_size=&#8221;medium&#8221;][\/vc_column_inner][vc_column_inner width=&#8221;3\/4&#8243;][vc_custom_heading text=&#8221;PREMIUM-KOMPONENTEN&#8221; font_container=&#8221;tag:h3|text_align:left&#8221; use_theme_fonts=&#8221;yes&#8221;][vc_column_text css=&#8221;&#8221;]Da die Hydraulik oft als das Herz der Maschine gilt, bezieht Sunward diese ausschlie\u00dflich von erstklassigen Zulieferern, die f\u00fcr ihre Qualit\u00e4t und Zuverl\u00e4ssigkeit bekannt sind. F\u00fcr den SWE 335F-5 haben wir vertrauensw\u00fcrdige Hersteller ausgew\u00e4hlt, die die Hydraulikpumpe, den Schwenkmotor und das Hauptsteuerventil (MCV) liefern. Diese Komponenten zeichnen sich durch ihre herausragende Effizienz und lange Lebensdauer aus und sind speziell daf\u00fcr entwickelt, den hohen Anforderungen von Hydraulikbaggern gerecht zu werden.[\/vc_column_text][\/vc_column_inner][\/vc_row_inner][vc_separator][vc_row_inner][vc_column_inner width=&#8221;1\/4&#8243;][vc_single_image image=&#8221;1241&#8243; img_size=&#8221;medium&#8221;][\/vc_column_inner][vc_column_inner width=&#8221;3\/4&#8243;][vc_custom_heading text=&#8221;GEBAUT F\u00dcR DIE EWIGKEIT&#8221; font_container=&#8221;tag:h3|text_align:left&#8221; use_theme_fonts=&#8221;yes&#8221;][vc_column_text css=&#8221;&#8221;]Bei der Entwicklung des SWE 335F-5 stand Langlebigkeit im Vordergrund. Der Cummins-Motor hat sich einen Ruf f\u00fcr hohe Widerstandsf\u00e4higkeit selbst unter extremen Einsatzbedingungen erworben. Besondere Aufmerksamkeit wurde zudem den wichtigen Komponenten des SWE 335F-5 wie Ausleger und L\u00f6ffelstiel gewidmet, die mit einer erh\u00f6hten Materialst\u00e4rke konzipiert sind. Alle tragenden Elemente bestehen aus hochfesten, hochdehnbaren und gesenkgeschmiedeten Formstahlteilen. Dies hat den gro\u00dfen Vorteil, dass diese Elemente nicht nur extrem belastbar sind, sondern auch \u00fcber eine hohe Strukturfestigkeit verf\u00fcgen. Mit diesem Verfahren wird eine deutliche h\u00f6here Zuverl\u00e4ssigkeit im Schwerlastbetrieb erzielt. L\u00f6ffelstiel und L\u00f6ffelstange beispielsweise sind mit einem Zuverl\u00e4ssigkeitsstandard von 20.000 Betriebsstunden konzipiert.<\/p>\n<p>Die Schwerlast-Anbauger\u00e4te des SWE 335F-5 werden zudem sorgf\u00e4ltig verg\u00fctet, was verbleibende Spannungen in Schwei\u00dfn\u00e4hten vollst\u00e4ndig beseitigt und die Zuverl\u00e4ssigkeit der Maschine deutlich steigert. Nach dem Schwei\u00dfen wird der nat\u00fcrliche Abk\u00fchlvorgang (mit der Gefahr eines ungleichm\u00e4\u00dfigen Abk\u00fchlens) verhindert, indem das Metall in einer Isolierkammer auf 600 &#8211; 800 \u00b0C erhitzt und anschlie\u00dfend langsam (5 &#8211; 8 Stunden) abgek\u00fchlt wird. Hersteller, die Zeit und Geld einsparen wollen, verwenden diese Art des Abk\u00fchlvorgangs normalerweise nicht.<\/p>\n<p>Zu guter Letzt wurde das X-Chassis verst\u00e4rkt, wodurch eine herausragende Verwindungsfestigkeit erzielt wurde.[\/vc_column_text][\/vc_column_inner][\/vc_row_inner][vc_separator][vc_row_inner][vc_column_inner width=&#8221;1\/4&#8243;][vc_single_image image=&#8221;1242&#8243; img_size=&#8221;medium&#8221;][\/vc_column_inner][vc_column_inner width=&#8221;3\/4&#8243;][vc_custom_heading text=&#8221;NIEDRIGER VERBRAUCH&#8221; font_container=&#8221;tag:h3|text_align:left&#8221; use_theme_fonts=&#8221;yes&#8221;][vc_column_text css=&#8221;&#8221;]Dank des Cummins QSB6.7-Turbomotors verbraucht der SWE 335F-5 weniger Kraftstoff und hat eine bessere Gesamtfl\u00fcssigkeitseffizienz (sowohl Kraftstoff als auch Diesel-DEF), ohne Kompromisse bei der Leistung einzugehen (dieser Motor hat eine noch bessere Leistungsf\u00e4higkeit im Vergleich zur Vorg\u00e4ngerversion, mit 8 % mehr Leistung und fast 13 % mehr Drehmoment \u00fcber den gesamten Drehzahlbereich).<\/p>\n<p>Der mittelgro\u00dfe Bagger SWE 335F-5 von Sunward verf\u00fcgt zudem \u00fcber die h\u00f6chste Hydraulikeffizienz, was wiederum den Kraftstoffverbrauch senkt. Mit der neuen hochwertigen Pumpe und dem innovativen Konzept von Sunward konnte der Hubraum der Maschine um 7 %, die Leistung um 4 % und die Volumeneffizienz um 6 % gesteigert werden \u2013 wodurch der gesamte Bagger noch energieeffizienter wird.<\/p>\n<p>Und dank der drei Anbauger\u00e4te-Arbeitsmodi kann der Fahrer nicht nur die Vielseitigkeit nutzen, sondern auch den Kraftstoffverbrauch optimieren.[\/vc_column_text][\/vc_column_inner][\/vc_row_inner][vc_separator][vc_row_inner][vc_column_inner width=&#8221;1\/4&#8243;][vc_single_image image=&#8221;1243&#8243; img_size=&#8221;medium&#8221;][\/vc_column_inner][vc_column_inner width=&#8221;3\/4&#8243;][vc_custom_heading text=&#8221;VIELSEITIGKEIT ALS KONZEPT&#8221; font_container=&#8221;tag:h3|text_align:left&#8221; use_theme_fonts=&#8221;yes&#8221;][vc_column_text css=&#8221;&#8221;]Ganz im Sinne von Sunwards Motto \u201eInnovation Leads To Value\u201c (Mehrwert durch Innovation) sind Entwicklung und Konstruktion des SWE 335F-5 darauf ausgerichtet, f\u00fcr den Maschinenbesitzer einen optimalen Mehrwert zu generieren und dem Fahrer optimale Vielseitigkeit zu bieten.<\/p>\n<p>Der SWE 335F-5 ist f\u00fcr unterschiedlichste Einsatzbedingungen und Anwendungsarten geeignet. Und dank der 3 separaten Zusatzleitungen (2 davon mit einem Absperrventil zur einfachen und \u00f6lleckagefreien Anbauger\u00e4te-Montage), den 3 L\u00f6ffel-Arbeitsmodi und den 3 Anbauger\u00e4te-Arbeitsmodi, braucht der Fahrer nur wenige Minuten, um die angebotenen M\u00f6glichkeiten vollst\u00e4ndig zu erfassen.[\/vc_column_text][\/vc_column_inner][\/vc_row_inner][vc_separator][vc_row_inner][vc_column_inner width=&#8221;1\/4&#8243;][vc_single_image image=&#8221;1146&#8243; img_size=&#8221;medium&#8221;][\/vc_column_inner][vc_column_inner width=&#8221;3\/4&#8243;][vc_custom_heading text=&#8221;WARTUNGSFREUNDLICH&#8221; font_container=&#8221;tag:h3|text_align:left&#8221; use_theme_fonts=&#8221;yes&#8221;][vc_column_text css=&#8221;&#8221;]Der SWE 335F-5 ist genau so einfach zu warten, wie er zu bedienen ist. Zur Verringerung der Wartungsdauer und -kosten, bieten die Abdeckungen oben und an der Seite direkten Zugang zu den Wartungspunkten. Der Zugang zum Kraftstofftank und den zentralen Schmiernippeln ist absolut einfach, und wir haben sogar Handl\u00e4ufe eingebaut, um es noch einfacher zu machen, um die Maschine herum zu gelangen.[\/vc_column_text][\/vc_column_inner][\/vc_row_inner][vc_separator][vc_row_inner][vc_column_inner width=&#8221;1\/4&#8243;][vc_single_image image=&#8221;1205&#8243; img_size=&#8221;medium&#8221;][\/vc_column_inner][vc_column_inner width=&#8221;3\/4&#8243;][vc_custom_heading text=&#8221;SICHERHEITSKABINE&#8221; font_container=&#8221;tag:h3|text_align:left&#8221; use_theme_fonts=&#8221;yes&#8221;][vc_column_text css=&#8221;&#8221;]Die hochfeste Kabine des SWE 335F-5 erf\u00fcllt alle ROPS-, TOPS- und FOPS-Anforderungen, die den Standard darstellen und zu den ersten Merkmalen geh\u00f6ren, um in jeder Anwendungsumgebung ein sicheres und komfortables Arbeiten zu gew\u00e4hrleisten.<\/p>\n<p>Auch hochgewachsene europ\u00e4ische Maschinenf\u00fchrer gelangen leicht in die Kabine und wieder hinaus und das ger\u00e4umige Innere bietet ein komfortables und effizientes Arbeitsumfeld. Alles wurde so konzipiert, dass der Fahrer komfortabel, produktiv und absolut sicher arbeiten kann.<\/p>\n<p>Und auch das Sicherheitspaket \u2013 mit Feuerl\u00f6scher, Sicherheitshammer und Sicherheitsgurt \u2013 tr\u00e4gt zum beruhigenden Gef\u00fchl der Sicherheit bei.<\/p>\n<p>Neueste Serienausr\u00fcstung ist schlie\u00dflich die Heckkamera, die als Erg\u00e4nzung zu den gro\u00dfen Fenstern und dem Glasdach eine 360\u00b0-Rundumsicht erm\u00f6glicht, um sicher, effizient und stressfrei arbeiten zu k\u00f6nnen.[\/vc_column_text][\/vc_column_inner][\/vc_row_inner][vc_separator][vc_row_inner][vc_column_inner width=&#8221;1\/4&#8243;][vc_single_image image=&#8221;1071&#8243; img_size=&#8221;medium&#8221;][\/vc_column_inner][vc_column_inner width=&#8221;3\/4&#8243;][vc_custom_heading text=&#8221;BESTES PREIS-LEISTUNGS-VERH\u00c4LTNIS&#8221; font_container=&#8221;tag:h3|text_align:left&#8221; use_theme_fonts=&#8221;yes&#8221;][vc_column_text css=&#8221;&#8221;]Sunward \u2013 Ihre cleverste Investition in Zuverl\u00e4ssigkeit, Leistungsf\u00e4higkeit und hohe Kapitalrendite. Das professionelle Design des SWE 335F-5 umfasst eine gut durchdachte Auswahl von Komponenten f\u00fcr eine optimale Bedienung und Wartung. Unsere Design-Wahl resultiert in einer Maschine, die eine Unmenge serienm\u00e4\u00dfig eingebauter Funktionen, Komponenten von Premiummarken und F\u00e4higkeiten bietet &#8211; und das alles zu einem guten Preis.<\/p>\n<p>Dar\u00fcber hinaus sind auch die Original-Ersatzteile von Sunward wirtschaftlich \u2013 wobei dieses \u00fcberzeugende Preis-Leistungs-Verh\u00e4ltnis von einer 5-Jahre-Garantie gekr\u00f6nt wird, die bei allen Sunward-Produkten serienm\u00e4\u00dfig ist.[\/vc_column_text][\/vc_column_inner][\/vc_row_inner][\/vc_tta_section][vc_tta_section title=&#8221;VIDEO&#8221; tab_id=&#8221;1623857706491-8aa3a03f-cca1&#8243;][vc_video link=&#8221;https:\/\/youtu.be\/YJky7_-0Yh8&#8243;][\/vc_tta_section][vc_tta_section title=&#8221;BROSCH\u00dcRE&#8221; tab_id=&#8221;1623857795794-8fd5289e-c5a3&#8243;][vc_row_inner content_placement=&#8221;middle&#8221;][vc_column_inner width=&#8221;1\/4&#8243;][vc_single_image image=&#8221;4579&#8243; img_size=&#8221;large&#8221; css=&#8221;&#8221;][\/vc_column_inner][vc_column_inner width=&#8221;3\/4&#8243;][vc_custom_heading text=&#8221;DATENBLATT&#8221; font_container=&#8221;tag:h3|text_align:left&#8221; use_theme_fonts=&#8221;yes&#8221;][vc_btn title=&#8221;DOWNLOAD&#8221; color=&#8221;orange&#8221; size=&#8221;lg&#8221; css=&#8221;&#8221; link=&#8221;url:https%3A%2F%2Fsunward.eu%2Fwp-content%2Fuploads%2F2026%2F03%2FSUNWARD_SWE-335F_03.2026_FINAL_HR_DE.pdf|title:Sunward%20SWE%20335F-5%20Specifications%20Sheet|target:_blank&#8221;][\/vc_column_inner][\/vc_row_inner][\/vc_tta_section][\/vc_tta_accordion][\/vc_column][\/vc_row]<\/p>\n<\/div>","protected":false},"excerpt":{"rendered":"<p>Der Sunward SWE 335F-5\u00a0 ist dieser gro\u00dfe 33.6-t-Bagger hat eine Leistung von 252 kW und ist damit einer der leistungsst\u00e4rksten \u2013 wenn nicht sogar der leistungsst\u00e4rkste \u2013 Bagger in der 32-t-Kategorie. Tats\u00e4chlich \u00fcberfl\u00fcgelt der SWE 335F-5 mit Leichtigkeit die Konkurrenz in vielen weiteren Aspekten, wie der Grabreichweite und Grabtiefe, der L\u00f6ffelrei\u00dfkraft sowie der maximalen Lade- und Schneidh\u00f6he. Der SWE 335F-5 ist ein Monster auf der Baustelle. Diese Schwerlastmaschine verbindet die gesamte Leistung, die sich in der Konstruktion realisieren l\u00e4sst, mit einem hohen Ma\u00df an Kabinenkomfort und Bedienerfreundlichkeit. [&#8230;]<\/p>\n<p><a class=\"btn btn-secondary understrap-read-more-link\" href=\"https:\/\/sunward.eu\/de\/product\/swe-335f\/\">Weiterlesen&#8230;<\/a><\/p>\n","protected":false},"featured_media":3483,"comment_status":"closed","ping_status":"closed","template":"","meta":{"_acf_changed":false,"inline_featured_image":false},"product_cat":[26,34],"product_tag":[],"class_list":{"0":"post-1269","1":"product","2":"type-product","3":"status-publish","4":"has-post-thumbnail","6":"product_cat-excavators","7":"product_cat-large-excavators","8":"pa_emission-rating-eu-stage-5","9":"pa_max-digging-depth-7010-mm","10":"pa_operating-weight-33-600-kg","11":"pa_power-output-209-kw","12":"pa_width-3190-mm","14":"first","15":"instock","16":"shipping-taxable","17":"product-type-simple"},"translation":{"provider":"WPGlobus","version":"2.12.2","language":"de","enabled_languages":["en","de","fr","it"],"languages":{"en":{"title":true,"content":true,"excerpt":true},"de":{"title":true,"content":true,"excerpt":true},"fr":{"title":true,"content":true,"excerpt":true},"it":{"title":true,"content":true,"excerpt":true}}},"acf":[],"yoast_head":"<!-- This site is optimized with the Yoast SEO plugin v22.6 - https:\/\/yoast.com\/wordpress\/plugins\/seo\/ -->\n<title>SWE 335F-5 - Sunward Europe (Official Website for EU &amp; UK)<\/title>\n<meta name=\"robots\" content=\"index, follow, max-snippet:-1, max-image-preview:large, max-video-preview:-1\" \/>\n<link rel=\"canonical\" href=\"https:\/\/sunward.eu\/product\/swe-335f\/\" \/>\n<meta property=\"og:locale\" content=\"de_DE\" \/>\n<meta property=\"og:type\" content=\"article\" \/>\n<meta property=\"og:title\" content=\"SWE 335F-5 - Sunward Europe (Official Website for EU &amp; UK)\" \/>\n<meta property=\"og:url\" content=\"https:\/\/sunward.eu\/product\/swe-335f\/\" \/>\n<meta property=\"og:site_name\" content=\"Sunward Europe (Official Website for EU &amp; UK)\" \/>\n<meta property=\"article:modified_time\" content=\"2026-03-20T09:21:07+00:00\" \/>\n<meta property=\"og:image\" content=\"https:\/\/sunward.eu\/wp-content\/uploads\/2022\/01\/335F.png\" \/>\n\t<meta property=\"og:image:width\" content=\"1000\" \/>\n\t<meta property=\"og:image:height\" content=\"1000\" \/>\n\t<meta property=\"og:image:type\" content=\"image\/png\" \/>\n<meta name=\"twitter:card\" content=\"summary_large_image\" \/>\n<meta name=\"twitter:label1\" content=\"Est. reading time\" \/>\n\t<meta name=\"twitter:data1\" content=\"8 minutes\" \/>\n<script type=\"application\/ld+json\" class=\"yoast-schema-graph\">{\"@context\":\"https:\/\/schema.org\",\"@graph\":[{\"@type\":\"WebPage\",\"@id\":\"https:\/\/sunward.eu\/product\/swe-335f\/\",\"url\":\"https:\/\/sunward.eu\/product\/swe-335f\/\",\"name\":\"SWE 335F-5 - Sunward Europe (Official Website for EU &amp; UK)\",\"isPartOf\":{\"@id\":\"https:\/\/sunward.eu\/#website\"},\"primaryImageOfPage\":{\"@id\":\"https:\/\/sunward.eu\/product\/swe-335f\/#primaryimage\"},\"image\":{\"@id\":\"https:\/\/sunward.eu\/product\/swe-335f\/#primaryimage\"},\"thumbnailUrl\":\"https:\/\/sunward.eu\/wp-content\/uploads\/2022\/01\/335F.png\",\"datePublished\":\"2022-01-19T12:27:12+00:00\",\"dateModified\":\"2026-03-20T09:21:07+00:00\",\"breadcrumb\":{\"@id\":\"https:\/\/sunward.eu\/product\/swe-335f\/#breadcrumb\"},\"inLanguage\":\"de-DE\",\"potentialAction\":[{\"@type\":\"ReadAction\",\"target\":[\"https:\/\/sunward.eu\/product\/swe-335f\/\"]}]},{\"@type\":\"ImageObject\",\"inLanguage\":\"de-DE\",\"@id\":\"https:\/\/sunward.eu\/product\/swe-335f\/#primaryimage\",\"url\":\"https:\/\/sunward.eu\/wp-content\/uploads\/2022\/01\/335F.png\",\"contentUrl\":\"https:\/\/sunward.eu\/wp-content\/uploads\/2022\/01\/335F.png\",\"width\":1000,\"height\":1000},{\"@type\":\"BreadcrumbList\",\"@id\":\"https:\/\/sunward.eu\/product\/swe-335f\/#breadcrumb\",\"itemListElement\":[{\"@type\":\"ListItem\",\"position\":1,\"name\":\"Home\",\"item\":\"https:\/\/sunward.eu\/\"},{\"@type\":\"ListItem\",\"position\":2,\"name\":\"Products\",\"item\":\"https:\/\/sunward.eu\/shop\/\"},{\"@type\":\"ListItem\",\"position\":3,\"name\":\"Excavators\",\"item\":\"https:\/\/sunward.eu\/product-category\/excavators\/\"},{\"@type\":\"ListItem\",\"position\":4,\"name\":\"SWE 335F-5\"}]},{\"@type\":\"WebSite\",\"@id\":\"https:\/\/sunward.eu\/#website\",\"url\":\"https:\/\/sunward.eu\/\",\"name\":\"Sunward Europe (Official Website for EU &amp; UK)\",\"description\":\"The smart choice\",\"publisher\":{\"@id\":\"https:\/\/sunward.eu\/#organization\"},\"potentialAction\":[{\"@type\":\"SearchAction\",\"target\":{\"@type\":\"EntryPoint\",\"urlTemplate\":\"https:\/\/sunward.eu\/?s={search_term_string}\"},\"query-input\":\"required name=search_term_string\"}],\"inLanguage\":\"de-DE\"},{\"@type\":\"Organization\",\"@id\":\"https:\/\/sunward.eu\/#organization\",\"name\":\"Sunward Europe (Official Website for EU &amp; UK)\",\"url\":\"https:\/\/sunward.eu\/\",\"logo\":{\"@type\":\"ImageObject\",\"inLanguage\":\"de-DE\",\"@id\":\"https:\/\/sunward.eu\/#\/schema\/logo\/image\/\",\"url\":\"https:\/\/sunward.eu\/wp-content\/uploads\/2022\/01\/Website_Sunward_logo_top_180x63px.png\",\"contentUrl\":\"https:\/\/sunward.eu\/wp-content\/uploads\/2022\/01\/Website_Sunward_logo_top_180x63px.png\",\"width\":180,\"height\":63,\"caption\":\"Sunward Europe (Official Website for EU &amp; UK)\"},\"image\":{\"@id\":\"https:\/\/sunward.eu\/#\/schema\/logo\/image\/\"}}]}<\/script>\n<!-- \/ Yoast SEO plugin. -->","yoast_head_json":{"title":"SWE 335F-5 - Sunward Europe (Official Website for EU &amp; UK)","robots":{"index":"index","follow":"follow","max-snippet":"max-snippet:-1","max-image-preview":"max-image-preview:large","max-video-preview":"max-video-preview:-1"},"canonical":"https:\/\/sunward.eu\/product\/swe-335f\/","og_locale":"de_DE","og_type":"article","og_title":"SWE 335F-5 - Sunward Europe (Official Website for EU &amp; UK)","og_url":"https:\/\/sunward.eu\/product\/swe-335f\/","og_site_name":"Sunward Europe (Official Website for EU &amp; UK)","article_modified_time":"2026-03-20T09:21:07+00:00","og_image":[{"width":1000,"height":1000,"url":"https:\/\/sunward.eu\/wp-content\/uploads\/2022\/01\/335F.png","type":"image\/png"}],"twitter_card":"summary_large_image","twitter_misc":{"Est. reading time":"8 minutes"},"schema":{"@context":"https:\/\/schema.org","@graph":[{"@type":"WebPage","@id":"https:\/\/sunward.eu\/product\/swe-335f\/","url":"https:\/\/sunward.eu\/product\/swe-335f\/","name":"SWE 335F-5 - Sunward Europe (Official Website for EU &amp; UK)","isPartOf":{"@id":"https:\/\/sunward.eu\/#website"},"primaryImageOfPage":{"@id":"https:\/\/sunward.eu\/product\/swe-335f\/#primaryimage"},"image":{"@id":"https:\/\/sunward.eu\/product\/swe-335f\/#primaryimage"},"thumbnailUrl":"https:\/\/sunward.eu\/wp-content\/uploads\/2022\/01\/335F.png","datePublished":"2022-01-19T12:27:12+00:00","dateModified":"2026-03-20T09:21:07+00:00","breadcrumb":{"@id":"https:\/\/sunward.eu\/product\/swe-335f\/#breadcrumb"},"inLanguage":"de-DE","potentialAction":[{"@type":"ReadAction","target":["https:\/\/sunward.eu\/product\/swe-335f\/"]}]},{"@type":"ImageObject","inLanguage":"de-DE","@id":"https:\/\/sunward.eu\/product\/swe-335f\/#primaryimage","url":"https:\/\/sunward.eu\/wp-content\/uploads\/2022\/01\/335F.png","contentUrl":"https:\/\/sunward.eu\/wp-content\/uploads\/2022\/01\/335F.png","width":1000,"height":1000},{"@type":"BreadcrumbList","@id":"https:\/\/sunward.eu\/product\/swe-335f\/#breadcrumb","itemListElement":[{"@type":"ListItem","position":1,"name":"Home","item":"https:\/\/sunward.eu\/"},{"@type":"ListItem","position":2,"name":"Products","item":"https:\/\/sunward.eu\/shop\/"},{"@type":"ListItem","position":3,"name":"Excavators","item":"https:\/\/sunward.eu\/product-category\/excavators\/"},{"@type":"ListItem","position":4,"name":"SWE 335F-5"}]},{"@type":"WebSite","@id":"https:\/\/sunward.eu\/#website","url":"https:\/\/sunward.eu\/","name":"Sunward Europe (Official Website for EU &amp; UK)","description":"The smart choice","publisher":{"@id":"https:\/\/sunward.eu\/#organization"},"potentialAction":[{"@type":"SearchAction","target":{"@type":"EntryPoint","urlTemplate":"https:\/\/sunward.eu\/?s={search_term_string}"},"query-input":"required name=search_term_string"}],"inLanguage":"de-DE"},{"@type":"Organization","@id":"https:\/\/sunward.eu\/#organization","name":"Sunward Europe (Official Website for EU &amp; UK)","url":"https:\/\/sunward.eu\/","logo":{"@type":"ImageObject","inLanguage":"de-DE","@id":"https:\/\/sunward.eu\/#\/schema\/logo\/image\/","url":"https:\/\/sunward.eu\/wp-content\/uploads\/2022\/01\/Website_Sunward_logo_top_180x63px.png","contentUrl":"https:\/\/sunward.eu\/wp-content\/uploads\/2022\/01\/Website_Sunward_logo_top_180x63px.png","width":180,"height":63,"caption":"Sunward Europe (Official Website for EU &amp; UK)"},"image":{"@id":"https:\/\/sunward.eu\/#\/schema\/logo\/image\/"}}]}},"_links":{"self":[{"href":"https:\/\/sunward.eu\/de\/wp-json\/wp\/v2\/product\/1269","targetHints":{"allow":["GET"]}}],"collection":[{"href":"https:\/\/sunward.eu\/de\/wp-json\/wp\/v2\/product"}],"about":[{"href":"https:\/\/sunward.eu\/de\/wp-json\/wp\/v2\/types\/product"}],"replies":[{"embeddable":true,"href":"https:\/\/sunward.eu\/de\/wp-json\/wp\/v2\/comments?post=1269"}],"wp:featuredmedia":[{"embeddable":true,"href":"https:\/\/sunward.eu\/de\/wp-json\/wp\/v2\/media\/3483"}],"wp:attachment":[{"href":"https:\/\/sunward.eu\/de\/wp-json\/wp\/v2\/media?parent=1269"}],"wp:term":[{"taxonomy":"product_cat","embeddable":true,"href":"https:\/\/sunward.eu\/de\/wp-json\/wp\/v2\/product_cat?post=1269"},{"taxonomy":"product_tag","embeddable":true,"href":"https:\/\/sunward.eu\/de\/wp-json\/wp\/v2\/product_tag?post=1269"}],"curies":[{"name":"wp","href":"https:\/\/api.w.org\/{rel}","templated":true}]}}