{"id":1222,"date":"2022-01-18T15:13:49","date_gmt":"2022-01-18T14:13:49","guid":{"rendered":"https:\/\/sunward.eu\/?post_type=product&#038;p=1222"},"modified":"2025-07-11T15:41:52","modified_gmt":"2025-07-11T13:41:52","slug":"swe-155f","status":"publish","type":"product","link":"https:\/\/sunward.eu\/de\/product\/swe-155f\/","title":{"rendered":"SWE 155F"},"content":{"rendered":"<div class=\"wpb-content-wrapper\"><p>[vc_row][vc_column][vc_tta_accordion style=&#8221;flat&#8221; c_icon=&#8221;chevron&#8221; c_position=&#8221;right&#8221; active_section=&#8221;1&#8243; no_fill=&#8221;true&#8221; el_class=&#8221;custom-accordion&#8221;][vc_tta_section title=&#8221;TECHNISCHE DATEN&#8221; tab_id=&#8221;1623355628079-f58b5c44-7c4b&#8221;][vc_custom_heading text=&#8221;SUNWARD SWE 155F&#8221; font_container=&#8221;tag:h3|text_align:left&#8221; use_theme_fonts=&#8221;yes&#8221;][vc_column_text]Sie suchen einen Bagger, der leistungsstark ist, aber wenig Platz braucht? Der mittelgro\u00dfe Sunward-Bagger SWE\u00a0155F ist perfekt f\u00fcr gro\u00dfe Bauvorhaben \u2013 ganz gleich ob Stra\u00dfen oder Geb\u00e4ude, Steinbruch-, Abbruch- oder Forstarbeiten. Er wurde so konzipiert, dass er vielseitig und widerstandsf\u00e4hig ist und eine hohe Nutzungsdauer hat. Die durchdachte Konstruktion des SWE\u00a0155F, der Stufe-V-konforme Cummins-Motor und das verbesserte Hydrauliksystem sorgen f\u00fcr einen reibungslosen Betrieb und hohe Produktivit\u00e4t. Dieser mittelgro\u00dfe Bagger der Spitzenklasse zeichnet sich durch ein hohes Leistungsverm\u00f6gen, Bedienungskomfort und -sicherheit sowie eine unkomplizierte Instandhaltung aus.<\/p>\n<p>Es ist bereits eine Tradition bei Sunward, stets das beste Preis-Leistungs-Verh\u00e4ltnis zu bieten, und auch der SWE 155F ist da keine Ausnahme \u2013 er bietet zahlreiche Funktionsmerkmale und bis zu 5 Jahre Garantie zum richtigen Preis.<\/p>\n<p>Entdecken Sie alle weiteren Vorteile des Sunward SWE 155F.[\/vc_column_text][vc_row_inner][vc_column_inner width=&#8221;1\/2&#8243;][vc_toggle title=&#8221;ABMESSUNGEN&#8221;]<\/p>\n<table width=\"1112\">\n<tbody>\n<tr>\n<td width=\"673\">Betriebsgewicht<\/td>\n<td width=\"439\">14 700 kg<\/td>\n<\/tr>\n<tr>\n<td width=\"673\">Standard-L\u00f6ffelvolumen<\/td>\n<td>0.6 m\u00b3<\/td>\n<\/tr>\n<tr>\n<td width=\"673\">Transportl\u00e4nge<\/td>\n<td>8 270 mm<\/td>\n<\/tr>\n<tr>\n<td width=\"673\">Transportbreite<\/td>\n<td>2 490 mm<\/td>\n<\/tr>\n<tr>\n<td width=\"673\">H\u00f6he \u00fcber Kabine<\/td>\n<td>2 860 mm<\/td>\n<\/tr>\n<\/tbody>\n<\/table>\n<p>[\/vc_toggle][vc_toggle title=&#8221;MOTOR&#8221;]<\/p>\n<table width=\"1112\">\n<tbody>\n<tr>\n<td width=\"673\">Modell<\/td>\n<td width=\"439\">Cummins QSF3. 8<\/td>\n<\/tr>\n<tr>\n<td>Emissionsstufe<\/td>\n<td>EU Stufe V<\/td>\n<\/tr>\n<tr>\n<td>Hubraum<\/td>\n<td>3.8 l<\/td>\n<\/tr>\n<tr>\n<td>Nennausgangsleistung<\/td>\n<td>90 kW<\/td>\n<\/tr>\n<\/tbody>\n<\/table>\n<p>[\/vc_toggle][vc_toggle title=&#8221;HYDRAULIKSYSTEM&#8221;]<\/p>\n<table width=\"1112\">\n<tbody>\n<tr>\n<td width=\"673\">Typ<\/td>\n<td width=\"439\">2 variable Kolbenpumpen<\/td>\n<\/tr>\n<tr>\n<td>Hubraum<\/td>\n<td>2 \u00d7 165 l\/min<\/td>\n<\/tr>\n<tr>\n<td>Hydraulikdruck<\/td>\n<td>31.4\/34.3 MPa<\/td>\n<\/tr>\n<\/tbody>\n<\/table>\n<p>[\/vc_toggle][vc_toggle title=&#8221;ARBEITSBEREICH&#8221;]<\/p>\n<table width=\"1112\">\n<tbody>\n<tr>\n<td width=\"673\">Max. Grabtiefe<\/td>\n<td width=\"439\">5 530 mm<\/td>\n<\/tr>\n<tr>\n<td>Max. Grabreichweite<\/td>\n<td>8 330 mm<\/td>\n<\/tr>\n<tr>\n<td>Max. Grabkraft L\u00f6ffel<\/td>\n<td>100\u00a0kN<\/td>\n<\/tr>\n<tr>\n<td>Max. Grabkraft L\u00f6ffelstiel<\/td>\n<td>76\u00a0kN<\/td>\n<\/tr>\n<\/tbody>\n<\/table>\n<p>[\/vc_toggle][\/vc_column_inner][vc_column_inner width=&#8221;1\/2&#8243;][\/vc_column_inner][\/vc_row_inner][\/vc_tta_section][vc_tta_section title=&#8221;MERKMALE UND VORTEILE&#8221; tab_id=&#8221;1623355710952-d36b50a3-81ed&#8221;][vc_row_inner][vc_column_inner width=&#8221;1\/4&#8243;][vc_single_image image=&#8221;1070&#8243; img_size=&#8221;medium&#8221;][\/vc_column_inner][vc_column_inner width=&#8221;3\/4&#8243;][vc_custom_heading text=&#8221;F\u00dcR EUROPA KONZIPIERT&#8221; font_container=&#8221;tag:h3|text_align:left&#8221; use_theme_fonts=&#8221;yes&#8221;][vc_column_text]Zus\u00e4tzlich zur EU-Zertifizierung wurde der Sunward SWE 155F, wie alle Sunward-Maschinen auf dem europ\u00e4ischen Markt, so konzipiert, dass er die Anforderungen europ\u00e4ischer Kunden erf\u00fcllt.[\/vc_column_text][\/vc_column_inner][\/vc_row_inner][vc_separator][vc_row_inner][vc_column_inner width=&#8221;1\/4&#8243;][vc_single_image image=&#8221;1240&#8243; img_size=&#8221;medium&#8221;][\/vc_column_inner][vc_column_inner width=&#8221;3\/4&#8243;][vc_custom_heading text=&#8221;LEISTUNGSF\u00c4HIGE UND ZUVERL\u00c4SSIGE MASCHINE&#8221; font_container=&#8221;tag:h3|text_align:left&#8221; use_theme_fonts=&#8221;yes&#8221;][vc_column_text css=&#8221;&#8221;]Emissionswerte erreichen, die fast bei Null liegen, und gleichzeitig eine Leistungsentfaltung von 90 kW bereitstellen, ohne dabei Kompromisse hinsichtlich Leistung, Energie oder Kraftstoffeffizienz einzugehen, das sind die Herausforderungen, die der kompakte und leistungsstarke Cummins-QSF3.8-Motor voll und ganz erf\u00fcllt. Dieser Motor ist \u00fcberall auf dem Markt sehr beliebt und hat daher ein umfassendes Wartungsnetz. F\u00fcr Sunward ist er damit genau der richtige Motor f\u00fcr den SWE 155F \u2013 und dass er die EU-Emissionsvorschriften der Stufe V erf\u00fcllt, versteht sich von selbst.[\/vc_column_text][\/vc_column_inner][\/vc_row_inner][vc_separator][vc_row_inner][vc_column_inner width=&#8221;1\/4&#8243;][vc_single_image image=&#8221;1091&#8243; img_size=&#8221;medium&#8221;][\/vc_column_inner][vc_column_inner width=&#8221;3\/4&#8243;][vc_custom_heading text=&#8221;PREMIUM-KOMPONENTEN&#8221; font_container=&#8221;tag:h3|text_align:left&#8221; use_theme_fonts=&#8221;yes&#8221;][vc_column_text css=&#8221;&#8221;]Alle Schl\u00fcsselkomponenten der Sunward-Bagger werden sorgf\u00e4ltig ausgew\u00e4hlt \u2013 vom Cummins-Motor bis hin zum Hydrauliksystem. Da die Hydraulik oft als das Herz der Maschine gilt, arbeitet Sunward ausschlie\u00dflich mit erstklassigen Zulieferern zusammen, die f\u00fcr ihre Qualit\u00e4t und Zuverl\u00e4ssigkeit bekannt sind. F\u00fcr den SWE 155F haben wir Premiumhersteller ausgew\u00e4hlt, die die Hydraulikpumpe, den Schwenkmotor und das Hauptsteuerventil (MCV) liefern. Diese Komponenten zeichnen sich durch ihre hohe Effizienz und lange Lebensdauer aus und sind speziell daf\u00fcr entwickelt, den anspruchsvollen Leistungsanforderungen von Hydraulikbaggern gerecht zu werden.[\/vc_column_text][\/vc_column_inner][\/vc_row_inner][vc_separator][vc_row_inner][vc_column_inner width=&#8221;1\/4&#8243;][vc_single_image image=&#8221;1241&#8243; img_size=&#8221;medium&#8221;][\/vc_column_inner][vc_column_inner width=&#8221;3\/4&#8243;][vc_custom_heading text=&#8221;GEBAUT F\u00dcR DIE EWIGKEIT&#8221; font_container=&#8221;tag:h3|text_align:left&#8221; use_theme_fonts=&#8221;yes&#8221;][vc_column_text]Bei der Entwicklung des SWE\u00a0155F stand Langlebigkeit im Vordergrund. Der Cummins-Motor hat sich einen Ruf f\u00fcr hohe Widerstandsf\u00e4higkeit selbst unter extremen Einsatzbedingungen erworben. Besondere Aufmerksamkeit wurde zudem den wichtigen Komponenten des SWE\u00a0155F wie Ausleger und L\u00f6ffelstiel gewidmet, die mit einer h\u00f6heren Materialst\u00e4rke konzipiert sind. Alle tragenden Elemente bestehen aus hochfesten, hochdehnbaren und gesenkgeschmiedeten Formstahlteilen. Dies hat den gro\u00dfen Vorteil, dass diese Elemente nicht nur extrem belastbar sind, sondern auch \u00fcber eine hohe Strukturfestigkeit verf\u00fcgen. Mit diesem Verfahren wird eine deutliche h\u00f6here Zuverl\u00e4ssigkeit im Schwerlastbetrieb erzielt. L\u00f6ffelstiel und L\u00f6ffelstange beispielsweise sind mit einem Zuverl\u00e4ssigkeitsstandard von 20.000 Betriebsstunden konzipiert.<br \/>\nDie Schwerlast-Anbauger\u00e4te des SWE 155F werden zudem sorgf\u00e4ltig verg\u00fctet, was verbleibende Spannungen in Schwei\u00dfn\u00e4hten vollst\u00e4ndig beseitigt und die Zuverl\u00e4ssigkeit der Maschine deutlich steigert. Nach dem Schwei\u00dfen wird der nat\u00fcrliche Abk\u00fchlvorgang (mit der Gefahr eines ungleichm\u00e4\u00dfigen Abk\u00fchlens) verhindert, indem das Metall in einer Isolierkammer auf 600 &#8211; 800\u00a0\u00b0C erhitzt und anschlie\u00dfend langsam (5 &#8211; 8 Stunden) abgek\u00fchlt wird. Hersteller, die Zeit und Geld einsparen wollen, verwenden diese Art des Abk\u00fchlvorgangs normalerweise nicht.<br \/>\nZu guter Letzt wurde das X-Chassis verst\u00e4rkt, wodurch eine herausragende Verwindungsfestigkeit erzielt wurde.[\/vc_column_text][\/vc_column_inner][\/vc_row_inner][vc_separator][vc_row_inner][vc_column_inner width=&#8221;1\/4&#8243;][vc_single_image image=&#8221;1242&#8243; img_size=&#8221;medium&#8221;][\/vc_column_inner][vc_column_inner width=&#8221;3\/4&#8243;][vc_custom_heading text=&#8221;NIEDRIGER VERBRAUCH&#8221; font_container=&#8221;tag:h3|text_align:left&#8221; use_theme_fonts=&#8221;yes&#8221;][vc_column_text]Dank des Cummins QSF3.8-4-Zylinder-Reihenmotors verbraucht der SWE\u00a0155F weniger Kraftstoff und hat eine um bis zu 3\u00a0Prozent bessere Gesamt-Fl\u00fcssigkeitseffizienz (sowohl Kraftstoff als auch Diesel-DEF), ohne Kompromisse bei der Leistung einzugehen (dieser Motor hat eine noch bessere Leistungsf\u00e4higkeit im Vergleich zur Vorg\u00e4ngerversion, mit 10\u00a0% mehr Leistung und fast 20\u00a0% mehr Drehmoment \u00fcber den gesamten Drehzahlbereich).<\/p>\n<p>Der mittelgro\u00dfe Bagger SWE\u00a0155F von Sunward verf\u00fcgt zudem \u00fcber die h\u00f6chste Hydraulikeffizienz, was wiederum den Kraftstoffverbrauch senkt. Mit der neuen hochwertigen Pumpe und dem innovativen Konzept von Sunward konnte der Hubraum der Maschine um 7\u00a0%, die Leistung um 4\u00a0% und die Volumeneffizienz um 6\u00a0% gesteigert werden \u2013 wodurch der gesamte Bagger noch energieeffizienter wird.<\/p>\n<p>Und dank der drei Anbauger\u00e4te-Arbeitsmodi kann der Fahrer nicht nur die Vielseitigkeit nutzen, sondern auch den Kraftstoffverbrauch optimieren.[\/vc_column_text][\/vc_column_inner][\/vc_row_inner][vc_separator][vc_row_inner][vc_column_inner width=&#8221;1\/4&#8243;][vc_single_image image=&#8221;1243&#8243; img_size=&#8221;medium&#8221;][\/vc_column_inner][vc_column_inner width=&#8221;3\/4&#8243;][vc_custom_heading text=&#8221;VIELSEITIGKEIT ALS KONZEPT&#8221; font_container=&#8221;tag:h3|text_align:left&#8221; use_theme_fonts=&#8221;yes&#8221;][vc_column_text]Im Sinne von Sunwards Motto \u201eInnovation Leads To Value\u201c (Mehrwert durch Innovation) sind Entwicklung und Konstruktion des SWE\u00a0155F darauf ausgerichtet, f\u00fcr den Maschinenbesitzer einen optimalen Mehrwert zu generieren und dem Fahrer optimale Vielseitigkeit zu bieten. Der SWE\u00a0155F ist f\u00fcr unterschiedlichste Einsatzbedingungen und Anwendungsarten geeignet. Und dank der 3 separaten Zusatzleitungen (2 davon mit einem Absperrventil zur einfachen und \u00f6lleckagefreien Anbauger\u00e4te-Montage), den 3 L\u00f6ffel-Arbeitsmodi und den 3 Anbauger\u00e4te-Arbeitsmodi, braucht der Fahrer nur wenige Minuten, um die angebotenen M\u00f6glichkeiten vollst\u00e4ndig zu erfassen.[\/vc_column_text][\/vc_column_inner][\/vc_row_inner][vc_separator][vc_row_inner][vc_column_inner width=&#8221;1\/4&#8243;][vc_single_image image=&#8221;1146&#8243; img_size=&#8221;medium&#8221;][\/vc_column_inner][vc_column_inner width=&#8221;3\/4&#8243;][vc_custom_heading text=&#8221;WARTUNGSFREUNDLICH&#8221; font_container=&#8221;tag:h3|text_align:left&#8221; use_theme_fonts=&#8221;yes&#8221;][vc_column_text]Zur Verringerung der Wartungsdauer und -kosten k\u00f6nnen die Abdeckungen hinten und an der Seite vollst\u00e4ndig ge\u00f6ffnet werden, um direkten Zugang zu den Wartungspunkten zu bieten. Mit seinem sehr leicht zug\u00e4nglichen Kraftstofftank und den zentralen Schmiernippeln l\u00e4sst sich der SWE\u00a0155F ebenso einfach warten wie bedienen.[\/vc_column_text][\/vc_column_inner][\/vc_row_inner][vc_separator][vc_row_inner][vc_column_inner width=&#8221;1\/4&#8243;][vc_single_image image=&#8221;1205&#8243; img_size=&#8221;medium&#8221;][\/vc_column_inner][vc_column_inner width=&#8221;3\/4&#8243;][vc_custom_heading text=&#8221;SICHERHEITSKABINE&#8221; font_container=&#8221;tag:h3|text_align:left&#8221; use_theme_fonts=&#8221;yes&#8221;][vc_column_text]Die hochfeste Kabine des SWE\u00a0155F erf\u00fcllt alle FOPS-, TOPS- und ROPS-Anforderungen, die den Standard darstellen und zu den ersten Merkmalen geh\u00f6ren, um in jedem Anwendungsbereich ein sicheres und komfortables Arbeiten zu gew\u00e4hrleisten. Trotz seiner kompakten Au\u00dfenma\u00dfe bietet der SWE\u00a0155F einen bequemen Zugang zur ger\u00e4umigen Kabine \u2013 eine Einladung an Fahrer jeder Statur \u00fcberall in Europa.. Durch die gro\u00dfen Fenster und die gut organisierte Kabine ist alles so konstruiert, dass Maschinenf\u00fchrer sich stets komfortabel f\u00fchlen und produktiv bleiben.+F806[\/vc_column_text][\/vc_column_inner][\/vc_row_inner][vc_separator][vc_row_inner][vc_column_inner width=&#8221;1\/4&#8243;][vc_single_image image=&#8221;1071&#8243; img_size=&#8221;medium&#8221;][\/vc_column_inner][vc_column_inner width=&#8221;3\/4&#8243;][vc_custom_heading text=&#8221;BESTES PREIS-LEISTUNGS-VERH\u00c4LTNIS&#8221; font_container=&#8221;tag:h3|text_align:left&#8221; use_theme_fonts=&#8221;yes&#8221;][vc_column_text]Sunward \u2013 Ihre cleverste Investition in Zuverl\u00e4ssigkeit, Leistungsf\u00e4higkeit und hohe Kapitalrendite. Das professionelle Design des SWE\u00a0155F umfasst eine gut durchdachte Auswahl von Komponenten f\u00fcr eine optimale Bedienung und Wartung. Unsere Design-Wahl resultiert in einer Maschine, die eine Unmenge serienm\u00e4\u00dfig eingebauter Funktionen, Komponenten von Premiummarken und F\u00e4higkeiten bietet &#8211; und das alles zu einem guten Preis.<br \/>\nDar\u00fcber hinaus sind auch die Original-Ersatzteile von Sunward wirtschaftlich \u2013 wobei dieses \u00fcberzeugende Preis-Leistungs-Verh\u00e4ltnis von einer 5-Jahre-Garantie gekr\u00f6nt wird, die bei allen Sunward-Produkten serienm\u00e4\u00dfig ist.[\/vc_column_text][\/vc_column_inner][\/vc_row_inner][\/vc_tta_section][vc_tta_section title=&#8221;VIDEO&#8221; tab_id=&#8221;1623857706491-8aa3a03f-cca1&#8243;][vc_video link=&#8221;https:\/\/youtu.be\/1Ll8m9Y9d8Q&#8221;][\/vc_tta_section][vc_tta_section title=&#8221;BROSCH\u00dcRE&#8221; tab_id=&#8221;1623857795794-8fd5289e-c5a3&#8243;][vc_row_inner content_placement=&#8221;middle&#8221;][vc_column_inner width=&#8221;1\/4&#8243;][vc_single_image image=&#8221;4278&#8243; img_size=&#8221;large&#8221; css=&#8221;&#8221;][\/vc_column_inner][vc_column_inner width=&#8221;3\/4&#8243;][vc_custom_heading text=&#8221;PRODUKTBROSCH\u00dcRE&#8221; font_container=&#8221;tag:h3|text_align:left&#8221; use_theme_fonts=&#8221;yes&#8221;][vc_btn title=&#8221;DOWNLOAD&#8221; color=&#8221;orange&#8221; size=&#8221;lg&#8221; css=&#8221;&#8221; link=&#8221;url:https%3A%2F%2Fsunward.eu%2Fwp-content%2Fuploads%2F2025%2F05%2FSUNWARD_SWE-155F_05.2025_FINAL_HR_DE.pdf|title:Sunward%20SWE%20155F%20Product%20Brochure|target:_blank&#8221;][\/vc_column_inner][\/vc_row_inner][\/vc_tta_section][\/vc_tta_accordion][\/vc_column][\/vc_row]<\/p>\n<\/div>","protected":false},"excerpt":{"rendered":"<p>Sie suchen einen Bagger, der leistungsstark ist, aber wenig Platz braucht? Der mittelgro\u00dfe Sunward-Bagger SWE\u00a0155F ist perfekt f\u00fcr gro\u00dfe Bauvorhaben \u2013 ganz gleich ob Stra\u00dfen oder Geb\u00e4ude, Steinbruch-, Abbruch- oder Forstarbeiten. Er wurde so konzipiert, dass er vielseitig und widerstandsf\u00e4hig ist und eine hohe Nutzungsdauer hat. Die durchdachte Konstruktion des SWE\u00a0155F, der Stufe-V-konforme Cummins-Motor und das verbesserte Hydrauliksystem sorgen f\u00fcr einen reibungslosen Betrieb und hohe Produktivit\u00e4t. Dieser mittelgro\u00dfe Bagger der Spitzenklasse zeichnet sich durch ein hohes Leistungsverm\u00f6gen, Bedienungskomfort und -sicherheit sowie eine unkomplizierte Instandhaltung aus. [&#8230;]<\/p>\n<p><a class=\"btn btn-secondary understrap-read-more-link\" href=\"https:\/\/sunward.eu\/de\/product\/swe-155f\/\">Weiterlesen&#8230;<\/a><\/p>\n","protected":false},"featured_media":1223,"comment_status":"closed","ping_status":"closed","template":"","meta":{"_acf_changed":false,"inline_featured_image":false},"product_cat":[26,35],"product_tag":[],"class_list":{"0":"post-1222","1":"product","2":"type-product","3":"status-publish","4":"has-post-thumbnail","6":"product_cat-excavators","7":"product_cat-medium-excavators","8":"pa_emission-rating-eu-stage-5","9":"pa_max-digging-depth-5-530-mm","10":"pa_operating-weight-14-700-kg","11":"pa_power-output-90-kw","12":"pa_width-2-490-mm","14":"first","15":"instock","16":"shipping-taxable","17":"product-type-simple"},"translation":{"provider":"WPGlobus","version":"2.12.2","language":"de","enabled_languages":["en","de","fr","it"],"languages":{"en":{"title":true,"content":true,"excerpt":true},"de":{"title":true,"content":true,"excerpt":true},"fr":{"title":true,"content":true,"excerpt":true},"it":{"title":true,"content":true,"excerpt":true}}},"acf":[],"yoast_head":"<!-- This site is optimized with the Yoast SEO plugin v22.6 - https:\/\/yoast.com\/wordpress\/plugins\/seo\/ -->\n<title>SWE 155F - Sunward Europe (Official Website for EU &amp; UK)<\/title>\n<meta name=\"robots\" content=\"index, follow, max-snippet:-1, max-image-preview:large, max-video-preview:-1\" \/>\n<link rel=\"canonical\" href=\"https:\/\/sunward.eu\/product\/swe-155f\/\" \/>\n<meta property=\"og:locale\" content=\"de_DE\" \/>\n<meta property=\"og:type\" content=\"article\" \/>\n<meta property=\"og:title\" content=\"SWE 155F - Sunward Europe (Official Website for EU &amp; UK)\" \/>\n<meta property=\"og:url\" content=\"https:\/\/sunward.eu\/product\/swe-155f\/\" \/>\n<meta property=\"og:site_name\" content=\"Sunward Europe (Official Website for EU &amp; UK)\" \/>\n<meta property=\"article:modified_time\" content=\"2025-07-11T13:41:52+00:00\" \/>\n<meta property=\"og:image\" content=\"https:\/\/sunward.eu\/wp-content\/uploads\/2022\/01\/Sunward_SWE-155F_MAIN.png\" \/>\n\t<meta property=\"og:image:width\" content=\"1000\" \/>\n\t<meta property=\"og:image:height\" content=\"1000\" \/>\n\t<meta property=\"og:image:type\" content=\"image\/png\" \/>\n<meta name=\"twitter:card\" content=\"summary_large_image\" \/>\n<meta name=\"twitter:label1\" content=\"Est. reading time\" \/>\n\t<meta name=\"twitter:data1\" content=\"6 minutes\" \/>\n<script type=\"application\/ld+json\" class=\"yoast-schema-graph\">{\"@context\":\"https:\/\/schema.org\",\"@graph\":[{\"@type\":\"WebPage\",\"@id\":\"https:\/\/sunward.eu\/product\/swe-155f\/\",\"url\":\"https:\/\/sunward.eu\/product\/swe-155f\/\",\"name\":\"SWE 155F - Sunward Europe (Official Website for EU &amp; UK)\",\"isPartOf\":{\"@id\":\"https:\/\/sunward.eu\/#website\"},\"primaryImageOfPage\":{\"@id\":\"https:\/\/sunward.eu\/product\/swe-155f\/#primaryimage\"},\"image\":{\"@id\":\"https:\/\/sunward.eu\/product\/swe-155f\/#primaryimage\"},\"thumbnailUrl\":\"https:\/\/sunward.eu\/wp-content\/uploads\/2022\/01\/Sunward_SWE-155F_MAIN.png\",\"datePublished\":\"2022-01-18T14:13:49+00:00\",\"dateModified\":\"2025-07-11T13:41:52+00:00\",\"breadcrumb\":{\"@id\":\"https:\/\/sunward.eu\/product\/swe-155f\/#breadcrumb\"},\"inLanguage\":\"de-DE\",\"potentialAction\":[{\"@type\":\"ReadAction\",\"target\":[\"https:\/\/sunward.eu\/product\/swe-155f\/\"]}]},{\"@type\":\"ImageObject\",\"inLanguage\":\"de-DE\",\"@id\":\"https:\/\/sunward.eu\/product\/swe-155f\/#primaryimage\",\"url\":\"https:\/\/sunward.eu\/wp-content\/uploads\/2022\/01\/Sunward_SWE-155F_MAIN.png\",\"contentUrl\":\"https:\/\/sunward.eu\/wp-content\/uploads\/2022\/01\/Sunward_SWE-155F_MAIN.png\",\"width\":1000,\"height\":1000},{\"@type\":\"BreadcrumbList\",\"@id\":\"https:\/\/sunward.eu\/product\/swe-155f\/#breadcrumb\",\"itemListElement\":[{\"@type\":\"ListItem\",\"position\":1,\"name\":\"Home\",\"item\":\"https:\/\/sunward.eu\/\"},{\"@type\":\"ListItem\",\"position\":2,\"name\":\"Products\",\"item\":\"https:\/\/sunward.eu\/shop\/\"},{\"@type\":\"ListItem\",\"position\":3,\"name\":\"Excavators\",\"item\":\"https:\/\/sunward.eu\/product-category\/excavators\/\"},{\"@type\":\"ListItem\",\"position\":4,\"name\":\"SWE 155F\"}]},{\"@type\":\"WebSite\",\"@id\":\"https:\/\/sunward.eu\/#website\",\"url\":\"https:\/\/sunward.eu\/\",\"name\":\"Sunward Europe (Official Website for EU &amp; UK)\",\"description\":\"The smart choice\",\"publisher\":{\"@id\":\"https:\/\/sunward.eu\/#organization\"},\"potentialAction\":[{\"@type\":\"SearchAction\",\"target\":{\"@type\":\"EntryPoint\",\"urlTemplate\":\"https:\/\/sunward.eu\/?s={search_term_string}\"},\"query-input\":\"required name=search_term_string\"}],\"inLanguage\":\"de-DE\"},{\"@type\":\"Organization\",\"@id\":\"https:\/\/sunward.eu\/#organization\",\"name\":\"Sunward Europe (Official Website for EU &amp; UK)\",\"url\":\"https:\/\/sunward.eu\/\",\"logo\":{\"@type\":\"ImageObject\",\"inLanguage\":\"de-DE\",\"@id\":\"https:\/\/sunward.eu\/#\/schema\/logo\/image\/\",\"url\":\"https:\/\/sunward.eu\/wp-content\/uploads\/2022\/01\/Website_Sunward_logo_top_180x63px.png\",\"contentUrl\":\"https:\/\/sunward.eu\/wp-content\/uploads\/2022\/01\/Website_Sunward_logo_top_180x63px.png\",\"width\":180,\"height\":63,\"caption\":\"Sunward Europe (Official Website for EU &amp; UK)\"},\"image\":{\"@id\":\"https:\/\/sunward.eu\/#\/schema\/logo\/image\/\"}}]}<\/script>\n<!-- \/ Yoast SEO plugin. -->","yoast_head_json":{"title":"SWE 155F - Sunward Europe (Official Website for EU &amp; UK)","robots":{"index":"index","follow":"follow","max-snippet":"max-snippet:-1","max-image-preview":"max-image-preview:large","max-video-preview":"max-video-preview:-1"},"canonical":"https:\/\/sunward.eu\/product\/swe-155f\/","og_locale":"de_DE","og_type":"article","og_title":"SWE 155F - Sunward Europe (Official Website for EU &amp; UK)","og_url":"https:\/\/sunward.eu\/product\/swe-155f\/","og_site_name":"Sunward Europe (Official Website for EU &amp; UK)","article_modified_time":"2025-07-11T13:41:52+00:00","og_image":[{"width":1000,"height":1000,"url":"https:\/\/sunward.eu\/wp-content\/uploads\/2022\/01\/Sunward_SWE-155F_MAIN.png","type":"image\/png"}],"twitter_card":"summary_large_image","twitter_misc":{"Est. reading time":"6 minutes"},"schema":{"@context":"https:\/\/schema.org","@graph":[{"@type":"WebPage","@id":"https:\/\/sunward.eu\/product\/swe-155f\/","url":"https:\/\/sunward.eu\/product\/swe-155f\/","name":"SWE 155F - Sunward Europe (Official Website for EU &amp; UK)","isPartOf":{"@id":"https:\/\/sunward.eu\/#website"},"primaryImageOfPage":{"@id":"https:\/\/sunward.eu\/product\/swe-155f\/#primaryimage"},"image":{"@id":"https:\/\/sunward.eu\/product\/swe-155f\/#primaryimage"},"thumbnailUrl":"https:\/\/sunward.eu\/wp-content\/uploads\/2022\/01\/Sunward_SWE-155F_MAIN.png","datePublished":"2022-01-18T14:13:49+00:00","dateModified":"2025-07-11T13:41:52+00:00","breadcrumb":{"@id":"https:\/\/sunward.eu\/product\/swe-155f\/#breadcrumb"},"inLanguage":"de-DE","potentialAction":[{"@type":"ReadAction","target":["https:\/\/sunward.eu\/product\/swe-155f\/"]}]},{"@type":"ImageObject","inLanguage":"de-DE","@id":"https:\/\/sunward.eu\/product\/swe-155f\/#primaryimage","url":"https:\/\/sunward.eu\/wp-content\/uploads\/2022\/01\/Sunward_SWE-155F_MAIN.png","contentUrl":"https:\/\/sunward.eu\/wp-content\/uploads\/2022\/01\/Sunward_SWE-155F_MAIN.png","width":1000,"height":1000},{"@type":"BreadcrumbList","@id":"https:\/\/sunward.eu\/product\/swe-155f\/#breadcrumb","itemListElement":[{"@type":"ListItem","position":1,"name":"Home","item":"https:\/\/sunward.eu\/"},{"@type":"ListItem","position":2,"name":"Products","item":"https:\/\/sunward.eu\/shop\/"},{"@type":"ListItem","position":3,"name":"Excavators","item":"https:\/\/sunward.eu\/product-category\/excavators\/"},{"@type":"ListItem","position":4,"name":"SWE 155F"}]},{"@type":"WebSite","@id":"https:\/\/sunward.eu\/#website","url":"https:\/\/sunward.eu\/","name":"Sunward Europe (Official Website for EU &amp; UK)","description":"The smart choice","publisher":{"@id":"https:\/\/sunward.eu\/#organization"},"potentialAction":[{"@type":"SearchAction","target":{"@type":"EntryPoint","urlTemplate":"https:\/\/sunward.eu\/?s={search_term_string}"},"query-input":"required name=search_term_string"}],"inLanguage":"de-DE"},{"@type":"Organization","@id":"https:\/\/sunward.eu\/#organization","name":"Sunward Europe (Official Website for EU &amp; UK)","url":"https:\/\/sunward.eu\/","logo":{"@type":"ImageObject","inLanguage":"de-DE","@id":"https:\/\/sunward.eu\/#\/schema\/logo\/image\/","url":"https:\/\/sunward.eu\/wp-content\/uploads\/2022\/01\/Website_Sunward_logo_top_180x63px.png","contentUrl":"https:\/\/sunward.eu\/wp-content\/uploads\/2022\/01\/Website_Sunward_logo_top_180x63px.png","width":180,"height":63,"caption":"Sunward Europe (Official Website for EU &amp; UK)"},"image":{"@id":"https:\/\/sunward.eu\/#\/schema\/logo\/image\/"}}]}},"_links":{"self":[{"href":"https:\/\/sunward.eu\/de\/wp-json\/wp\/v2\/product\/1222","targetHints":{"allow":["GET"]}}],"collection":[{"href":"https:\/\/sunward.eu\/de\/wp-json\/wp\/v2\/product"}],"about":[{"href":"https:\/\/sunward.eu\/de\/wp-json\/wp\/v2\/types\/product"}],"replies":[{"embeddable":true,"href":"https:\/\/sunward.eu\/de\/wp-json\/wp\/v2\/comments?post=1222"}],"wp:featuredmedia":[{"embeddable":true,"href":"https:\/\/sunward.eu\/de\/wp-json\/wp\/v2\/media\/1223"}],"wp:attachment":[{"href":"https:\/\/sunward.eu\/de\/wp-json\/wp\/v2\/media?parent=1222"}],"wp:term":[{"taxonomy":"product_cat","embeddable":true,"href":"https:\/\/sunward.eu\/de\/wp-json\/wp\/v2\/product_cat?post=1222"},{"taxonomy":"product_tag","embeddable":true,"href":"https:\/\/sunward.eu\/de\/wp-json\/wp\/v2\/product_tag?post=1222"}],"curies":[{"name":"wp","href":"https:\/\/api.w.org\/{rel}","templated":true}]}}