{"id":1207,"date":"2022-01-18T13:23:18","date_gmt":"2022-01-18T12:23:18","guid":{"rendered":"https:\/\/sunward.eu\/?post_type=product&#038;p=1207"},"modified":"2025-07-11T15:45:47","modified_gmt":"2025-07-11T13:45:47","slug":"swe-90uf","status":"publish","type":"product","link":"https:\/\/sunward.eu\/de\/product\/swe-90uf\/","title":{"rendered":"SWE 90UF"},"content":{"rendered":"<div class=\"wpb-content-wrapper\"><p>[vc_row][vc_column][vc_tta_accordion style=&#8221;flat&#8221; c_icon=&#8221;chevron&#8221; c_position=&#8221;right&#8221; active_section=&#8221;1&#8243; no_fill=&#8221;true&#8221; el_class=&#8221;custom-accordion&#8221;][vc_tta_section title=&#8221;TECHNISCHE DATEN&#8221; tab_id=&#8221;1623355628079-f58b5c44-7c4b&#8221;][vc_custom_heading text=&#8221;SUNWARD SWE 90UF&#8221; font_container=&#8221;tag:h3|text_align:left&#8221; use_theme_fonts=&#8221;yes&#8221;][vc_column_text css=&#8221;&#8221;]Der Sunward SWE\u00a090UF Kompaktbagger kam Ende 2020 auf den Markt. Der SWE 90UF wurde speziell f\u00fcr den europ\u00e4ischen Markt entwickelt, wo Unternehmer \u2013 von der Abbruch- bis zur Verleihbranche \u2013 eine kompakte, aber dennoch hochleistungsf\u00e4hige Maschine zu sch\u00e4tzen wissen. Mit seinem extrem kurzen \u00dcberhang ist er der k\u00fcrzeste 9-t-Kurzheck-Bagger (um fast 20\u00a0cm), der momentan auf dem Markt erh\u00e4ltlich ist. Dank seines Designs bietet der SWE\u00a090UF nicht nur mehr Leistung bei geringerer Standfl\u00e4che, sondern er erreicht auch engere Stellen als andere \u00e4hnliche Produkte.<br \/>\nDie Maschine vereint mit dem 4TNV98C-Motor von Yanmar mit 46.2 kW mit einer unglaublichen Pr\u00e4zision, dank der dualen Proportional-Joysticks und des perfekt abgestimmten Hydraulikflusses in Verbindung mit dem LUDFF-System (Load Independant Flow Control). F\u00fcr ein ausgewogenes Verh\u00e4ltnis von Kraftstoffverbrauch und gew\u00fcnschter Produktivit\u00e4t hat der SWE 90UF drei Arbeitsmodi.<br \/>\nNat\u00fcrlich ist uns bewusst, dass Sicherheit und Komfort stets Hand in Hand gehen sollten \u2013 darum bietet Ihnen der SWE\u00a090UF gr\u00f6\u00dftm\u00f6gliche Sicherheit und maximalen Komfort unter allen Arbeitsbedingungen.<br \/>\nEs ist bereits eine Tradition bei Sunward, stets das beste Preis-Leistungs-Verh\u00e4ltnis zu bieten, und auch der SWE 90UF ist da keine Ausnahme \u2013 er bietet zahlreiche Funktionsmerkmale und bis zu 5 Jahre Garantie zum richtigen Preis.<br \/>\nEntdecken Sie alle weiteren Vorteile des Sunward SWE 90UF.[\/vc_column_text][vc_row_inner][vc_column_inner width=&#8221;1\/2&#8243;][vc_toggle title=&#8221;ABMESSUNGEN&#8221; css=&#8221;&#8221;]<\/p>\n<table width=\"1112\">\n<tbody>\n<tr>\n<td width=\"673\">Betriebsgewicht<\/td>\n<td width=\"439\">8 750 kg<\/td>\n<\/tr>\n<tr>\n<td width=\"673\">Standard-L\u00f6ffelvolumen<\/td>\n<td>0.26 m\u00b3<\/td>\n<\/tr>\n<tr>\n<td width=\"673\">Transportl\u00e4nge<\/td>\n<td>6 495 mm<\/td>\n<\/tr>\n<tr>\n<td width=\"673\">Transportbreite<\/td>\n<td>2 270 mm<\/td>\n<\/tr>\n<tr>\n<td width=\"673\">H\u00f6he \u00fcber Kabine<\/td>\n<td>2 735 mm<\/td>\n<\/tr>\n<\/tbody>\n<\/table>\n<p>[\/vc_toggle][vc_toggle title=&#8221;MOTOR&#8221; css=&#8221;&#8221;]<\/p>\n<table width=\"1112\">\n<tbody>\n<tr>\n<td width=\"673\">Modell<\/td>\n<td width=\"439\">Yanmar 4TNV98C<\/td>\n<\/tr>\n<tr>\n<td>Emissionsstufe<\/td>\n<td>EU Stufe V<\/td>\n<\/tr>\n<tr>\n<td>Hubraum<\/td>\n<td>3.3 l<\/td>\n<\/tr>\n<tr>\n<td>Nennausgangsleistung<\/td>\n<td>46.2 kW<\/td>\n<\/tr>\n<\/tbody>\n<\/table>\n<p>[\/vc_toggle][vc_toggle title=&#8221;HYDRAULIKSYSTEM&#8221; css=&#8221;&#8221;]<\/p>\n<table width=\"1112\">\n<tbody>\n<tr>\n<td width=\"673\">Typ<\/td>\n<td width=\"439\">1 Kolbenverstellpumpe<\/td>\n<\/tr>\n<tr>\n<td>Hubraum<\/td>\n<td>158.4 l\/min<\/td>\n<\/tr>\n<tr>\n<td>Hydraulikdruck<\/td>\n<td>28\u00a0MPa<\/td>\n<\/tr>\n<\/tbody>\n<\/table>\n<p>[\/vc_toggle][vc_toggle title=&#8221;ARBEITSBEREICH&#8221; css=&#8221;&#8221;]<\/p>\n<table width=\"1112\">\n<tbody>\n<tr>\n<td width=\"673\">Max. Grabtiefe<\/td>\n<td width=\"439\">4 545 mm<\/td>\n<\/tr>\n<tr>\n<td>Max. Grabreichweite<\/td>\n<td>7 445 mm<\/td>\n<\/tr>\n<tr>\n<td>Max. Grabkraft L\u00f6ffel<\/td>\n<td>63.5 kN<\/td>\n<\/tr>\n<tr>\n<td>Max. Grabkraft L\u00f6ffelstiel<\/td>\n<td>38\u00a0kN<\/td>\n<\/tr>\n<\/tbody>\n<\/table>\n<p>[\/vc_toggle][\/vc_column_inner][vc_column_inner width=&#8221;1\/2&#8243;][\/vc_column_inner][\/vc_row_inner][\/vc_tta_section][vc_tta_section title=&#8221;MERKMALE UND VORTEILE&#8221; tab_id=&#8221;1623355710952-d36b50a3-81ed&#8221;][vc_row_inner][vc_column_inner width=&#8221;1\/4&#8243;][vc_single_image image=&#8221;1070&#8243; img_size=&#8221;medium&#8221;][\/vc_column_inner][vc_column_inner width=&#8221;3\/4&#8243;][vc_custom_heading text=&#8221;F\u00dcR EUROPA KONZIPIERT&#8221; font_container=&#8221;tag:h3|text_align:left&#8221; use_theme_fonts=&#8221;yes&#8221;][vc_column_text]Zus\u00e4tzlich zur EU-Zertifizierung wurde der SWE\u00a090UF speziell f\u00fcr die Anforderungen des europ\u00e4ischen Marktes konzipiert.[\/vc_column_text][\/vc_column_inner][\/vc_row_inner][vc_separator][vc_row_inner][vc_column_inner width=&#8221;1\/4&#8243;][vc_single_image image=&#8221;1209&#8243; img_size=&#8221;medium&#8221;][\/vc_column_inner][vc_column_inner width=&#8221;3\/4&#8243;][vc_custom_heading text=&#8221;LEISTUNGSF\u00c4HIGE UND ZUVERL\u00c4SSIGE MASCHINE&#8221; font_container=&#8221;tag:h3|text_align:left&#8221; use_theme_fonts=&#8221;yes&#8221;][vc_column_text css=&#8221;&#8221;]Als das Herz des SWE 90UF haben wir den Yanmar 4TNV98C-Motor gew\u00e4hlt, der die neuesten EU-Emissionsvorschriften der Stufe V erf\u00fcllt. Diese neue Motorengeneration verf\u00fcgt \u00fcber eine Common-Rail-Direkteinspritzung, die f\u00fcr eine pr\u00e4zisere Kraftstoffzufuhr und -steuerung, h\u00f6here Kraftstoffeffizienz, bessere Abgasnachbehandlung, geringere Emissionen und bessere Leistungsf\u00e4higkeit sorgt. Was die Kraftentfaltung betrifft, bietet der Yanmar 4TNV98C eine Ausgangsleistung von 46.2 kW, die f\u00fcr eine Vielzahl von Anwendungen ausreicht.[\/vc_column_text][\/vc_column_inner][\/vc_row_inner][vc_separator][vc_row_inner][vc_column_inner width=&#8221;1\/4&#8243;][vc_single_image image=&#8221;1091&#8243; img_size=&#8221;medium&#8221;][\/vc_column_inner][vc_column_inner width=&#8221;3\/4&#8243;][vc_custom_heading text=&#8221;PREMIUM-KOMPONENTEN&#8221; font_container=&#8221;tag:h3|text_align:left&#8221; use_theme_fonts=&#8221;yes&#8221;][vc_column_text css=&#8221;&#8221;]Alle Schl\u00fcsselkomponenten der Sunward-Bagger werden sorgf\u00e4ltig ausgew\u00e4hlt \u2013 vom Yanmar-Motor bis zum Hydrauliksystem. Da die Hydraulik oft als das Herz der Maschine gilt, arbeitet Sunward ausschlie\u00dflich mit f\u00fchrenden Zulieferern zusammen, die f\u00fcr Innovation, Qualit\u00e4t und Leistung bekannt sind. F\u00fcr die Hydraulikpumpe, Ventile und Joysticks haben wir einen Premiumhersteller gew\u00e4hlt, der Ma\u00dfst\u00e4be in Design und Zuverl\u00e4ssigkeit setzt. Diese Komponenten sorgen f\u00fcr pr\u00e4zise Steuerung und gleichbleibende Leistung &#8211; was sich direkt auf die Zuverl\u00e4ssigkeit der gesamten Maschine auswirkt. Auch f\u00fcr den Fahr- und Schwenkmotor wurden bew\u00e4hrte Hersteller ausgew\u00e4hlt, um einen reibungslosen und effizienten Betrieb in allen Einsatzbereichen zu gew\u00e4hrleisten.[\/vc_column_text][\/vc_column_inner][\/vc_row_inner][vc_separator][vc_row_inner][vc_column_inner width=&#8221;1\/4&#8243;][vc_single_image image=&#8221;1076&#8243; img_size=&#8221;medium&#8221;][\/vc_column_inner][vc_column_inner width=&#8221;3\/4&#8243;][vc_custom_heading text=&#8221;GROSSER ARBEITSBEREICH&#8221; font_container=&#8221;tag:h3|text_align:left&#8221; use_theme_fonts=&#8221;yes&#8221;][vc_column_text css=&#8221;&#8221;]Mit einer Grabkraft von 38 kN (L\u00f6ffelstiel) und knapp 63.5 kN (L\u00f6ffel) ist der SWE 90UF den derzeit auf dem Markt erh\u00e4ltlichen 9-t-Referenzmaschinen durchaus ebenb\u00fcrtig, teils sogar \u00fcberlegen. Auch bei Arbeiten, die eine gro\u00dfe Reichweite erfordern, wird der SWE 90UF mit nahezu 7.5 m allen Anspr\u00fcchen gerecht.[\/vc_column_text][\/vc_column_inner][\/vc_row_inner][vc_separator][vc_row_inner][vc_column_inner width=&#8221;1\/4&#8243;][vc_single_image image=&#8221;1220&#8243; img_size=&#8221;medium&#8221;][\/vc_column_inner][vc_column_inner width=&#8221;3\/4&#8243;][vc_custom_heading text=&#8221;GEWICHTHEBER&#8221; font_container=&#8221;tag:h3|text_align:left&#8221; use_theme_fonts=&#8221;yes&#8221;][vc_column_text css=&#8221;&#8221;]Der SWE 90UF verf\u00fcgt \u00fcber au\u00dfergew\u00f6hnliche Hubkr\u00e4fte von bis zu max. 4 749 kg und bis zu (max.) 7 445 mm ausgestreckter Reichweite, die den seit langem auf dem Markt etablierten 9-Tonnen-Baggern locker Konkurrenz machen.[\/vc_column_text][\/vc_column_inner][\/vc_row_inner][vc_separator][vc_row_inner][vc_column_inner width=&#8221;1\/4&#8243;][vc_single_image image=&#8221;1221&#8243; img_size=&#8221;medium&#8221;][\/vc_column_inner][vc_column_inner width=&#8221;3\/4&#8243;][vc_custom_heading text=&#8221;KOMPAKT UND WENDIG&#8221; font_container=&#8221;tag:h3|text_align:left&#8221; use_theme_fonts=&#8221;yes&#8221;][vc_column_text]Die einzigartige Konstruktion des SWE 90UF erg\u00e4nzt die Leistung seiner Premium-Komponenten, da dieser \u00e4u\u00dferst kompakte 9-Tonnen-Bagger das (um fast 20\u00a0cm) k\u00fcrzeste auf dem Markt erh\u00e4ltliche Kurzheckmodell ist. Diese wertvollen Zentimeter seines Schwenkradius machen den Unterschied aus, egal, ob er auf einem normalen Lastwagen oder einer Spezialmaschine transportiert wird. Bei der Arbeit bietet der SWE 90UF dann die f\u00fcr weitreichende Grab- und Hubarbeiten erforderliche Standfestigkeit.[\/vc_column_text][\/vc_column_inner][\/vc_row_inner][vc_separator][vc_row_inner][vc_column_inner width=&#8221;1\/4&#8243;][vc_single_image image=&#8221;1183&#8243; img_size=&#8221;medium&#8221;][\/vc_column_inner][vc_column_inner width=&#8221;3\/4&#8243;][vc_custom_heading text=&#8221;AB WERK GUT AUSGER\u00dcSTET&#8221; font_container=&#8221;tag:h3|text_align:left&#8221; use_theme_fonts=&#8221;yes&#8221;][vc_column_text]Der Sunward SWE\u00a090UF Minibagger ist bereits ab Werk hervorragend ausger\u00fcstet:<br \/>\n\u2013 Automatische Leerlauffunktion, um Kraftstoff zu sparen und den Verbrauch zu senken. \u2013 W\u00e4hrend andere Hersteller \u00fcblicherweise ein Drosselventil verwenden (weil es g\u00fcnstiger ist), hat sich Sunward f\u00fcr ein lastabh\u00e4ngiges (hydraulisches) System mit gr\u00f6\u00dferem Energiesparpotenzial entschieden.<br \/>\n\u2013 Sicherer Betrieb dank Sicherheitsventilen f\u00fcr den Auslegerzylinder<br \/>\n\u2013 Sanftere Betriebsabl\u00e4ufe dank Fahrmotor mit automatischer Schaltung<br \/>\n\u2013 TOPS- und FOPS-Kabine<br \/>\n\u2013 Sicherer Betrieb und h\u00f6here Batterielebensdauer\/-leistung dank Batterietrennschalter \u2013 besonders willkommen im kalten Klima Skandinaviens<br \/>\n\u2013 Doppelt wirkender Hydraulikkreislauf<br \/>\n\u2013 Werksseitig montierte Hydraulik-Schnellwechslerleitung<br \/>\n\u2013 Werksseitig montierte Hydraulikhammer- und Rotationsleitung<br \/>\n\u2013 Werksseitig montierte Geh\u00e4useabflussleitung<br \/>\n\u2013 Werksseitig montierte Duale Proportional-Joysticks<br \/>\n\u2013 Werksseitig montierte Joystick-Tiltrotator-Steuerung (Tiltrotator nach Wahl)<br \/>\n\u2013 4 LED-Arbeitsleuchten serienm\u00e4\u00dfig: 2 vorn an der Kabine, 2 seitlich am Ausleger[\/vc_column_text][\/vc_column_inner][\/vc_row_inner][vc_separator][vc_row_inner][vc_column_inner width=&#8221;1\/4&#8243;][vc_single_image image=&#8221;1146&#8243; img_size=&#8221;medium&#8221;][\/vc_column_inner][vc_column_inner width=&#8221;3\/4&#8243;][vc_custom_heading text=&#8221;WARTUNGSFREUNDLICH&#8221; font_container=&#8221;tag:h3|text_align:left&#8221; use_theme_fonts=&#8221;yes&#8221;][vc_column_text]Um die Wartungsdauer und -kosten f\u00fcr den SWE 90UF zu verringern, bieten die Abdeckungen hinten und an der Seite direkten Zugang zu den Wartungspunkten. Die Standard-Wartungspunkte \u2013 f\u00fcr Kraftstoff-, \u00d6l-, und Luftfilter \u2013 sind direkt \u00fcber die hintere Abdeckung zug\u00e4nglich. Mit seinem sehr leicht zug\u00e4nglichen Kraftstofftank und den zentralen Schmiernippeln lassen sich diese Minibagger ebenso einfach warten wie bedienen.[\/vc_column_text][\/vc_column_inner][\/vc_row_inner][vc_separator][vc_row_inner][vc_column_inner width=&#8221;1\/4&#8243;][vc_single_image image=&#8221;1205&#8243; img_size=&#8221;medium&#8221;][\/vc_column_inner][vc_column_inner width=&#8221;3\/4&#8243;][vc_custom_heading text=&#8221;SICHERHEITSKABINE&#8221; font_container=&#8221;tag:h3|text_align:left&#8221; use_theme_fonts=&#8221;yes&#8221;][vc_column_text]Die hochfeste Kabine des SWE\u00a090UF erf\u00fcllt alle FOPS-, TOPS- und ROPS-Anforderungen, die den Standard darstellen und zu den ersten Merkmalen geh\u00f6ren, um in jeder Anwendungsumgebung ein sicheres und komfortables Arbeiten zu gew\u00e4hrleisten. Trotz seiner kompakten Au\u00dfenma\u00dfe bietet der SWE\u00a090UF einen bequemen Zugang zur ger\u00e4umigen Kabine \u2013 eine Einladung an Fahrer jeder Statur \u00fcberall in Europa. Die gro\u00dfen Fenster und das wohldurchdachte Kabinendesign sorgen daf\u00fcr, dass sich der Fahrer stets komfortabel f\u00fchlt und produktiv bleibt.[\/vc_column_text][\/vc_column_inner][\/vc_row_inner][vc_separator][vc_row_inner][vc_column_inner width=&#8221;1\/4&#8243;][vc_single_image image=&#8221;1071&#8243; img_size=&#8221;medium&#8221;][\/vc_column_inner][vc_column_inner width=&#8221;3\/4&#8243;][vc_custom_heading text=&#8221;BESTES PREIS-LEISTUNGS-VERH\u00c4LTNIS&#8221; font_container=&#8221;tag:h3|text_align:left&#8221; use_theme_fonts=&#8221;yes&#8221;][vc_column_text]Sunward \u2013 Ihre cleverste Investition in Zuverl\u00e4ssigkeit, Leistungsf\u00e4higkeit und hohe Kapitalrendite. Das professionelle Design des SWE\u00a090UF umfasst eine gut durchdachte Auswahl von Komponenten f\u00fcr eine optimale Bedienung und Wartung. Unsere Design-Wahl resultiert in einer Maschine, die eine Unmenge serienm\u00e4\u00dfig eingebauter Funktionen, Komponenten von Premiummarken und F\u00e4higkeiten bietet &#8211; und das alles zu einem guten Preis.<br \/>\nDar\u00fcber hinaus sind auch die Original-Ersatzteile von Sunward wirtschaftlich \u2013 wobei dieses \u00fcberzeugende Preis-Leistungs-Verh\u00e4ltnis von einer 5-Jahre-Garantie gekr\u00f6nt wird, die bei allen Sunward-Produkten serienm\u00e4\u00dfig ist.[\/vc_column_text][\/vc_column_inner][\/vc_row_inner][\/vc_tta_section][vc_tta_section title=&#8221;VIDEO&#8221; tab_id=&#8221;1623857706491-8aa3a03f-cca1&#8243;][vc_video link=&#8221;https:\/\/youtu.be\/pVgC2LFxO7Y&#8221;][\/vc_tta_section][vc_tta_section title=&#8221;BROSCH\u00dcRE&#8221; tab_id=&#8221;1623857795794-8fd5289e-c5a3&#8243;][vc_row_inner content_placement=&#8221;middle&#8221;][vc_column_inner width=&#8221;1\/4&#8243;][vc_single_image image=&#8221;4276&#8243; img_size=&#8221;large&#8221; css=&#8221;&#8221;][\/vc_column_inner][vc_column_inner width=&#8221;3\/4&#8243;][vc_custom_heading text=&#8221;PRODUKTBROSCH\u00dcRE&#8221; font_container=&#8221;tag:h3|text_align:left&#8221; use_theme_fonts=&#8221;yes&#8221;][vc_btn title=&#8221;DOWNLOAD&#8221; color=&#8221;orange&#8221; size=&#8221;lg&#8221; css=&#8221;&#8221; link=&#8221;url:https%3A%2F%2Fsunward.eu%2Fwp-content%2Fuploads%2F2025%2F06%2FSUNWARD_SWE-90UF_05.2025_FINAL_HR_DE.pdf|title:Sunward%20SWE%2090UF%20Product%20Brochure|target:_blank&#8221;][\/vc_column_inner][\/vc_row_inner][\/vc_tta_section][\/vc_tta_accordion][\/vc_column][\/vc_row]<\/p>\n<\/div>","protected":false},"excerpt":{"rendered":"<p>Der Sunward SWE\u00a090UF Kompaktbagger kam Ende 2020 auf den Markt. Der SWE 90UF wurde speziell f\u00fcr den europ\u00e4ischen Markt entwickelt, wo Unternehmer \u2013 von der Abbruch- bis zur Verleihbranche \u2013 eine kompakte, aber dennoch hochleistungsf\u00e4hige Maschine zu sch\u00e4tzen wissen. Mit seinem extrem kurzen \u00dcberhang ist er der k\u00fcrzeste 9-t-Kurzheck-Bagger (um fast 20\u00a0cm), der momentan auf dem Markt erh\u00e4ltlich ist. [&#8230;]<\/p>\n<p><a class=\"btn btn-secondary understrap-read-more-link\" href=\"https:\/\/sunward.eu\/de\/product\/swe-90uf\/\">Weiterlesen&#8230;<\/a><\/p>\n","protected":false},"featured_media":1212,"comment_status":"closed","ping_status":"closed","template":"","meta":{"_acf_changed":false,"inline_featured_image":false},"product_cat":[26,36],"product_tag":[],"class_list":{"0":"post-1207","1":"product","2":"type-product","3":"status-publish","4":"has-post-thumbnail","6":"product_cat-excavators","7":"product_cat-compact-excavators","8":"pa_emission-rating-eu-stage-5","9":"pa_max-digging-depth-4-545-mm","10":"pa_operating-weight-8-750-kg","11":"pa_power-output-46-2-kw","12":"pa_width-2-270-mm","14":"first","15":"instock","16":"shipping-taxable","17":"product-type-simple"},"translation":{"provider":"WPGlobus","version":"2.12.2","language":"de","enabled_languages":["en","de","fr","it"],"languages":{"en":{"title":true,"content":true,"excerpt":true},"de":{"title":true,"content":true,"excerpt":true},"fr":{"title":true,"content":true,"excerpt":true},"it":{"title":true,"content":true,"excerpt":true}}},"acf":[],"yoast_head":"<!-- This site is optimized with the Yoast SEO plugin v22.6 - https:\/\/yoast.com\/wordpress\/plugins\/seo\/ -->\n<title>SWE 90UF - Sunward Europe (Official Website for EU &amp; UK)<\/title>\n<meta name=\"robots\" content=\"index, follow, max-snippet:-1, max-image-preview:large, max-video-preview:-1\" \/>\n<link rel=\"canonical\" href=\"https:\/\/sunward.eu\/product\/swe-90uf\/\" \/>\n<meta property=\"og:locale\" content=\"de_DE\" \/>\n<meta property=\"og:type\" content=\"article\" \/>\n<meta property=\"og:title\" content=\"SWE 90UF - Sunward Europe (Official Website for EU &amp; UK)\" \/>\n<meta property=\"og:url\" content=\"https:\/\/sunward.eu\/product\/swe-90uf\/\" \/>\n<meta property=\"og:site_name\" content=\"Sunward Europe (Official Website for EU &amp; UK)\" \/>\n<meta property=\"article:modified_time\" content=\"2025-07-11T13:45:47+00:00\" \/>\n<meta property=\"og:image\" content=\"https:\/\/sunward.eu\/wp-content\/uploads\/2022\/01\/Sunward_SWE90UF_MAIN.png\" \/>\n\t<meta property=\"og:image:width\" content=\"1000\" \/>\n\t<meta property=\"og:image:height\" content=\"1000\" \/>\n\t<meta property=\"og:image:type\" content=\"image\/png\" \/>\n<meta name=\"twitter:card\" content=\"summary_large_image\" \/>\n<meta name=\"twitter:label1\" content=\"Est. reading time\" \/>\n\t<meta name=\"twitter:data1\" content=\"6 minutes\" \/>\n<script type=\"application\/ld+json\" class=\"yoast-schema-graph\">{\"@context\":\"https:\/\/schema.org\",\"@graph\":[{\"@type\":\"WebPage\",\"@id\":\"https:\/\/sunward.eu\/product\/swe-90uf\/\",\"url\":\"https:\/\/sunward.eu\/product\/swe-90uf\/\",\"name\":\"SWE 90UF - Sunward Europe (Official Website for EU &amp; UK)\",\"isPartOf\":{\"@id\":\"https:\/\/sunward.eu\/#website\"},\"primaryImageOfPage\":{\"@id\":\"https:\/\/sunward.eu\/product\/swe-90uf\/#primaryimage\"},\"image\":{\"@id\":\"https:\/\/sunward.eu\/product\/swe-90uf\/#primaryimage\"},\"thumbnailUrl\":\"https:\/\/sunward.eu\/wp-content\/uploads\/2022\/01\/Sunward_SWE90UF_MAIN.png\",\"datePublished\":\"2022-01-18T12:23:18+00:00\",\"dateModified\":\"2025-07-11T13:45:47+00:00\",\"breadcrumb\":{\"@id\":\"https:\/\/sunward.eu\/product\/swe-90uf\/#breadcrumb\"},\"inLanguage\":\"de-DE\",\"potentialAction\":[{\"@type\":\"ReadAction\",\"target\":[\"https:\/\/sunward.eu\/product\/swe-90uf\/\"]}]},{\"@type\":\"ImageObject\",\"inLanguage\":\"de-DE\",\"@id\":\"https:\/\/sunward.eu\/product\/swe-90uf\/#primaryimage\",\"url\":\"https:\/\/sunward.eu\/wp-content\/uploads\/2022\/01\/Sunward_SWE90UF_MAIN.png\",\"contentUrl\":\"https:\/\/sunward.eu\/wp-content\/uploads\/2022\/01\/Sunward_SWE90UF_MAIN.png\",\"width\":1000,\"height\":1000},{\"@type\":\"BreadcrumbList\",\"@id\":\"https:\/\/sunward.eu\/product\/swe-90uf\/#breadcrumb\",\"itemListElement\":[{\"@type\":\"ListItem\",\"position\":1,\"name\":\"Home\",\"item\":\"https:\/\/sunward.eu\/\"},{\"@type\":\"ListItem\",\"position\":2,\"name\":\"Products\",\"item\":\"https:\/\/sunward.eu\/shop\/\"},{\"@type\":\"ListItem\",\"position\":3,\"name\":\"Excavators\",\"item\":\"https:\/\/sunward.eu\/product-category\/excavators\/\"},{\"@type\":\"ListItem\",\"position\":4,\"name\":\"SWE 90UF\"}]},{\"@type\":\"WebSite\",\"@id\":\"https:\/\/sunward.eu\/#website\",\"url\":\"https:\/\/sunward.eu\/\",\"name\":\"Sunward Europe (Official Website for EU &amp; UK)\",\"description\":\"The smart choice\",\"publisher\":{\"@id\":\"https:\/\/sunward.eu\/#organization\"},\"potentialAction\":[{\"@type\":\"SearchAction\",\"target\":{\"@type\":\"EntryPoint\",\"urlTemplate\":\"https:\/\/sunward.eu\/?s={search_term_string}\"},\"query-input\":\"required name=search_term_string\"}],\"inLanguage\":\"de-DE\"},{\"@type\":\"Organization\",\"@id\":\"https:\/\/sunward.eu\/#organization\",\"name\":\"Sunward Europe (Official Website for EU &amp; UK)\",\"url\":\"https:\/\/sunward.eu\/\",\"logo\":{\"@type\":\"ImageObject\",\"inLanguage\":\"de-DE\",\"@id\":\"https:\/\/sunward.eu\/#\/schema\/logo\/image\/\",\"url\":\"https:\/\/sunward.eu\/wp-content\/uploads\/2022\/01\/Website_Sunward_logo_top_180x63px.png\",\"contentUrl\":\"https:\/\/sunward.eu\/wp-content\/uploads\/2022\/01\/Website_Sunward_logo_top_180x63px.png\",\"width\":180,\"height\":63,\"caption\":\"Sunward Europe (Official Website for EU &amp; UK)\"},\"image\":{\"@id\":\"https:\/\/sunward.eu\/#\/schema\/logo\/image\/\"}}]}<\/script>\n<!-- \/ Yoast SEO plugin. -->","yoast_head_json":{"title":"SWE 90UF - Sunward Europe (Official Website for EU &amp; UK)","robots":{"index":"index","follow":"follow","max-snippet":"max-snippet:-1","max-image-preview":"max-image-preview:large","max-video-preview":"max-video-preview:-1"},"canonical":"https:\/\/sunward.eu\/product\/swe-90uf\/","og_locale":"de_DE","og_type":"article","og_title":"SWE 90UF - Sunward Europe (Official Website for EU &amp; UK)","og_url":"https:\/\/sunward.eu\/product\/swe-90uf\/","og_site_name":"Sunward Europe (Official Website for EU &amp; UK)","article_modified_time":"2025-07-11T13:45:47+00:00","og_image":[{"width":1000,"height":1000,"url":"https:\/\/sunward.eu\/wp-content\/uploads\/2022\/01\/Sunward_SWE90UF_MAIN.png","type":"image\/png"}],"twitter_card":"summary_large_image","twitter_misc":{"Est. reading time":"6 minutes"},"schema":{"@context":"https:\/\/schema.org","@graph":[{"@type":"WebPage","@id":"https:\/\/sunward.eu\/product\/swe-90uf\/","url":"https:\/\/sunward.eu\/product\/swe-90uf\/","name":"SWE 90UF - Sunward Europe (Official Website for EU &amp; UK)","isPartOf":{"@id":"https:\/\/sunward.eu\/#website"},"primaryImageOfPage":{"@id":"https:\/\/sunward.eu\/product\/swe-90uf\/#primaryimage"},"image":{"@id":"https:\/\/sunward.eu\/product\/swe-90uf\/#primaryimage"},"thumbnailUrl":"https:\/\/sunward.eu\/wp-content\/uploads\/2022\/01\/Sunward_SWE90UF_MAIN.png","datePublished":"2022-01-18T12:23:18+00:00","dateModified":"2025-07-11T13:45:47+00:00","breadcrumb":{"@id":"https:\/\/sunward.eu\/product\/swe-90uf\/#breadcrumb"},"inLanguage":"de-DE","potentialAction":[{"@type":"ReadAction","target":["https:\/\/sunward.eu\/product\/swe-90uf\/"]}]},{"@type":"ImageObject","inLanguage":"de-DE","@id":"https:\/\/sunward.eu\/product\/swe-90uf\/#primaryimage","url":"https:\/\/sunward.eu\/wp-content\/uploads\/2022\/01\/Sunward_SWE90UF_MAIN.png","contentUrl":"https:\/\/sunward.eu\/wp-content\/uploads\/2022\/01\/Sunward_SWE90UF_MAIN.png","width":1000,"height":1000},{"@type":"BreadcrumbList","@id":"https:\/\/sunward.eu\/product\/swe-90uf\/#breadcrumb","itemListElement":[{"@type":"ListItem","position":1,"name":"Home","item":"https:\/\/sunward.eu\/"},{"@type":"ListItem","position":2,"name":"Products","item":"https:\/\/sunward.eu\/shop\/"},{"@type":"ListItem","position":3,"name":"Excavators","item":"https:\/\/sunward.eu\/product-category\/excavators\/"},{"@type":"ListItem","position":4,"name":"SWE 90UF"}]},{"@type":"WebSite","@id":"https:\/\/sunward.eu\/#website","url":"https:\/\/sunward.eu\/","name":"Sunward Europe (Official Website for EU &amp; UK)","description":"The smart choice","publisher":{"@id":"https:\/\/sunward.eu\/#organization"},"potentialAction":[{"@type":"SearchAction","target":{"@type":"EntryPoint","urlTemplate":"https:\/\/sunward.eu\/?s={search_term_string}"},"query-input":"required name=search_term_string"}],"inLanguage":"de-DE"},{"@type":"Organization","@id":"https:\/\/sunward.eu\/#organization","name":"Sunward Europe (Official Website for EU &amp; UK)","url":"https:\/\/sunward.eu\/","logo":{"@type":"ImageObject","inLanguage":"de-DE","@id":"https:\/\/sunward.eu\/#\/schema\/logo\/image\/","url":"https:\/\/sunward.eu\/wp-content\/uploads\/2022\/01\/Website_Sunward_logo_top_180x63px.png","contentUrl":"https:\/\/sunward.eu\/wp-content\/uploads\/2022\/01\/Website_Sunward_logo_top_180x63px.png","width":180,"height":63,"caption":"Sunward Europe (Official Website for EU &amp; UK)"},"image":{"@id":"https:\/\/sunward.eu\/#\/schema\/logo\/image\/"}}]}},"_links":{"self":[{"href":"https:\/\/sunward.eu\/de\/wp-json\/wp\/v2\/product\/1207","targetHints":{"allow":["GET"]}}],"collection":[{"href":"https:\/\/sunward.eu\/de\/wp-json\/wp\/v2\/product"}],"about":[{"href":"https:\/\/sunward.eu\/de\/wp-json\/wp\/v2\/types\/product"}],"replies":[{"embeddable":true,"href":"https:\/\/sunward.eu\/de\/wp-json\/wp\/v2\/comments?post=1207"}],"wp:featuredmedia":[{"embeddable":true,"href":"https:\/\/sunward.eu\/de\/wp-json\/wp\/v2\/media\/1212"}],"wp:attachment":[{"href":"https:\/\/sunward.eu\/de\/wp-json\/wp\/v2\/media?parent=1207"}],"wp:term":[{"taxonomy":"product_cat","embeddable":true,"href":"https:\/\/sunward.eu\/de\/wp-json\/wp\/v2\/product_cat?post=1207"},{"taxonomy":"product_tag","embeddable":true,"href":"https:\/\/sunward.eu\/de\/wp-json\/wp\/v2\/product_tag?post=1207"}],"curies":[{"name":"wp","href":"https:\/\/api.w.org\/{rel}","templated":true}]}}