{"id":1187,"date":"2022-01-18T12:13:12","date_gmt":"2022-01-18T11:13:12","guid":{"rendered":"https:\/\/sunward.eu\/?post_type=product&#038;p=1187"},"modified":"2025-07-11T15:51:19","modified_gmt":"2025-07-11T13:51:19","slug":"swe-60uf","status":"publish","type":"product","link":"https:\/\/sunward.eu\/de\/product\/swe-60uf\/","title":{"rendered":"SWE 60UF"},"content":{"rendered":"<div class=\"wpb-content-wrapper\"><p>[vc_row][vc_column][vc_tta_accordion style=&#8221;flat&#8221; c_icon=&#8221;chevron&#8221; c_position=&#8221;right&#8221; active_section=&#8221;1&#8243; no_fill=&#8221;true&#8221; el_class=&#8221;custom-accordion&#8221;][vc_tta_section title=&#8221;TECHNISCHE DATEN&#8221; tab_id=&#8221;1623355628079-f58b5c44-7c4b&#8221;][vc_custom_heading text=&#8221;SUNWARD SWE 60UF&#8221; font_container=&#8221;tag:h3|text_align:left&#8221; use_theme_fonts=&#8221;yes&#8221;][vc_column_text css=&#8221;&#8221;]Der Sunward SWE 60UF ist ein Kompaktbagger mit kurzem Heck\u00fcberhang. Dank seines Designs bietet der SWE 60UF nicht nur mehr Leistung bei geringerer Standfl\u00e4che, sondern passt auch in schmalere Stellen als andere \u00e4hnliche Produkte. Die Maschine vereint mit dem V2607-DI-T-Motor von Kubota mit 35 kW mit einer unglaublichen Pr\u00e4zision dank der dualen Proportional-Joysticks und des perfekt abgestimmten Hydraulikflusses. Mit seiner herausragenden Grabreichweite ist er zudem praktisch uneingeschr\u00e4nkt einsetzbar. Nat\u00fcrlich ist uns bewusst, dass Sicherheit und Komfort stets Hand in Hand gehen sollten \u2013 darum bietet Ihnen der SWE 60UF gr\u00f6\u00dftm\u00f6gliche Sicherheit und maximalen Komfort unter allen Arbeitsbedingungen. Und schlie\u00dflich ist es bereits Tradition bei Sunward, stets das beste Preis-Leistungs-Verh\u00e4ltnis zu bieten, und auch der SWE 60UF bildet da keine Ausnahme \u2013 er bietet zahlreiche Funktionsmerkmale und bis zu 5 Jahre Garantie zum richtigen Preis.<br \/>\nEntdecken Sie alle weiteren Vorteile des Sunward SWE 60UF.[\/vc_column_text][vc_row_inner][vc_column_inner width=&#8221;1\/2&#8243;][vc_toggle title=&#8221;ABMESSUNGEN&#8221; css=&#8221;&#8221;]<\/p>\n<table width=\"1112\">\n<tbody>\n<tr>\n<td width=\"673\">Betriebsgewicht<\/td>\n<td width=\"439\">6 000 kg<\/td>\n<\/tr>\n<tr>\n<td width=\"673\">Standard-L\u00f6ffelvolumen<\/td>\n<td>0.18 m\u00b3<\/td>\n<\/tr>\n<tr>\n<td width=\"673\">Transportl\u00e4nge<\/td>\n<td>5 680 mm<\/td>\n<\/tr>\n<tr>\n<td width=\"673\">Transportbreite<\/td>\n<td>2 000 mm<\/td>\n<\/tr>\n<tr>\n<td width=\"673\">H\u00f6he \u00fcber Kabine<\/td>\n<td>2 570 mm<\/td>\n<\/tr>\n<\/tbody>\n<\/table>\n<p>[\/vc_toggle][vc_toggle title=&#8221;MOTOR&#8221; css=&#8221;&#8221;]<\/p>\n<table width=\"1112\">\n<tbody>\n<tr>\n<td width=\"673\">Modell<\/td>\n<td width=\"439\">Kubota\u00a0 V2607-DI-T<\/td>\n<\/tr>\n<tr>\n<td>Emissionsstufe<\/td>\n<td>EU Stufe V<\/td>\n<\/tr>\n<tr>\n<td>Hubraum<\/td>\n<td>2.6 l<\/td>\n<\/tr>\n<tr>\n<td>Nennausgangsleistung<\/td>\n<td>35 kW<\/td>\n<\/tr>\n<\/tbody>\n<\/table>\n<p>[\/vc_toggle][vc_toggle title=&#8221;HYDRAULIKSYSTEM&#8221; css=&#8221;&#8221;]<\/p>\n<table width=\"1112\">\n<tbody>\n<tr>\n<td width=\"673\">Typ<\/td>\n<td width=\"439\">1 variable Kolbenpumpe<\/td>\n<\/tr>\n<tr>\n<td>Hubraum<\/td>\n<td>158.4 l\/min<\/td>\n<\/tr>\n<tr>\n<td>Hydraulikdruck<\/td>\n<td>25 MPa<\/td>\n<\/tr>\n<\/tbody>\n<\/table>\n<p>[\/vc_toggle][vc_toggle title=&#8221;ARBEITSBEREICH&#8221; css=&#8221;&#8221;]<\/p>\n<table width=\"1112\">\n<tbody>\n<tr>\n<td width=\"673\">Max. Grabtiefe<\/td>\n<td width=\"439\">3 700 mm<\/td>\n<\/tr>\n<tr>\n<td>Max. Grabreichweite<\/td>\n<td>6 260 mm<\/td>\n<\/tr>\n<tr>\n<td>Max. Grabkraft L\u00f6ffel<\/td>\n<td>47 kN<\/td>\n<\/tr>\n<tr>\n<td>Max. Grabkraft L\u00f6ffelstiel<\/td>\n<td>31 kN<\/td>\n<\/tr>\n<\/tbody>\n<\/table>\n<p>[\/vc_toggle][\/vc_column_inner][vc_column_inner width=&#8221;1\/2&#8243;][\/vc_column_inner][\/vc_row_inner][\/vc_tta_section][vc_tta_section title=&#8221;MERKMALE UND VORTEILE&#8221; tab_id=&#8221;1623355710952-d36b50a3-81ed&#8221;][vc_row_inner][vc_column_inner width=&#8221;1\/4&#8243;][vc_single_image image=&#8221;1070&#8243; img_size=&#8221;medium&#8221;][\/vc_column_inner][vc_column_inner width=&#8221;3\/4&#8243;][vc_custom_heading text=&#8221;F\u00dcR EUROPA KONZIPIERT&#8221; font_container=&#8221;tag:h3|text_align:left&#8221; use_theme_fonts=&#8221;yes&#8221;][vc_column_text]Zus\u00e4tzlich zur EU-Zertifizierung wurde der Sunward SWE 60UF, wie alle Sunward-Maschinen auf dem europ\u00e4ischen Markt, so konzipiert, dass er die Anforderungen europ\u00e4ischer Kunden erf\u00fcllt.[\/vc_column_text][\/vc_column_inner][\/vc_row_inner][vc_separator][vc_row_inner][vc_column_inner width=&#8221;1\/4&#8243;][vc_single_image image=&#8221;1182&#8243; img_size=&#8221;medium&#8221;][\/vc_column_inner][vc_column_inner width=&#8221;3\/4&#8243;][vc_custom_heading text=&#8221;LEISTUNGSF\u00c4HIGE UND ZUVERL\u00c4SSIGE MASCHINE&#8221; font_container=&#8221;tag:h3|text_align:left&#8221; use_theme_fonts=&#8221;yes&#8221;][vc_column_text css=&#8221;&#8221;]Wir haben uns aus mehreren guten Gr\u00fcnden f\u00fcr den leistungsstarken Kubota V2607-DI-T-Motor entschieden. Dieser Motor ist ein stehender, wassergek\u00fchlter 4-Takt-Dieselmotor mit einer Leistung von 35 kW. Der Kubota V2607 bietet kraftvolle Leistung, au\u00dfergew\u00f6hnliche Zuverl\u00e4ssigkeit und eine lange Lebensdauer f\u00fcr ein breites Anwendungsspektrum. Er erf\u00fcllt au\u00dferdem die Abgasvorschriften der EU-Stufe V. Die perfekte Erg\u00e4nzung f\u00fcr unseren zuverl\u00e4ssigen und vielseitigen SWE 60UF.[\/vc_column_text][\/vc_column_inner][\/vc_row_inner][vc_separator][vc_row_inner][vc_column_inner width=&#8221;1\/4&#8243;][vc_single_image image=&#8221;1091&#8243; img_size=&#8221;medium&#8221;][\/vc_column_inner][vc_column_inner width=&#8221;3\/4&#8243;][vc_custom_heading text=&#8221;PREMIUM-KOMPONENTEN&#8221; font_container=&#8221;tag:h3|text_align:left&#8221; use_theme_fonts=&#8221;yes&#8221;][vc_column_text css=&#8221;&#8221;]Alle Schl\u00fcsselkomponenten der Sunward-Bagger werden sorgf\u00e4ltig ausgew\u00e4hlt &#8211; vom Kubota-Motor bis zum Hydrauliksystem. Da die Hydraulik oft als das Herz der Maschine gilt, arbeitet Sunward ausschlie\u00dflich mit f\u00fchrenden Zulieferern zusammen, die f\u00fcr ihre Qualit\u00e4t und Leistungsf\u00e4higkeit bekannt sind. F\u00fcr den Sunward SWE 60UF haben wir vertrauensw\u00fcrdige Hersteller ausgew\u00e4hlt, die die Hydraulikpumpe sowie den Fahr- und Schwenkmotor liefern. Diese Komponenten sind effizient, zuverl\u00e4ssig und kompakt &#8211; Eigenschaften, die eine entscheidende Rolle f\u00fcr die Gesamtzuverl\u00e4ssigkeit und langfristige Leistung des SWE 60UF spielen.[\/vc_column_text][\/vc_column_inner][\/vc_row_inner][vc_separator][vc_row_inner][vc_column_inner width=&#8221;1\/4&#8243;][vc_single_image image=&#8221;1076&#8243; img_size=&#8221;medium&#8221;][\/vc_column_inner][vc_column_inner width=&#8221;3\/4&#8243;][vc_custom_heading text=&#8221;GROSSER ARBEITSBEREICH&#8221; font_container=&#8221;tag:h3|text_align:left&#8221; use_theme_fonts=&#8221;yes&#8221;][vc_column_text css=&#8221;&#8221;]Der SWE 60UF hat eine au\u00dfergew\u00f6hnliche Grabkraft von mehr als 47 kN (L\u00f6ffel) und mehr als 31 kN (L\u00f6ffelstiel), sodass er den Vergleich mit allen 6-t-Baggern anderer Hersteller auf dem Markt nicht zu scheuen braucht. Was seine gro\u00dfe Reichweite betrifft, bietet das Auslegerzylinderdesign des SWE 60UF eine Bodenreichweite von mehr als 6.1 m (6 140 mm) und eine Grabreichweite von mehr als 6.2 m (6 260 mm), was diesen Minibagger zum Ma\u00dfstab in seiner Klasse macht.[\/vc_column_text][\/vc_column_inner][\/vc_row_inner][vc_separator][vc_row_inner][vc_column_inner width=&#8221;1\/4&#8243;][vc_single_image image=&#8221;1079&#8243; img_size=&#8221;medium&#8221;][\/vc_column_inner][vc_column_inner width=&#8221;3\/4&#8243;][vc_custom_heading text=&#8221;BEREIT F\u00dcR UNTERSCHIEDLICHSTE ANWENDUNGEN&#8221; font_container=&#8221;tag:h3|text_align:left&#8221; use_theme_fonts=&#8221;yes&#8221;][vc_column_text css=&#8221;&#8221;]Die Vielseitigkeit eines Kompaktbaggers zeigt sich schon an der Qualit\u00e4t seines Konzepts. Und was das Design betrifft, ist der SWE 60UF ein echter Blickfang. Dieser Kurzheck-Kompaktbagger hat wahrlich kompakte Abmessungen (2 000 mm Breite) und ein geringes Gewicht (6 000 kg). Zudem bietet er ausreichend Leistung, um Arbeiten auch auf engstem Raum problemlos zu erledigen, ohne dabei Kompromisse bei der Sicherheit einzugehen. Dar\u00fcber l\u00e4sst sich der SWE 60UF dank serienm\u00e4\u00dfig kompletter Zusatzleitungskonfiguration an jede Baustellensituation anpassen \u2013 indem er eine vollst\u00e4ndig einstellbare Druck- und Durchfluss\u00fcberwachung bereitstellt. Serienm\u00e4\u00dfig verf\u00fcgt er \u00fcber nicht weniger als 3 separate Zusatzleitungen sowie eine Hydraulik-R\u00fccklaufleitung. Da sich eine breite Palette von Anbauger\u00e4ten problemlos montieren l\u00e4sst, sind unterschiedlichste Anwendungen realisierbar.[\/vc_column_text][\/vc_column_inner][\/vc_row_inner][vc_separator][vc_row_inner][vc_column_inner width=&#8221;1\/4&#8243;][vc_single_image image=&#8221;1183&#8243; img_size=&#8221;medium&#8221;][\/vc_column_inner][vc_column_inner width=&#8221;3\/4&#8243;][vc_custom_heading text=&#8221;AB WERK GUT AUSGER\u00dcSTET&#8221; font_container=&#8221;tag:h3|text_align:left&#8221; use_theme_fonts=&#8221;yes&#8221;][vc_column_text]Der Sunward SWE\u00a060UF Minibagger ist bereits ab Werk hervorragend ausger\u00fcstet:<br \/>\n\u2013 Automatische Leerlauffunktion, um Kraftstoff zu sparen und den Verbrauch zu senken. \u2013 W\u00e4hrend andere Hersteller \u00fcblicherweise ein Drosselventil verwenden (weil es g\u00fcnstiger ist), hat sich Sunward f\u00fcr ein lastabh\u00e4ngiges (hydraulisches) System mit gr\u00f6\u00dferem Energiesparpotenzial entschieden.<br \/>\n\u2013 Sicherer Betrieb dank Sicherheitsventilen f\u00fcr den Auslegerzylinder<br \/>\n\u2013 Sanftere Betriebsabl\u00e4ufe dank Fahrmotor mit automatischer Schaltung<br \/>\n\u2013 TOPS- und FOPS-Kabine<br \/>\n\u2013 Sicherer Betrieb und h\u00f6here Batterielebensdauer\/-leistung dank Batterietrennschalter \u2013 besonders willkommen im kalten Klima Skandinaviens<br \/>\n\u2013 Doppelt wirkender Hydraulikkreislauf<br \/>\n\u2013 Werksseitig montierte Hydraulik-Schnellwechslerleitung<br \/>\n\u2013 Werksseitig montierte Hydraulikhammer- und Rotationsleitung<br \/>\n\u2013 Werksseitig montierte Geh\u00e4useabflussleitung<br \/>\n\u2013 Werksseitig montierte Duale Proportional-Joysticks<br \/>\n\u2013 Werksseitig montierte Joystick-Tiltrotator-Steuerung (Tiltrotator nach Wahl)<br \/>\n\u2013 3 LED-Arbeitsleuchten serienm\u00e4\u00dfig: 2 vorn an der Kabine, 1 links am Ausleger[\/vc_column_text][\/vc_column_inner][\/vc_row_inner][vc_separator][vc_row_inner][vc_column_inner width=&#8221;1\/4&#8243;][vc_single_image image=&#8221;1146&#8243; img_size=&#8221;medium&#8221;][\/vc_column_inner][vc_column_inner width=&#8221;3\/4&#8243;][vc_custom_heading text=&#8221;WARTUNGSFREUNDLICH&#8221; font_container=&#8221;tag:h3|text_align:left&#8221; use_theme_fonts=&#8221;yes&#8221;][vc_column_text]Um die Wartungsdauer und -kosten f\u00fcr den SWE 60UF zu verringern, bieten die Abdeckungen hinten und an der Seite direkten Zugang zu den Wartungspunkten. Die Standard-Wartungspunkte \u2013 f\u00fcr Kraftstoff-, \u00d6l-, und Luftfilter \u2013 sind direkt \u00fcber die hintere Abdeckung zug\u00e4nglich. Mit seinem sehr leicht zug\u00e4nglichen Kraftstofftank und den zentralen Schmiernippeln lassen sich diese Minibagger ebenso einfach warten wie bedienen.[\/vc_column_text][\/vc_column_inner][\/vc_row_inner][vc_separator][vc_row_inner][vc_column_inner width=&#8221;1\/4&#8243;][vc_single_image image=&#8221;1205&#8243; img_size=&#8221;medium&#8221;][\/vc_column_inner][vc_column_inner width=&#8221;3\/4&#8243;][vc_custom_heading text=&#8221;SICHERHEITSKABINE&#8221; font_container=&#8221;tag:h3|text_align:left&#8221; use_theme_fonts=&#8221;yes&#8221;][vc_column_text]Die hochfeste Kabine des SWE\u00a060UF erf\u00fcllt alle FOPS-, TOPS- und ROPS-Anforderungen, die den Standard darstellen und zu den ersten Merkmalen geh\u00f6ren, um in jeder Anwendungsumgebung ein sicheres und komfortables Arbeiten zu gew\u00e4hrleisten. Trotz seiner kompakten Au\u00dfenma\u00dfe bietet der SWE\u00a060UF einen bequemen Zugang zur ger\u00e4umigen Kabine \u2013 eine Einladung an Fahrer jeder Statur \u00fcberall in Europa. Die gro\u00dfen Fenster und das wohldurchdachte Kabinendesign sorgen daf\u00fcr, dass sich der Fahrer stets komfortabel f\u00fchlt und produktiv bleibt.[\/vc_column_text][\/vc_column_inner][\/vc_row_inner][vc_separator][vc_row_inner][vc_column_inner width=&#8221;1\/4&#8243;][vc_single_image image=&#8221;1071&#8243; img_size=&#8221;medium&#8221;][\/vc_column_inner][vc_column_inner width=&#8221;3\/4&#8243;][vc_custom_heading text=&#8221;BESTES PREIS-LEISTUNGS-VERH\u00c4LTNIS&#8221; font_container=&#8221;tag:h3|text_align:left&#8221; use_theme_fonts=&#8221;yes&#8221;][vc_column_text]Sunward \u2013 Ihre cleverste Investition in Zuverl\u00e4ssigkeit, Leistungsf\u00e4higkeit und hohe Kapitalrendite. Das professionelle Design des SWE\u00a060UF umfasst eine gut durchdachte Auswahl von Komponenten f\u00fcr eine optimale Bedienung und Wartung. Unsere Design-Wahl resultiert in einer Maschine, die eine Unmenge serienm\u00e4\u00dfig eingebauter Funktionen, Komponenten von Premiummarken und F\u00e4higkeiten bietet &#8211; und das alles zu einem guten Preis.<br \/>\nDar\u00fcber hinaus sind auch die Original-Ersatzteile von Sunward wirtschaftlich \u2013 wobei dieses \u00fcberzeugende Preis-Leistungs-Verh\u00e4ltnis von einer 5-Jahre-Garantie gekr\u00f6nt wird, die bei allen Sunward-Produkten serienm\u00e4\u00dfig ist.[\/vc_column_text][\/vc_column_inner][\/vc_row_inner][\/vc_tta_section][vc_tta_section title=&#8221;VIDEO&#8221; tab_id=&#8221;1623857706491-8aa3a03f-cca1&#8243;][vc_video link=&#8221;https:\/\/youtu.be\/ZQVT7VS9UVQ&#8221;][\/vc_tta_section][vc_tta_section title=&#8221;BROSCH\u00dcRE&#8221; tab_id=&#8221;1623857795794-8fd5289e-c5a3&#8243;][vc_row_inner content_placement=&#8221;middle&#8221;][vc_column_inner width=&#8221;1\/4&#8243;][vc_single_image image=&#8221;4275&#8243; img_size=&#8221;large&#8221; css=&#8221;&#8221;][\/vc_column_inner][vc_column_inner width=&#8221;3\/4&#8243;][vc_custom_heading text=&#8221;PRODUKTBROSCH\u00dcRE&#8221; font_container=&#8221;tag:h3|text_align:left&#8221; use_theme_fonts=&#8221;yes&#8221;][vc_btn title=&#8221;DOWNLOAD&#8221; color=&#8221;orange&#8221; size=&#8221;lg&#8221; css=&#8221;&#8221; link=&#8221;url:https%3A%2F%2Fsunward.eu%2Fwp-content%2Fuploads%2F2025%2F05%2FSUNWARD_SWE-60UF_05.2025_FINAL_HR_DE.pdf|title:Sunward%20SWE%2060UF%20Product%20Brochure|target:_blank&#8221;][\/vc_column_inner][\/vc_row_inner][\/vc_tta_section][\/vc_tta_accordion][\/vc_column][\/vc_row]<\/p>\n<\/div>","protected":false},"excerpt":{"rendered":"<p>Der Sunward SWE 60UF ist ein Kompaktbagger mit kurzem Heck\u00fcberhang. Dank seines Designs bietet der SWE\u00a060UF nicht nur mehr Leistung bei geringerer Standfl\u00e4che, sondern passt auch in schmalere Stellen als andere \u00e4hnliche Produkte. Neben der Kombination aus Leistung und Pr\u00e4zision bietet der SWE\u00a060UF auch eine komfortable und sichere Kabine. Mit seiner herausragenden Grabreichweite ist er zudem praktisch uneingeschr\u00e4nkt einsetzbar. [&#8230;]<\/p>\n<p><a class=\"btn btn-secondary understrap-read-more-link\" href=\"https:\/\/sunward.eu\/de\/product\/swe-60uf\/\">Weiterlesen&#8230;<\/a><\/p>\n","protected":false},"featured_media":2703,"comment_status":"closed","ping_status":"closed","template":"","meta":{"_acf_changed":false,"inline_featured_image":false},"product_cat":[26,36],"product_tag":[],"class_list":{"0":"post-1187","1":"product","2":"type-product","3":"status-publish","4":"has-post-thumbnail","6":"product_cat-excavators","7":"product_cat-compact-excavators","8":"pa_emission-rating-eu-stage-5","9":"pa_max-digging-depth-3-700-mm","10":"pa_operating-weight-6-000-kg","11":"pa_power-output-35-kw","12":"pa_width-2-000-mm","14":"first","15":"instock","16":"shipping-taxable","17":"product-type-simple"},"translation":{"provider":"WPGlobus","version":"2.12.2","language":"de","enabled_languages":["en","de","fr","it"],"languages":{"en":{"title":true,"content":true,"excerpt":true},"de":{"title":true,"content":true,"excerpt":true},"fr":{"title":true,"content":true,"excerpt":true},"it":{"title":true,"content":true,"excerpt":true}}},"acf":[],"yoast_head":"<!-- This site is optimized with the Yoast SEO plugin v22.6 - https:\/\/yoast.com\/wordpress\/plugins\/seo\/ -->\n<title>SWE 60UF - Sunward Europe (Official Website for EU &amp; UK)<\/title>\n<meta name=\"robots\" content=\"index, follow, max-snippet:-1, max-image-preview:large, max-video-preview:-1\" \/>\n<link rel=\"canonical\" href=\"https:\/\/sunward.eu\/product\/swe-60uf\/\" \/>\n<meta property=\"og:locale\" content=\"de_DE\" \/>\n<meta property=\"og:type\" content=\"article\" \/>\n<meta property=\"og:title\" content=\"SWE 60UF - Sunward Europe (Official Website for EU &amp; UK)\" \/>\n<meta property=\"og:url\" content=\"https:\/\/sunward.eu\/product\/swe-60uf\/\" \/>\n<meta property=\"og:site_name\" content=\"Sunward Europe (Official Website for EU &amp; UK)\" \/>\n<meta property=\"article:modified_time\" content=\"2025-07-11T13:51:19+00:00\" \/>\n<meta property=\"og:image\" content=\"https:\/\/sunward.eu\/wp-content\/uploads\/2022\/01\/Sunward-SWE-60UF_MAIN.png\" \/>\n\t<meta property=\"og:image:width\" content=\"1000\" \/>\n\t<meta property=\"og:image:height\" content=\"1000\" \/>\n\t<meta property=\"og:image:type\" content=\"image\/png\" \/>\n<meta name=\"twitter:card\" content=\"summary_large_image\" \/>\n<meta name=\"twitter:label1\" content=\"Est. reading time\" \/>\n\t<meta name=\"twitter:data1\" content=\"6 minutes\" \/>\n<script type=\"application\/ld+json\" class=\"yoast-schema-graph\">{\"@context\":\"https:\/\/schema.org\",\"@graph\":[{\"@type\":\"WebPage\",\"@id\":\"https:\/\/sunward.eu\/product\/swe-60uf\/\",\"url\":\"https:\/\/sunward.eu\/product\/swe-60uf\/\",\"name\":\"SWE 60UF - Sunward Europe (Official Website for EU &amp; UK)\",\"isPartOf\":{\"@id\":\"https:\/\/sunward.eu\/#website\"},\"primaryImageOfPage\":{\"@id\":\"https:\/\/sunward.eu\/product\/swe-60uf\/#primaryimage\"},\"image\":{\"@id\":\"https:\/\/sunward.eu\/product\/swe-60uf\/#primaryimage\"},\"thumbnailUrl\":\"https:\/\/sunward.eu\/wp-content\/uploads\/2022\/01\/Sunward-SWE-60UF_MAIN.png\",\"datePublished\":\"2022-01-18T11:13:12+00:00\",\"dateModified\":\"2025-07-11T13:51:19+00:00\",\"breadcrumb\":{\"@id\":\"https:\/\/sunward.eu\/product\/swe-60uf\/#breadcrumb\"},\"inLanguage\":\"de-DE\",\"potentialAction\":[{\"@type\":\"ReadAction\",\"target\":[\"https:\/\/sunward.eu\/product\/swe-60uf\/\"]}]},{\"@type\":\"ImageObject\",\"inLanguage\":\"de-DE\",\"@id\":\"https:\/\/sunward.eu\/product\/swe-60uf\/#primaryimage\",\"url\":\"https:\/\/sunward.eu\/wp-content\/uploads\/2022\/01\/Sunward-SWE-60UF_MAIN.png\",\"contentUrl\":\"https:\/\/sunward.eu\/wp-content\/uploads\/2022\/01\/Sunward-SWE-60UF_MAIN.png\",\"width\":1000,\"height\":1000,\"caption\":\"Sunward SWE 60UF\"},{\"@type\":\"BreadcrumbList\",\"@id\":\"https:\/\/sunward.eu\/product\/swe-60uf\/#breadcrumb\",\"itemListElement\":[{\"@type\":\"ListItem\",\"position\":1,\"name\":\"Home\",\"item\":\"https:\/\/sunward.eu\/\"},{\"@type\":\"ListItem\",\"position\":2,\"name\":\"Products\",\"item\":\"https:\/\/sunward.eu\/shop\/\"},{\"@type\":\"ListItem\",\"position\":3,\"name\":\"Excavators\",\"item\":\"https:\/\/sunward.eu\/product-category\/excavators\/\"},{\"@type\":\"ListItem\",\"position\":4,\"name\":\"SWE 60UF\"}]},{\"@type\":\"WebSite\",\"@id\":\"https:\/\/sunward.eu\/#website\",\"url\":\"https:\/\/sunward.eu\/\",\"name\":\"Sunward Europe (Official Website for EU &amp; UK)\",\"description\":\"The smart choice\",\"publisher\":{\"@id\":\"https:\/\/sunward.eu\/#organization\"},\"potentialAction\":[{\"@type\":\"SearchAction\",\"target\":{\"@type\":\"EntryPoint\",\"urlTemplate\":\"https:\/\/sunward.eu\/?s={search_term_string}\"},\"query-input\":\"required name=search_term_string\"}],\"inLanguage\":\"de-DE\"},{\"@type\":\"Organization\",\"@id\":\"https:\/\/sunward.eu\/#organization\",\"name\":\"Sunward Europe (Official Website for EU &amp; UK)\",\"url\":\"https:\/\/sunward.eu\/\",\"logo\":{\"@type\":\"ImageObject\",\"inLanguage\":\"de-DE\",\"@id\":\"https:\/\/sunward.eu\/#\/schema\/logo\/image\/\",\"url\":\"https:\/\/sunward.eu\/wp-content\/uploads\/2022\/01\/Website_Sunward_logo_top_180x63px.png\",\"contentUrl\":\"https:\/\/sunward.eu\/wp-content\/uploads\/2022\/01\/Website_Sunward_logo_top_180x63px.png\",\"width\":180,\"height\":63,\"caption\":\"Sunward Europe (Official Website for EU &amp; UK)\"},\"image\":{\"@id\":\"https:\/\/sunward.eu\/#\/schema\/logo\/image\/\"}}]}<\/script>\n<!-- \/ Yoast SEO plugin. -->","yoast_head_json":{"title":"SWE 60UF - Sunward Europe (Official Website for EU &amp; UK)","robots":{"index":"index","follow":"follow","max-snippet":"max-snippet:-1","max-image-preview":"max-image-preview:large","max-video-preview":"max-video-preview:-1"},"canonical":"https:\/\/sunward.eu\/product\/swe-60uf\/","og_locale":"de_DE","og_type":"article","og_title":"SWE 60UF - Sunward Europe (Official Website for EU &amp; UK)","og_url":"https:\/\/sunward.eu\/product\/swe-60uf\/","og_site_name":"Sunward Europe (Official Website for EU &amp; UK)","article_modified_time":"2025-07-11T13:51:19+00:00","og_image":[{"width":1000,"height":1000,"url":"https:\/\/sunward.eu\/wp-content\/uploads\/2022\/01\/Sunward-SWE-60UF_MAIN.png","type":"image\/png"}],"twitter_card":"summary_large_image","twitter_misc":{"Est. reading time":"6 minutes"},"schema":{"@context":"https:\/\/schema.org","@graph":[{"@type":"WebPage","@id":"https:\/\/sunward.eu\/product\/swe-60uf\/","url":"https:\/\/sunward.eu\/product\/swe-60uf\/","name":"SWE 60UF - Sunward Europe (Official Website for EU &amp; UK)","isPartOf":{"@id":"https:\/\/sunward.eu\/#website"},"primaryImageOfPage":{"@id":"https:\/\/sunward.eu\/product\/swe-60uf\/#primaryimage"},"image":{"@id":"https:\/\/sunward.eu\/product\/swe-60uf\/#primaryimage"},"thumbnailUrl":"https:\/\/sunward.eu\/wp-content\/uploads\/2022\/01\/Sunward-SWE-60UF_MAIN.png","datePublished":"2022-01-18T11:13:12+00:00","dateModified":"2025-07-11T13:51:19+00:00","breadcrumb":{"@id":"https:\/\/sunward.eu\/product\/swe-60uf\/#breadcrumb"},"inLanguage":"de-DE","potentialAction":[{"@type":"ReadAction","target":["https:\/\/sunward.eu\/product\/swe-60uf\/"]}]},{"@type":"ImageObject","inLanguage":"de-DE","@id":"https:\/\/sunward.eu\/product\/swe-60uf\/#primaryimage","url":"https:\/\/sunward.eu\/wp-content\/uploads\/2022\/01\/Sunward-SWE-60UF_MAIN.png","contentUrl":"https:\/\/sunward.eu\/wp-content\/uploads\/2022\/01\/Sunward-SWE-60UF_MAIN.png","width":1000,"height":1000,"caption":"Sunward SWE 60UF"},{"@type":"BreadcrumbList","@id":"https:\/\/sunward.eu\/product\/swe-60uf\/#breadcrumb","itemListElement":[{"@type":"ListItem","position":1,"name":"Home","item":"https:\/\/sunward.eu\/"},{"@type":"ListItem","position":2,"name":"Products","item":"https:\/\/sunward.eu\/shop\/"},{"@type":"ListItem","position":3,"name":"Excavators","item":"https:\/\/sunward.eu\/product-category\/excavators\/"},{"@type":"ListItem","position":4,"name":"SWE 60UF"}]},{"@type":"WebSite","@id":"https:\/\/sunward.eu\/#website","url":"https:\/\/sunward.eu\/","name":"Sunward Europe (Official Website for EU &amp; UK)","description":"The smart choice","publisher":{"@id":"https:\/\/sunward.eu\/#organization"},"potentialAction":[{"@type":"SearchAction","target":{"@type":"EntryPoint","urlTemplate":"https:\/\/sunward.eu\/?s={search_term_string}"},"query-input":"required name=search_term_string"}],"inLanguage":"de-DE"},{"@type":"Organization","@id":"https:\/\/sunward.eu\/#organization","name":"Sunward Europe (Official Website for EU &amp; UK)","url":"https:\/\/sunward.eu\/","logo":{"@type":"ImageObject","inLanguage":"de-DE","@id":"https:\/\/sunward.eu\/#\/schema\/logo\/image\/","url":"https:\/\/sunward.eu\/wp-content\/uploads\/2022\/01\/Website_Sunward_logo_top_180x63px.png","contentUrl":"https:\/\/sunward.eu\/wp-content\/uploads\/2022\/01\/Website_Sunward_logo_top_180x63px.png","width":180,"height":63,"caption":"Sunward Europe (Official Website for EU &amp; UK)"},"image":{"@id":"https:\/\/sunward.eu\/#\/schema\/logo\/image\/"}}]}},"_links":{"self":[{"href":"https:\/\/sunward.eu\/de\/wp-json\/wp\/v2\/product\/1187","targetHints":{"allow":["GET"]}}],"collection":[{"href":"https:\/\/sunward.eu\/de\/wp-json\/wp\/v2\/product"}],"about":[{"href":"https:\/\/sunward.eu\/de\/wp-json\/wp\/v2\/types\/product"}],"replies":[{"embeddable":true,"href":"https:\/\/sunward.eu\/de\/wp-json\/wp\/v2\/comments?post=1187"}],"wp:featuredmedia":[{"embeddable":true,"href":"https:\/\/sunward.eu\/de\/wp-json\/wp\/v2\/media\/2703"}],"wp:attachment":[{"href":"https:\/\/sunward.eu\/de\/wp-json\/wp\/v2\/media?parent=1187"}],"wp:term":[{"taxonomy":"product_cat","embeddable":true,"href":"https:\/\/sunward.eu\/de\/wp-json\/wp\/v2\/product_cat?post=1187"},{"taxonomy":"product_tag","embeddable":true,"href":"https:\/\/sunward.eu\/de\/wp-json\/wp\/v2\/product_tag?post=1187"}],"curies":[{"name":"wp","href":"https:\/\/api.w.org\/{rel}","templated":true}]}}