{"id":1150,"date":"2022-01-17T23:26:53","date_gmt":"2022-01-17T22:26:53","guid":{"rendered":"https:\/\/sunward.eu\/?post_type=product&#038;p=1150"},"modified":"2025-10-27T14:36:23","modified_gmt":"2025-10-27T13:36:23","slug":"swe-25uf","status":"publish","type":"product","link":"https:\/\/sunward.eu\/de\/product\/swe-25uf\/","title":{"rendered":"SWE 25UF"},"content":{"rendered":"<div class=\"wpb-content-wrapper\"><p>[vc_row][vc_column][vc_tta_accordion style=&#8221;flat&#8221; c_icon=&#8221;chevron&#8221; c_position=&#8221;right&#8221; active_section=&#8221;1&#8243; no_fill=&#8221;true&#8221; el_class=&#8221;custom-accordion&#8221;][vc_tta_section title=&#8221;TECHNISCHE DATEN&#8221; tab_id=&#8221;1623355628079-f58b5c44-7c4b&#8221;][vc_custom_heading text=&#8221;SUNWARD SWE 25UF&#8221; font_container=&#8221;tag:h3|text_align:left&#8221; use_theme_fonts=&#8221;yes&#8221;][vc_column_text]Der Sunward SWE 25UF Minibagger ist die Kurzheckversion des SWE 25F Minibaggers. Wie der SWE 25F profitiert auch der SWE 25UF von einer au\u00dfergew\u00f6hnlich guten Leistungsf\u00e4higkeit im Einsatz. Dank seiner einzigartig kompakten Kurzheckbauweise ist er die perfekte L\u00f6sung f\u00fcr enge Baustellen, bei denen es auf Leistung ankommt. Mit seinem geringen Gewicht ist er sehr leicht zu transportieren. Es ist bereits eine Tradition bei Sunward, stets das beste Preis-Leistungs-Verh\u00e4ltnis zu bieten, und auch der SWE 25UF ist da keine Ausnahme \u2013 er bietet zahlreiche Funktionsmerkmale und bis zu 5 Jahre Garantie zum richtigen Preis. Nat\u00fcrlich ist uns bewusst, dass Sicherheit und Komfort stets Hand in Hand gehen sollten \u2013 darum bietet Ihnen der SWE 25UF gr\u00f6\u00dftm\u00f6gliche Sicherheit und maximalen Komfort unter allen Arbeitsbedingungen.<br \/>\nEntdecken Sie alle weiteren Vorteile des Sunward SWE 25UF.[\/vc_column_text][vc_row_inner][vc_column_inner width=&#8221;1\/2&#8243;][vc_toggle title=&#8221;KABINENART&#8221;]<\/p>\n<table width=\"1112\">\n<tbody>\n<tr>\n<td width=\"673\">Kabinenart<\/td>\n<td width=\"439\">Kabine oder Schutzdach<\/td>\n<\/tr>\n<\/tbody>\n<\/table>\n<p>[\/vc_toggle][vc_toggle title=&#8221;ABMESSUNGEN&#8221; css=&#8221;&#8221;]<\/p>\n<table width=\"1112\">\n<tbody>\n<tr>\n<td width=\"673\">Betriebsgewicht<\/td>\n<td width=\"439\">2 750 kg<\/td>\n<\/tr>\n<tr>\n<td width=\"673\">Standard-L\u00f6ffelvolumen<\/td>\n<td>0.08 m\u00b3<\/td>\n<\/tr>\n<tr>\n<td width=\"673\">Transportl\u00e4nge<\/td>\n<td>4 150 mm<\/td>\n<\/tr>\n<tr>\n<td width=\"673\">Transportbreite<\/td>\n<td>1 500 mm<\/td>\n<\/tr>\n<tr>\n<td width=\"673\">H\u00f6he \u00fcber Kabine<\/td>\n<td>2 510 mm<\/td>\n<\/tr>\n<\/tbody>\n<\/table>\n<p>[\/vc_toggle][vc_toggle title=&#8221;MOTOR&#8221; css=&#8221;&#8221;]<\/p>\n<table width=\"1112\">\n<tbody>\n<tr>\n<td width=\"673\">Modell<\/td>\n<td width=\"439\">Kubota D1105<\/td>\n<\/tr>\n<tr>\n<td>Emissionsstufe<\/td>\n<td>EU Stufe V<\/td>\n<\/tr>\n<tr>\n<td>Hubraum<\/td>\n<td>1.123 l<\/td>\n<\/tr>\n<tr>\n<td>Nennausgangsleistung<\/td>\n<td>15.4 kW<\/td>\n<\/tr>\n<\/tbody>\n<\/table>\n<p>[\/vc_toggle][vc_toggle title=&#8221;HYDRAULIKSYSTEM&#8221; css=&#8221;&#8221;]<\/p>\n<table width=\"1112\">\n<tbody>\n<tr>\n<td width=\"673\">Typ<\/td>\n<td width=\"439\">2 variable Kolbenpumpen, 1 Zahnradpumpe<\/td>\n<\/tr>\n<tr>\n<td>Hubraum<\/td>\n<td>2*28.8+19.2 l\/min<\/td>\n<\/tr>\n<tr>\n<td>Hydraulikdruck<\/td>\n<td>2*23.5 + 19 MPa<\/td>\n<\/tr>\n<\/tbody>\n<\/table>\n<p>[\/vc_toggle][vc_toggle title=&#8221;ARBEITSBEREICH&#8221; css=&#8221;&#8221;]<\/p>\n<table width=\"1112\">\n<tbody>\n<tr>\n<td width=\"673\">Max. Grabtiefe<\/td>\n<td width=\"439\">2 800 mm<\/td>\n<\/tr>\n<tr>\n<td>Max. Grabreichweite<\/td>\n<td>4 780 mm<\/td>\n<\/tr>\n<tr>\n<td>Max. Grabkraft L\u00f6ffel<\/td>\n<td>24\u00a0kN<\/td>\n<\/tr>\n<tr>\n<td>Max. Grabkraft L\u00f6ffelstiel<\/td>\n<td>14\u00a0kN<\/td>\n<\/tr>\n<\/tbody>\n<\/table>\n<p>[\/vc_toggle][\/vc_column_inner][vc_column_inner width=&#8221;1\/2&#8243;][\/vc_column_inner][\/vc_row_inner][\/vc_tta_section][vc_tta_section title=&#8221;MERKMALE UND VORTEILE&#8221; tab_id=&#8221;1623355710952-d36b50a3-81ed&#8221;][vc_row_inner][vc_column_inner width=&#8221;1\/4&#8243;][vc_single_image image=&#8221;1070&#8243; img_size=&#8221;medium&#8221;][\/vc_column_inner][vc_column_inner width=&#8221;3\/4&#8243;][vc_custom_heading text=&#8221;F\u00dcR EUROPA KONZIPIERT&#8221; font_container=&#8221;tag:h3|text_align:left&#8221; use_theme_fonts=&#8221;yes&#8221;][vc_column_text]Zus\u00e4tzlich zur EU-Zertifizierung wurde der Sunward SWE 25UF, wie alle Sunward-Maschinen auf dem europ\u00e4ischen Markt, so konzipiert, dass er die Anforderungen europ\u00e4ischer Kunden erf\u00fcllt.[\/vc_column_text][\/vc_column_inner][\/vc_row_inner][vc_separator][vc_row_inner][vc_column_inner width=&#8221;1\/4&#8243;][vc_single_image image=&#8221;1080&#8243; img_size=&#8221;medium&#8221;][\/vc_column_inner][vc_column_inner width=&#8221;3\/4&#8243;][vc_custom_heading text=&#8221;LEISTUNGSF\u00c4HIGE UND ZUVERL\u00c4SSIGE MASCHINE&#8221; font_container=&#8221;tag:h3|text_align:left&#8221; use_theme_fonts=&#8221;yes&#8221;][vc_column_text css=&#8221;&#8221;]Wir haben uns f\u00fcr den leistungsstarken Kubota D1105-Motor entschieden, der durch seinen geringen Kraftstoffverbrauch, niedrigen Ger\u00e4usch- und Vibrationspegel sowie eine H\u00f6henleistungsregelung \u00fcberzeugt und effizientes Arbeiten selbst unter schwierigen Bedingungen erm\u00f6glicht. Dieser 15,4\u202fkW starke Industriedieselmotor erf\u00fcllt die europ\u00e4ischen Emissionsnormen der Stufe V sowie die EPA Final Tier 4. Dank seiner kompakten Bauweise ist er vielseitig einsetzbar. Der Motor ist optimal auf die Leistung des Hydrauliksystems abgestimmt und gew\u00e4hrleistet einen reibungslosen Betrieb. Damit ist er die ideale Wahl f\u00fcr unseren zuverl\u00e4ssigen und vielseitigen Minibagger SWE 25UF.[\/vc_column_text][\/vc_column_inner][\/vc_row_inner][vc_separator][vc_row_inner][vc_column_inner width=&#8221;1\/4&#8243;][vc_single_image image=&#8221;1091&#8243; img_size=&#8221;medium&#8221;][\/vc_column_inner][vc_column_inner width=&#8221;3\/4&#8243;][vc_custom_heading text=&#8221;PREMIUM-KOMPONENTEN&#8221; font_container=&#8221;tag:h3|text_align:left&#8221; use_theme_fonts=&#8221;yes&#8221;][vc_column_text css=&#8221;&#8221;]Alle Schl\u00fcsselkomponenten der Sunward-Bagger werden sorgf\u00e4ltig ausgew\u00e4hlt \u2013 vom Motor bis zum Hydrauliksystem. Da die Hydraulik oft als das Herz der Maschine gilt, arbeitet Sunward ausschlie\u00dflich mit erstklassigen Zulieferern auf dem Markt zusammen. F\u00fcr den Sunward SWE 25UF haben wir Premiumhersteller ausgew\u00e4hlt, die die Hydraulikpumpe sowie den Fahr- und Schwenkmotor liefern. Diese Komponenten sind bekannt f\u00fcr ihre Effizienz, Zuverl\u00e4ssigkeit und kompakte Bauweise \u2013 Eigenschaften, die wesentlich zur Gesamtzuverl\u00e4ssigkeit des SWE 25UF beitragen.[\/vc_column_text][\/vc_column_inner][\/vc_row_inner][vc_separator][vc_row_inner][vc_column_inner width=&#8221;1\/4&#8243;][vc_single_image image=&#8221;1076&#8243; img_size=&#8221;medium&#8221;][\/vc_column_inner][vc_column_inner width=&#8221;3\/4&#8243;][vc_custom_heading text=&#8221;GROSSER ARBEITSBEREICH&#8221; font_container=&#8221;tag:h3|text_align:left&#8221; use_theme_fonts=&#8221;yes&#8221;][vc_column_text css=&#8221;&#8221;]Der SWE 25UF hat eine au\u00dfergew\u00f6hnliche Grabkraft von mehr als 24 kN (L\u00f6ffel) und mehr als 14 kN (L\u00f6ffelstiel), so dass er den Vergleich mit 2,5-t-Baggern anderer Hersteller auf dem Markt nicht zu scheuen braucht. Und was die Grabreichweite betrifft, bietet das Auslegerzylinderkonzept des SWE 25UF eine maximale Reichweite von mehr als 4.7 m (4 775 mm).[\/vc_column_text][\/vc_column_inner][\/vc_row_inner][vc_separator][vc_row_inner][vc_column_inner width=&#8221;1\/4&#8243;][vc_single_image image=&#8221;1079&#8243; img_size=&#8221;medium&#8221;][\/vc_column_inner][vc_column_inner width=&#8221;3\/4&#8243;][vc_custom_heading text=&#8221;BEREIT F\u00dcR UNTERSCHIEDLICHSTE ANWENDUNGEN&#8221; font_container=&#8221;tag:h3|text_align:left&#8221; use_theme_fonts=&#8221;yes&#8221;][vc_column_text css=&#8221;&#8221;]Die Vielseitigkeit eines Minibaggers zeigt sich schon daran, wie gut er sich transportieren l\u00e4sst. Der SWE 25UF erf\u00fcllt aber nicht nur die Transportvorgaben der EU \u2013 dank kompakter Abmessungen (1 500 mm Breite) und geringem Gewicht (2 750 kg) ist der Transport einfach und sicher. Mit einer automatischen Schwenkverriegelung und vier leicht zug\u00e4nglichen Verankerungspunkten am oberen Rahmen kann die Maschine mit bis zu 3 L\u00f6ffeln und einem Hydraulikhammer sicher auf einem kleinen Anh\u00e4nger transportiert werden. Der SWE 25UF l\u00e4sst sich dank serienm\u00e4\u00dfig kompletter Zusatzleitungskonfiguration an jede Baustellensituation anpassen \u2013 indem er eine vollst\u00e4ndig einstellbare Druck- und Durchfluss\u00fcberwachung bereitstellt. Das bedeutet nicht weniger als 3 getrennte Zusatzleitungen serienm\u00e4\u00dfig (markt\u00fcblich sind 1 bis 2 Leitungen). Da sich eine breite Palette von Anbauger\u00e4ten problemlos montieren l\u00e4sst, sind unterschiedlichste Anwendungen realisierbar.[\/vc_column_text][\/vc_column_inner][\/vc_row_inner][vc_separator][vc_row_inner][vc_column_inner width=&#8221;1\/4&#8243;][vc_single_image image=&#8221;1149&#8243; img_size=&#8221;medium&#8221;][\/vc_column_inner][vc_column_inner width=&#8221;3\/4&#8243;][vc_custom_heading text=&#8221;AB WERK GUT AUSGER\u00dcSTET&#8221; font_container=&#8221;tag:h3|text_align:left&#8221; use_theme_fonts=&#8221;yes&#8221;][vc_column_text]Der Sunward SWE\u00a025UF ist bereits ab Werk hervorragend ausger\u00fcstet:<br \/>\n\u2013 Doppelt wirkender Hydraulikkreislauf<br \/>\n\u2013 Werksseitig montierte Hydraulik-Schnellwechslerleitung<br \/>\n\u2013 Werksseitig montierte Hydraulikhammer- und Rotationsleitung<br \/>\n\u2013 Werksseitig montierte Geh\u00e4useabflussleitung<br \/>\n\u2013 Werksseitig montierte Hydraulik-Vorsteuerung mit Doppel-Kontaktschalter<br \/>\n\u2013 Werksseitig montierte Joystick-Tiltrotator-Steuerung (Tiltrotator nach Wahl)<br \/>\n\u2013 3 LED-Arbeitsleuchten serienm\u00e4\u00dfig: 2 vorn an der Kabine, 1 links am Ausleger[\/vc_column_text][\/vc_column_inner][\/vc_row_inner][vc_separator][vc_row_inner][vc_column_inner width=&#8221;1\/4&#8243;][vc_single_image image=&#8221;1146&#8243; img_size=&#8221;medium&#8221;][\/vc_column_inner][vc_column_inner width=&#8221;3\/4&#8243;][vc_custom_heading text=&#8221;WARTUNGSFREUNDLICH&#8221; font_container=&#8221;tag:h3|text_align:left&#8221; use_theme_fonts=&#8221;yes&#8221;][vc_column_text]Beim Sunward 25UF sind die Wartungspunkte zentral angeordnet, um Routinema\u00dfnahmen zu erleichtern. Um die Wartungsdauer und -kosten zu senken, bietet die hintere Verkleidung direkten Zugang zu den Wartungspunkten. Mit seinem sehr leicht zug\u00e4nglichen Kraftstofftank und den zentralen Schmiernippeln l\u00e4sst sich der SWE\u00a025UF ebenso einfach warten wie bedienen.[\/vc_column_text][\/vc_column_inner][\/vc_row_inner][vc_separator][vc_row_inner][vc_column_inner width=&#8221;1\/4&#8243;][vc_single_image image=&#8221;1071&#8243; img_size=&#8221;medium&#8221;][\/vc_column_inner][vc_column_inner width=&#8221;3\/4&#8243;][vc_custom_heading text=&#8221;BESTES PREIS-LEISTUNGS-VERH\u00c4LTNIS&#8221; font_container=&#8221;tag:h3|text_align:left&#8221; use_theme_fonts=&#8221;yes&#8221;][vc_column_text]Sunward \u2013 Ihre cleverste Investition in Zuverl\u00e4ssigkeit, Leistungsf\u00e4higkeit und hohe Kapitalrendite. Das professionelle Design des SWE\u00a025UF umfasst eine gut durchdachte Auswahl von Komponenten f\u00fcr eine optimale Bedienung und Wartung. Unsere Design-Wahl resultiert in einer Maschine, die eine Unmenge serienm\u00e4\u00dfig eingebauter Funktionen, Komponenten von Premiummarken und F\u00e4higkeiten bietet &#8211; und das alles zu einem guten Preis.<br \/>\nDar\u00fcber hinaus sind auch die Original-Ersatzteile von Sunward wirtschaftlich \u2013 wobei dieses \u00fcberzeugende Preis-Leistungs-Verh\u00e4ltnis von einer 5-Jahre-Garantie gekr\u00f6nt wird, die bei allen Sunward-Produkten serienm\u00e4\u00dfig ist.[\/vc_column_text][\/vc_column_inner][\/vc_row_inner][\/vc_tta_section][vc_tta_section title=&#8221;VIDEO&#8221; tab_id=&#8221;1623857706491-8aa3a03f-cca1&#8243;][vc_video link=&#8221;https:\/\/youtu.be\/cC0LglSCxSE&#8221;][\/vc_tta_section][vc_tta_section title=&#8221;BROSCH\u00dcRE&#8221; tab_id=&#8221;1623857795794-8fd5289e-c5a3&#8243;][vc_row_inner content_placement=&#8221;middle&#8221;][vc_column_inner width=&#8221;1\/4&#8243;][vc_single_image image=&#8221;4273&#8243; img_size=&#8221;large&#8221; css=&#8221;&#8221;][\/vc_column_inner][vc_column_inner width=&#8221;3\/4&#8243;][vc_custom_heading text=&#8221;PRODUKTBROSCH\u00dcRE&#8221; font_container=&#8221;tag:h3|text_align:left&#8221; use_theme_fonts=&#8221;yes&#8221;][vc_btn title=&#8221;DOWNLOAD&#8221; color=&#8221;orange&#8221; size=&#8221;lg&#8221; css=&#8221;&#8221; link=&#8221;url:https%3A%2F%2Fsunward.eu%2Fwp-content%2Fuploads%2F2025%2F05%2FSUNWARD_SWE-25UF_05.2025_FINAL_HR_DE_.pdf|title:Sunward%20SWE%2025UF%20Product%20Brochure|target:_blank&#8221;][\/vc_column_inner][\/vc_row_inner][\/vc_tta_section][\/vc_tta_accordion][\/vc_column][\/vc_row]<\/p>\n<\/div>","protected":false},"excerpt":{"rendered":"<p>Der Sunward SWE\u00a025UF Minibagger ist die Kurzheckversion des SWE\u00a025F Minibaggers. Wie der SWE\u00a025F profitiert auch der SWE 25UF von einer au\u00dfergew\u00f6hnlich guten Leistungsf\u00e4higkeit im Einsatz. Dank seiner einzigartig kompakten Kurzheckbauweise ist er die perfekte L\u00f6sung f\u00fcr enge Baustellen, bei denen es auf Leistung ankommt. Mit seinem geringen Gewicht ist er sehr leicht zu transportieren. [&#8230;]<\/p>\n<p><a class=\"btn btn-secondary understrap-read-more-link\" href=\"https:\/\/sunward.eu\/de\/product\/swe-25uf\/\">Weiterlesen&#8230;<\/a><\/p>\n","protected":false},"featured_media":3643,"comment_status":"closed","ping_status":"closed","template":"","meta":{"_acf_changed":false,"inline_featured_image":false},"product_cat":[26,37],"product_tag":[],"class_list":{"0":"post-1150","1":"product","2":"type-product","3":"status-publish","4":"has-post-thumbnail","6":"product_cat-excavators","7":"product_cat-mini-excavators","8":"pa_emission-rating-eu-stage-5","9":"pa_max-digging-depth-2-800-mm","10":"pa_operating-weight-2750-kg","11":"pa_power-output-15-4-kw","12":"pa_width-1500-mm","14":"first","15":"instock","16":"shipping-taxable","17":"product-type-simple"},"translation":{"provider":"WPGlobus","version":"2.12.2","language":"de","enabled_languages":["en","de","fr","it"],"languages":{"en":{"title":true,"content":true,"excerpt":true},"de":{"title":true,"content":true,"excerpt":true},"fr":{"title":true,"content":true,"excerpt":true},"it":{"title":true,"content":true,"excerpt":true}}},"acf":[],"yoast_head":"<!-- This site is optimized with the Yoast SEO plugin v22.6 - https:\/\/yoast.com\/wordpress\/plugins\/seo\/ -->\n<title>SWE 25UF - Sunward Europe (Official Website for EU &amp; UK)<\/title>\n<meta name=\"robots\" content=\"index, follow, max-snippet:-1, max-image-preview:large, max-video-preview:-1\" \/>\n<link rel=\"canonical\" href=\"https:\/\/sunward.eu\/product\/swe-25uf\/\" \/>\n<meta property=\"og:locale\" content=\"de_DE\" \/>\n<meta property=\"og:type\" content=\"article\" \/>\n<meta property=\"og:title\" content=\"SWE 25UF - Sunward Europe (Official Website for EU &amp; UK)\" \/>\n<meta property=\"og:url\" content=\"https:\/\/sunward.eu\/product\/swe-25uf\/\" \/>\n<meta property=\"og:site_name\" content=\"Sunward Europe (Official Website for EU &amp; UK)\" \/>\n<meta property=\"article:modified_time\" content=\"2025-10-27T13:36:23+00:00\" \/>\n<meta property=\"og:image\" content=\"https:\/\/sunward.eu\/wp-content\/uploads\/2024\/08\/SWE_25UF_CUT_OUT_MAIN.png\" \/>\n\t<meta property=\"og:image:width\" content=\"1000\" \/>\n\t<meta property=\"og:image:height\" content=\"1000\" \/>\n\t<meta property=\"og:image:type\" content=\"image\/png\" \/>\n<meta name=\"twitter:card\" content=\"summary_large_image\" \/>\n<meta name=\"twitter:label1\" content=\"Est. reading time\" \/>\n\t<meta name=\"twitter:data1\" content=\"5 minutes\" \/>\n<script type=\"application\/ld+json\" class=\"yoast-schema-graph\">{\"@context\":\"https:\/\/schema.org\",\"@graph\":[{\"@type\":\"WebPage\",\"@id\":\"https:\/\/sunward.eu\/product\/swe-25uf\/\",\"url\":\"https:\/\/sunward.eu\/product\/swe-25uf\/\",\"name\":\"SWE 25UF - Sunward Europe (Official Website for EU &amp; UK)\",\"isPartOf\":{\"@id\":\"https:\/\/sunward.eu\/#website\"},\"primaryImageOfPage\":{\"@id\":\"https:\/\/sunward.eu\/product\/swe-25uf\/#primaryimage\"},\"image\":{\"@id\":\"https:\/\/sunward.eu\/product\/swe-25uf\/#primaryimage\"},\"thumbnailUrl\":\"https:\/\/sunward.eu\/wp-content\/uploads\/2024\/08\/SWE_25UF_CUT_OUT_MAIN.png\",\"datePublished\":\"2022-01-17T22:26:53+00:00\",\"dateModified\":\"2025-10-27T13:36:23+00:00\",\"breadcrumb\":{\"@id\":\"https:\/\/sunward.eu\/product\/swe-25uf\/#breadcrumb\"},\"inLanguage\":\"de-DE\",\"potentialAction\":[{\"@type\":\"ReadAction\",\"target\":[\"https:\/\/sunward.eu\/product\/swe-25uf\/\"]}]},{\"@type\":\"ImageObject\",\"inLanguage\":\"de-DE\",\"@id\":\"https:\/\/sunward.eu\/product\/swe-25uf\/#primaryimage\",\"url\":\"https:\/\/sunward.eu\/wp-content\/uploads\/2024\/08\/SWE_25UF_CUT_OUT_MAIN.png\",\"contentUrl\":\"https:\/\/sunward.eu\/wp-content\/uploads\/2024\/08\/SWE_25UF_CUT_OUT_MAIN.png\",\"width\":1000,\"height\":1000,\"caption\":\"SWE 25UF\"},{\"@type\":\"BreadcrumbList\",\"@id\":\"https:\/\/sunward.eu\/product\/swe-25uf\/#breadcrumb\",\"itemListElement\":[{\"@type\":\"ListItem\",\"position\":1,\"name\":\"Home\",\"item\":\"https:\/\/sunward.eu\/\"},{\"@type\":\"ListItem\",\"position\":2,\"name\":\"Products\",\"item\":\"https:\/\/sunward.eu\/shop\/\"},{\"@type\":\"ListItem\",\"position\":3,\"name\":\"Excavators\",\"item\":\"https:\/\/sunward.eu\/product-category\/excavators\/\"},{\"@type\":\"ListItem\",\"position\":4,\"name\":\"SWE 25UF\"}]},{\"@type\":\"WebSite\",\"@id\":\"https:\/\/sunward.eu\/#website\",\"url\":\"https:\/\/sunward.eu\/\",\"name\":\"Sunward Europe (Official Website for EU &amp; UK)\",\"description\":\"The smart choice\",\"publisher\":{\"@id\":\"https:\/\/sunward.eu\/#organization\"},\"potentialAction\":[{\"@type\":\"SearchAction\",\"target\":{\"@type\":\"EntryPoint\",\"urlTemplate\":\"https:\/\/sunward.eu\/?s={search_term_string}\"},\"query-input\":\"required name=search_term_string\"}],\"inLanguage\":\"de-DE\"},{\"@type\":\"Organization\",\"@id\":\"https:\/\/sunward.eu\/#organization\",\"name\":\"Sunward Europe (Official Website for EU &amp; UK)\",\"url\":\"https:\/\/sunward.eu\/\",\"logo\":{\"@type\":\"ImageObject\",\"inLanguage\":\"de-DE\",\"@id\":\"https:\/\/sunward.eu\/#\/schema\/logo\/image\/\",\"url\":\"https:\/\/sunward.eu\/wp-content\/uploads\/2022\/01\/Website_Sunward_logo_top_180x63px.png\",\"contentUrl\":\"https:\/\/sunward.eu\/wp-content\/uploads\/2022\/01\/Website_Sunward_logo_top_180x63px.png\",\"width\":180,\"height\":63,\"caption\":\"Sunward Europe (Official Website for EU &amp; UK)\"},\"image\":{\"@id\":\"https:\/\/sunward.eu\/#\/schema\/logo\/image\/\"}}]}<\/script>\n<!-- \/ Yoast SEO plugin. -->","yoast_head_json":{"title":"SWE 25UF - Sunward Europe (Official Website for EU &amp; UK)","robots":{"index":"index","follow":"follow","max-snippet":"max-snippet:-1","max-image-preview":"max-image-preview:large","max-video-preview":"max-video-preview:-1"},"canonical":"https:\/\/sunward.eu\/product\/swe-25uf\/","og_locale":"de_DE","og_type":"article","og_title":"SWE 25UF - Sunward Europe (Official Website for EU &amp; UK)","og_url":"https:\/\/sunward.eu\/product\/swe-25uf\/","og_site_name":"Sunward Europe (Official Website for EU &amp; UK)","article_modified_time":"2025-10-27T13:36:23+00:00","og_image":[{"width":1000,"height":1000,"url":"https:\/\/sunward.eu\/wp-content\/uploads\/2024\/08\/SWE_25UF_CUT_OUT_MAIN.png","type":"image\/png"}],"twitter_card":"summary_large_image","twitter_misc":{"Est. reading time":"5 minutes"},"schema":{"@context":"https:\/\/schema.org","@graph":[{"@type":"WebPage","@id":"https:\/\/sunward.eu\/product\/swe-25uf\/","url":"https:\/\/sunward.eu\/product\/swe-25uf\/","name":"SWE 25UF - Sunward Europe (Official Website for EU &amp; UK)","isPartOf":{"@id":"https:\/\/sunward.eu\/#website"},"primaryImageOfPage":{"@id":"https:\/\/sunward.eu\/product\/swe-25uf\/#primaryimage"},"image":{"@id":"https:\/\/sunward.eu\/product\/swe-25uf\/#primaryimage"},"thumbnailUrl":"https:\/\/sunward.eu\/wp-content\/uploads\/2024\/08\/SWE_25UF_CUT_OUT_MAIN.png","datePublished":"2022-01-17T22:26:53+00:00","dateModified":"2025-10-27T13:36:23+00:00","breadcrumb":{"@id":"https:\/\/sunward.eu\/product\/swe-25uf\/#breadcrumb"},"inLanguage":"de-DE","potentialAction":[{"@type":"ReadAction","target":["https:\/\/sunward.eu\/product\/swe-25uf\/"]}]},{"@type":"ImageObject","inLanguage":"de-DE","@id":"https:\/\/sunward.eu\/product\/swe-25uf\/#primaryimage","url":"https:\/\/sunward.eu\/wp-content\/uploads\/2024\/08\/SWE_25UF_CUT_OUT_MAIN.png","contentUrl":"https:\/\/sunward.eu\/wp-content\/uploads\/2024\/08\/SWE_25UF_CUT_OUT_MAIN.png","width":1000,"height":1000,"caption":"SWE 25UF"},{"@type":"BreadcrumbList","@id":"https:\/\/sunward.eu\/product\/swe-25uf\/#breadcrumb","itemListElement":[{"@type":"ListItem","position":1,"name":"Home","item":"https:\/\/sunward.eu\/"},{"@type":"ListItem","position":2,"name":"Products","item":"https:\/\/sunward.eu\/shop\/"},{"@type":"ListItem","position":3,"name":"Excavators","item":"https:\/\/sunward.eu\/product-category\/excavators\/"},{"@type":"ListItem","position":4,"name":"SWE 25UF"}]},{"@type":"WebSite","@id":"https:\/\/sunward.eu\/#website","url":"https:\/\/sunward.eu\/","name":"Sunward Europe (Official Website for EU &amp; UK)","description":"The smart choice","publisher":{"@id":"https:\/\/sunward.eu\/#organization"},"potentialAction":[{"@type":"SearchAction","target":{"@type":"EntryPoint","urlTemplate":"https:\/\/sunward.eu\/?s={search_term_string}"},"query-input":"required name=search_term_string"}],"inLanguage":"de-DE"},{"@type":"Organization","@id":"https:\/\/sunward.eu\/#organization","name":"Sunward Europe (Official Website for EU &amp; UK)","url":"https:\/\/sunward.eu\/","logo":{"@type":"ImageObject","inLanguage":"de-DE","@id":"https:\/\/sunward.eu\/#\/schema\/logo\/image\/","url":"https:\/\/sunward.eu\/wp-content\/uploads\/2022\/01\/Website_Sunward_logo_top_180x63px.png","contentUrl":"https:\/\/sunward.eu\/wp-content\/uploads\/2022\/01\/Website_Sunward_logo_top_180x63px.png","width":180,"height":63,"caption":"Sunward Europe (Official Website for EU &amp; UK)"},"image":{"@id":"https:\/\/sunward.eu\/#\/schema\/logo\/image\/"}}]}},"_links":{"self":[{"href":"https:\/\/sunward.eu\/de\/wp-json\/wp\/v2\/product\/1150","targetHints":{"allow":["GET"]}}],"collection":[{"href":"https:\/\/sunward.eu\/de\/wp-json\/wp\/v2\/product"}],"about":[{"href":"https:\/\/sunward.eu\/de\/wp-json\/wp\/v2\/types\/product"}],"replies":[{"embeddable":true,"href":"https:\/\/sunward.eu\/de\/wp-json\/wp\/v2\/comments?post=1150"}],"wp:featuredmedia":[{"embeddable":true,"href":"https:\/\/sunward.eu\/de\/wp-json\/wp\/v2\/media\/3643"}],"wp:attachment":[{"href":"https:\/\/sunward.eu\/de\/wp-json\/wp\/v2\/media?parent=1150"}],"wp:term":[{"taxonomy":"product_cat","embeddable":true,"href":"https:\/\/sunward.eu\/de\/wp-json\/wp\/v2\/product_cat?post=1150"},{"taxonomy":"product_tag","embeddable":true,"href":"https:\/\/sunward.eu\/de\/wp-json\/wp\/v2\/product_tag?post=1150"}],"curies":[{"name":"wp","href":"https:\/\/api.w.org\/{rel}","templated":true}]}}