{"id":610,"date":"2021-06-30T13:54:33","date_gmt":"2021-06-30T11:54:33","guid":{"rendered":"https:\/\/sunward.eu\/?page_id=610"},"modified":"2022-07-29T15:48:49","modified_gmt":"2022-07-29T13:48:49","slug":"finance","status":"publish","type":"page","link":"https:\/\/sunward.eu\/de\/finance\/","title":{"rendered":"Sunward Finance"},"content":{"rendered":"<div class=\"wpb-content-wrapper\"><p>[vc_section full_width=&#8221;stretch_row&#8221; el_id=&#8221;section-1&#8243; css=&#8221;.vc_custom_1643806588099{margin-top: 0px !important;border-top-width: 0px !important;padding-top: 5px !important;}&#8221;][vc_row full_width=&#8221;stretch_row&#8221; content_placement=&#8221;middle&#8221; css_animation=&#8221;fadeIn&#8221; css=&#8221;.vc_custom_1643806533322{margin-top: 0px !important;margin-bottom: 0px !important;border-top-width: 0px !important;border-bottom-width: 0px !important;padding-top: 10px !important;padding-bottom: 0px !important;}&#8221;][vc_column width=&#8221;1\/3&#8243; offset=&#8221;vc_col-lg-7 vc_col-md-7&#8243;][vc_custom_heading text=&#8221;WARUM <b>SUNWARD Finance ?<\/b>&#8221; font_container=&#8221;tag:h2|font_size:44|text_align:left|color:%23008d84|line_height:58px&#8221; use_theme_fonts=&#8221;yes&#8221; css_animation=&#8221;fadeInUp&#8221; el_class=&#8221;text-uppercase&#8221;][vc_column_text css_animation=&#8221;fadeInUp&#8221;]<\/p>\n<h5>Sie brauchen eine neue Sunward-Maschine?<\/h5>\n<h5>SUNWARD Finance wurde ins Leben gerufen, um sowohl unsere H\u00e4ndler als auch deren Kunden bei Ihren Entwicklungsvorhaben finanziell zu begleiten.<\/h5>\n<h5>Wie?<\/h5>\n<h5>SUNWARD Finance bietet nicht nur konkurrenzf\u00e4hige Tarife und flexible Bedingungen an, sondern auch kompetente Unterst\u00fctzung.<\/h5>\n<p>[\/vc_column_text][\/vc_column][vc_column width=&#8221;2\/3&#8243; offset=&#8221;vc_col-lg-5 vc_col-md-5&#8243;][vc_single_image image=&#8221;2031&#8243; img_size=&#8221;full&#8221; style=&#8221;vc_box_rounded&#8221;][\/vc_column][\/vc_row][vc_row full_width=&#8221;stretch_row&#8221; content_placement=&#8221;middle&#8221; css_animation=&#8221;fadeIn&#8221; css=&#8221;.vc_custom_1643806554727{margin-top: 0px !important;border-top-width: 0px !important;padding-top: 5px !important;}&#8221;][vc_column offset=&#8221;vc_col-lg-5 vc_col-md-5&#8243;][vc_single_image image=&#8221;2038&#8243; img_size=&#8221;full&#8221; style=&#8221;vc_box_rounded&#8221;][\/vc_column][vc_column offset=&#8221;vc_col-lg-7 vc_col-md-7&#8243;][vc_custom_heading text=&#8221;SCH\u00dcTZEN SIE <b>IHREN KAPITALFLUSS <\/b>&#8221; font_container=&#8221;tag:h2|font_size:48|text_align:left|color:%23008d84|line_height:58px&#8221; use_theme_fonts=&#8221;yes&#8221; css_animation=&#8221;fadeInUp&#8221; el_class=&#8221;text-uppercase&#8221;][vc_column_text css_animation=&#8221;fadeInUp&#8221;]Bauunternehmen haben es mit gro\u00dfen Aufwendungen zu tun. Entscheidend ist daher, \u00fcber die erforderlichen Betriebsmittel f\u00fcr andere Gesch\u00e4ftszwecke zu verf\u00fcgen und gleichzeitig die zur Ausf\u00fchrung eines Auftrags ben\u00f6tigte Ausr\u00fcstung anzuschaffen.<\/p>\n<p>SUNWARD Finance erm\u00f6glicht Ihnen, Ihren Kapitalfluss zu sch\u00fctzen und gleichzeitig die Gesch\u00e4ftsentwicklung weiter zu verfolgen.[\/vc_column_text][\/vc_column][\/vc_row][vc_row full_width=&#8221;stretch_row&#8221; rtl_reverse=&#8221;yes&#8221; content_placement=&#8221;middle&#8221; css_animation=&#8221;fadeIn&#8221;][vc_column offset=&#8221;vc_col-lg-7 vc_col-md-7&#8243;][vc_custom_heading text=&#8221;STEIGERN SIE <b>IHR GESCH\u00c4FT<\/b>&#8221; font_container=&#8221;tag:h2|font_size:48|text_align:left|color:%23008d84|line_height:58px&#8221; use_theme_fonts=&#8221;yes&#8221; css_animation=&#8221;fadeInUp&#8221; el_class=&#8221;text-uppercase&#8221;][vc_column_text css_animation=&#8221;fadeInUp&#8221;]Ob Sie neue Ausr\u00fcstung f\u00fcr gr\u00f6\u00dfere Projekte kaufen oder verschlissene Ausr\u00fcstung ersetzen wollen, SUNWARD Finance hilft Ihnen mit individuellen und flexiblen Finanzierungsl\u00f6sungen, die exakt auf Ihre gesch\u00e4ftlichen Erfordernisse zugeschnitten sind.<\/p>\n<h5>WENDEN SIE SICH AN IHREN SUNWARD-H\u00c4NDLER, UM MEHR \u00dcBER SUNWARD-FINANZIERUNGSL\u00d6SUNGEN ZU ERFAHREN.<\/h5>\n<p>[\/vc_column_text][vc_btn title=&#8221;WENDEN SIE SICH AN IHREN SUNWARD-H\u00c4NDLER&#8221; color=&#8221;orange&#8221; link=&#8221;url:http%3A%2F%2Fsunward.eu%2Fservice-parts%2Ffind-our-dealers%2F|title:Find%20your%20dealer||&#8221;][\/vc_column][vc_column offset=&#8221;vc_col-lg-5 vc_col-md-5&#8243;][vc_single_image image=&#8221;2034&#8243; img_size=&#8221;full&#8221; alignment=&#8221;right&#8221; style=&#8221;vc_box_rounded&#8221;][\/vc_column][\/vc_row][vc_row][\/vc_row][vc_row][vc_column][vc_column_text css=&#8221;.vc_custom_1659102329953{margin-bottom: 0px !important;border-bottom-width: 0px !important;padding-bottom: 0px !important;}&#8221;]<\/p>\n<h6 style=\"text-align: center;\"><em>IN ZUSAMMENARBEIT MIT UNSEREM PARTNER BNP PARIBAS.<\/em><\/h6>\n<p>[\/vc_column_text][vc_row_inner css=&#8221;.vc_custom_1643806285439{padding-top: 0px !important;}&#8221;][vc_column_inner][vc_single_image image=&#8221;2084&#8243; img_size=&#8221;medium&#8221; alignment=&#8221;center&#8221; css=&#8221;.vc_custom_1643806369734{margin-top: 0px !important;border-top-width: 0px !important;padding-top: 0px !important;}&#8221;][\/vc_column_inner][\/vc_row_inner][\/vc_column][\/vc_row][\/vc_section]<\/p>\n<\/div>","protected":false},"excerpt":{"rendered":"<p>[vc_section full_width=&#8221;stretch_row&#8221; el_id=&#8221;section-1&#8243; css=&#8221;.vc_custom_1643806588099{margin-top: 0px !important;border-top-width: 0px !important;padding-top: 5px !important;}&#8221;][vc_row full_width=&#8221;stretch_row&#8221; content_placement=&#8221;middle&#8221; css_animation=&#8221;fadeIn&#8221; css=&#8221;.vc_custom_1643806533322{margin-top: 0px !important;margin-bottom: 0px !important;border-top-width: 0px !important;border-bottom-width: 0px !important;padding-top: 10px !important;padding-bottom: 0px !important;}&#8221;][vc_column width=&#8221;1\/3&#8243; offset=&#8221;vc_col-lg-7 vc_col-md-7&#8243;][vc_custom_heading text=&#8221;WARUM SUNWARD Finance ?&#8221; font_container=&#8221;tag:h2|font_size:44|text_align:left|color:%23008d84|line_height:58px&#8221; use_theme_fonts=&#8221;yes&#8221; css_animation=&#8221;fadeInUp&#8221; el_class=&#8221;text-uppercase&#8221;][vc_column_text css_animation=&#8221;fadeInUp&#8221;] Sie brauchen eine neue Sunward-Maschine? SUNWARD Finance wurde ins Leben gerufen, um sowohl unsere H\u00e4ndler als auch [&#8230;]<\/p>\n<p><a class=\"btn btn-secondary understrap-read-more-link\" href=\"https:\/\/sunward.eu\/de\/finance\/\">Weiterlesen&#8230;<\/a><\/p>\n","protected":false},"author":1,"featured_media":1861,"parent":0,"menu_order":0,"comment_status":"closed","ping_status":"closed","template":"","meta":{"_acf_changed":false,"inline_featured_image":false,"footnotes":""},"class_list":["post-610","page","type-page","status-publish","has-post-thumbnail","hentry"],"translation":{"provider":"WPGlobus","version":"2.12.2","language":"de","enabled_languages":["en","de","fr","it"],"languages":{"en":{"title":true,"content":true,"excerpt":false},"de":{"title":true,"content":true,"excerpt":false},"fr":{"title":true,"content":true,"excerpt":false},"it":{"title":true,"content":true,"excerpt":false}}},"acf":[],"yoast_head":"<!-- This site is optimized with the Yoast SEO plugin v22.6 - https:\/\/yoast.com\/wordpress\/plugins\/seo\/ -->\n<title>Sunward Finance - Sunward Europe (Official Website for EU &amp; UK)<\/title>\n<meta name=\"robots\" content=\"index, follow, max-snippet:-1, max-image-preview:large, max-video-preview:-1\" \/>\n<link rel=\"canonical\" href=\"https:\/\/sunward.eu\/finance\/\" \/>\n<meta property=\"og:locale\" content=\"de_DE\" \/>\n<meta property=\"og:type\" content=\"article\" \/>\n<meta property=\"og:title\" content=\"Sunward Finance - Sunward Europe (Official Website for EU &amp; UK)\" \/>\n<meta property=\"og:url\" content=\"https:\/\/sunward.eu\/finance\/\" \/>\n<meta property=\"og:site_name\" content=\"Sunward Europe (Official Website for EU &amp; UK)\" \/>\n<meta property=\"article:modified_time\" content=\"2022-07-29T13:48:49+00:00\" \/>\n<meta property=\"og:image\" content=\"https:\/\/sunward.eu\/wp-content\/uploads\/2022\/01\/Website-Top-Banner-Finance-2560x534px.png\" \/>\n\t<meta property=\"og:image:width\" content=\"2560\" \/>\n\t<meta property=\"og:image:height\" content=\"534\" \/>\n\t<meta property=\"og:image:type\" content=\"image\/png\" \/>\n<meta name=\"twitter:card\" content=\"summary_large_image\" \/>\n<meta name=\"twitter:label1\" content=\"Est. reading time\" \/>\n\t<meta name=\"twitter:data1\" content=\"3 minutes\" \/>\n<script type=\"application\/ld+json\" class=\"yoast-schema-graph\">{\"@context\":\"https:\/\/schema.org\",\"@graph\":[{\"@type\":\"WebPage\",\"@id\":\"https:\/\/sunward.eu\/finance\/\",\"url\":\"https:\/\/sunward.eu\/finance\/\",\"name\":\"Sunward Finance - Sunward Europe (Official Website for EU &amp; UK)\",\"isPartOf\":{\"@id\":\"https:\/\/sunward.eu\/#website\"},\"primaryImageOfPage\":{\"@id\":\"https:\/\/sunward.eu\/finance\/#primaryimage\"},\"image\":{\"@id\":\"https:\/\/sunward.eu\/finance\/#primaryimage\"},\"thumbnailUrl\":\"https:\/\/sunward.eu\/wp-content\/uploads\/2022\/01\/Website-Top-Banner-Finance-2560x534px.png\",\"datePublished\":\"2021-06-30T11:54:33+00:00\",\"dateModified\":\"2022-07-29T13:48:49+00:00\",\"breadcrumb\":{\"@id\":\"https:\/\/sunward.eu\/finance\/#breadcrumb\"},\"inLanguage\":\"de-DE\",\"potentialAction\":[{\"@type\":\"ReadAction\",\"target\":[\"https:\/\/sunward.eu\/finance\/\"]}]},{\"@type\":\"ImageObject\",\"inLanguage\":\"de-DE\",\"@id\":\"https:\/\/sunward.eu\/finance\/#primaryimage\",\"url\":\"https:\/\/sunward.eu\/wp-content\/uploads\/2022\/01\/Website-Top-Banner-Finance-2560x534px.png\",\"contentUrl\":\"https:\/\/sunward.eu\/wp-content\/uploads\/2022\/01\/Website-Top-Banner-Finance-2560x534px.png\",\"width\":2560,\"height\":534},{\"@type\":\"BreadcrumbList\",\"@id\":\"https:\/\/sunward.eu\/finance\/#breadcrumb\",\"itemListElement\":[{\"@type\":\"ListItem\",\"position\":1,\"name\":\"Home\",\"item\":\"https:\/\/sunward.eu\/\"},{\"@type\":\"ListItem\",\"position\":2,\"name\":\"SUNWARD Finance\"}]},{\"@type\":\"WebSite\",\"@id\":\"https:\/\/sunward.eu\/#website\",\"url\":\"https:\/\/sunward.eu\/\",\"name\":\"Sunward Europe (Official Website for EU &amp; UK)\",\"description\":\"The smart choice\",\"publisher\":{\"@id\":\"https:\/\/sunward.eu\/#organization\"},\"potentialAction\":[{\"@type\":\"SearchAction\",\"target\":{\"@type\":\"EntryPoint\",\"urlTemplate\":\"https:\/\/sunward.eu\/?s={search_term_string}\"},\"query-input\":\"required name=search_term_string\"}],\"inLanguage\":\"de-DE\"},{\"@type\":\"Organization\",\"@id\":\"https:\/\/sunward.eu\/#organization\",\"name\":\"Sunward Europe (Official Website for EU &amp; UK)\",\"url\":\"https:\/\/sunward.eu\/\",\"logo\":{\"@type\":\"ImageObject\",\"inLanguage\":\"de-DE\",\"@id\":\"https:\/\/sunward.eu\/#\/schema\/logo\/image\/\",\"url\":\"https:\/\/sunward.eu\/wp-content\/uploads\/2022\/01\/Website_Sunward_logo_top_180x63px.png\",\"contentUrl\":\"https:\/\/sunward.eu\/wp-content\/uploads\/2022\/01\/Website_Sunward_logo_top_180x63px.png\",\"width\":180,\"height\":63,\"caption\":\"Sunward Europe (Official Website for EU &amp; UK)\"},\"image\":{\"@id\":\"https:\/\/sunward.eu\/#\/schema\/logo\/image\/\"}}]}<\/script>\n<!-- \/ Yoast SEO plugin. -->","yoast_head_json":{"title":"Sunward Finance - Sunward Europe (Official Website for EU &amp; UK)","robots":{"index":"index","follow":"follow","max-snippet":"max-snippet:-1","max-image-preview":"max-image-preview:large","max-video-preview":"max-video-preview:-1"},"canonical":"https:\/\/sunward.eu\/finance\/","og_locale":"de_DE","og_type":"article","og_title":"Sunward Finance - Sunward Europe (Official Website for EU &amp; UK)","og_url":"https:\/\/sunward.eu\/finance\/","og_site_name":"Sunward Europe (Official Website for EU &amp; UK)","article_modified_time":"2022-07-29T13:48:49+00:00","og_image":[{"width":2560,"height":534,"url":"https:\/\/sunward.eu\/wp-content\/uploads\/2022\/01\/Website-Top-Banner-Finance-2560x534px.png","type":"image\/png"}],"twitter_card":"summary_large_image","twitter_misc":{"Est. reading time":"3 minutes"},"schema":{"@context":"https:\/\/schema.org","@graph":[{"@type":"WebPage","@id":"https:\/\/sunward.eu\/finance\/","url":"https:\/\/sunward.eu\/finance\/","name":"Sunward Finance - Sunward Europe (Official Website for EU &amp; UK)","isPartOf":{"@id":"https:\/\/sunward.eu\/#website"},"primaryImageOfPage":{"@id":"https:\/\/sunward.eu\/finance\/#primaryimage"},"image":{"@id":"https:\/\/sunward.eu\/finance\/#primaryimage"},"thumbnailUrl":"https:\/\/sunward.eu\/wp-content\/uploads\/2022\/01\/Website-Top-Banner-Finance-2560x534px.png","datePublished":"2021-06-30T11:54:33+00:00","dateModified":"2022-07-29T13:48:49+00:00","breadcrumb":{"@id":"https:\/\/sunward.eu\/finance\/#breadcrumb"},"inLanguage":"de-DE","potentialAction":[{"@type":"ReadAction","target":["https:\/\/sunward.eu\/finance\/"]}]},{"@type":"ImageObject","inLanguage":"de-DE","@id":"https:\/\/sunward.eu\/finance\/#primaryimage","url":"https:\/\/sunward.eu\/wp-content\/uploads\/2022\/01\/Website-Top-Banner-Finance-2560x534px.png","contentUrl":"https:\/\/sunward.eu\/wp-content\/uploads\/2022\/01\/Website-Top-Banner-Finance-2560x534px.png","width":2560,"height":534},{"@type":"BreadcrumbList","@id":"https:\/\/sunward.eu\/finance\/#breadcrumb","itemListElement":[{"@type":"ListItem","position":1,"name":"Home","item":"https:\/\/sunward.eu\/"},{"@type":"ListItem","position":2,"name":"SUNWARD Finance"}]},{"@type":"WebSite","@id":"https:\/\/sunward.eu\/#website","url":"https:\/\/sunward.eu\/","name":"Sunward Europe (Official Website for EU &amp; UK)","description":"The smart choice","publisher":{"@id":"https:\/\/sunward.eu\/#organization"},"potentialAction":[{"@type":"SearchAction","target":{"@type":"EntryPoint","urlTemplate":"https:\/\/sunward.eu\/?s={search_term_string}"},"query-input":"required name=search_term_string"}],"inLanguage":"de-DE"},{"@type":"Organization","@id":"https:\/\/sunward.eu\/#organization","name":"Sunward Europe (Official Website for EU &amp; UK)","url":"https:\/\/sunward.eu\/","logo":{"@type":"ImageObject","inLanguage":"de-DE","@id":"https:\/\/sunward.eu\/#\/schema\/logo\/image\/","url":"https:\/\/sunward.eu\/wp-content\/uploads\/2022\/01\/Website_Sunward_logo_top_180x63px.png","contentUrl":"https:\/\/sunward.eu\/wp-content\/uploads\/2022\/01\/Website_Sunward_logo_top_180x63px.png","width":180,"height":63,"caption":"Sunward Europe (Official Website for EU &amp; UK)"},"image":{"@id":"https:\/\/sunward.eu\/#\/schema\/logo\/image\/"}}]}},"_links":{"self":[{"href":"https:\/\/sunward.eu\/de\/wp-json\/wp\/v2\/pages\/610","targetHints":{"allow":["GET"]}}],"collection":[{"href":"https:\/\/sunward.eu\/de\/wp-json\/wp\/v2\/pages"}],"about":[{"href":"https:\/\/sunward.eu\/de\/wp-json\/wp\/v2\/types\/page"}],"author":[{"embeddable":true,"href":"https:\/\/sunward.eu\/de\/wp-json\/wp\/v2\/users\/1"}],"replies":[{"embeddable":true,"href":"https:\/\/sunward.eu\/de\/wp-json\/wp\/v2\/comments?post=610"}],"version-history":[{"count":34,"href":"https:\/\/sunward.eu\/de\/wp-json\/wp\/v2\/pages\/610\/revisions"}],"predecessor-version":[{"id":2655,"href":"https:\/\/sunward.eu\/de\/wp-json\/wp\/v2\/pages\/610\/revisions\/2655"}],"wp:featuredmedia":[{"embeddable":true,"href":"https:\/\/sunward.eu\/de\/wp-json\/wp\/v2\/media\/1861"}],"wp:attachment":[{"href":"https:\/\/sunward.eu\/de\/wp-json\/wp\/v2\/media?parent=610"}],"curies":[{"name":"wp","href":"https:\/\/api.w.org\/{rel}","templated":true}]}}