{"id":510,"date":"2021-06-29T15:42:01","date_gmt":"2021-06-29T13:42:01","guid":{"rendered":"https:\/\/sunward.eu\/?page_id=510"},"modified":"2022-08-18T10:44:27","modified_gmt":"2022-08-18T08:44:27","slug":"career-at-sunward","status":"publish","type":"page","link":"https:\/\/sunward.eu\/de\/company\/career-at-sunward\/","title":{"rendered":"KARRIERE BEI SUNWARD"},"content":{"rendered":"<div class=\"wpb-content-wrapper\"><p>[vc_row full_width=&#8221;stretch_row&#8221; el_id=&#8221;career-offer&#8221; css=&#8221;.vc_custom_1643122994228{margin-bottom: 0px !important;border-bottom-width: 0px !important;padding-bottom: 0px !important;}&#8221;][vc_column][vc_custom_heading text=&#8221;KOMMEN SIE IN UNSER ENGAGIERTES TEAM&#8221; font_container=&#8221;tag:h2|font_size:48|text_align:center|color:%23008d84|line_height:58px&#8221; use_theme_fonts=&#8221;yes&#8221; css_animation=&#8221;fadeInUp&#8221; el_class=&#8221;text-uppercase&#8221;][vc_column_text css_animation=&#8221;fadeInUp&#8221; el_class=&#8221;text-center&#8221;]Wir bei Sunward Europe pflegen einen Start-up-Spirit. Es ist \u00e4u\u00dferst motivierend, in einem wachsenden Unternehmen wie Sunward zu arbeiten.<\/p>\n<p>Seit der Gr\u00fcndung von Sunward Europe 2015 ist der Umsatz von Sunward um das Zwanzigfache gewachsen.<\/p>\n<p>Sunward Europe ist ein ausgesprochen freundliches Team von internationalen Experten, auf das sich stets verlassen k\u00f6nnen.<\/p>\n<p>Wir alle haben dieselbe Vision: F\u00fcr unsere Kunden Wertsch\u00f6pfung durch Innovation zu erzielen und die Lebensqualit\u00e4t zu verbessern.[\/vc_column_text][vc_empty_space][vc_row_inner equal_height=&#8221;yes&#8221;][vc_column_inner el_class=&#8221;left-icon-box bg-gray&#8221; width=&#8221;1\/2&#8243; offset=&#8221;vc_col-lg-4&#8243;][vc_single_image image=&#8221;950&#8243; img_size=&#8221;102&#215;102&#8243;][vc_custom_heading text=&#8221;FREUNDLICHES TEAM&#8221; font_container=&#8221;tag:h3|font_size:21|text_align:left|color:%23008d84|line_height:23px&#8221; use_theme_fonts=&#8221;yes&#8221; css_animation=&#8221;none&#8221; el_class=&#8221;text-uppercase&#8221;][vc_column_text el_class=&#8221;small&#8221;]Wir sind Experten \u2026 vor allem aber haben wir eine menschenfreundliche Unternehmenskultur geschaffen. Und das ist es, was uns wirklich st\u00e4rker macht.[\/vc_column_text][\/vc_column_inner][vc_column_inner el_class=&#8221;left-icon-box bg-gray&#8221; width=&#8221;1\/2&#8243; offset=&#8221;vc_col-lg-4&#8243;][vc_single_image image=&#8221;951&#8243; img_size=&#8221;102&#215;102&#8243;][vc_custom_heading text=&#8221;INTERNATIONALES UMFELD&#8221; font_container=&#8221;tag:h3|font_size:21|text_align:left|color:%23008d84|line_height:23px&#8221; use_theme_fonts=&#8221;yes&#8221; css_animation=&#8221;none&#8221; el_class=&#8221;text-uppercase&#8221;][vc_column_text el_class=&#8221;small&#8221;]Sich dem Team von Sunward Europe anzuschlie\u00dfen, ist die Garantie, in einem internationalen Umfeld zu arbeiten \u2013 von den Mitarbeitern im Unternehmen bis zur Unterst\u00fctzung von H\u00e4ndlern und Endanwendern.[\/vc_column_text][\/vc_column_inner][vc_column_inner el_class=&#8221;left-icon-box bg-gray&#8221; width=&#8221;1\/2&#8243; offset=&#8221;vc_col-lg-4&#8243;][vc_single_image image=&#8221;952&#8243; img_size=&#8221;102&#215;102&#8243;][vc_custom_heading text=&#8221;START-UP-SPIRIT&#8221; font_container=&#8221;tag:h3|font_size:21|text_align:left|color:%23008d84|line_height:23px&#8221; use_theme_fonts=&#8221;yes&#8221; css_animation=&#8221;none&#8221; el_class=&#8221;text-uppercase&#8221;][vc_column_text el_class=&#8221;small&#8221;]Ungeachtet der Tatsache, dass Sunward 1999 gegr\u00fcndet wurde, ist die europ\u00e4ische Niederlassung ziemlich jung. Wir pflegen den Start-up-Spirit, bei dem Agilit\u00e4t, kreative Probleml\u00f6sung, offene Kommunikation und eine flache Hierarchie wertgesch\u00e4tzt werden.[\/vc_column_text][\/vc_column_inner][\/vc_row_inner][\/vc_column][\/vc_row][vc_row full_width=&#8221;stretch_row&#8221; el_id=&#8221;career&#8221; css=&#8221;.vc_custom_1643123030671{margin-bottom: 0px !important;border-bottom-width: 0px !important;padding-bottom: 0px !important;background-color: #f8fbfb !important;}&#8221;][vc_column][vc_row_inner content_placement=&#8221;middle&#8221;][vc_column_inner width=&#8221;3\/4&#8243;][vc_custom_heading text=&#8221;DERZEIT<br \/>\n<b>SUCHEN WIR&#8221; font_container=&#8221;tag:h2|font_size:48|text_align:left|color:%23008d84|line_height:47px&#8221; use_theme_fonts=&#8221;yes&#8221; css_animation=&#8221;fadeInUp&#8221; el_class=&#8221;text-uppercase&#8221; css=&#8221;.vc_custom_1659089755976{margin-bottom: 30px !important;}&#8221;][\/vc_column_inner][vc_column_inner width=&#8221;1\/4&#8243;][vc_btn title=&#8221;SPONTANE BEWERBUNG&#8221; style=&#8221;flat&#8221; color=&#8221;green&#8221; size=&#8221;lg&#8221; align=&#8221;right&#8221; css_animation=&#8221;fadeIn&#8221; css=&#8221;.vc_custom_1659089768692{margin-bottom: 30px !important;}&#8221; link=&#8221;url:%23career-form|||&#8221;][\/vc_column_inner][\/vc_row_inner][vc_basic_grid post_type=&#8221;career&#8221; max_items=&#8221;-1&#8243; element_width=&#8221;12&#8243; orderby=&#8221;ID&#8221; item=&#8221;523&#8243; grid_id=&#8221;vc_gid:1660812132448-5c5f1bc0-8f9f-6&#8243; el_class=&#8221;career-grid-wrap&#8221;][\/vc_column][\/vc_row][vc_section][vc_row el_id=&#8221;career-form&#8221;][vc_column css=&#8221;.vc_custom_1623070702477{padding-top: 70px !important;padding-bottom: 95px !important;}&#8221;][vc_custom_heading text=&#8221;SCHICKEN SIE UNS IHREN LEBENSLAUF&#8221; font_container=&#8221;tag:h2|font_size:48|text_align:center|color:%23008d84|line_height:47px&#8221; use_theme_fonts=&#8221;yes&#8221; css_animation=&#8221;fadeInUp&#8221; el_class=&#8221;text-uppercase&#8221; css=&#8221;.vc_custom_1659089782283{margin-bottom: 40px !important;}&#8221;]\n<div class=\"wpcf7 no-js\" id=\"wpcf7-f2816-o1\" lang=\"en-US\" dir=\"ltr\">\n<div class=\"screen-reader-response\"><p role=\"status\" aria-live=\"polite\" aria-atomic=\"true\"><\/p> <ul><\/ul><\/div>\n<form action=\"\/de\/wp-json\/wp\/v2\/pages\/510#wpcf7-f2816-o1\" method=\"post\" class=\"wpcf7-form init\" aria-label=\"Contact form\" enctype=\"multipart\/form-data\" novalidate=\"novalidate\" data-status=\"init\">\n<div style=\"display: none;\">\n<input type=\"hidden\" name=\"_wpcf7\" value=\"2816\" \/>\n<input type=\"hidden\" name=\"_wpcf7_version\" value=\"5.9.3\" \/>\n<input type=\"hidden\" name=\"_wpcf7_locale\" value=\"en_US\" \/>\n<input type=\"hidden\" name=\"_wpcf7_unit_tag\" value=\"wpcf7-f2816-o1\" \/>\n<input type=\"hidden\" name=\"_wpcf7_container_post\" value=\"0\" \/>\n<input type=\"hidden\" name=\"_wpcf7_posted_data_hash\" value=\"\" \/>\n<input type=\"hidden\" name=\"_wpcf7_recaptcha_response\" value=\"\" \/>\n<\/div>\n<div class=\"row contact-form\">\n\t<div class=\"col-sm-6\">\n\t\t<p><span class=\"wpcf7-form-control-wrap\" data-name=\"name_surname\"><input size=\"40\" class=\"wpcf7-form-control wpcf7-text wpcf7-validates-as-required\" aria-required=\"true\" aria-invalid=\"false\" placeholder=\"Name Nachname\" value=\"\" type=\"text\" name=\"name_surname\" \/><\/span>\n\t\t<\/p>\n\t<\/div>\n\t<div class=\"col-sm-6\">\n\t\t<p><span class=\"wpcf7-form-control-wrap\" data-name=\"email\"><input size=\"40\" class=\"wpcf7-form-control wpcf7-email wpcf7-validates-as-required wpcf7-text wpcf7-validates-as-email\" aria-required=\"true\" aria-invalid=\"false\" placeholder=\"E-Mail\" value=\"\" type=\"email\" name=\"email\" \/><\/span>\n\t\t<\/p>\n\t<\/div>\n\t<div class=\"col-sm-6\">\n\t\t<p><span class=\"wpcf7-form-control-wrap\" data-name=\"phone\"><input size=\"40\" class=\"wpcf7-form-control wpcf7-text wpcf7-validates-as-required\" aria-required=\"true\" aria-invalid=\"false\" placeholder=\"Telefonnummer\" value=\"\" type=\"text\" name=\"phone\" \/><\/span>\n\t\t<\/p>\n\t<\/div>\n\t<div class=\"col-sm-6\">\n\t\t<p><span class=\"wpcf7-form-control-wrap\" data-name=\"position\"><select class=\"wpcf7-form-control wpcf7-select wpcf7-validates-as-required\" aria-required=\"true\" aria-invalid=\"false\" name=\"position\"><option value=\"\">Gew\u00e4hlte Stellung<\/option><option value=\"Position 1\">Position 1<\/option><option value=\"Position 2\">Position 2<\/option><option value=\"Position 3\">Position 3<\/option><\/select><\/span>\n\t\t<\/p>\n\t<\/div>\n\t<div class=\"col-sm-6\">\n\t\t<p><span class=\"wpcf7-form-control-wrap\" data-name=\"url\"><input size=\"40\" class=\"wpcf7-form-control wpcf7-text wpcf7-validates-as-required\" aria-required=\"true\" aria-invalid=\"false\" placeholder=\"LinkedIn-Profil-URL\" value=\"\" type=\"text\" name=\"url\" \/><\/span>\n\t\t<\/p>\n\t<\/div>\n\t<div class=\"col-sm-6\">\n\t\t<p><span class=\"wpcf7-form-control-wrap\" data-name=\"file\"><input size=\"40\" class=\"wpcf7-form-control wpcf7-file\" accept=\".pdf,.txt,.word\" aria-invalid=\"false\" type=\"file\" name=\"file\" \/><\/span>\n\t\t<\/p>\n\t<\/div>\n\t<div class=\"col-sm-12\">\n\t\t<p><span class=\"wpcf7-form-control-wrap\" data-name=\"message\"><textarea cols=\"40\" rows=\"10\" class=\"wpcf7-form-control wpcf7-textarea\" aria-invalid=\"false\" placeholder=\"Mitteilung\" name=\"message\"><\/textarea><\/span>\n\t\t<\/p>\n\t<\/div>\n<\/div>\n<p><input class=\"wpcf7-form-control wpcf7-submit has-spinner btn btn-primary btn-md\" type=\"submit\" value=\"\u00dcBERNEHMEN\" \/>\n<\/p><div class=\"wpcf7-response-output\" aria-hidden=\"true\"><\/div>\n<\/form>\n<\/div>\n[\/vc_column][\/vc_row][\/vc_section][vc_row disable_element=&#8221;yes&#8221;][vc_column][vc_column_text]<\/b>[\/vc_column_text][\/vc_column][\/vc_row]<\/p>\n<\/div>","protected":false},"excerpt":{"rendered":"<p>[vc_row full_width=&#8221;stretch_row&#8221; el_id=&#8221;career-offer&#8221; css=&#8221;.vc_custom_1643122994228{margin-bottom: 0px !important;border-bottom-width: 0px !important;padding-bottom: 0px !important;}&#8221;][vc_column][vc_custom_heading text=&#8221;KOMMEN SIE IN UNSER ENGAGIERTES TEAM&#8221; font_container=&#8221;tag:h2|font_size:48|text_align:center|color:%23008d84|line_height:58px&#8221; use_theme_fonts=&#8221;yes&#8221; css_animation=&#8221;fadeInUp&#8221; el_class=&#8221;text-uppercase&#8221;][vc_column_text css_animation=&#8221;fadeInUp&#8221; el_class=&#8221;text-center&#8221;]Wir bei Sunward Europe pflegen einen Start-up-Spirit. Es ist \u00e4u\u00dferst motivierend, in einem wachsenden Unternehmen wie Sunward zu arbeiten. Seit der Gr\u00fcndung von Sunward Europe 2015 ist der Umsatz von Sunward um das Zwanzigfache [&#8230;]<\/p>\n<p><a class=\"btn btn-secondary understrap-read-more-link\" href=\"https:\/\/sunward.eu\/de\/company\/career-at-sunward\/\">Weiterlesen&#8230;<\/a><\/p>\n","protected":false},"author":1,"featured_media":948,"parent":543,"menu_order":0,"comment_status":"closed","ping_status":"closed","template":"","meta":{"_acf_changed":false,"inline_featured_image":false,"footnotes":""},"class_list":["post-510","page","type-page","status-publish","has-post-thumbnail","hentry"],"translation":{"provider":"WPGlobus","version":"2.12.2","language":"de","enabled_languages":["en","de","fr","it"],"languages":{"en":{"title":true,"content":true,"excerpt":false},"de":{"title":true,"content":true,"excerpt":false},"fr":{"title":true,"content":true,"excerpt":false},"it":{"title":true,"content":true,"excerpt":false}}},"acf":[],"yoast_head":"<!-- This site is optimized with the Yoast SEO plugin v22.6 - https:\/\/yoast.com\/wordpress\/plugins\/seo\/ -->\n<title>KARRIERE BEI SUNWARD - Sunward Europe (Official Website for EU &amp; UK)<\/title>\n<meta name=\"robots\" content=\"index, follow, max-snippet:-1, max-image-preview:large, max-video-preview:-1\" \/>\n<link rel=\"canonical\" href=\"https:\/\/sunward.eu\/company\/career-at-sunward\/\" \/>\n<meta property=\"og:locale\" content=\"de_DE\" \/>\n<meta property=\"og:type\" content=\"article\" \/>\n<meta property=\"og:title\" content=\"KARRIERE BEI SUNWARD - Sunward Europe (Official Website for EU &amp; UK)\" \/>\n<meta property=\"og:url\" content=\"https:\/\/sunward.eu\/company\/career-at-sunward\/\" \/>\n<meta property=\"og:site_name\" content=\"Sunward Europe (Official Website for EU &amp; UK)\" \/>\n<meta property=\"article:modified_time\" content=\"2022-08-18T08:44:27+00:00\" \/>\n<meta property=\"og:image\" content=\"https:\/\/sunward.eu\/wp-content\/uploads\/2022\/01\/Website-Top-Banner_Sunward-Career_2560x534px.png\" \/>\n\t<meta property=\"og:image:width\" content=\"2560\" \/>\n\t<meta property=\"og:image:height\" content=\"534\" \/>\n\t<meta property=\"og:image:type\" content=\"image\/png\" \/>\n<meta name=\"twitter:card\" content=\"summary_large_image\" \/>\n<meta name=\"twitter:label1\" content=\"Est. reading time\" \/>\n\t<meta name=\"twitter:data1\" content=\"2 minutes\" \/>\n<script type=\"application\/ld+json\" class=\"yoast-schema-graph\">{\"@context\":\"https:\/\/schema.org\",\"@graph\":[{\"@type\":\"WebPage\",\"@id\":\"https:\/\/sunward.eu\/company\/career-at-sunward\/\",\"url\":\"https:\/\/sunward.eu\/company\/career-at-sunward\/\",\"name\":\"KARRIERE BEI SUNWARD - Sunward Europe (Official Website for EU &amp; UK)\",\"isPartOf\":{\"@id\":\"https:\/\/sunward.eu\/#website\"},\"primaryImageOfPage\":{\"@id\":\"https:\/\/sunward.eu\/company\/career-at-sunward\/#primaryimage\"},\"image\":{\"@id\":\"https:\/\/sunward.eu\/company\/career-at-sunward\/#primaryimage\"},\"thumbnailUrl\":\"https:\/\/sunward.eu\/wp-content\/uploads\/2022\/01\/Website-Top-Banner_Sunward-Career_2560x534px.png\",\"datePublished\":\"2021-06-29T13:42:01+00:00\",\"dateModified\":\"2022-08-18T08:44:27+00:00\",\"breadcrumb\":{\"@id\":\"https:\/\/sunward.eu\/company\/career-at-sunward\/#breadcrumb\"},\"inLanguage\":\"de-DE\",\"potentialAction\":[{\"@type\":\"ReadAction\",\"target\":[\"https:\/\/sunward.eu\/company\/career-at-sunward\/\"]}]},{\"@type\":\"ImageObject\",\"inLanguage\":\"de-DE\",\"@id\":\"https:\/\/sunward.eu\/company\/career-at-sunward\/#primaryimage\",\"url\":\"https:\/\/sunward.eu\/wp-content\/uploads\/2022\/01\/Website-Top-Banner_Sunward-Career_2560x534px.png\",\"contentUrl\":\"https:\/\/sunward.eu\/wp-content\/uploads\/2022\/01\/Website-Top-Banner_Sunward-Career_2560x534px.png\",\"width\":2560,\"height\":534},{\"@type\":\"BreadcrumbList\",\"@id\":\"https:\/\/sunward.eu\/company\/career-at-sunward\/#breadcrumb\",\"itemListElement\":[{\"@type\":\"ListItem\",\"position\":1,\"name\":\"Home\",\"item\":\"https:\/\/sunward.eu\/\"},{\"@type\":\"ListItem\",\"position\":2,\"name\":\"Company\",\"item\":\"https:\/\/sunward.eu\/company\/\"},{\"@type\":\"ListItem\",\"position\":3,\"name\":\"Career at sunward\"}]},{\"@type\":\"WebSite\",\"@id\":\"https:\/\/sunward.eu\/#website\",\"url\":\"https:\/\/sunward.eu\/\",\"name\":\"Sunward Europe (Official Website for EU &amp; UK)\",\"description\":\"The smart choice\",\"publisher\":{\"@id\":\"https:\/\/sunward.eu\/#organization\"},\"potentialAction\":[{\"@type\":\"SearchAction\",\"target\":{\"@type\":\"EntryPoint\",\"urlTemplate\":\"https:\/\/sunward.eu\/?s={search_term_string}\"},\"query-input\":\"required name=search_term_string\"}],\"inLanguage\":\"de-DE\"},{\"@type\":\"Organization\",\"@id\":\"https:\/\/sunward.eu\/#organization\",\"name\":\"Sunward Europe (Official Website for EU &amp; UK)\",\"url\":\"https:\/\/sunward.eu\/\",\"logo\":{\"@type\":\"ImageObject\",\"inLanguage\":\"de-DE\",\"@id\":\"https:\/\/sunward.eu\/#\/schema\/logo\/image\/\",\"url\":\"https:\/\/sunward.eu\/wp-content\/uploads\/2022\/01\/Website_Sunward_logo_top_180x63px.png\",\"contentUrl\":\"https:\/\/sunward.eu\/wp-content\/uploads\/2022\/01\/Website_Sunward_logo_top_180x63px.png\",\"width\":180,\"height\":63,\"caption\":\"Sunward Europe (Official Website for EU &amp; UK)\"},\"image\":{\"@id\":\"https:\/\/sunward.eu\/#\/schema\/logo\/image\/\"}}]}<\/script>\n<!-- \/ Yoast SEO plugin. -->","yoast_head_json":{"title":"KARRIERE BEI SUNWARD - Sunward Europe (Official Website for EU &amp; UK)","robots":{"index":"index","follow":"follow","max-snippet":"max-snippet:-1","max-image-preview":"max-image-preview:large","max-video-preview":"max-video-preview:-1"},"canonical":"https:\/\/sunward.eu\/company\/career-at-sunward\/","og_locale":"de_DE","og_type":"article","og_title":"KARRIERE BEI SUNWARD - Sunward Europe (Official Website for EU &amp; UK)","og_url":"https:\/\/sunward.eu\/company\/career-at-sunward\/","og_site_name":"Sunward Europe (Official Website for EU &amp; UK)","article_modified_time":"2022-08-18T08:44:27+00:00","og_image":[{"width":2560,"height":534,"url":"https:\/\/sunward.eu\/wp-content\/uploads\/2022\/01\/Website-Top-Banner_Sunward-Career_2560x534px.png","type":"image\/png"}],"twitter_card":"summary_large_image","twitter_misc":{"Est. reading time":"2 minutes"},"schema":{"@context":"https:\/\/schema.org","@graph":[{"@type":"WebPage","@id":"https:\/\/sunward.eu\/company\/career-at-sunward\/","url":"https:\/\/sunward.eu\/company\/career-at-sunward\/","name":"KARRIERE BEI SUNWARD - Sunward Europe (Official Website for EU &amp; UK)","isPartOf":{"@id":"https:\/\/sunward.eu\/#website"},"primaryImageOfPage":{"@id":"https:\/\/sunward.eu\/company\/career-at-sunward\/#primaryimage"},"image":{"@id":"https:\/\/sunward.eu\/company\/career-at-sunward\/#primaryimage"},"thumbnailUrl":"https:\/\/sunward.eu\/wp-content\/uploads\/2022\/01\/Website-Top-Banner_Sunward-Career_2560x534px.png","datePublished":"2021-06-29T13:42:01+00:00","dateModified":"2022-08-18T08:44:27+00:00","breadcrumb":{"@id":"https:\/\/sunward.eu\/company\/career-at-sunward\/#breadcrumb"},"inLanguage":"de-DE","potentialAction":[{"@type":"ReadAction","target":["https:\/\/sunward.eu\/company\/career-at-sunward\/"]}]},{"@type":"ImageObject","inLanguage":"de-DE","@id":"https:\/\/sunward.eu\/company\/career-at-sunward\/#primaryimage","url":"https:\/\/sunward.eu\/wp-content\/uploads\/2022\/01\/Website-Top-Banner_Sunward-Career_2560x534px.png","contentUrl":"https:\/\/sunward.eu\/wp-content\/uploads\/2022\/01\/Website-Top-Banner_Sunward-Career_2560x534px.png","width":2560,"height":534},{"@type":"BreadcrumbList","@id":"https:\/\/sunward.eu\/company\/career-at-sunward\/#breadcrumb","itemListElement":[{"@type":"ListItem","position":1,"name":"Home","item":"https:\/\/sunward.eu\/"},{"@type":"ListItem","position":2,"name":"Company","item":"https:\/\/sunward.eu\/company\/"},{"@type":"ListItem","position":3,"name":"Career at sunward"}]},{"@type":"WebSite","@id":"https:\/\/sunward.eu\/#website","url":"https:\/\/sunward.eu\/","name":"Sunward Europe (Official Website for EU &amp; UK)","description":"The smart choice","publisher":{"@id":"https:\/\/sunward.eu\/#organization"},"potentialAction":[{"@type":"SearchAction","target":{"@type":"EntryPoint","urlTemplate":"https:\/\/sunward.eu\/?s={search_term_string}"},"query-input":"required name=search_term_string"}],"inLanguage":"de-DE"},{"@type":"Organization","@id":"https:\/\/sunward.eu\/#organization","name":"Sunward Europe (Official Website for EU &amp; UK)","url":"https:\/\/sunward.eu\/","logo":{"@type":"ImageObject","inLanguage":"de-DE","@id":"https:\/\/sunward.eu\/#\/schema\/logo\/image\/","url":"https:\/\/sunward.eu\/wp-content\/uploads\/2022\/01\/Website_Sunward_logo_top_180x63px.png","contentUrl":"https:\/\/sunward.eu\/wp-content\/uploads\/2022\/01\/Website_Sunward_logo_top_180x63px.png","width":180,"height":63,"caption":"Sunward Europe (Official Website for EU &amp; UK)"},"image":{"@id":"https:\/\/sunward.eu\/#\/schema\/logo\/image\/"}}]}},"_links":{"self":[{"href":"https:\/\/sunward.eu\/de\/wp-json\/wp\/v2\/pages\/510","targetHints":{"allow":["GET"]}}],"collection":[{"href":"https:\/\/sunward.eu\/de\/wp-json\/wp\/v2\/pages"}],"about":[{"href":"https:\/\/sunward.eu\/de\/wp-json\/wp\/v2\/types\/page"}],"author":[{"embeddable":true,"href":"https:\/\/sunward.eu\/de\/wp-json\/wp\/v2\/users\/1"}],"replies":[{"embeddable":true,"href":"https:\/\/sunward.eu\/de\/wp-json\/wp\/v2\/comments?post=510"}],"version-history":[{"count":56,"href":"https:\/\/sunward.eu\/de\/wp-json\/wp\/v2\/pages\/510\/revisions"}],"predecessor-version":[{"id":2821,"href":"https:\/\/sunward.eu\/de\/wp-json\/wp\/v2\/pages\/510\/revisions\/2821"}],"up":[{"embeddable":true,"href":"https:\/\/sunward.eu\/de\/wp-json\/wp\/v2\/pages\/543"}],"wp:featuredmedia":[{"embeddable":true,"href":"https:\/\/sunward.eu\/de\/wp-json\/wp\/v2\/media\/948"}],"wp:attachment":[{"href":"https:\/\/sunward.eu\/de\/wp-json\/wp\/v2\/media?parent=510"}],"curies":[{"name":"wp","href":"https:\/\/api.w.org\/{rel}","templated":true}]}}