{"id":472,"date":"2021-06-29T11:43:35","date_gmt":"2021-06-29T09:43:35","guid":{"rendered":"https:\/\/sunward.eu\/?page_id=472"},"modified":"2023-01-17T15:39:26","modified_gmt":"2023-01-17T14:39:26","slug":"sunward-europe","status":"publish","type":"page","link":"https:\/\/sunward.eu\/de\/company\/sunward-europe\/","title":{"rendered":"SUNWARD Europe"},"content":{"rendered":"<div class=\"wpb-content-wrapper\"><p>[vc_row full_width=&#8221;stretch_row&#8221; content_placement=&#8221;middle&#8221; css_animation=&#8221;fadeIn&#8221; css=&#8221;.vc_custom_1624962250059{background-color: #f8fbfb !important;}&#8221; el_id=&#8221;europe&#8221;][vc_column offset=&#8221;vc_col-lg-5 vc_col-md-5&#8243;][vc_single_image image=&#8221;909&#8243; img_size=&#8221;full&#8221; el_class=&#8221;img-styled bottom left&#8221;][\/vc_column][vc_column offset=&#8221;vc_col-lg-7 vc_col-md-7&#8243; el_class=&#8221;text-col-right&#8221;][vc_custom_heading text=&#8221;IM HERZEN EUROPAS <b>MIT AUSGEZEICHNETER MARKTABDECKUNG<\/b>&#8221; font_container=&#8221;tag:h2|font_size:44|text_align:left|color:%23008d84|line_height:53px&#8221; use_theme_fonts=&#8221;yes&#8221; css_animation=&#8221;fadeInUp&#8221; el_class=&#8221;text-uppercase&#8221;][vc_column_text css_animation=&#8221;fadeInUp&#8221;]Sunward Europe Heavy Industry (Sunward Europe) wurde 2015 in Belgien gegr\u00fcndet. Sunward Europe profitiert von einem idealen Standort in Belgien mit strategischer Lage im Herzen Europas: nur 45\u00a0Minuten entfernt vom internationalen Flughafen Br\u00fcssel und 60\u00a0Minuten entfernt vom Hafen von Antwerpen. Damit k\u00f6nnen wir f\u00fcr Maschinen- und Ersatzteillieferungen in ganz Europa und dem Nahen Osten eine Lieferzeit von maximal 24\u00a0Stunden bieten.[\/vc_column_text][\/vc_column][\/vc_row][vc_row el_id=&#8221;our-mission&#8221; css=&#8221;.vc_custom_1643105292210{margin-top: 0px !important;margin-bottom: 0px !important;border-top-width: 0px !important;border-bottom-width: 0px !important;background-image: url(https:\/\/sunward.eu\/wp-content\/uploads\/2022\/01\/Website-Sunward-Europe-HQ-Tessenderlo-720x467px.png?id=1875) !important;background-position: center !important;background-repeat: no-repeat !important;background-size: contain !important;}&#8221;][vc_column][vc_custom_heading text=&#8221;BESUCHEN SIE UNSER UNTERNEHMEN&#8221; font_container=&#8221;tag:h2|font_size:48|text_align:center|color:%23008d84|line_height:47px&#8221; use_theme_fonts=&#8221;yes&#8221; css_animation=&#8221;fadeInUp&#8221; el_class=&#8221;text-uppercase&#8221;][vc_column_text css_animation=&#8221;fadeInUp&#8221; el_class=&#8221;text-center&#8221;]Um unserem wachsenden H\u00e4ndlernetz und der zunehmenden Nachfrage nach Maschinen auch weiterhin optimale Unterst\u00fctzung zu bieten, haben wir 2021 in einen 25.600\u00a0m\u00b2 gro\u00dfen neuen Standort im belgischen Tessenderlo investiert. Wir w\u00fcrden Sie gern auf einen Firmenrundgang mitnehmen. <strong>Entdecken Sie Sunward Europe und unseren neuen Standort mit einem noch besseren Kundendienst. <\/strong>[\/vc_column_text][\/vc_column][\/vc_row][vc_section full_width=&#8221;stretch_row&#8221; el_id=&#8221;section-1&#8243; el_class=&#8221;page-section&#8221; css=&#8221;.vc_custom_1625225596385{background-color: #f8fbfb !important;}&#8221;][vc_row full_width=&#8221;stretch_row&#8221; content_placement=&#8221;middle&#8221; css_animation=&#8221;fadeIn&#8221;][vc_column offset=&#8221;vc_col-lg-6 vc_col-md-6&#8243;][vc_single_image image=&#8221;2410&#8243; img_size=&#8221;full&#8221; el_class=&#8221;img-styled bottom left&#8221;][\/vc_column][vc_column offset=&#8221;vc_col-lg-6 vc_col-md-6&#8243; el_class=&#8221;text-col-right&#8221;][vc_custom_heading text=&#8221;<b>MASCHINENBESTAND<\/b>&#8221; font_container=&#8221;tag:h2|font_size:43|text_align:left|color:%23008d84|line_height:58px&#8221; use_theme_fonts=&#8221;yes&#8221; css_animation=&#8221;fadeInUp&#8221; el_class=&#8221;text-uppercase&#8221;][vc_column_text css_animation=&#8221;fadeInUp&#8221;]13.000\u00a0m\u00b2 des 25.600\u00a0m\u00b2 gro\u00dfen Areals sind bebaut. Die H\u00e4lfte davon ist f\u00fcr den Maschinenbestand und 3.000\u00a0m\u00b2 sind f\u00fcr Anbauger\u00e4te vorgesehen.<\/p>\n<p>Dank unserer Lagerkapazit\u00e4ten k\u00f6nnen wir eine ausgezeichnete Verf\u00fcgbarkeit und damit den schnellen Versand von Maschinen und Anbauger\u00e4ten in alle Teile Europas sicherstellen.[\/vc_column_text][\/vc_column][\/vc_row][vc_row full_width=&#8221;stretch_row&#8221; rtl_reverse=&#8221;yes&#8221; content_placement=&#8221;middle&#8221; css_animation=&#8221;fadeIn&#8221;][vc_column offset=&#8221;vc_col-lg-6 vc_col-md-6&#8243; el_class=&#8221;text-col-left&#8221;][vc_custom_heading text=&#8221;SUNWARD-<b>ORIGINALTEILELAGER<\/b>&#8221; font_container=&#8221;tag:h2|font_size:40|text_align:left|color:%23008d84|line_height:58px&#8221; use_theme_fonts=&#8221;yes&#8221; css_animation=&#8221;fadeInUp&#8221; el_class=&#8221;text-uppercase&#8221;][vc_column_text css_animation=&#8221;fadeInUp&#8221;]Teileverf\u00fcgbarkeit und Logistik haben f\u00fcr Sunward zentrale Bedeutung und absolute Priorit\u00e4t. Sunward Europe garantiert die Verf\u00fcgbarkeit von 95\u00a0% seiner Ersatzteile mit Lieferung innerhalb von 24\u00a0Stunden.<br \/>\nUm eine so hervorragende Teilelogistik bei einem Maschinenbestand zu erreichen, der Jahr f\u00fcr Jahr drastisch zunimmt, musste unsere Lagerfl\u00e4che entsprechend nachziehen.<br \/>\nDerzeit befindet sich unser gro\u00dfer Lagerbestand f\u00fcr Europa \u2013 sofort verf\u00fcgbar und regelm\u00e4\u00dfig beliefert \u2013 im belgischen Tessenderlo auf 2.600\u00a0m\u00b2, das bedeutet mehr als 3.000\u00a0Paletten.[\/vc_column_text][\/vc_column][vc_column offset=&#8221;vc_col-lg-6 vc_col-md-6&#8243;][vc_single_image image=&#8221;2411&#8243; img_size=&#8221;full&#8221; alignment=&#8221;right&#8221; el_class=&#8221;img-styled bottom right&#8221;][\/vc_column][\/vc_row][\/vc_section][vc_section el_id=&#8221;section-2&#8243; el_class=&#8221;page-section&#8221;][vc_row full_width=&#8221;stretch_row&#8221; content_placement=&#8221;middle&#8221; css_animation=&#8221;fadeIn&#8221;][vc_column offset=&#8221;vc_col-lg-6 vc_col-md-6&#8243;][vc_single_image image=&#8221;930&#8243; img_size=&#8221;full&#8221; el_class=&#8221;img-styled bottom left&#8221;][\/vc_column][vc_column offset=&#8221;vc_col-lg-6 vc_col-md-6&#8243; el_class=&#8221;text-col-right&#8221;][vc_custom_heading text=&#8221;PERFEKT ABGESTIMMT <b>AUF EUROP\u00c4ISCHE ANFORDERUNGEN<\/b>&#8221; font_container=&#8221;tag:h2|font_size:43|text_align:left|color:%23008d84|line_height:58px&#8221; use_theme_fonts=&#8221;yes&#8221; css_animation=&#8221;fadeInUp&#8221; el_class=&#8221;text-uppercase&#8221;][vc_column_text css_animation=&#8221;fadeInUp&#8221;]Die Maschinen von Sunward Europe werden auf die Anforderungen unserer Kunden in der Region zugeschnitten und angepasst. Zuh\u00f6ren ist der Schl\u00fcssel, durch den wir uns stetig verbessern.<br \/>\nDurch unsere neue Europa-Zentrale sind wir zudem bestens aufgestellt, um die Maschinen individuell an den europ\u00e4ischen Markt anzupassen und mit den entsprechend erforderlichen Anbauger\u00e4ten und Sonderausr\u00fcstungen wie Tiltrotatoren, Schmiersystemen, Telematiksystemen usw. auszustatten.<br \/>\nUnsere 1.500\u00a0m\u00b2 gro\u00dfe Lagerhalle ist mit drei Laufkr\u00e4nen ausgestattet. Au\u00dferdem haben wir eine eigene Lackierhalle (500\u00a0m\u00b2) mit zwei Laufkr\u00e4nen und einer Strahlkabine.[\/vc_column_text][\/vc_column][\/vc_row][vc_row full_width=&#8221;stretch_row&#8221; rtl_reverse=&#8221;yes&#8221; content_placement=&#8221;middle&#8221; css_animation=&#8221;fadeIn&#8221;][vc_column offset=&#8221;vc_col-lg-6 vc_col-md-6&#8243; el_class=&#8221;text-col-left&#8221;][vc_custom_heading text=&#8221;INTERNATIONALES <b>EXPERTENTEAM<\/b>&#8221; font_container=&#8221;tag:h2|font_size:43|text_align:left|color:%23008d84|line_height:58px&#8221; use_theme_fonts=&#8221;yes&#8221; css_animation=&#8221;fadeInUp&#8221; el_class=&#8221;text-uppercase&#8221;][vc_column_text css_animation=&#8221;fadeInUp&#8221;]Unser Team f\u00fcr Vertriebsunterst\u00fctzung, der technische Helpdesk und das Schulungsteam k\u00f6nnen Ihnen auf Deutsch, Englisch, Franz\u00f6sisch, Italienisch, Niederl\u00e4ndisch, Spanisch oder Portugiesisch weiterhelfen.[\/vc_column_text][\/vc_column][vc_column offset=&#8221;vc_col-lg-6 vc_col-md-6&#8243;][vc_single_image image=&#8221;2422&#8243; img_size=&#8221;full&#8221; alignment=&#8221;right&#8221; el_class=&#8221;img-styled bottom right&#8221;][\/vc_column][\/vc_row][\/vc_section][vc_row full_width=&#8221;stretch_row&#8221; content_placement=&#8221;middle&#8221; css_animation=&#8221;fadeIn&#8221;][vc_column offset=&#8221;vc_col-lg-6 vc_col-md-6&#8243;][vc_single_image image=&#8221;2424&#8243; img_size=&#8221;full&#8221; el_class=&#8221;img-styled bottom left&#8221;][\/vc_column][vc_column offset=&#8221;vc_col-lg-6 vc_col-md-6&#8243; el_class=&#8221;text-col-right&#8221;][vc_custom_heading text=&#8221;<b>DEMO-AREAL<\/b> SUNWARD&#8221; font_container=&#8221;tag:h2|font_size:43|text_align:left|color:%23008d84|line_height:58px&#8221; use_theme_fonts=&#8221;yes&#8221; css_animation=&#8221;fadeInUp&#8221; el_class=&#8221;text-uppercase&#8221;][vc_column_text css_animation=&#8221;fadeInUp&#8221;]Am Standort in Tessenderlo gibt es einen 2.000\u00a0m\u00b2 gro\u00dfen Vorf\u00fchrbereich, wo wir unsere Maschinen vorf\u00fchren k\u00f6nnen. <strong>Probieren hei\u00dft glauben! <\/strong>Sie sind jederzeit willkommen.[\/vc_column_text][\/vc_column][\/vc_row][vc_row full_width=&#8221;stretch_row&#8221; rtl_reverse=&#8221;yes&#8221; content_placement=&#8221;middle&#8221; css_animation=&#8221;fadeIn&#8221;][vc_column offset=&#8221;vc_col-lg-6 vc_col-md-6&#8243; el_class=&#8221;text-col-left&#8221;][vc_custom_heading text=&#8221;<b>SCHULUNGSZENTRUM<\/b> SUNWARD&#8221; font_container=&#8221;tag:h2|font_size:40|text_align:left|color:%23008d84|line_height:58px&#8221; use_theme_fonts=&#8221;yes&#8221; css_animation=&#8221;fadeInUp&#8221; el_class=&#8221;text-uppercase&#8221;][vc_column_text css_animation=&#8221;fadeInUp&#8221;]Es ist f\u00fcr uns von gro\u00dfer Bedeutung, sicherzustellen, dass unsere Kunden korrekte Informationen und Dienstleistungen von unseren H\u00e4ndlern erhalten. Um zu gew\u00e4hrleisten, dass ihre Kenntnisse stets auf dem neuesten Stand sind, hat Schulung oberste Priorit\u00e4t. Unsere Schulungsleiter und Vertriebsmitarbeiter nehmen regelm\u00e4\u00dfig daran teil. Au\u00dferdem haben wir mit der <strong>Sunward Academy<\/strong> ein Schulungs- und Lernzentrum ins Leben gerufen.[\/vc_column_text][\/vc_column][vc_column offset=&#8221;vc_col-lg-6 vc_col-md-6&#8243;][vc_single_image image=&#8221;2415&#8243; img_size=&#8221;full&#8221; alignment=&#8221;right&#8221; el_class=&#8221;img-styled bottom right&#8221;][\/vc_column][\/vc_row][vc_section full_width=&#8221;stretch_row&#8221; css=&#8221;.vc_custom_1641900120452{background-position: 0 0 !important;background-repeat: no-repeat !important;}&#8221; el_id=&#8221;know-more-section&#8221;][vc_row el_id=&#8221;know-more&#8221; css=&#8221;.vc_custom_1641899831723{background-image: url(https:\/\/sunward.eu\/wp-content\/uploads\/2022\/01\/Website-Watch-the-movie-SUNWARD-EUROPE-1408x550px-2.png?id=936) !important;background-position: center !important;background-repeat: no-repeat !important;background-size: cover !important;}&#8221;][vc_column][vc_custom_heading text=&#8221;ENTDECKEN SIE <b>SUNWARD EUROPE<\/b>&#8221; font_container=&#8221;tag:h2|font_size:48|text_align:center|color:%23ffffff|line_height:53px&#8221; use_theme_fonts=&#8221;yes&#8221; css_animation=&#8221;fadeInUp&#8221; el_class=&#8221;text-uppercase&#8221;][vc_row_inner][vc_column_inner width=&#8221;1\/2&#8243;][vc_btn title=&#8221;Sehen Sie sich den Film an&#8221; style=&#8221;flat&#8221; color=&#8221;orange&#8221; size=&#8221;lg&#8221; align=&#8221;right&#8221; i_icon_fontawesome=&#8221;fas fa-ticket-alt&#8221; css_animation=&#8221;fadeIn&#8221; add_icon=&#8221;true&#8221; link=&#8221;url:http%3A%2F%2Fsunward.eu%2Fwp-content%2Fuploads%2F2022%2F08%2FSUNWARD-Europe-Corporate-Movie_SMALL.mp4|title:Discover%20Sunward%20Europe|target:%20_blank|&#8221;][\/vc_column_inner][vc_column_inner width=&#8221;1\/2&#8243;][vc_btn title=&#8221;Lernen Sie das Team kennen&#8221; style=&#8221;flat&#8221; color=&#8221;green&#8221; size=&#8221;lg&#8221; align=&#8221;left&#8221; i_icon_fontawesome=&#8221;fas fa-play&#8221; css_animation=&#8221;fadeIn&#8221; add_icon=&#8221;true&#8221; el_class=&#8221;btn-play&#8221; link=&#8221;url:http%3A%2F%2Fsunward.eu%2Fcompany%2Four-team-2%2F|title:Our%20team||&#8221;][\/vc_column_inner][\/vc_row_inner][\/vc_column][\/vc_row][\/vc_section]<\/p>\n<\/div>","protected":false},"excerpt":{"rendered":"<p>[vc_row full_width=&#8221;stretch_row&#8221; content_placement=&#8221;middle&#8221; css_animation=&#8221;fadeIn&#8221; css=&#8221;.vc_custom_1624962250059{background-color: #f8fbfb !important;}&#8221; el_id=&#8221;europe&#8221;][vc_column offset=&#8221;vc_col-lg-5 vc_col-md-5&#8243;][vc_single_image image=&#8221;909&#8243; img_size=&#8221;full&#8221; el_class=&#8221;img-styled bottom left&#8221;][\/vc_column][vc_column offset=&#8221;vc_col-lg-7 vc_col-md-7&#8243; el_class=&#8221;text-col-right&#8221;][vc_custom_heading text=&#8221;IM HERZEN EUROPAS MIT AUSGEZEICHNETER MARKTABDECKUNG&#8221; font_container=&#8221;tag:h2|font_size:44|text_align:left|color:%23008d84|line_height:53px&#8221; use_theme_fonts=&#8221;yes&#8221; css_animation=&#8221;fadeInUp&#8221; el_class=&#8221;text-uppercase&#8221;][vc_column_text css_animation=&#8221;fadeInUp&#8221;]Sunward Europe Heavy Industry (Sunward Europe) wurde 2015 in Belgien gegr\u00fcndet. Sunward Europe profitiert von einem idealen Standort in Belgien mit strategischer Lage im Herzen Europas: nur [&#8230;]<\/p>\n<p><a class=\"btn btn-secondary understrap-read-more-link\" href=\"https:\/\/sunward.eu\/de\/company\/sunward-europe\/\">Weiterlesen&#8230;<\/a><\/p>\n","protected":false},"author":1,"featured_media":908,"parent":543,"menu_order":0,"comment_status":"closed","ping_status":"closed","template":"","meta":{"_acf_changed":false,"inline_featured_image":false,"footnotes":""},"class_list":["post-472","page","type-page","status-publish","has-post-thumbnail","hentry"],"translation":{"provider":"WPGlobus","version":"2.12.2","language":"de","enabled_languages":["en","de","fr","it"],"languages":{"en":{"title":true,"content":true,"excerpt":false},"de":{"title":true,"content":true,"excerpt":false},"fr":{"title":true,"content":true,"excerpt":false},"it":{"title":true,"content":true,"excerpt":false}}},"acf":[],"yoast_head":"<!-- This site is optimized with the Yoast SEO plugin v22.6 - https:\/\/yoast.com\/wordpress\/plugins\/seo\/ -->\n<title>SUNWARD Europe - Sunward Europe (Official Website for EU &amp; UK)<\/title>\n<meta name=\"robots\" content=\"index, follow, max-snippet:-1, max-image-preview:large, max-video-preview:-1\" \/>\n<link rel=\"canonical\" href=\"https:\/\/sunward.eu\/company\/sunward-europe\/\" \/>\n<meta property=\"og:locale\" content=\"de_DE\" \/>\n<meta property=\"og:type\" content=\"article\" \/>\n<meta property=\"og:title\" content=\"SUNWARD Europe - Sunward Europe (Official Website for EU &amp; UK)\" \/>\n<meta property=\"og:url\" content=\"https:\/\/sunward.eu\/company\/sunward-europe\/\" \/>\n<meta property=\"og:site_name\" content=\"Sunward Europe (Official Website for EU &amp; UK)\" \/>\n<meta property=\"article:modified_time\" content=\"2023-01-17T14:39:26+00:00\" \/>\n<meta property=\"og:image\" content=\"https:\/\/sunward.eu\/wp-content\/uploads\/2022\/01\/SUNWARD_SUNWARD-EUROPE_Website-Top-Banner-2560x534px-1024x214.png\" \/>\n\t<meta property=\"og:image:width\" content=\"1024\" \/>\n\t<meta property=\"og:image:height\" content=\"214\" \/>\n\t<meta property=\"og:image:type\" content=\"image\/png\" \/>\n<meta name=\"twitter:card\" content=\"summary_large_image\" \/>\n<meta name=\"twitter:label1\" content=\"Est. reading time\" \/>\n\t<meta name=\"twitter:data1\" content=\"4 minutes\" \/>\n<script type=\"application\/ld+json\" class=\"yoast-schema-graph\">{\"@context\":\"https:\/\/schema.org\",\"@graph\":[{\"@type\":\"WebPage\",\"@id\":\"https:\/\/sunward.eu\/company\/sunward-europe\/\",\"url\":\"https:\/\/sunward.eu\/company\/sunward-europe\/\",\"name\":\"SUNWARD Europe - Sunward Europe (Official Website for EU &amp; UK)\",\"isPartOf\":{\"@id\":\"https:\/\/sunward.eu\/#website\"},\"primaryImageOfPage\":{\"@id\":\"https:\/\/sunward.eu\/company\/sunward-europe\/#primaryimage\"},\"image\":{\"@id\":\"https:\/\/sunward.eu\/company\/sunward-europe\/#primaryimage\"},\"thumbnailUrl\":\"https:\/\/sunward.eu\/wp-content\/uploads\/2022\/01\/SUNWARD_SUNWARD-EUROPE_Website-Top-Banner-2560x534px.png\",\"datePublished\":\"2021-06-29T09:43:35+00:00\",\"dateModified\":\"2023-01-17T14:39:26+00:00\",\"breadcrumb\":{\"@id\":\"https:\/\/sunward.eu\/company\/sunward-europe\/#breadcrumb\"},\"inLanguage\":\"de-DE\",\"potentialAction\":[{\"@type\":\"ReadAction\",\"target\":[\"https:\/\/sunward.eu\/company\/sunward-europe\/\"]}]},{\"@type\":\"ImageObject\",\"inLanguage\":\"de-DE\",\"@id\":\"https:\/\/sunward.eu\/company\/sunward-europe\/#primaryimage\",\"url\":\"https:\/\/sunward.eu\/wp-content\/uploads\/2022\/01\/SUNWARD_SUNWARD-EUROPE_Website-Top-Banner-2560x534px.png\",\"contentUrl\":\"https:\/\/sunward.eu\/wp-content\/uploads\/2022\/01\/SUNWARD_SUNWARD-EUROPE_Website-Top-Banner-2560x534px.png\",\"width\":3840,\"height\":801},{\"@type\":\"BreadcrumbList\",\"@id\":\"https:\/\/sunward.eu\/company\/sunward-europe\/#breadcrumb\",\"itemListElement\":[{\"@type\":\"ListItem\",\"position\":1,\"name\":\"Home\",\"item\":\"https:\/\/sunward.eu\/\"},{\"@type\":\"ListItem\",\"position\":2,\"name\":\"Company\",\"item\":\"https:\/\/sunward.eu\/company\/\"},{\"@type\":\"ListItem\",\"position\":3,\"name\":\"Sunward Europe\"}]},{\"@type\":\"WebSite\",\"@id\":\"https:\/\/sunward.eu\/#website\",\"url\":\"https:\/\/sunward.eu\/\",\"name\":\"Sunward Europe (Official Website for EU &amp; UK)\",\"description\":\"The smart choice\",\"publisher\":{\"@id\":\"https:\/\/sunward.eu\/#organization\"},\"potentialAction\":[{\"@type\":\"SearchAction\",\"target\":{\"@type\":\"EntryPoint\",\"urlTemplate\":\"https:\/\/sunward.eu\/?s={search_term_string}\"},\"query-input\":\"required name=search_term_string\"}],\"inLanguage\":\"de-DE\"},{\"@type\":\"Organization\",\"@id\":\"https:\/\/sunward.eu\/#organization\",\"name\":\"Sunward Europe (Official Website for EU &amp; UK)\",\"url\":\"https:\/\/sunward.eu\/\",\"logo\":{\"@type\":\"ImageObject\",\"inLanguage\":\"de-DE\",\"@id\":\"https:\/\/sunward.eu\/#\/schema\/logo\/image\/\",\"url\":\"https:\/\/sunward.eu\/wp-content\/uploads\/2022\/01\/Website_Sunward_logo_top_180x63px.png\",\"contentUrl\":\"https:\/\/sunward.eu\/wp-content\/uploads\/2022\/01\/Website_Sunward_logo_top_180x63px.png\",\"width\":180,\"height\":63,\"caption\":\"Sunward Europe (Official Website for EU &amp; UK)\"},\"image\":{\"@id\":\"https:\/\/sunward.eu\/#\/schema\/logo\/image\/\"}}]}<\/script>\n<!-- \/ Yoast SEO plugin. -->","yoast_head_json":{"title":"SUNWARD Europe - Sunward Europe (Official Website for EU &amp; UK)","robots":{"index":"index","follow":"follow","max-snippet":"max-snippet:-1","max-image-preview":"max-image-preview:large","max-video-preview":"max-video-preview:-1"},"canonical":"https:\/\/sunward.eu\/company\/sunward-europe\/","og_locale":"de_DE","og_type":"article","og_title":"SUNWARD Europe - Sunward Europe (Official Website for EU &amp; UK)","og_url":"https:\/\/sunward.eu\/company\/sunward-europe\/","og_site_name":"Sunward Europe (Official Website for EU &amp; UK)","article_modified_time":"2023-01-17T14:39:26+00:00","og_image":[{"width":1024,"height":214,"url":"https:\/\/sunward.eu\/wp-content\/uploads\/2022\/01\/SUNWARD_SUNWARD-EUROPE_Website-Top-Banner-2560x534px-1024x214.png","type":"image\/png"}],"twitter_card":"summary_large_image","twitter_misc":{"Est. reading time":"4 minutes"},"schema":{"@context":"https:\/\/schema.org","@graph":[{"@type":"WebPage","@id":"https:\/\/sunward.eu\/company\/sunward-europe\/","url":"https:\/\/sunward.eu\/company\/sunward-europe\/","name":"SUNWARD Europe - Sunward Europe (Official Website for EU &amp; UK)","isPartOf":{"@id":"https:\/\/sunward.eu\/#website"},"primaryImageOfPage":{"@id":"https:\/\/sunward.eu\/company\/sunward-europe\/#primaryimage"},"image":{"@id":"https:\/\/sunward.eu\/company\/sunward-europe\/#primaryimage"},"thumbnailUrl":"https:\/\/sunward.eu\/wp-content\/uploads\/2022\/01\/SUNWARD_SUNWARD-EUROPE_Website-Top-Banner-2560x534px.png","datePublished":"2021-06-29T09:43:35+00:00","dateModified":"2023-01-17T14:39:26+00:00","breadcrumb":{"@id":"https:\/\/sunward.eu\/company\/sunward-europe\/#breadcrumb"},"inLanguage":"de-DE","potentialAction":[{"@type":"ReadAction","target":["https:\/\/sunward.eu\/company\/sunward-europe\/"]}]},{"@type":"ImageObject","inLanguage":"de-DE","@id":"https:\/\/sunward.eu\/company\/sunward-europe\/#primaryimage","url":"https:\/\/sunward.eu\/wp-content\/uploads\/2022\/01\/SUNWARD_SUNWARD-EUROPE_Website-Top-Banner-2560x534px.png","contentUrl":"https:\/\/sunward.eu\/wp-content\/uploads\/2022\/01\/SUNWARD_SUNWARD-EUROPE_Website-Top-Banner-2560x534px.png","width":3840,"height":801},{"@type":"BreadcrumbList","@id":"https:\/\/sunward.eu\/company\/sunward-europe\/#breadcrumb","itemListElement":[{"@type":"ListItem","position":1,"name":"Home","item":"https:\/\/sunward.eu\/"},{"@type":"ListItem","position":2,"name":"Company","item":"https:\/\/sunward.eu\/company\/"},{"@type":"ListItem","position":3,"name":"Sunward Europe"}]},{"@type":"WebSite","@id":"https:\/\/sunward.eu\/#website","url":"https:\/\/sunward.eu\/","name":"Sunward Europe (Official Website for EU &amp; UK)","description":"The smart choice","publisher":{"@id":"https:\/\/sunward.eu\/#organization"},"potentialAction":[{"@type":"SearchAction","target":{"@type":"EntryPoint","urlTemplate":"https:\/\/sunward.eu\/?s={search_term_string}"},"query-input":"required name=search_term_string"}],"inLanguage":"de-DE"},{"@type":"Organization","@id":"https:\/\/sunward.eu\/#organization","name":"Sunward Europe (Official Website for EU &amp; UK)","url":"https:\/\/sunward.eu\/","logo":{"@type":"ImageObject","inLanguage":"de-DE","@id":"https:\/\/sunward.eu\/#\/schema\/logo\/image\/","url":"https:\/\/sunward.eu\/wp-content\/uploads\/2022\/01\/Website_Sunward_logo_top_180x63px.png","contentUrl":"https:\/\/sunward.eu\/wp-content\/uploads\/2022\/01\/Website_Sunward_logo_top_180x63px.png","width":180,"height":63,"caption":"Sunward Europe (Official Website for EU &amp; UK)"},"image":{"@id":"https:\/\/sunward.eu\/#\/schema\/logo\/image\/"}}]}},"_links":{"self":[{"href":"https:\/\/sunward.eu\/de\/wp-json\/wp\/v2\/pages\/472","targetHints":{"allow":["GET"]}}],"collection":[{"href":"https:\/\/sunward.eu\/de\/wp-json\/wp\/v2\/pages"}],"about":[{"href":"https:\/\/sunward.eu\/de\/wp-json\/wp\/v2\/types\/page"}],"author":[{"embeddable":true,"href":"https:\/\/sunward.eu\/de\/wp-json\/wp\/v2\/users\/1"}],"replies":[{"embeddable":true,"href":"https:\/\/sunward.eu\/de\/wp-json\/wp\/v2\/comments?post=472"}],"version-history":[{"count":63,"href":"https:\/\/sunward.eu\/de\/wp-json\/wp\/v2\/pages\/472\/revisions"}],"predecessor-version":[{"id":2970,"href":"https:\/\/sunward.eu\/de\/wp-json\/wp\/v2\/pages\/472\/revisions\/2970"}],"up":[{"embeddable":true,"href":"https:\/\/sunward.eu\/de\/wp-json\/wp\/v2\/pages\/543"}],"wp:featuredmedia":[{"embeddable":true,"href":"https:\/\/sunward.eu\/de\/wp-json\/wp\/v2\/media\/908"}],"wp:attachment":[{"href":"https:\/\/sunward.eu\/de\/wp-json\/wp\/v2\/media?parent=472"}],"curies":[{"name":"wp","href":"https:\/\/api.w.org\/{rel}","templated":true}]}}