{"id":2067,"date":"2022-02-01T11:47:41","date_gmt":"2022-02-01T10:47:41","guid":{"rendered":"https:\/\/sunward.eu\/?page_id=2067"},"modified":"2022-07-29T14:30:08","modified_gmt":"2022-07-29T12:30:08","slug":"smart-fleet","status":"publish","type":"page","link":"https:\/\/sunward.eu\/de\/service-parts\/smart-fleet\/","title":{"rendered":"SMART FLEET"},"content":{"rendered":"<div class=\"wpb-content-wrapper\"><p>[vc_section full_width=&#8221;stretch_row&#8221; el_id=&#8221;section-1&#8243;][vc_row full_width=&#8221;stretch_row&#8221; el_class=&#8221;section-content&#8221; css=&#8221;.vc_custom_1643804540427{padding-top: 10px !important;padding-bottom: 10px !important;background-color: #f3f5f5 !important;}&#8221;][vc_column][vc_custom_heading text=&#8221;SUNWARD<b>-TELEMATIK<\/b>&#8221; font_container=&#8221;tag:h2|font_size:48|text_align:center|color:%23008d84|line_height:47px&#8221; use_theme_fonts=&#8221;yes&#8221; css_animation=&#8221;fadeInUp&#8221; el_class=&#8221;text-uppercase&#8221;][vc_column_text]<\/p>\n<p style=\"text-align: center;\"><strong>SUNWARD Smart Fleet ist ein Telematiksystem, das \u00fcber ein Sensornetzwerk verschiedene Leistungsaspekte einer Sunward-Maschine \u00fcberwacht und eine Fehlerfernkorrektur sowie eine vorbeugende Instandhaltung umfasst.<\/strong><\/p>\n<p>[\/vc_column_text][vc_column_text]<\/p>\n<p class=\"_04xlpA direction-ltr align-start para-style-body\" style=\"text-align: center;\">Die SUNWARD Smart-Fleet-L\u00f6sung wird in Zusammenarbeit mit Jaltest bereitgestellt, einer Marke der spanischen COJALI-Gruppe.<\/p>\n<p>[\/vc_column_text][\/vc_column][\/vc_row][\/vc_section][vc_section full_width=&#8221;stretch_row&#8221; el_id=&#8221;section-2&#8243; css=&#8221;.vc_custom_1643214025510{margin-top: 0px !important;border-top-width: 0px !important;padding-top: 0px !important;}&#8221;][vc_row full_width=&#8221;stretch_row&#8221; content_placement=&#8221;middle&#8221; css_animation=&#8221;fadeIn&#8221;][vc_column offset=&#8221;vc_col-lg-5 vc_col-md-5&#8243;][vc_single_image image=&#8221;2076&#8243; img_size=&#8221;full&#8221; style=&#8221;vc_box_rounded&#8221;][\/vc_column][vc_column offset=&#8221;vc_col-lg-7 vc_col-md-7&#8243;][vc_custom_heading text=&#8221;EINFACHE <b>INSTALLATION<\/b>&#8221; font_container=&#8221;tag:h2|font_size:48|text_align:left|color:%23008d84|line_height:47px&#8221; use_theme_fonts=&#8221;yes&#8221; css_animation=&#8221;fadeInUp&#8221; el_class=&#8221;text-uppercase&#8221;][vc_column_text css_animation=&#8221;fadeInUp&#8221;]Die Jaltest-Telematik-Box wird direkt mit dem CANBUS-System der Maschine verbunden und von der Maschine versorgt.<\/p>\n<p>Die GPS-Antenne wird an der T-VOD-Schnittstelle angebracht und ist f\u00fcr den Fahrer unsichtbar verborgen. Das komplette System ist f\u00fcr Kunden und Fahrer nichtinvasiv.[\/vc_column_text][\/vc_column][\/vc_row][vc_row full_width=&#8221;stretch_row&#8221; rtl_reverse=&#8221;yes&#8221; content_placement=&#8221;middle&#8221; css_animation=&#8221;fadeIn&#8221;][vc_column offset=&#8221;vc_col-lg-7 vc_col-md-7&#8243;][vc_custom_heading text=&#8221;ERWEITERTE <b>ERFAHRUNG<\/b>&#8221; font_container=&#8221;tag:h2|font_size:48|text_align:left|color:%23008d84|line_height:58px&#8221; use_theme_fonts=&#8221;yes&#8221; css_animation=&#8221;fadeInUp&#8221; el_class=&#8221;text-uppercase&#8221;][vc_column_text css_animation=&#8221;fadeInUp&#8221;]Das SUNWARD Smart-Fleet-System bedeutet eine erhebliche Erweiterung der Erfahrung von SUNWARD-Benutzern, indem es maschineninterne Telematik- und Diagnoseeinheiten kombiniert.<\/p>\n<p>Einer der wesentlichen Vorteile des Systems ist die M\u00f6glichkeit, Diagnosema\u00dfnahmen aus der Ferne vorzunehmen. Angeschlossen an der Diagnosebuchse (OBD-Buchse) kann das System mit den Steuerger\u00e4ten (ECU) im Bagger interagieren und relevante Daten von den verschiedenen Systemen abrufen, ohne dass man die Werkstatt aufsuchen muss.<\/p>\n<p>So ist es auf einen Blick leicht m\u00f6glich, den Diagnosestatus aller Maschinen in einer Flotte zu \u00fcberpr\u00fcfen und diejenigen zu ermitteln, bei denen ein Diagnosefehler gefunden wurde. Falls ein Diagnosefehler gefunden wurde, k\u00f6nnen dann je nach Schweregrad die entsprechenden Ma\u00dfnahmen getroffen werden.[\/vc_column_text][\/vc_column][vc_column offset=&#8221;vc_col-lg-5 vc_col-md-5&#8243;][vc_single_image image=&#8221;2077&#8243; img_size=&#8221;full&#8221; alignment=&#8221;right&#8221; style=&#8221;vc_box_rounded&#8221;][\/vc_column][\/vc_row][\/vc_section]<\/p>\n<\/div>","protected":false},"excerpt":{"rendered":"<p>[vc_section full_width=&#8221;stretch_row&#8221; el_id=&#8221;section-1&#8243;][vc_row full_width=&#8221;stretch_row&#8221; el_class=&#8221;section-content&#8221; css=&#8221;.vc_custom_1643804540427{padding-top: 10px !important;padding-bottom: 10px !important;background-color: #f3f5f5 !important;}&#8221;][vc_column][vc_custom_heading text=&#8221;SUNWARD-TELEMATIK&#8221; font_container=&#8221;tag:h2|font_size:48|text_align:center|color:%23008d84|line_height:47px&#8221; use_theme_fonts=&#8221;yes&#8221; css_animation=&#8221;fadeInUp&#8221; el_class=&#8221;text-uppercase&#8221;][vc_column_text] SUNWARD Smart Fleet ist ein Telematiksystem, das \u00fcber ein Sensornetzwerk verschiedene Leistungsaspekte einer Sunward-Maschine \u00fcberwacht und eine Fehlerfernkorrektur sowie eine vorbeugende Instandhaltung umfasst. [\/vc_column_text][vc_column_text] Die SUNWARD Smart-Fleet-L\u00f6sung wird in Zusammenarbeit mit Jaltest bereitgestellt, einer Marke der spanischen COJALI-Gruppe. [&#8230;]<\/p>\n<p><a class=\"btn btn-secondary understrap-read-more-link\" href=\"https:\/\/sunward.eu\/de\/service-parts\/smart-fleet\/\">Weiterlesen&#8230;<\/a><\/p>\n","protected":false},"author":3,"featured_media":2073,"parent":535,"menu_order":0,"comment_status":"closed","ping_status":"closed","template":"","meta":{"_acf_changed":false,"inline_featured_image":false,"footnotes":""},"class_list":["post-2067","page","type-page","status-publish","has-post-thumbnail","hentry"],"translation":{"provider":"WPGlobus","version":"2.12.2","language":"de","enabled_languages":["en","de","fr","it"],"languages":{"en":{"title":true,"content":true,"excerpt":false},"de":{"title":true,"content":true,"excerpt":false},"fr":{"title":true,"content":true,"excerpt":false},"it":{"title":false,"content":true,"excerpt":false}}},"acf":[],"yoast_head":"<!-- This site is optimized with the Yoast SEO plugin v22.6 - https:\/\/yoast.com\/wordpress\/plugins\/seo\/ -->\n<title>SMART FLEET - Sunward Europe (Official Website for EU &amp; UK)<\/title>\n<meta name=\"robots\" content=\"index, follow, max-snippet:-1, max-image-preview:large, max-video-preview:-1\" \/>\n<link rel=\"canonical\" href=\"https:\/\/sunward.eu\/service-parts\/smart-fleet\/\" \/>\n<meta property=\"og:locale\" content=\"de_DE\" \/>\n<meta property=\"og:type\" content=\"article\" \/>\n<meta property=\"og:title\" content=\"SMART FLEET - Sunward Europe (Official Website for EU &amp; UK)\" \/>\n<meta property=\"og:url\" content=\"https:\/\/sunward.eu\/service-parts\/smart-fleet\/\" \/>\n<meta property=\"og:site_name\" content=\"Sunward Europe (Official Website for EU &amp; UK)\" \/>\n<meta property=\"article:modified_time\" content=\"2022-07-29T12:30:08+00:00\" \/>\n<meta property=\"og:image\" content=\"https:\/\/sunward.eu\/wp-content\/uploads\/2022\/02\/Sunward_SMART-FLEET.png\" \/>\n\t<meta property=\"og:image:width\" content=\"2560\" \/>\n\t<meta property=\"og:image:height\" content=\"534\" \/>\n\t<meta property=\"og:image:type\" content=\"image\/png\" \/>\n<meta name=\"twitter:card\" content=\"summary_large_image\" \/>\n<meta name=\"twitter:label1\" content=\"Est. reading time\" \/>\n\t<meta name=\"twitter:data1\" content=\"3 minutes\" \/>\n<script type=\"application\/ld+json\" class=\"yoast-schema-graph\">{\"@context\":\"https:\/\/schema.org\",\"@graph\":[{\"@type\":\"WebPage\",\"@id\":\"https:\/\/sunward.eu\/service-parts\/smart-fleet\/\",\"url\":\"https:\/\/sunward.eu\/service-parts\/smart-fleet\/\",\"name\":\"SMART FLEET - Sunward Europe (Official Website for EU &amp; UK)\",\"isPartOf\":{\"@id\":\"https:\/\/sunward.eu\/#website\"},\"primaryImageOfPage\":{\"@id\":\"https:\/\/sunward.eu\/service-parts\/smart-fleet\/#primaryimage\"},\"image\":{\"@id\":\"https:\/\/sunward.eu\/service-parts\/smart-fleet\/#primaryimage\"},\"thumbnailUrl\":\"https:\/\/sunward.eu\/wp-content\/uploads\/2022\/02\/Sunward_SMART-FLEET.png\",\"datePublished\":\"2022-02-01T10:47:41+00:00\",\"dateModified\":\"2022-07-29T12:30:08+00:00\",\"breadcrumb\":{\"@id\":\"https:\/\/sunward.eu\/service-parts\/smart-fleet\/#breadcrumb\"},\"inLanguage\":\"de-DE\",\"potentialAction\":[{\"@type\":\"ReadAction\",\"target\":[\"https:\/\/sunward.eu\/service-parts\/smart-fleet\/\"]}]},{\"@type\":\"ImageObject\",\"inLanguage\":\"de-DE\",\"@id\":\"https:\/\/sunward.eu\/service-parts\/smart-fleet\/#primaryimage\",\"url\":\"https:\/\/sunward.eu\/wp-content\/uploads\/2022\/02\/Sunward_SMART-FLEET.png\",\"contentUrl\":\"https:\/\/sunward.eu\/wp-content\/uploads\/2022\/02\/Sunward_SMART-FLEET.png\",\"width\":2560,\"height\":534},{\"@type\":\"BreadcrumbList\",\"@id\":\"https:\/\/sunward.eu\/service-parts\/smart-fleet\/#breadcrumb\",\"itemListElement\":[{\"@type\":\"ListItem\",\"position\":1,\"name\":\"Home\",\"item\":\"https:\/\/sunward.eu\/\"},{\"@type\":\"ListItem\",\"position\":2,\"name\":\"Service &#038; Parts\",\"item\":\"https:\/\/sunward.eu\/service-parts\/\"},{\"@type\":\"ListItem\",\"position\":3,\"name\":\"Smart Fleet\"}]},{\"@type\":\"WebSite\",\"@id\":\"https:\/\/sunward.eu\/#website\",\"url\":\"https:\/\/sunward.eu\/\",\"name\":\"Sunward Europe (Official Website for EU &amp; UK)\",\"description\":\"The smart choice\",\"publisher\":{\"@id\":\"https:\/\/sunward.eu\/#organization\"},\"potentialAction\":[{\"@type\":\"SearchAction\",\"target\":{\"@type\":\"EntryPoint\",\"urlTemplate\":\"https:\/\/sunward.eu\/?s={search_term_string}\"},\"query-input\":\"required name=search_term_string\"}],\"inLanguage\":\"de-DE\"},{\"@type\":\"Organization\",\"@id\":\"https:\/\/sunward.eu\/#organization\",\"name\":\"Sunward Europe (Official Website for EU &amp; UK)\",\"url\":\"https:\/\/sunward.eu\/\",\"logo\":{\"@type\":\"ImageObject\",\"inLanguage\":\"de-DE\",\"@id\":\"https:\/\/sunward.eu\/#\/schema\/logo\/image\/\",\"url\":\"https:\/\/sunward.eu\/wp-content\/uploads\/2022\/01\/Website_Sunward_logo_top_180x63px.png\",\"contentUrl\":\"https:\/\/sunward.eu\/wp-content\/uploads\/2022\/01\/Website_Sunward_logo_top_180x63px.png\",\"width\":180,\"height\":63,\"caption\":\"Sunward Europe (Official Website for EU &amp; UK)\"},\"image\":{\"@id\":\"https:\/\/sunward.eu\/#\/schema\/logo\/image\/\"}}]}<\/script>\n<!-- \/ Yoast SEO plugin. -->","yoast_head_json":{"title":"SMART FLEET - Sunward Europe (Official Website for EU &amp; UK)","robots":{"index":"index","follow":"follow","max-snippet":"max-snippet:-1","max-image-preview":"max-image-preview:large","max-video-preview":"max-video-preview:-1"},"canonical":"https:\/\/sunward.eu\/service-parts\/smart-fleet\/","og_locale":"de_DE","og_type":"article","og_title":"SMART FLEET - Sunward Europe (Official Website for EU &amp; UK)","og_url":"https:\/\/sunward.eu\/service-parts\/smart-fleet\/","og_site_name":"Sunward Europe (Official Website for EU &amp; UK)","article_modified_time":"2022-07-29T12:30:08+00:00","og_image":[{"width":2560,"height":534,"url":"https:\/\/sunward.eu\/wp-content\/uploads\/2022\/02\/Sunward_SMART-FLEET.png","type":"image\/png"}],"twitter_card":"summary_large_image","twitter_misc":{"Est. reading time":"3 minutes"},"schema":{"@context":"https:\/\/schema.org","@graph":[{"@type":"WebPage","@id":"https:\/\/sunward.eu\/service-parts\/smart-fleet\/","url":"https:\/\/sunward.eu\/service-parts\/smart-fleet\/","name":"SMART FLEET - Sunward Europe (Official Website for EU &amp; UK)","isPartOf":{"@id":"https:\/\/sunward.eu\/#website"},"primaryImageOfPage":{"@id":"https:\/\/sunward.eu\/service-parts\/smart-fleet\/#primaryimage"},"image":{"@id":"https:\/\/sunward.eu\/service-parts\/smart-fleet\/#primaryimage"},"thumbnailUrl":"https:\/\/sunward.eu\/wp-content\/uploads\/2022\/02\/Sunward_SMART-FLEET.png","datePublished":"2022-02-01T10:47:41+00:00","dateModified":"2022-07-29T12:30:08+00:00","breadcrumb":{"@id":"https:\/\/sunward.eu\/service-parts\/smart-fleet\/#breadcrumb"},"inLanguage":"de-DE","potentialAction":[{"@type":"ReadAction","target":["https:\/\/sunward.eu\/service-parts\/smart-fleet\/"]}]},{"@type":"ImageObject","inLanguage":"de-DE","@id":"https:\/\/sunward.eu\/service-parts\/smart-fleet\/#primaryimage","url":"https:\/\/sunward.eu\/wp-content\/uploads\/2022\/02\/Sunward_SMART-FLEET.png","contentUrl":"https:\/\/sunward.eu\/wp-content\/uploads\/2022\/02\/Sunward_SMART-FLEET.png","width":2560,"height":534},{"@type":"BreadcrumbList","@id":"https:\/\/sunward.eu\/service-parts\/smart-fleet\/#breadcrumb","itemListElement":[{"@type":"ListItem","position":1,"name":"Home","item":"https:\/\/sunward.eu\/"},{"@type":"ListItem","position":2,"name":"Service &#038; Parts","item":"https:\/\/sunward.eu\/service-parts\/"},{"@type":"ListItem","position":3,"name":"Smart Fleet"}]},{"@type":"WebSite","@id":"https:\/\/sunward.eu\/#website","url":"https:\/\/sunward.eu\/","name":"Sunward Europe (Official Website for EU &amp; UK)","description":"The smart choice","publisher":{"@id":"https:\/\/sunward.eu\/#organization"},"potentialAction":[{"@type":"SearchAction","target":{"@type":"EntryPoint","urlTemplate":"https:\/\/sunward.eu\/?s={search_term_string}"},"query-input":"required name=search_term_string"}],"inLanguage":"de-DE"},{"@type":"Organization","@id":"https:\/\/sunward.eu\/#organization","name":"Sunward Europe (Official Website for EU &amp; UK)","url":"https:\/\/sunward.eu\/","logo":{"@type":"ImageObject","inLanguage":"de-DE","@id":"https:\/\/sunward.eu\/#\/schema\/logo\/image\/","url":"https:\/\/sunward.eu\/wp-content\/uploads\/2022\/01\/Website_Sunward_logo_top_180x63px.png","contentUrl":"https:\/\/sunward.eu\/wp-content\/uploads\/2022\/01\/Website_Sunward_logo_top_180x63px.png","width":180,"height":63,"caption":"Sunward Europe (Official Website for EU &amp; UK)"},"image":{"@id":"https:\/\/sunward.eu\/#\/schema\/logo\/image\/"}}]}},"_links":{"self":[{"href":"https:\/\/sunward.eu\/de\/wp-json\/wp\/v2\/pages\/2067","targetHints":{"allow":["GET"]}}],"collection":[{"href":"https:\/\/sunward.eu\/de\/wp-json\/wp\/v2\/pages"}],"about":[{"href":"https:\/\/sunward.eu\/de\/wp-json\/wp\/v2\/types\/page"}],"author":[{"embeddable":true,"href":"https:\/\/sunward.eu\/de\/wp-json\/wp\/v2\/users\/3"}],"replies":[{"embeddable":true,"href":"https:\/\/sunward.eu\/de\/wp-json\/wp\/v2\/comments?post=2067"}],"version-history":[{"count":17,"href":"https:\/\/sunward.eu\/de\/wp-json\/wp\/v2\/pages\/2067\/revisions"}],"predecessor-version":[{"id":2637,"href":"https:\/\/sunward.eu\/de\/wp-json\/wp\/v2\/pages\/2067\/revisions\/2637"}],"up":[{"embeddable":true,"href":"https:\/\/sunward.eu\/de\/wp-json\/wp\/v2\/pages\/535"}],"wp:featuredmedia":[{"embeddable":true,"href":"https:\/\/sunward.eu\/de\/wp-json\/wp\/v2\/media\/2073"}],"wp:attachment":[{"href":"https:\/\/sunward.eu\/de\/wp-json\/wp\/v2\/media?parent=2067"}],"curies":[{"name":"wp","href":"https:\/\/api.w.org\/{rel}","templated":true}]}}